{"id":10811,"date":"2022-02-11T10:53:13","date_gmt":"2022-02-11T07:53:13","guid":{"rendered":"https:\/\/nesibeaydin.k12.tr\/web\/?page_id=10811"},"modified":"2022-02-11T13:44:50","modified_gmt":"2022-02-11T10:44:50","slug":"ocak-2020","status":"publish","type":"page","link":"https:\/\/nesibeaydin.k12.tr\/web\/basinda-biz\/basinda-biz-2020\/ocak-2020\/","title":{"rendered":"Ocak 2020"},"content":{"rendered":"<p><section id=\"bt_bb_section69d2923b2653e\"  class=\"bt_bb_section bt_bb_layout_boxed_1200 bt_bb_vertical_align_top bt_bb_hidden_xs bt_bb_hidden_ms bt_bb_hidden_sm\" ><div class=\"bt_bb_port\"><div class=\"bt_bb_cell\"><div class=\"bt_bb_cell_inner\"><div class=\"bt_bb_row  bt_bb_shape_inherit\"  data-bt-override-class=\"{}\"><div class=\"bt_bb_row_holder\" ><div  class=\"bt_bb_column col-xxl-12 col-xl-12 col-xs-12 col-sm-12 col-md-12 col-lg-12 btLimitOneColumn bt_bb_vertical_align_top bt_bb_align_center bt_bb_padding_0 bt_bb_animation_fade_in animate bt_bb_shape_inherit\" style=\"; --column-width:12;\" data-width=\"12\" data-bt-override-class=\"{&quot;bt_bb_align_&quot;:{&quot;current_class&quot;:&quot;bt_bb_align_center&quot;,&quot;def&quot;:&quot;center&quot;,&quot;xl&quot;:&quot;center&quot;}}\"><div class=\"bt_bb_column_content\"><div class=\"bt_bb_column_content_inner\"><div  class=\"bt_bb_text\" >\n\t\t\t<!-- START Anasayfaslider REVOLUTION SLIDER 6.6.12 --><p class=\"rs-p-wp-fix\"><\/p>\n\t\t\t<rs-module-wrap id=\"rev_slider_4_1_wrapper\" data-source=\"gallery\" style=\"visibility:hidden;background:transparent;padding:0;margin:0px auto;margin-top:0;margin-bottom:0;\">\n\t\t\t\t<rs-module id=\"rev_slider_4_1\" style=\"\" data-version=\"6.6.12\">\n\t\t\t\t\t<rs-slides style=\"overflow: hidden; position: absolute;\">\n\t\t\t\t\t\t<rs-slide style=\"position: absolute;\" data-key=\"rs-66\" data-title=\"Slide\" data-link=\"\/\/nesibeaydin.k12.tr\/web\/okullarimiz\/istanbul-kampusu\/\" data-tag=\"l\" data-target=\"_self\" data-seoz=\"front\" data-anim=\"adpr:false;\" data-in=\"o:0;\" data-out=\"a:false;\">\n\t\t\t\t\t\t\t<img src=\"\/\/nesibeaydin.k12.tr\/web\/wp-content\/plugins\/revslider\/public\/assets\/assets\/dummy.png\" alt=\"Slide\" title=\"Ocak 2020\" class=\"rev-slidebg tp-rs-img rs-lazyload\" data-lazyload=\"\/\/nesibeaydin.k12.tr\/web\/wp-content\/plugins\/revslider\/public\/assets\/assets\/transparent.png\" data-no-retina>\n<!--\n\t\t\t\t\t\t\t--><rs-layer\n\t\t\t\t\t\t\t\tid=\"slider-4-slide-66-layer-6\" \n\t\t\t\t\t\t\t\tdata-type=\"image\"\n\t\t\t\t\t\t\t\tdata-rsp_ch=\"on\"\n\t\t\t\t\t\t\t\tdata-xy=\"xo:-140px,-175px,-175px,-175px;yo:2px;\"\n\t\t\t\t\t\t\t\tdata-text=\"w:normal;s:20,25,25,25;l:0,31,31,31;\"\n\t\t\t\t\t\t\t\tdata-dim=\"w:1330px,1662px,1662px,1662px;h:300px,375px,375px,375px;\"\n\t\t\t\t\t\t\t\tdata-frame_999=\"o:0;st:w;\"\n\t\t\t\t\t\t\t\tstyle=\"z-index:5;\"\n\t\t\t\t\t\t\t><img src=\"\/\/nesibeaydin.k12.tr\/web\/wp-content\/plugins\/revslider\/public\/assets\/assets\/dummy.png\" alt=\"\" class=\"tp-rs-img rs-lazyload\" width=\"1330\" height=\"300\" data-lazyload=\"\/\/nesibeaydin.k12.tr\/web\/wp-content\/uploads\/2026\/01\/yatay.jpg\" data-no-retina> \n\t\t\t\t\t\t\t<\/rs-layer><!--\n-->\t\t\t\t\t\t<\/rs-slide>\n\t\t\t\t\t<\/rs-slides>\n\t\t\t\t<\/rs-module>\n\t\t\t\t<script>\n\t\t\t\t\tsetREVStartSize({c: 'rev_slider_4_1',rl:[1240,1024,1024,1024],el:[280,300,300,300],gw:[1024,1280,1280,1280],gh:[280,300,300,300],type:'standard',justify:'',layout:'fullwidth',mh:\"0\"});if (window.RS_MODULES!==undefined && window.RS_MODULES.modules!==undefined && window.RS_MODULES.modules[\"revslider41\"]!==undefined) {window.RS_MODULES.modules[\"revslider41\"].once = false;window.revapi4 = undefined;if (window.RS_MODULES.checkMinimal!==undefined) window.RS_MODULES.checkMinimal()}\n\t\t\t\t<\/script>\n\t\t\t<\/rs-module-wrap>\n\t\t\t<!-- END REVOLUTION SLIDER -->\n<\/div><\/div><\/div><\/div><\/div><\/div><\/div><\/div><\/div><\/section><section id=\"bt_bb_section69d2923b290bb\"  class=\"bt_bb_section bt_bb_top_spacing_45 bt_bb_layout_boxed_1200 bt_bb_vertical_align_top bt_bb_hidden_md bt_bb_hidden_lg\" ><div class=\"bt_bb_port\"><div class=\"bt_bb_cell\"><div class=\"bt_bb_cell_inner\"><div class=\"bt_bb_row  bt_bb_shape_inherit\"  data-bt-override-class=\"{}\"><div class=\"bt_bb_row_holder\" ><div  class=\"bt_bb_column col-xxl-12 col-xl-12 col-xs-12 col-sm-12 col-md-12 col-lg-12 btLimitOneColumn bt_bb_vertical_align_top bt_bb_align_center bt_bb_padding_0 bt_bb_animation_fade_in animate bt_bb_shape_inherit\" style=\"; --column-width:12;\" data-width=\"12\" data-bt-override-class=\"{&quot;bt_bb_align_&quot;:{&quot;current_class&quot;:&quot;bt_bb_align_center&quot;,&quot;def&quot;:&quot;center&quot;,&quot;xl&quot;:&quot;center&quot;}}\"><div class=\"bt_bb_column_content\"><div class=\"bt_bb_column_content_inner\"><div  class=\"bt_bb_text\" >\n\t\t\t<!-- START anasayfamobil REVOLUTION SLIDER 6.6.12 --><p class=\"rs-p-wp-fix\"><\/p>\n\t\t\t<rs-module-wrap id=\"rev_slider_11_2_wrapper\" data-source=\"gallery\" style=\"visibility:hidden;background:transparent;padding:0;margin:0px auto;margin-top:0;margin-bottom:0;\">\n\t\t\t\t<rs-module id=\"rev_slider_11_2\" style=\"\" data-version=\"6.6.12\">\n\t\t\t\t\t<rs-slides style=\"overflow: hidden; position: absolute;\">\n\t\t\t\t\t\t<rs-slide style=\"position: absolute;\" data-key=\"rs-67\" data-title=\"Slide\" data-link=\"\/\/nesibeaydin.k12.tr\/web\/okullarimiz\/istanbul-kampusu\/\" data-tag=\"l\" data-target=\"_self\" data-seoz=\"front\" data-anim=\"adpr:false;\" data-in=\"o:0;\" data-out=\"a:false;\">\n\t\t\t\t\t\t\t<img src=\"\/\/nesibeaydin.k12.tr\/web\/wp-content\/plugins\/revslider\/public\/assets\/assets\/dummy.png\" alt=\"Slide\" title=\"Ocak 2020\" class=\"rev-slidebg tp-rs-img rs-lazyload\" data-lazyload=\"\/\/nesibeaydin.k12.tr\/web\/wp-content\/plugins\/revslider\/public\/assets\/assets\/transparent.png\" data-no-retina>\n<!--\n\t\t\t\t\t\t\t--><rs-layer\n\t\t\t\t\t\t\t\tid=\"slider-11-slide-67-layer-0\" \n\t\t\t\t\t\t\t\tdata-type=\"image\"\n\t\t\t\t\t\t\t\tdata-rsp_ch=\"on\"\n\t\t\t\t\t\t\t\tdata-xy=\"xo:-4px,-4px,-3px,-3px;yo:54px,54px,41px,41px;\"\n\t\t\t\t\t\t\t\tdata-text=\"w:normal;s:20,20,15,15;l:0,0,19,19;\"\n\t\t\t\t\t\t\t\tdata-dim=\"w:640.9679300291544px,640.9679300291544px,495px,495px;h:557px,557px,431px,431px;\"\n\t\t\t\t\t\t\t\tdata-frame_999=\"o:0;st:w;\"\n\t\t\t\t\t\t\t\tstyle=\"z-index:5;\"\n\t\t\t\t\t\t\t><img src=\"\/\/nesibeaydin.k12.tr\/web\/wp-content\/plugins\/revslider\/public\/assets\/assets\/dummy.png\" alt=\"\" class=\"tp-rs-img rs-lazyload\" width=\"1081\" height=\"941\" data-lazyload=\"\/\/nesibeaydin.k12.tr\/web\/wp-content\/uploads\/2026\/01\/kare.jpg\" data-no-retina> \n\t\t\t\t\t\t\t<\/rs-layer><!--\n-->\t\t\t\t\t\t<\/rs-slide>\n\t\t\t\t\t<\/rs-slides>\n\t\t\t\t<\/rs-module>\n\t\t\t\t<script>\n\t\t\t\t\tsetREVStartSize({c: 'rev_slider_11_2',rl:[1240,1240,778,480],el:[140,140,480,480],gw:[620,620,480,480],gh:[140,140,480,480],type:'standard',justify:'',layout:'fullwidth',mh:\"0\"});if (window.RS_MODULES!==undefined && window.RS_MODULES.modules!==undefined && window.RS_MODULES.modules[\"revslider112\"]!==undefined) {window.RS_MODULES.modules[\"revslider112\"].once = false;window.revapi11 = undefined;if (window.RS_MODULES.checkMinimal!==undefined) window.RS_MODULES.checkMinimal()}\n\t\t\t\t<\/script>\n\t\t\t<\/rs-module-wrap>\n\t\t\t<!-- END REVOLUTION SLIDER -->\n<\/div><\/div><\/div><\/div><\/div><\/div><\/div><\/div><\/div><\/section><section id=\"bt_bb_section69d2923b2a168\"  class=\"bt_bb_section bt_bb_top_spacing_normal bt_bb_bottom_spacing_normal bt_bb_layout_boxed_1200 bt_bb_vertical_align_top\" ><div class=\"bt_bb_port\"><div class=\"bt_bb_cell\"><div class=\"bt_bb_cell_inner\"><div class=\"bt_bb_row \"  data-bt-override-class=\"{}\"><div class=\"bt_bb_row_holder\" ><div  class=\"bt_bb_column col-xxl-12 col-xl-12 col-xs-12 col-sm-12 col-md-12 col-lg-12 bt_bb_vertical_align_top bt_bb_align_left bt_bb_padding_normal bt_bb_shape_inherit\" style=\"; --column-width:12;\" data-width=\"12\" data-bt-override-class=\"{}\"><div class=\"bt_bb_column_content\"><div class=\"bt_bb_column_content_inner\"><div class=\"bt_bb_masonry_image_grid bt_bb_grid_container bt_bb_columns_3 bt_bb_gap_normal\" data-columns=\"3\"><div class=\"bt_bb_masonry_post_image_content\" data-columns=\"3\"><div class=\"bt_bb_grid_sizer\"><\/div><div class=\"bt_bb_grid_item bt_bb_tile_format11\" data-hw=\"2.296066252588\" data-src=\"https:\/\/nesibeaydin.k12.tr\/web\/wp-content\/uploads\/2022\/02\/KONYAPOSTASI_20200103_6.jpeg\" data-src-full=\"https:\/\/nesibeaydin.k12.tr\/web\/wp-content\/uploads\/2022\/02\/KONYAPOSTASI_20200103_6.jpeg\" data-title=\"KONYA+POSTASI_20200103_6\"><div class=\"bt_bb_grid_item_inner\" data-hw=\"2.296066252588\" ><div class=\"bt_bb_grid_item_inner_image\"><\/div><div class=\"bt_bb_grid_item_inner_content\"><\/div><\/div><\/div><div class=\"bt_bb_grid_item bt_bb_tile_format11\" data-hw=\"0.3640625\" data-src=\"https:\/\/nesibeaydin.k12.tr\/web\/wp-content\/uploads\/2022\/02\/KONYANINSESI_20200103_1-640x233.jpeg\" data-src-full=\"https:\/\/nesibeaydin.k12.tr\/web\/wp-content\/uploads\/2022\/02\/KONYANINSESI_20200103_1-1280x467.jpeg\" data-title=\"KONYA&#039;NIN+SES\u0130_20200103_1\"><div class=\"bt_bb_grid_item_inner\" data-hw=\"0.3640625\" ><div class=\"bt_bb_grid_item_inner_image\"><\/div><div class=\"bt_bb_grid_item_inner_content\"><\/div><\/div><\/div><div class=\"bt_bb_grid_item bt_bb_tile_format11\" data-hw=\"0.403125\" data-src=\"https:\/\/nesibeaydin.k12.tr\/web\/wp-content\/uploads\/2022\/02\/YENIKONYA_20200103_14-640x258.jpeg\" data-src-full=\"https:\/\/nesibeaydin.k12.tr\/web\/wp-content\/uploads\/2022\/02\/YENIKONYA_20200103_14-1280x516.jpeg\" data-title=\"YEN\u0130+KONYA_20200103_14\"><div class=\"bt_bb_grid_item_inner\" data-hw=\"0.403125\" ><div class=\"bt_bb_grid_item_inner_image\"><\/div><div class=\"bt_bb_grid_item_inner_content\"><\/div><\/div><\/div><div class=\"bt_bb_grid_item bt_bb_tile_format11\" data-hw=\"1.6046875\" data-src=\"https:\/\/nesibeaydin.k12.tr\/web\/wp-content\/uploads\/2022\/02\/MERHABA_20200104_2-640x1027.jpeg\" data-src-full=\"https:\/\/nesibeaydin.k12.tr\/web\/wp-content\/uploads\/2022\/02\/MERHABA_20200104_2.jpeg\" data-title=\"MERHABA_20200104_2\"><div class=\"bt_bb_grid_item_inner\" data-hw=\"1.6046875\" ><div class=\"bt_bb_grid_item_inner_image\"><\/div><div class=\"bt_bb_grid_item_inner_content\"><\/div><\/div><\/div><div class=\"bt_bb_grid_item bt_bb_tile_format11\" data-hw=\"0.9125\" data-src=\"https:\/\/nesibeaydin.k12.tr\/web\/wp-content\/uploads\/2022\/02\/TELGRAF_20200104_4-640x584.jpeg\" data-src-full=\"https:\/\/nesibeaydin.k12.tr\/web\/wp-content\/uploads\/2022\/02\/TELGRAF_20200104_4-1280x1169.jpeg\" data-title=\"TELGRAF_20200104_4\"><div class=\"bt_bb_grid_item_inner\" data-hw=\"0.9125\" ><div class=\"bt_bb_grid_item_inner_image\"><\/div><div class=\"bt_bb_grid_item_inner_content\"><\/div><\/div><\/div><div class=\"bt_bb_grid_item bt_bb_tile_format11\" data-hw=\"0.4046875\" data-src=\"https:\/\/nesibeaydin.k12.tr\/web\/wp-content\/uploads\/2022\/02\/24SAAT_20200107_8-640x259.jpeg\" data-src-full=\"https:\/\/nesibeaydin.k12.tr\/web\/wp-content\/uploads\/2022\/02\/24SAAT_20200107_8.jpeg\" data-title=\"24+SAAT_20200107_8\"><div class=\"bt_bb_grid_item_inner\" data-hw=\"0.4046875\" ><div class=\"bt_bb_grid_item_inner_image\"><\/div><div class=\"bt_bb_grid_item_inner_content\"><\/div><\/div><\/div><div class=\"bt_bb_grid_item bt_bb_tile_format11\" data-hw=\"1.2829581993569\" data-src=\"https:\/\/nesibeaydin.k12.tr\/web\/wp-content\/uploads\/2022\/02\/ANADOLU_20200115_2.jpeg\" data-src-full=\"https:\/\/nesibeaydin.k12.tr\/web\/wp-content\/uploads\/2022\/02\/ANADOLU_20200115_2.jpeg\" data-title=\"ANADOLU_20200115_2\"><div class=\"bt_bb_grid_item_inner\" data-hw=\"1.2829581993569\" ><div class=\"bt_bb_grid_item_inner_image\"><\/div><div class=\"bt_bb_grid_item_inner_content\"><\/div><\/div><\/div><div class=\"bt_bb_grid_item bt_bb_tile_format11\" data-hw=\"1.6180904522613\" data-src=\"https:\/\/nesibeaydin.k12.tr\/web\/wp-content\/uploads\/2022\/02\/SABAHANKARA_20200115_1-1.jpeg\" data-src-full=\"https:\/\/nesibeaydin.k12.tr\/web\/wp-content\/uploads\/2022\/02\/SABAHANKARA_20200115_1-1.jpeg\" data-title=\"SABAH+ANKARA_20200115_1 (1)\"><div class=\"bt_bb_grid_item_inner\" data-hw=\"1.6180904522613\" ><div class=\"bt_bb_grid_item_inner_image\"><\/div><div class=\"bt_bb_grid_item_inner_content\"><\/div><\/div><\/div><div class=\"bt_bb_grid_item bt_bb_tile_format11\" data-hw=\"2.275\" data-src=\"https:\/\/nesibeaydin.k12.tr\/web\/wp-content\/uploads\/2022\/02\/SABAHANKARA_20200115_1-640x1456.jpeg\" data-src-full=\"https:\/\/nesibeaydin.k12.tr\/web\/wp-content\/uploads\/2022\/02\/SABAHANKARA_20200115_1.jpeg\" data-title=\"SABAH+ANKARA_20200115_1\"><div class=\"bt_bb_grid_item_inner\" data-hw=\"2.275\" ><div class=\"bt_bb_grid_item_inner_image\"><\/div><div class=\"bt_bb_grid_item_inner_content\"><\/div><\/div><\/div><div class=\"bt_bb_grid_item bt_bb_tile_format11\" data-hw=\"1.534375\" data-src=\"https:\/\/nesibeaydin.k12.tr\/web\/wp-content\/uploads\/2022\/02\/iha-640x982.png\" data-src-full=\"https:\/\/nesibeaydin.k12.tr\/web\/wp-content\/uploads\/2022\/02\/iha.png\" data-title=\"iha\"><div class=\"bt_bb_grid_item_inner\" data-hw=\"1.534375\" ><div class=\"bt_bb_grid_item_inner_image\"><\/div><div class=\"bt_bb_grid_item_inner_content\"><\/div><\/div><\/div><div class=\"bt_bb_grid_item bt_bb_tile_format11\" data-hw=\"0.5\" data-src=\"https:\/\/nesibeaydin.k12.tr\/web\/wp-content\/uploads\/2022\/02\/BBNHABER_20200122_8-640x320.jpeg\" data-src-full=\"https:\/\/nesibeaydin.k12.tr\/web\/wp-content\/uploads\/2022\/02\/BBNHABER_20200122_8-1280x640.jpeg\" data-title=\"BBN+HABER_20200122_8\"><div class=\"bt_bb_grid_item_inner\" data-hw=\"0.5\" ><div class=\"bt_bb_grid_item_inner_image\"><\/div><div class=\"bt_bb_grid_item_inner_content\"><\/div><\/div><\/div><div class=\"bt_bb_grid_item bt_bb_tile_format11\" data-hw=\"2.6854219948849\" data-src=\"https:\/\/nesibeaydin.k12.tr\/web\/wp-content\/uploads\/2022\/02\/HURSESANTALYA_20200122_4.jpeg\" data-src-full=\"https:\/\/nesibeaydin.k12.tr\/web\/wp-content\/uploads\/2022\/02\/HURSESANTALYA_20200122_4.jpeg\" data-title=\"H\u00dcRSES+ANTALYA_20200122_4\"><div class=\"bt_bb_grid_item_inner\" data-hw=\"2.6854219948849\" ><div class=\"bt_bb_grid_item_inner_image\"><\/div><div class=\"bt_bb_grid_item_inner_content\"><\/div><\/div><\/div><div class=\"bt_bb_grid_item bt_bb_tile_format11\" data-hw=\"0.703125\" data-src=\"https:\/\/nesibeaydin.k12.tr\/web\/wp-content\/uploads\/2022\/02\/KONYAHAKIMIYET_20200122_5-640x450.jpeg\" data-src-full=\"https:\/\/nesibeaydin.k12.tr\/web\/wp-content\/uploads\/2022\/02\/KONYAHAKIMIYET_20200122_5-1280x900.jpeg\" data-title=\"KONYA+HAK\u0130M\u0130YET_20200122_5\"><div class=\"bt_bb_grid_item_inner\" data-hw=\"0.703125\" ><div class=\"bt_bb_grid_item_inner_image\"><\/div><div class=\"bt_bb_grid_item_inner_content\"><\/div><\/div><\/div><div class=\"bt_bb_grid_item bt_bb_tile_format11\" data-hw=\"3.6617021276596\" data-src=\"https:\/\/nesibeaydin.k12.tr\/web\/wp-content\/uploads\/2022\/02\/KONYAPOSTASI_20200122_5.jpeg\" data-src-full=\"https:\/\/nesibeaydin.k12.tr\/web\/wp-content\/uploads\/2022\/02\/KONYAPOSTASI_20200122_5.jpeg\" data-title=\"KONYA+POSTASI_20200122_5\"><div class=\"bt_bb_grid_item_inner\" data-hw=\"3.6617021276596\" ><div class=\"bt_bb_grid_item_inner_image\"><\/div><div class=\"bt_bb_grid_item_inner_content\"><\/div><\/div><\/div><div class=\"bt_bb_grid_item bt_bb_tile_format11\" data-hw=\"2.1275167785235\" data-src=\"https:\/\/nesibeaydin.k12.tr\/web\/wp-content\/uploads\/2022\/02\/KONYAYENIGUN_20200122_3.jpeg\" data-src-full=\"https:\/\/nesibeaydin.k12.tr\/web\/wp-content\/uploads\/2022\/02\/KONYAYENIGUN_20200122_3.jpeg\" data-title=\"KONYA+YEN\u0130G\u00dcN_20200122_3\"><div class=\"bt_bb_grid_item_inner\" data-hw=\"2.1275167785235\" ><div class=\"bt_bb_grid_item_inner_image\"><\/div><div class=\"bt_bb_grid_item_inner_content\"><\/div><\/div><\/div><div class=\"bt_bb_grid_item bt_bb_tile_format11\" data-hw=\"1.5015625\" data-src=\"https:\/\/nesibeaydin.k12.tr\/web\/wp-content\/uploads\/2022\/02\/MARDINHABER_20200122_7-640x961.jpeg\" data-src-full=\"https:\/\/nesibeaydin.k12.tr\/web\/wp-content\/uploads\/2022\/02\/MARDINHABER_20200122_7.jpeg\" data-title=\"MARD\u0130N+HABER_20200122_7\"><div class=\"bt_bb_grid_item_inner\" data-hw=\"1.5015625\" ><div class=\"bt_bb_grid_item_inner_image\"><\/div><div class=\"bt_bb_grid_item_inner_content\"><\/div><\/div><\/div><div class=\"bt_bb_grid_item bt_bb_tile_format11\" data-hw=\"2.740932642487\" data-src=\"https:\/\/nesibeaydin.k12.tr\/web\/wp-content\/uploads\/2022\/02\/YENIKONYA_20200122_9.jpeg\" data-src-full=\"https:\/\/nesibeaydin.k12.tr\/web\/wp-content\/uploads\/2022\/02\/YENIKONYA_20200122_9.jpeg\" data-title=\"YEN\u0130+KONYA_20200122_9\"><div class=\"bt_bb_grid_item_inner\" data-hw=\"2.740932642487\" ><div class=\"bt_bb_grid_item_inner_image\"><\/div><div class=\"bt_bb_grid_item_inner_content\"><\/div><\/div><\/div><div class=\"bt_bb_grid_item bt_bb_tile_format11\" data-hw=\"1.24375\" data-src=\"https:\/\/nesibeaydin.k12.tr\/web\/wp-content\/uploads\/2022\/02\/YENIMERAM_20200122_3-640x796.jpeg\" data-src-full=\"https:\/\/nesibeaydin.k12.tr\/web\/wp-content\/uploads\/2022\/02\/YENIMERAM_20200122_3-1280x1593.jpeg\" data-title=\"YEN\u0130+MERAM_20200122_3\"><div class=\"bt_bb_grid_item_inner\" data-hw=\"1.24375\" ><div class=\"bt_bb_grid_item_inner_image\"><\/div><div class=\"bt_bb_grid_item_inner_content\"><\/div><\/div><\/div><div class=\"bt_bb_grid_item bt_bb_tile_format11\" data-hw=\"0.9359375\" data-src=\"https:\/\/nesibeaydin.k12.tr\/web\/wp-content\/uploads\/2022\/02\/E-RASYONELHABER_20200122_1-640x599.jpeg\" data-src-full=\"https:\/\/nesibeaydin.k12.tr\/web\/wp-content\/uploads\/2022\/02\/E-RASYONELHABER_20200122_1.jpeg\" data-title=\"E-RASYONEL+HABER_20200122_1\"><div class=\"bt_bb_grid_item_inner\" data-hw=\"0.9359375\" ><div class=\"bt_bb_grid_item_inner_image\"><\/div><div class=\"bt_bb_grid_item_inner_content\"><\/div><\/div><\/div><div class=\"bt_bb_grid_item bt_bb_tile_format11\" data-hw=\"2.2770562770563\" data-src=\"https:\/\/nesibeaydin.k12.tr\/web\/wp-content\/uploads\/2022\/02\/GAZIANTEPHAKIMIYET_20200122_1.jpeg\" data-src-full=\"https:\/\/nesibeaydin.k12.tr\/web\/wp-content\/uploads\/2022\/02\/GAZIANTEPHAKIMIYET_20200122_1.jpeg\" data-title=\"GAZ\u0130ANTEP+HAK\u0130M\u0130YET_20200122_1\"><div class=\"bt_bb_grid_item_inner\" data-hw=\"2.2770562770563\" ><div class=\"bt_bb_grid_item_inner_image\"><\/div><div class=\"bt_bb_grid_item_inner_content\"><\/div><\/div><\/div><div class=\"bt_bb_grid_item bt_bb_tile_format11\" data-hw=\"1.796875\" data-src=\"https:\/\/nesibeaydin.k12.tr\/web\/wp-content\/uploads\/2022\/02\/GAZIANTEPHAKIMIYET_20200122_2-640x1150.jpeg\" data-src-full=\"https:\/\/nesibeaydin.k12.tr\/web\/wp-content\/uploads\/2022\/02\/GAZIANTEPHAKIMIYET_20200122_2.jpeg\" data-title=\"GAZ\u0130ANTEP+HAK\u0130M\u0130YET_20200122_2\"><div class=\"bt_bb_grid_item_inner\" data-hw=\"1.796875\" ><div class=\"bt_bb_grid_item_inner_image\"><\/div><div class=\"bt_bb_grid_item_inner_content\"><\/div><\/div><\/div><div class=\"bt_bb_grid_item bt_bb_tile_format11\" data-hw=\"0.884375\" data-src=\"https:\/\/nesibeaydin.k12.tr\/web\/wp-content\/uploads\/2022\/02\/HURSESANTALYA_20200123_2-640x566.jpeg\" data-src-full=\"https:\/\/nesibeaydin.k12.tr\/web\/wp-content\/uploads\/2022\/02\/HURSESANTALYA_20200123_2-1280x1132.jpeg\" data-title=\"H\u00dcRSES+ANTALYA_20200123_2\"><div class=\"bt_bb_grid_item_inner\" data-hw=\"0.884375\" ><div class=\"bt_bb_grid_item_inner_image\"><\/div><div class=\"bt_bb_grid_item_inner_content\"><\/div><\/div><\/div><div class=\"bt_bb_grid_item bt_bb_tile_format11\" data-hw=\"1.4078125\" data-src=\"https:\/\/nesibeaydin.k12.tr\/web\/wp-content\/uploads\/2022\/02\/ILERI_20200125_7-640x901.jpeg\" data-src-full=\"https:\/\/nesibeaydin.k12.tr\/web\/wp-content\/uploads\/2022\/02\/ILERI_20200125_7.jpeg\" data-title=\"\u0130LER\u0130_20200125_7\"><div class=\"bt_bb_grid_item_inner\" data-hw=\"1.4078125\" ><div class=\"bt_bb_grid_item_inner_image\"><\/div><div class=\"bt_bb_grid_item_inner_content\"><\/div><\/div><\/div><div class=\"bt_bb_grid_item bt_bb_tile_format11\" data-hw=\"0.4359375\" data-src=\"https:\/\/nesibeaydin.k12.tr\/web\/wp-content\/uploads\/2022\/02\/KONYANINSESI_20200122_11-640x279.jpeg\" data-src-full=\"https:\/\/nesibeaydin.k12.tr\/web\/wp-content\/uploads\/2022\/02\/KONYANINSESI_20200122_11.jpeg\" data-title=\"KONYA&#039;NIN+SES\u0130_20200122_11\"><div class=\"bt_bb_grid_item_inner\" data-hw=\"0.4359375\" ><div class=\"bt_bb_grid_item_inner_image\"><\/div><div class=\"bt_bb_grid_item_inner_content\"><\/div><\/div><\/div><div class=\"bt_bb_grid_item bt_bb_tile_format11\" data-hw=\"2.902380952381\" data-src=\"https:\/\/nesibeaydin.k12.tr\/web\/wp-content\/uploads\/2022\/02\/YENIMERAM_20200123_4.jpeg\" data-src-full=\"https:\/\/nesibeaydin.k12.tr\/web\/wp-content\/uploads\/2022\/02\/YENIMERAM_20200123_4.jpeg\" data-title=\"YEN\u0130+MERAM_20200123_4\"><div class=\"bt_bb_grid_item_inner\" data-hw=\"2.902380952381\" ><div class=\"bt_bb_grid_item_inner_image\"><\/div><div class=\"bt_bb_grid_item_inner_content\"><\/div><\/div><\/div><div class=\"bt_bb_grid_item bt_bb_tile_format11\" data-hw=\"2.1428571428571\" data-src=\"https:\/\/nesibeaydin.k12.tr\/web\/wp-content\/uploads\/2022\/02\/HURRIYET_20200128_10.jpeg\" data-src-full=\"https:\/\/nesibeaydin.k12.tr\/web\/wp-content\/uploads\/2022\/02\/HURRIYET_20200128_10.jpeg\" data-title=\"H\u00dcRR\u0130YET_20200128_10\"><div class=\"bt_bb_grid_item_inner\" data-hw=\"2.1428571428571\" ><div class=\"bt_bb_grid_item_inner_image\"><\/div><div class=\"bt_bb_grid_item_inner_content\"><\/div><\/div><\/div><div class=\"bt_bb_grid_item bt_bb_tile_format11\" data-hw=\"0.7015625\" data-src=\"https:\/\/nesibeaydin.k12.tr\/web\/wp-content\/uploads\/2022\/02\/BBNHABER_20200130_18-640x449.jpeg\" data-src-full=\"https:\/\/nesibeaydin.k12.tr\/web\/wp-content\/uploads\/2022\/02\/BBNHABER_20200130_18-1280x897.jpeg\" data-title=\"BBN+HABER_20200130_18\"><div class=\"bt_bb_grid_item_inner\" data-hw=\"0.7015625\" ><div class=\"bt_bb_grid_item_inner_image\"><\/div><div class=\"bt_bb_grid_item_inner_content\"><\/div><\/div><\/div><div class=\"bt_bb_grid_item bt_bb_tile_format11\" data-hw=\"1.7697478991597\" data-src=\"https:\/\/nesibeaydin.k12.tr\/web\/wp-content\/uploads\/2022\/02\/KONYAHAKIMIYET_20200130_2.jpeg\" data-src-full=\"https:\/\/nesibeaydin.k12.tr\/web\/wp-content\/uploads\/2022\/02\/KONYAHAKIMIYET_20200130_2.jpeg\" data-title=\"KONYA+HAK\u0130M\u0130YET_20200130_2\"><div class=\"bt_bb_grid_item_inner\" data-hw=\"1.7697478991597\" ><div class=\"bt_bb_grid_item_inner_image\"><\/div><div class=\"bt_bb_grid_item_inner_content\"><\/div><\/div><\/div><div class=\"bt_bb_grid_item bt_bb_tile_format11\" data-hw=\"2.3069306930693\" data-src=\"https:\/\/nesibeaydin.k12.tr\/web\/wp-content\/uploads\/2022\/02\/KONYAPOSTASI_20200130_4.jpeg\" data-src-full=\"https:\/\/nesibeaydin.k12.tr\/web\/wp-content\/uploads\/2022\/02\/KONYAPOSTASI_20200130_4.jpeg\" data-title=\"KONYA+POSTASI_20200130_4\"><div class=\"bt_bb_grid_item_inner\" data-hw=\"2.3069306930693\" ><div class=\"bt_bb_grid_item_inner_image\"><\/div><div class=\"bt_bb_grid_item_inner_content\"><\/div><\/div><\/div><div class=\"bt_bb_grid_item bt_bb_tile_format11\" data-hw=\"0.6890625\" data-src=\"https:\/\/nesibeaydin.k12.tr\/web\/wp-content\/uploads\/2022\/02\/MILLIYETAKDENIZ_20200131_3-640x441.jpeg\" data-src-full=\"https:\/\/nesibeaydin.k12.tr\/web\/wp-content\/uploads\/2022\/02\/MILLIYETAKDENIZ_20200131_3.jpeg\" data-title=\"M\u0130LL\u0130YET+AKDEN\u0130Z_20200131_3\"><div class=\"bt_bb_grid_item_inner\" data-hw=\"0.6890625\" ><div class=\"bt_bb_grid_item_inner_image\"><\/div><div class=\"bt_bb_grid_item_inner_content\"><\/div><\/div><\/div><div class=\"bt_bb_grid_item bt_bb_tile_format11\" data-hw=\"1.2125\" data-src=\"https:\/\/nesibeaydin.k12.tr\/web\/wp-content\/uploads\/2022\/02\/YENIKONYA_20200130_4-640x776.jpeg\" data-src-full=\"https:\/\/nesibeaydin.k12.tr\/web\/wp-content\/uploads\/2022\/02\/YENIKONYA_20200130_4.jpeg\" data-title=\"YEN\u0130+KONYA_20200130_4\"><div class=\"bt_bb_grid_item_inner\" data-hw=\"1.2125\" ><div class=\"bt_bb_grid_item_inner_image\"><\/div><div class=\"bt_bb_grid_item_inner_content\"><\/div><\/div><\/div><div class=\"bt_bb_grid_item bt_bb_tile_format11\" data-hw=\"2.1544303797468\" data-src=\"https:\/\/nesibeaydin.k12.tr\/web\/wp-content\/uploads\/2022\/02\/YENIMERAM_20200130_9.jpeg\" data-src-full=\"https:\/\/nesibeaydin.k12.tr\/web\/wp-content\/uploads\/2022\/02\/YENIMERAM_20200130_9.jpeg\" data-title=\"YEN\u0130+MERAM_20200130_9\"><div class=\"bt_bb_grid_item_inner\" data-hw=\"2.1544303797468\" ><div class=\"bt_bb_grid_item_inner_image\"><\/div><div class=\"bt_bb_grid_item_inner_content\"><\/div><\/div><\/div><\/div><\/div><\/div><\/div><\/div><\/div><\/div><\/div><\/div><\/div><\/section><\/p>\n","protected":false},"excerpt":{"rendered":"","protected":false},"author":1,"featured_media":0,"parent":4329,"menu_order":0,"comment_status":"closed","ping_status":"closed","template":"","meta":[],"_links":{"self":[{"href":"https:\/\/nesibeaydin.k12.tr\/web\/wp-json\/wp\/v2\/pages\/10811"}],"collection":[{"href":"https:\/\/nesibeaydin.k12.tr\/web\/wp-json\/wp\/v2\/pages"}],"about":[{"href":"https:\/\/nesibeaydin.k12.tr\/web\/wp-json\/wp\/v2\/types\/page"}],"author":[{"embeddable":true,"href":"https:\/\/nesibeaydin.k12.tr\/web\/wp-json\/wp\/v2\/users\/1"}],"replies":[{"embeddable":true,"href":"https:\/\/nesibeaydin.k12.tr\/web\/wp-json\/wp\/v2\/comments?post=10811"}],"version-history":[{"count":3,"href":"https:\/\/nesibeaydin.k12.tr\/web\/wp-json\/wp\/v2\/pages\/10811\/revisions"}],"predecessor-version":[{"id":10846,"href":"https:\/\/nesibeaydin.k12.tr\/web\/wp-json\/wp\/v2\/pages\/10811\/revisions\/10846"}],"up":[{"embeddable":true,"href":"https:\/\/nesibeaydin.k12.tr\/web\/wp-json\/wp\/v2\/pages\/4329"}],"wp:attachment":[{"href":"https:\/\/nesibeaydin.k12.tr\/web\/wp-json\/wp\/v2\/media?parent=10811"}],"curies":[{"name":"wp","href":"https:\/\/api.w.org\/{rel}","templated":true}]}}