{"id":11457,"date":"2022-02-11T15:49:05","date_gmt":"2022-02-11T12:49:05","guid":{"rendered":"https:\/\/nesibeaydin.k12.tr\/web\/?page_id=11457"},"modified":"2022-02-11T15:49:05","modified_gmt":"2022-02-11T12:49:05","slug":"aralik-2019","status":"publish","type":"page","link":"https:\/\/nesibeaydin.k12.tr\/web\/basinda-biz\/basinda-biz-2019\/aralik-2019\/","title":{"rendered":"Aral\u0131k 2019"},"content":{"rendered":"<p><section id=\"bt_bb_section69d2925c77e13\"  class=\"bt_bb_section bt_bb_layout_boxed_1200 bt_bb_vertical_align_top bt_bb_hidden_xs bt_bb_hidden_ms bt_bb_hidden_sm\" ><div class=\"bt_bb_port\"><div class=\"bt_bb_cell\"><div class=\"bt_bb_cell_inner\"><div class=\"bt_bb_row  bt_bb_shape_inherit\"  data-bt-override-class=\"{}\"><div class=\"bt_bb_row_holder\" ><div  class=\"bt_bb_column col-xxl-12 col-xl-12 col-xs-12 col-sm-12 col-md-12 col-lg-12 btLimitOneColumn bt_bb_vertical_align_top bt_bb_align_center bt_bb_padding_0 bt_bb_animation_fade_in animate bt_bb_shape_inherit\" style=\"; --column-width:12;\" data-width=\"12\" data-bt-override-class=\"{&quot;bt_bb_align_&quot;:{&quot;current_class&quot;:&quot;bt_bb_align_center&quot;,&quot;def&quot;:&quot;center&quot;,&quot;xl&quot;:&quot;center&quot;}}\"><div class=\"bt_bb_column_content\"><div class=\"bt_bb_column_content_inner\"><div  class=\"bt_bb_text\" >\n\t\t\t<!-- START Anasayfaslider REVOLUTION SLIDER 6.6.12 --><p class=\"rs-p-wp-fix\"><\/p>\n\t\t\t<rs-module-wrap id=\"rev_slider_4_1_wrapper\" data-source=\"gallery\" style=\"visibility:hidden;background:transparent;padding:0;margin:0px auto;margin-top:0;margin-bottom:0;\">\n\t\t\t\t<rs-module id=\"rev_slider_4_1\" style=\"\" data-version=\"6.6.12\">\n\t\t\t\t\t<rs-slides style=\"overflow: hidden; position: absolute;\">\n\t\t\t\t\t\t<rs-slide style=\"position: absolute;\" data-key=\"rs-66\" data-title=\"Slide\" data-link=\"\/\/nesibeaydin.k12.tr\/web\/okullarimiz\/istanbul-kampusu\/\" data-tag=\"l\" data-target=\"_self\" data-seoz=\"front\" data-anim=\"adpr:false;\" data-in=\"o:0;\" data-out=\"a:false;\">\n\t\t\t\t\t\t\t<img src=\"\/\/nesibeaydin.k12.tr\/web\/wp-content\/plugins\/revslider\/public\/assets\/assets\/dummy.png\" alt=\"Slide\" title=\"Aral\u0131k 2019\" class=\"rev-slidebg tp-rs-img rs-lazyload\" data-lazyload=\"\/\/nesibeaydin.k12.tr\/web\/wp-content\/plugins\/revslider\/public\/assets\/assets\/transparent.png\" data-no-retina>\n<!--\n\t\t\t\t\t\t\t--><rs-layer\n\t\t\t\t\t\t\t\tid=\"slider-4-slide-66-layer-6\" \n\t\t\t\t\t\t\t\tdata-type=\"image\"\n\t\t\t\t\t\t\t\tdata-rsp_ch=\"on\"\n\t\t\t\t\t\t\t\tdata-xy=\"xo:-140px,-175px,-175px,-175px;yo:2px;\"\n\t\t\t\t\t\t\t\tdata-text=\"w:normal;s:20,25,25,25;l:0,31,31,31;\"\n\t\t\t\t\t\t\t\tdata-dim=\"w:1330px,1662px,1662px,1662px;h:300px,375px,375px,375px;\"\n\t\t\t\t\t\t\t\tdata-frame_999=\"o:0;st:w;\"\n\t\t\t\t\t\t\t\tstyle=\"z-index:5;\"\n\t\t\t\t\t\t\t><img src=\"\/\/nesibeaydin.k12.tr\/web\/wp-content\/plugins\/revslider\/public\/assets\/assets\/dummy.png\" alt=\"\" class=\"tp-rs-img rs-lazyload\" width=\"1330\" height=\"300\" data-lazyload=\"\/\/nesibeaydin.k12.tr\/web\/wp-content\/uploads\/2026\/01\/yatay.jpg\" data-no-retina> \n\t\t\t\t\t\t\t<\/rs-layer><!--\n-->\t\t\t\t\t\t<\/rs-slide>\n\t\t\t\t\t<\/rs-slides>\n\t\t\t\t<\/rs-module>\n\t\t\t\t<script>\n\t\t\t\t\tsetREVStartSize({c: 'rev_slider_4_1',rl:[1240,1024,1024,1024],el:[280,300,300,300],gw:[1024,1280,1280,1280],gh:[280,300,300,300],type:'standard',justify:'',layout:'fullwidth',mh:\"0\"});if (window.RS_MODULES!==undefined && window.RS_MODULES.modules!==undefined && window.RS_MODULES.modules[\"revslider41\"]!==undefined) {window.RS_MODULES.modules[\"revslider41\"].once = false;window.revapi4 = undefined;if (window.RS_MODULES.checkMinimal!==undefined) window.RS_MODULES.checkMinimal()}\n\t\t\t\t<\/script>\n\t\t\t<\/rs-module-wrap>\n\t\t\t<!-- END REVOLUTION SLIDER -->\n<\/div><\/div><\/div><\/div><\/div><\/div><\/div><\/div><\/div><\/section><section id=\"bt_bb_section69d2925c7aaab\"  class=\"bt_bb_section bt_bb_top_spacing_normal bt_bb_bottom_spacing_normal bt_bb_layout_boxed_1200 bt_bb_vertical_align_top\" ><div class=\"bt_bb_port\"><div class=\"bt_bb_cell\"><div class=\"bt_bb_cell_inner\"><div class=\"bt_bb_row \"  data-bt-override-class=\"{}\"><div class=\"bt_bb_row_holder\" ><div  class=\"bt_bb_column col-xxl-12 col-xl-12 col-xs-12 col-sm-12 col-md-12 col-lg-12 bt_bb_vertical_align_top bt_bb_align_left bt_bb_padding_normal bt_bb_shape_inherit\" style=\"; --column-width:12;\" data-width=\"12\" data-bt-override-class=\"{}\"><div class=\"bt_bb_column_content\"><div class=\"bt_bb_column_content_inner\"><div class=\"bt_bb_masonry_image_grid bt_bb_grid_container bt_bb_columns_3 bt_bb_gap_normal\" data-columns=\"3\"><div class=\"bt_bb_masonry_post_image_content\" data-columns=\"3\"><div class=\"bt_bb_grid_sizer\"><\/div><div class=\"bt_bb_grid_item bt_bb_tile_format11\" data-hw=\"0.5515625\" data-src=\"https:\/\/nesibeaydin.k12.tr\/web\/wp-content\/uploads\/2022\/02\/SABAHANKARA_20191202_1-1-640x353.jpeg\" data-src-full=\"https:\/\/nesibeaydin.k12.tr\/web\/wp-content\/uploads\/2022\/02\/SABAHANKARA_20191202_1-1-1280x706.jpeg\" data-title=\"SABAH+ANKARA_20191202_1 (1)\"><div class=\"bt_bb_grid_item_inner\" data-hw=\"0.5515625\" ><div class=\"bt_bb_grid_item_inner_image\"><\/div><div class=\"bt_bb_grid_item_inner_content\"><\/div><\/div><\/div><div class=\"bt_bb_grid_item bt_bb_tile_format11\" data-hw=\"0.5\" data-src=\"https:\/\/nesibeaydin.k12.tr\/web\/wp-content\/uploads\/2022\/02\/SABAHANKARA_20191202_1-640x320.jpeg\" data-src-full=\"https:\/\/nesibeaydin.k12.tr\/web\/wp-content\/uploads\/2022\/02\/SABAHANKARA_20191202_1.jpeg\" data-title=\"SABAH+ANKARA_20191202_1\"><div class=\"bt_bb_grid_item_inner\" data-hw=\"0.5\" ><div class=\"bt_bb_grid_item_inner_image\"><\/div><div class=\"bt_bb_grid_item_inner_content\"><\/div><\/div><\/div><div class=\"bt_bb_grid_item bt_bb_tile_format11\" data-hw=\"0.6421875\" data-src=\"https:\/\/nesibeaydin.k12.tr\/web\/wp-content\/uploads\/2022\/02\/AYDINLIK_20191203_4-640x411.jpeg\" data-src-full=\"https:\/\/nesibeaydin.k12.tr\/web\/wp-content\/uploads\/2022\/02\/AYDINLIK_20191203_4.jpeg\" data-title=\"AYDINLIK_20191203_4\"><div class=\"bt_bb_grid_item_inner\" data-hw=\"0.6421875\" ><div class=\"bt_bb_grid_item_inner_image\"><\/div><div class=\"bt_bb_grid_item_inner_content\"><\/div><\/div><\/div><div class=\"bt_bb_grid_item bt_bb_tile_format11\" data-hw=\"1.471875\" data-src=\"https:\/\/nesibeaydin.k12.tr\/web\/wp-content\/uploads\/2022\/02\/HURSESANTALYA_20191203_2-640x942.jpeg\" data-src-full=\"https:\/\/nesibeaydin.k12.tr\/web\/wp-content\/uploads\/2022\/02\/HURSESANTALYA_20191203_2-1280x1883.jpeg\" data-title=\"H\u00dcRSES+ANTALYA_20191203_2\"><div class=\"bt_bb_grid_item_inner\" data-hw=\"1.471875\" ><div class=\"bt_bb_grid_item_inner_image\"><\/div><div class=\"bt_bb_grid_item_inner_content\"><\/div><\/div><\/div><div class=\"bt_bb_grid_item bt_bb_tile_format11\" data-hw=\"0.446875\" data-src=\"https:\/\/nesibeaydin.k12.tr\/web\/wp-content\/uploads\/2022\/02\/KONYAHAKIMIYET_20191203_1-640x286.jpeg\" data-src-full=\"https:\/\/nesibeaydin.k12.tr\/web\/wp-content\/uploads\/2022\/02\/KONYAHAKIMIYET_20191203_1-1280x572.jpeg\" data-title=\"KONYA+HAK\u0130M\u0130YET_20191203_1\"><div class=\"bt_bb_grid_item_inner\" data-hw=\"0.446875\" ><div class=\"bt_bb_grid_item_inner_image\"><\/div><div class=\"bt_bb_grid_item_inner_content\"><\/div><\/div><\/div><div class=\"bt_bb_grid_item bt_bb_tile_format11\" data-hw=\"2.0656660412758\" data-src=\"https:\/\/nesibeaydin.k12.tr\/web\/wp-content\/uploads\/2022\/02\/KONYAPOSTASI_20191203_9.jpeg\" data-src-full=\"https:\/\/nesibeaydin.k12.tr\/web\/wp-content\/uploads\/2022\/02\/KONYAPOSTASI_20191203_9.jpeg\" data-title=\"KONYA+POSTASI_20191203_9\"><div class=\"bt_bb_grid_item_inner\" data-hw=\"2.0656660412758\" ><div class=\"bt_bb_grid_item_inner_image\"><\/div><div class=\"bt_bb_grid_item_inner_content\"><\/div><\/div><\/div><div class=\"bt_bb_grid_item bt_bb_tile_format11\" data-hw=\"1.8333333333333\" data-src=\"https:\/\/nesibeaydin.k12.tr\/web\/wp-content\/uploads\/2022\/02\/KONYAYENIGUN_20191203_7.jpeg\" data-src-full=\"https:\/\/nesibeaydin.k12.tr\/web\/wp-content\/uploads\/2022\/02\/KONYAYENIGUN_20191203_7.jpeg\" data-title=\"KONYA+YEN\u0130G\u00dcN_20191203_7\"><div class=\"bt_bb_grid_item_inner\" data-hw=\"1.8333333333333\" ><div class=\"bt_bb_grid_item_inner_image\"><\/div><div class=\"bt_bb_grid_item_inner_content\"><\/div><\/div><\/div><div class=\"bt_bb_grid_item bt_bb_tile_format11\" data-hw=\"2.5124282982792\" data-src=\"https:\/\/nesibeaydin.k12.tr\/web\/wp-content\/uploads\/2022\/02\/KONYANINSESI_20191203_1.jpeg\" data-src-full=\"https:\/\/nesibeaydin.k12.tr\/web\/wp-content\/uploads\/2022\/02\/KONYANINSESI_20191203_1.jpeg\" data-title=\"KONYA&#039;NIN+SES\u0130_20191203_1\"><div class=\"bt_bb_grid_item_inner\" data-hw=\"2.5124282982792\" ><div class=\"bt_bb_grid_item_inner_image\"><\/div><div class=\"bt_bb_grid_item_inner_content\"><\/div><\/div><\/div><div class=\"bt_bb_grid_item bt_bb_tile_format11\" data-hw=\"1.7640625\" data-src=\"https:\/\/nesibeaydin.k12.tr\/web\/wp-content\/uploads\/2022\/02\/MERHABA_20191203_9-640x1129.jpeg\" data-src-full=\"https:\/\/nesibeaydin.k12.tr\/web\/wp-content\/uploads\/2022\/02\/MERHABA_20191203_9.jpeg\" data-title=\"MERHABA_20191203_9\"><div class=\"bt_bb_grid_item_inner\" data-hw=\"1.7640625\" ><div class=\"bt_bb_grid_item_inner_image\"><\/div><div class=\"bt_bb_grid_item_inner_content\"><\/div><\/div><\/div><div class=\"bt_bb_grid_item bt_bb_tile_format11\" data-hw=\"1.384375\" data-src=\"https:\/\/nesibeaydin.k12.tr\/web\/wp-content\/uploads\/2022\/02\/ANADOLU_20191206_1-640x886.jpeg\" data-src-full=\"https:\/\/nesibeaydin.k12.tr\/web\/wp-content\/uploads\/2022\/02\/ANADOLU_20191206_1-1280x1773.jpeg\" data-title=\"ANADOLU_20191206_1\"><div class=\"bt_bb_grid_item_inner\" data-hw=\"1.384375\" ><div class=\"bt_bb_grid_item_inner_image\"><\/div><div class=\"bt_bb_grid_item_inner_content\"><\/div><\/div><\/div><div class=\"bt_bb_grid_item bt_bb_tile_format11\" data-hw=\"0.590625\" data-src=\"https:\/\/nesibeaydin.k12.tr\/web\/wp-content\/uploads\/2022\/02\/GAZIANTEPHAKIMIYET_20191207_3-640x378.jpeg\" data-src-full=\"https:\/\/nesibeaydin.k12.tr\/web\/wp-content\/uploads\/2022\/02\/GAZIANTEPHAKIMIYET_20191207_3-1280x757.jpeg\" data-title=\"GAZ\u0130ANTEP+HAK\u0130M\u0130YET_20191207_3\"><div class=\"bt_bb_grid_item_inner\" data-hw=\"0.590625\" ><div class=\"bt_bb_grid_item_inner_image\"><\/div><div class=\"bt_bb_grid_item_inner_content\"><\/div><\/div><\/div><div class=\"bt_bb_grid_item bt_bb_tile_format11\" data-hw=\"0.8359375\" data-src=\"https:\/\/nesibeaydin.k12.tr\/web\/wp-content\/uploads\/2022\/02\/YENIAKIT_20191219_2-640x535.jpeg\" data-src-full=\"https:\/\/nesibeaydin.k12.tr\/web\/wp-content\/uploads\/2022\/02\/YENIAKIT_20191219_2.jpeg\" data-title=\"YEN\u0130+AK\u0130T_20191219_2\"><div class=\"bt_bb_grid_item_inner\" data-hw=\"0.8359375\" ><div class=\"bt_bb_grid_item_inner_image\"><\/div><div class=\"bt_bb_grid_item_inner_content\"><\/div><\/div><\/div><div class=\"bt_bb_grid_item bt_bb_tile_format11\" data-hw=\"0.6171875\" data-src=\"https:\/\/nesibeaydin.k12.tr\/web\/wp-content\/uploads\/2022\/02\/YENIBIRLIK_20191219_15-640x395.jpeg\" data-src-full=\"https:\/\/nesibeaydin.k12.tr\/web\/wp-content\/uploads\/2022\/02\/YENIBIRLIK_20191219_15-1280x791.jpeg\" data-title=\"YEN\u0130+B\u0130RL\u0130K_20191219_15\"><div class=\"bt_bb_grid_item_inner\" data-hw=\"0.6171875\" ><div class=\"bt_bb_grid_item_inner_image\"><\/div><div class=\"bt_bb_grid_item_inner_content\"><\/div><\/div><\/div><div class=\"bt_bb_grid_item bt_bb_tile_format11\" data-hw=\"1.153125\" data-src=\"https:\/\/nesibeaydin.k12.tr\/web\/wp-content\/uploads\/2022\/02\/ANAYURT_20191221_11-640x738.jpeg\" data-src-full=\"https:\/\/nesibeaydin.k12.tr\/web\/wp-content\/uploads\/2022\/02\/ANAYURT_20191221_11-1280x1477.jpeg\" data-title=\"ANAYURT_20191221_11\"><div class=\"bt_bb_grid_item_inner\" data-hw=\"1.153125\" ><div class=\"bt_bb_grid_item_inner_image\"><\/div><div class=\"bt_bb_grid_item_inner_content\"><\/div><\/div><\/div><div class=\"bt_bb_grid_item bt_bb_tile_format11\" data-hw=\"1.9421875\" data-src=\"https:\/\/nesibeaydin.k12.tr\/web\/wp-content\/uploads\/2022\/02\/HURRIYET_20191224_9-640x1243.jpeg\" data-src-full=\"https:\/\/nesibeaydin.k12.tr\/web\/wp-content\/uploads\/2022\/02\/HURRIYET_20191224_9-1280x2486.jpeg\" data-title=\"H\u00dcRR\u0130YET_20191224_9\"><div class=\"bt_bb_grid_item_inner\" data-hw=\"1.9421875\" ><div class=\"bt_bb_grid_item_inner_image\"><\/div><div class=\"bt_bb_grid_item_inner_content\"><\/div><\/div><\/div><div class=\"bt_bb_grid_item bt_bb_tile_format11\" data-hw=\"0.53125\" data-src=\"https:\/\/nesibeaydin.k12.tr\/web\/wp-content\/uploads\/2022\/02\/KONYAHAKIMIYET_20191226_7-640x340.jpeg\" data-src-full=\"https:\/\/nesibeaydin.k12.tr\/web\/wp-content\/uploads\/2022\/02\/KONYAHAKIMIYET_20191226_7.jpeg\" data-title=\"KONYA+HAK\u0130M\u0130YET_20191226_7\"><div class=\"bt_bb_grid_item_inner\" data-hw=\"0.53125\" ><div class=\"bt_bb_grid_item_inner_image\"><\/div><div class=\"bt_bb_grid_item_inner_content\"><\/div><\/div><\/div><div class=\"bt_bb_grid_item bt_bb_tile_format11\" data-hw=\"1.0203125\" data-src=\"https:\/\/nesibeaydin.k12.tr\/web\/wp-content\/uploads\/2022\/02\/KONYAPOSTASI_20191226_9-640x653.jpeg\" data-src-full=\"https:\/\/nesibeaydin.k12.tr\/web\/wp-content\/uploads\/2022\/02\/KONYAPOSTASI_20191226_9.jpeg\" data-title=\"KONYA+POSTASI_20191226_9\"><div class=\"bt_bb_grid_item_inner\" data-hw=\"1.0203125\" ><div class=\"bt_bb_grid_item_inner_image\"><\/div><div class=\"bt_bb_grid_item_inner_content\"><\/div><\/div><\/div><div class=\"bt_bb_grid_item bt_bb_tile_format11\" data-hw=\"0.4875\" data-src=\"https:\/\/nesibeaydin.k12.tr\/web\/wp-content\/uploads\/2022\/02\/KONYATAKIP_20191226_5-640x312.jpeg\" data-src-full=\"https:\/\/nesibeaydin.k12.tr\/web\/wp-content\/uploads\/2022\/02\/KONYATAKIP_20191226_5-1280x624.jpeg\" data-title=\"KONYA+TAK\u0130P_20191226_5\"><div class=\"bt_bb_grid_item_inner\" data-hw=\"0.4875\" ><div class=\"bt_bb_grid_item_inner_image\"><\/div><div class=\"bt_bb_grid_item_inner_content\"><\/div><\/div><\/div><div class=\"bt_bb_grid_item bt_bb_tile_format11\" data-hw=\"1.11872909699\" data-src=\"https:\/\/nesibeaydin.k12.tr\/web\/wp-content\/uploads\/2022\/02\/KONYAYENIGUN_20191226_13.jpeg\" data-src-full=\"https:\/\/nesibeaydin.k12.tr\/web\/wp-content\/uploads\/2022\/02\/KONYAYENIGUN_20191226_13.jpeg\" data-title=\"KONYA+YEN\u0130G\u00dcN_20191226_13\"><div class=\"bt_bb_grid_item_inner\" data-hw=\"1.11872909699\" ><div class=\"bt_bb_grid_item_inner_image\"><\/div><div class=\"bt_bb_grid_item_inner_content\"><\/div><\/div><\/div><div class=\"bt_bb_grid_item bt_bb_tile_format11\" data-hw=\"0.5625\" data-src=\"https:\/\/nesibeaydin.k12.tr\/web\/wp-content\/uploads\/2022\/02\/KONYANINSESI_20191226_8-640x360.jpeg\" data-src-full=\"https:\/\/nesibeaydin.k12.tr\/web\/wp-content\/uploads\/2022\/02\/KONYANINSESI_20191226_8-1280x720.jpeg\" data-title=\"KONYA&#039;NIN+SES\u0130_20191226_8\"><div class=\"bt_bb_grid_item_inner\" data-hw=\"0.5625\" ><div class=\"bt_bb_grid_item_inner_image\"><\/div><div class=\"bt_bb_grid_item_inner_content\"><\/div><\/div><\/div><div class=\"bt_bb_grid_item bt_bb_tile_format11\" data-hw=\"1.4733441033926\" data-src=\"https:\/\/nesibeaydin.k12.tr\/web\/wp-content\/uploads\/2022\/02\/MERHABA_20191226_2.jpeg\" data-src-full=\"https:\/\/nesibeaydin.k12.tr\/web\/wp-content\/uploads\/2022\/02\/MERHABA_20191226_2.jpeg\" data-title=\"MERHABA_20191226_2\"><div class=\"bt_bb_grid_item_inner\" data-hw=\"1.4733441033926\" ><div class=\"bt_bb_grid_item_inner_image\"><\/div><div class=\"bt_bb_grid_item_inner_content\"><\/div><\/div><\/div><div class=\"bt_bb_grid_item bt_bb_tile_format11\" data-hw=\"0.45\" data-src=\"https:\/\/nesibeaydin.k12.tr\/web\/wp-content\/uploads\/2022\/02\/YENIKONYA_20191226_9-640x288.jpeg\" data-src-full=\"https:\/\/nesibeaydin.k12.tr\/web\/wp-content\/uploads\/2022\/02\/YENIKONYA_20191226_9-1280x576.jpeg\" data-title=\"YEN\u0130+KONYA_20191226_9\"><div class=\"bt_bb_grid_item_inner\" data-hw=\"0.45\" ><div class=\"bt_bb_grid_item_inner_image\"><\/div><div class=\"bt_bb_grid_item_inner_content\"><\/div><\/div><\/div><div class=\"bt_bb_grid_item bt_bb_tile_format11\" data-hw=\"2.2890025575448\" data-src=\"https:\/\/nesibeaydin.k12.tr\/web\/wp-content\/uploads\/2022\/02\/YENIMERAM_20191226_4.jpeg\" data-src-full=\"https:\/\/nesibeaydin.k12.tr\/web\/wp-content\/uploads\/2022\/02\/YENIMERAM_20191226_4.jpeg\" data-title=\"YEN\u0130+MERAM_20191226_4\"><div class=\"bt_bb_grid_item_inner\" data-hw=\"2.2890025575448\" ><div class=\"bt_bb_grid_item_inner_image\"><\/div><div class=\"bt_bb_grid_item_inner_content\"><\/div><\/div><\/div><div class=\"bt_bb_grid_item bt_bb_tile_format11\" data-hw=\"0.49375\" data-src=\"https:\/\/nesibeaydin.k12.tr\/web\/wp-content\/uploads\/2022\/02\/YENIKONYA_20191230_13-640x316.jpeg\" data-src-full=\"https:\/\/nesibeaydin.k12.tr\/web\/wp-content\/uploads\/2022\/02\/YENIKONYA_20191230_13.jpeg\" data-title=\"YEN\u0130+KONYA_20191230_13\"><div class=\"bt_bb_grid_item_inner\" data-hw=\"0.49375\" ><div class=\"bt_bb_grid_item_inner_image\"><\/div><div class=\"bt_bb_grid_item_inner_content\"><\/div><\/div><\/div><\/div><\/div><\/div><\/div><\/div><\/div><\/div><\/div><\/div><\/div><\/section><\/p>\n","protected":false},"excerpt":{"rendered":"","protected":false},"author":1,"featured_media":0,"parent":4327,"menu_order":0,"comment_status":"closed","ping_status":"closed","template":"","meta":[],"_links":{"self":[{"href":"https:\/\/nesibeaydin.k12.tr\/web\/wp-json\/wp\/v2\/pages\/11457"}],"collection":[{"href":"https:\/\/nesibeaydin.k12.tr\/web\/wp-json\/wp\/v2\/pages"}],"about":[{"href":"https:\/\/nesibeaydin.k12.tr\/web\/wp-json\/wp\/v2\/types\/page"}],"author":[{"embeddable":true,"href":"https:\/\/nesibeaydin.k12.tr\/web\/wp-json\/wp\/v2\/users\/1"}],"replies":[{"embeddable":true,"href":"https:\/\/nesibeaydin.k12.tr\/web\/wp-json\/wp\/v2\/comments?post=11457"}],"version-history":[{"count":1,"href":"https:\/\/nesibeaydin.k12.tr\/web\/wp-json\/wp\/v2\/pages\/11457\/revisions"}],"predecessor-version":[{"id":11482,"href":"https:\/\/nesibeaydin.k12.tr\/web\/wp-json\/wp\/v2\/pages\/11457\/revisions\/11482"}],"up":[{"embeddable":true,"href":"https:\/\/nesibeaydin.k12.tr\/web\/wp-json\/wp\/v2\/pages\/4327"}],"wp:attachment":[{"href":"https:\/\/nesibeaydin.k12.tr\/web\/wp-json\/wp\/v2\/media?parent=11457"}],"curies":[{"name":"wp","href":"https:\/\/api.w.org\/{rel}","templated":true}]}}