{"id":15372,"date":"2024-11-01T10:09:12","date_gmt":"2024-11-01T07:09:12","guid":{"rendered":"https:\/\/nesibeaydin.k12.tr\/web\/?page_id=15372"},"modified":"2026-03-26T10:55:35","modified_gmt":"2026-03-26T07:55:35","slug":"felsefe-ve-misyon","status":"publish","type":"page","link":"https:\/\/nesibeaydin.k12.tr\/web\/felsefe-ve-misyon\/","title":{"rendered":"Felsefe ve Misyon"},"content":{"rendered":"<p><section id=\"bt_bb_section69d28e930067e\"  class=\"bt_bb_section bt_bb_layout_boxed_1200 bt_bb_vertical_align_top\" ><div class=\"bt_bb_port\"><div class=\"bt_bb_cell\"><div class=\"bt_bb_cell_inner\"><div class=\"bt_bb_row  bt_bb_shape_inherit\"  data-bt-override-class=\"{}\"><div class=\"bt_bb_row_holder\" ><div  class=\"bt_bb_column col-xxl-12 col-xl-12 col-xs-12 col-sm-12 col-md-12 col-lg-12 btLimitOneColumn bt_bb_vertical_align_top bt_bb_align_center bt_bb_padding_0 bt_bb_animation_fade_in animate bt_bb_shape_inherit\" style=\"; --column-width:12;\" data-width=\"12\" data-bt-override-class=\"{&quot;bt_bb_align_&quot;:{&quot;current_class&quot;:&quot;bt_bb_align_center&quot;,&quot;def&quot;:&quot;center&quot;,&quot;xl&quot;:&quot;center&quot;}}\"><div class=\"bt_bb_column_content\"><div class=\"bt_bb_column_content_inner\"><div class=\"bt_bb_shortcode\">\n\t\t\t<!-- START yonetimkurulu REVOLUTION SLIDER 6.6.12 --><p class=\"rs-p-wp-fix\"><\/p>\n\t\t\t<rs-module-wrap id=\"rev_slider_18_1_wrapper\" data-source=\"gallery\" style=\"visibility:hidden;background:transparent;padding:0;margin:0px auto;margin-top:0;margin-bottom:0;\">\n\t\t\t\t<rs-module id=\"rev_slider_18_1\" style=\"\" data-version=\"6.6.12\">\n\t\t\t\t\t<rs-slides style=\"overflow: hidden; position: absolute;\">\n\t\t\t\t\t\t<rs-slide style=\"position: absolute;\" data-key=\"rs-21\" data-title=\"Slide\" data-seoz=\"front\" data-anim=\"adpr:false;\" data-in=\"o:0;\" data-out=\"a:false;\">\n\t\t\t\t\t\t\t<img src=\"\/\/nesibeaydin.k12.tr\/web\/wp-content\/plugins\/revslider\/public\/assets\/assets\/dummy.png\" alt=\"Slide\" title=\"Felsefe ve Misyon\" class=\"rev-slidebg tp-rs-img rs-lazyload\" data-lazyload=\"\/\/nesibeaydin.k12.tr\/web\/wp-content\/plugins\/revslider\/public\/assets\/assets\/transparent.png\" data-no-retina>\n<!--\n\t\t\t\t\t\t\t--><rs-layer\n\t\t\t\t\t\t\t\tid=\"slider-18-slide-21-layer-0\" \n\t\t\t\t\t\t\t\tdata-type=\"image\"\n\t\t\t\t\t\t\t\tdata-rsp_ch=\"on\"\n\t\t\t\t\t\t\t\tdata-xy=\"x:c;\"\n\t\t\t\t\t\t\t\tdata-text=\"w:normal;s:20,25,25,25;l:0,31,31,31;\"\n\t\t\t\t\t\t\t\tdata-dim=\"w:1330px,1662px,1662px,1662px;h:300px,375px,375px,375px;\"\n\t\t\t\t\t\t\t\tdata-frame_999=\"o:0;st:w;\"\n\t\t\t\t\t\t\t\tstyle=\"z-index:5;\"\n\t\t\t\t\t\t\t><img src=\"\/\/nesibeaydin.k12.tr\/web\/wp-content\/plugins\/revslider\/public\/assets\/assets\/dummy.png\" alt=\"\" class=\"tp-rs-img rs-lazyload\" width=\"1330\" height=\"300\" data-lazyload=\"\/\/nesibeaydin.k12.tr\/web\/wp-content\/uploads\/2021\/12\/1-kurumsal_C\u0327al\u0131s\u0327ma Yu\u0308zeyi 1 kopya.png\" data-no-retina> \n\t\t\t\t\t\t\t<\/rs-layer><!--\n-->\t\t\t\t\t\t<\/rs-slide>\n\t\t\t\t\t<\/rs-slides>\n\t\t\t\t<\/rs-module>\n\t\t\t\t<script>\n\t\t\t\t\tsetREVStartSize({c: 'rev_slider_18_1',rl:[1240,1024,1024,1024],el:[280,768,768,768],gw:[1024,1280,1280,1280],gh:[280,300,300,300],type:'hero',justify:'',layout:'fullwidth',mh:\"0\"});if (window.RS_MODULES!==undefined && window.RS_MODULES.modules!==undefined && window.RS_MODULES.modules[\"revslider181\"]!==undefined) {window.RS_MODULES.modules[\"revslider181\"].once = false;window.revapi18 = undefined;if (window.RS_MODULES.checkMinimal!==undefined) window.RS_MODULES.checkMinimal()}\n\t\t\t\t<\/script>\n\t\t\t<\/rs-module-wrap>\n\t\t\t<!-- END REVOLUTION SLIDER -->\n<\/div><\/div><\/div><\/div><\/div><\/div><\/div><\/div><\/div><\/section><section data-bb-version=\"5.4.4\" id=\"bt_bb_section69d28e9302af8\"  class=\"bt_bb_section bt_bb_top_spacing_normal bt_bb_bottom_spacing_large bt_bb_layout_boxed_1200 bt_bb_vertical_align_top\" ><div class=\"bt_bb_port\"><div class=\"bt_bb_cell\"><div class=\"bt_bb_cell_inner\"><div class=\"bt_bb_row  bt_bb_column_gap_extra_small bt_bb_shape_inherit\"  data-bt-override-class=\"{}\"><div class=\"bt_bb_row_holder\" ><div  class=\"bt_bb_column col-xxl-12 col-xl-12 col-xs-12 col-sm-12 col-md-12 col-lg-12 bt_bb_vertical_align_top bt_bb_align_left bt_bb_padding_normal bt_bb_shape_inherit\" style=\"; --column-width:12;\" data-width=\"12\" data-bt-override-class=\"{}\"><div class=\"bt_bb_column_content\"><div class=\"bt_bb_column_content_inner\"><div data-bb-version=\"5.4.4\" class=\"bt_bb_image bt_bb_shape_square bt_bb_align_inherit bt_bb_hover_style_simple bt_bb_content_display_always bt_bb_content_align_middle\"><span><img src = \"https:\/\/nesibeaydin.k12.tr\/web\/wp-content\/plugins\/bold-page-builder\/img\/blank.gif\" data-image_src=\"https:\/\/nesibeaydin.k12.tr\/web\/wp-content\/uploads\/2026\/03\/Mission_Vision.jpg\" title=\"_Mission_Vision\" alt=\"https:\/\/nesibeaydin.k12.tr\/web\/wp-content\/uploads\/2026\/03\/Mission_Vision.jpg\" class=\"btLazyLoadImage\"><\/span><\/div><div data-bb-version=\"4.7.6\" class=\"bt_bb_card\"><div class=\"bt_bb_card_content\"><div class=\"bt_bb_card_content_inner\"><h3 class=\"bt_bb_card_title\">M\u0130SYONUMUZ<\/h3><span class=\"bt_bb_card_button_text\"><\/span><\/div><\/div><\/div><div data-bb-version=\"4.7.6\"  class=\"bt_bb_text\" ><\/p>\n<h4 style=\"font-weight: 400;\"><strong>M\u0130SYONUMUZ<\/strong><\/h4>\n<p data-start=\"51\" data-end=\"469\">B\u00fct\u00fcnsel e\u011fitim yakla\u015f\u0131m\u0131yla \u00f6\u011frencilerimizi, \u00f6\u011frenmeyi ya\u015fam becerisi olarak kullanan ba\u011f\u0131ms\u0131z bireyler olmalar\u0131 i\u00e7in destekleriz. Okul k\u00fclt\u00fcr\u00fcm\u00fcz, yetkin kadromuz, uygulad\u0131\u011f\u0131m\u0131z ulusal ve uluslararas\u0131 programlarla \u00f6\u011frencilerimize evrensel de\u011ferler kazand\u0131r\u0131r\u0131z. Rehberlik ve \u00f6l\u00e7me-de\u011ferlendirme hizmetlerimizle, \u00f6\u011frencilerimizin sorumluluklar\u0131n\u0131 yerine getirebilen \u00f6z disipline sahip bireyler olmalar\u0131n\u0131 destekleriz.<\/p>\n<p data-start=\"471\" data-end=\"891\" data-is-last-node=\"\" data-is-only-node=\"\">\u00d6\u011frencilerimizi, akademik, sportif ve sanatsal alanlarda destekleyerek yarat\u0131c\u0131l\u0131klar\u0131n\u0131 ortaya \u00e7\u0131karmalar\u0131n\u0131 sa\u011flar\u0131z. Sosyal etkinliklerimiz ve \u00f6\u011frenme ortamlar\u0131m\u0131zla \u00f6\u011frencilerimizin ilgi ve yeteneklerini ke\u015ffetmelerini sa\u011flar\u0131z. \u00d6\u011frencilerimizin bu etkinliklerde ald\u0131klar\u0131 sorumluluklarla daha iyi bir d\u00fcnyaya katk\u0131 sa\u011flar\u0131z. Yerel ve k\u00fcresel problemlere duyarl\u0131, \u00e7\u00f6z\u00fcm \u00fcretebilen ve giri\u015fimci bireyler yeti\u015ftiririz.<\/p>\n<p>\n<\/div><div data-bb-version=\"4.7.6\" class=\"bt_bb_card\"><div class=\"bt_bb_card_content\"><div class=\"bt_bb_card_content_inner\"><h3 class=\"bt_bb_card_title\">V\u0130ZYONUMUZ<\/h3><span class=\"bt_bb_card_button_text\"><\/span><\/div><\/div><\/div><div data-bb-version=\"4.7.6\"  class=\"bt_bb_text\" ><\/p>\n<div class=\"flex flex-col text-sm pb-25\">\n<section class=\"text-token-text-primary w-full focus:outline-none &#091;--shadow-height:45px&#093; has-data-writing-block:pointer-events-none has-data-writing-block:-mt-(--shadow-height) has-data-writing-block:pt-(--shadow-height) &#091;&amp;:has(&#091;data-writing-block&#093;)&gt;*&#093;:pointer-events-auto scroll-mt-&#091;calc(var(--header-height)+min(200px,max(70px,20svh)))&#093;\" dir=\"auto\" data-turn-id=\"request-WEB:6d6173a9-a838-4ca4-b333-7afbd885acb5-18\" data-testid=\"conversation-turn-38\" data-scroll-anchor=\"true\" data-turn=\"assistant\">\n<div class=\"text-base my-auto mx-auto pb-10 &#091;--thread-content-margin:var(--thread-content-margin-xs,calc(var(--spacing)*4))&#093; @w-sm\/main:&#091;--thread-content-margin:var(--thread-content-margin-sm,calc(var(--spacing)*6))&#093; @w-lg\/main:&#091;--thread-content-margin:var(--thread-content-margin-lg,calc(var(--spacing)*16))&#093; px-(--thread-content-margin)\">\n<div class=\"&#091;--thread-content-max-width:40rem&#093; @w-lg\/main:&#091;--thread-content-max-width:48rem&#093; mx-auto max-w-(--thread-content-max-width) flex-1 group\/turn-messages focus-visible:outline-hidden relative flex w-full min-w-0 flex-col agent-turn\">\n<div class=\"flex max-w-full flex-col gap-4 grow\">\n<div class=\"min-h-8 text-message relative flex w-full flex-col items-end gap-2 text-start break-words whitespace-normal outline-none keyboard-focused:focus-ring &#091;.text-message+&amp;&#093;:mt-1\" dir=\"auto\" tabindex=\"0\" data-message-author-role=\"assistant\" data-message-id=\"1a7bd6a9-d22c-4052-9473-0bec658d0025\" data-message-model-slug=\"gpt-5-3\" data-turn-start-message=\"true\">\n<div class=\"flex w-full flex-col gap-1 empty:hidden\">\n<div class=\"markdown prose dark:prose-invert w-full wrap-break-word light markdown-new-styling\">\n<div class=\"flex flex-col text-sm pb-25\">\n<section class=\"text-token-text-primary w-full focus:outline-none &#091;--shadow-height:45px&#093; has-data-writing-block:pointer-events-none has-data-writing-block:-mt-(--shadow-height) has-data-writing-block:pt-(--shadow-height) &#091;&amp;:has(&#091;data-writing-block&#093;)&gt;*&#093;:pointer-events-auto scroll-mt-&#091;calc(var(--header-height)+min(200px,max(70px,20svh)))&#093;\" dir=\"auto\" data-turn-id=\"request-WEB:6d6173a9-a838-4ca4-b333-7afbd885acb5-18\" data-testid=\"conversation-turn-38\" data-scroll-anchor=\"true\" data-turn=\"assistant\">\n<div class=\"text-base my-auto mx-auto pb-10 &#091;--thread-content-margin:var(--thread-content-margin-xs,calc(var(--spacing)*4))&#093; @w-sm\/main:&#091;--thread-content-margin:var(--thread-content-margin-sm,calc(var(--spacing)*6))&#093; @w-lg\/main:&#091;--thread-content-margin:var(--thread-content-margin-lg,calc(var(--spacing)*16))&#093; px-(--thread-content-margin)\">\n<div class=\"&#091;--thread-content-max-width:40rem&#093; @w-lg\/main:&#091;--thread-content-max-width:48rem&#093; mx-auto max-w-(--thread-content-max-width) flex-1 group\/turn-messages focus-visible:outline-hidden relative flex w-full min-w-0 flex-col agent-turn\">\n<div class=\"flex max-w-full flex-col gap-4 grow\">\n<div class=\"min-h-8 text-message relative flex w-full flex-col items-end gap-2 text-start break-words whitespace-normal outline-none keyboard-focused:focus-ring &#091;.text-message+&amp;&#093;:mt-1\" dir=\"auto\" tabindex=\"0\" data-message-author-role=\"assistant\" data-message-id=\"1a7bd6a9-d22c-4052-9473-0bec658d0025\" data-message-model-slug=\"gpt-5-3\" data-turn-start-message=\"true\">\n<div class=\"flex w-full flex-col gap-1 empty:hidden\">\n<div class=\"markdown prose dark:prose-invert w-full wrap-break-word light markdown-new-styling\">\n<p data-start=\"42\" data-end=\"241\" data-is-last-node=\"\" data-is-only-node=\"\">Vizyonumuz, \u00f6\u011frencilerimizi, evrensel de\u011ferleri benimsemi\u015f, \u00f6zg\u00fcr, sorumluluk sahibi, a\u00e7\u0131k fikirli, duyarl\u0131, yarat\u0131c\u0131, sorgulayan ve \u00f6zy\u00f6netim becerilerine sahip bireyler olarak ya\u015fama haz\u0131rlamakt\u0131r.<\/p>\n<\/div>\n<\/div>\n<\/div>\n<\/div>\n<div class=\"z-0 flex min-h-&#091;46px&#093; justify-start\"><\/div>\n<div class=\"mt-3 w-full empty:hidden\">\n<div class=\"text-center\"><\/div>\n<\/div>\n<\/div>\n<\/div>\n<\/section>\n<\/div>\n<div class=\"pointer-events-none h-px w-px absolute bottom-0\" aria-hidden=\"true\" data-edge=\"true\"><\/div>\n<\/div>\n<\/div>\n<\/div>\n<\/div>\n<\/div>\n<\/div>\n<\/section>\n<\/div>\n<p>\n<\/div><div data-bb-version=\"4.7.6\" class=\"bt_bb_card\"><div class=\"bt_bb_card_content\"><div class=\"bt_bb_card_content_inner\"><h3 class=\"bt_bb_card_title\">E\u011e\u0130T\u0130M FELSEFEM\u0130Z<\/h3><span class=\"bt_bb_card_button_text\"><\/span><\/div><\/div><\/div><div data-bb-version=\"4.7.6\"  class=\"bt_bb_text\" ><\/p>\n<p style=\"font-weight: 400;\">Nesibe Ayd\u0131n Okullar\u0131 bir ulusun e\u011fitim yoluyla in\u015fa edildi\u011fine inan\u0131r. Nesibe Ayd\u0131n Okullar\u0131n\u0131n felsefeleri, \u00f6\u011frenim prensiplerini, ger\u00e7ek ya\u015fam bilgilerini ve yarat\u0131c\u0131l\u0131k s\u00fcre\u00e7lerini birbirine ba\u011flar. Bu \u00e7er\u00e7evede, sa\u011flam entelekt\u00fcel ve yap\u0131land\u0131r\u0131lm\u0131\u015f zeminler \u00fczerine kurulmu\u015f \u00e7ok y\u00f6nl\u00fc programlar takip ederler. Nesibe Ayd\u0131n Okullar\u0131nda e\u011fitim, bir\u00e7ok farkl\u0131 konuda, \u00f6\u011frencide merak uyand\u0131rarak onlar\u0131n soru sorabilmelerini, cevaplar arayabilmelerini ve bilginin nas\u0131l elde edilebilece\u011fini \u00f6\u011frenmelerini hedefler. Nesibe Ayd\u0131n Okullar\u0131\u2019nda, insan odakl\u0131 bak\u0131\u015f a\u00e7\u0131\u015f\u0131 i\u00e7erisinde e\u011fitimsel \u00f6zg\u00fcrl\u00fck ve bireysellik geni\u015f bir rol oynar. Nesibe Ayd\u0131n Okullar\u0131\u2019nda sosyal sorumluluk ve toplum geli\u015fmelerine katk\u0131da bulunmak \u00f6nemlidir. Bizler s\u00fcrekli \u00f6\u011frencilerimizi ulusal ve uluslararas\u0131 projelerde aktif kat\u0131l\u0131mc\u0131 olmalar\u0131 konusunda desteklemekte, onlara entelekt\u00fcel fikirlerini d\u00fcnyayla payla\u015fmak ve ileti\u015fim kurabilmek i\u00e7in bir ara\u00e7 olan yabanc\u0131 dilin de\u011ferini vurgulamaktay\u0131z. Sonu\u00e7 olarak \u00f6\u011frenciler ulusal ve uluslararas\u0131 zorluklarla y\u00fczle\u015fme konusunda kendilerine olan g\u00fcvenlerini kazan\u0131rken ayn\u0131 zamanda i\u00e7inde ya\u015fad\u0131\u011f\u0131m\u0131z d\u00fcnyada gelecekteki kariyerlerini \u00e7e\u015fitlendirilmi\u015f k\u00fclt\u00fcrel anlay\u0131\u015flar elde ederek geli\u015ftirmektedirler.<\/p>\n<p>\n<\/div><\/div><\/div><\/div><\/div><\/div><div class=\"bt_bb_row  bt_bb_column_gap_extra_small bt_bb_shape_inherit\"  data-bt-override-class=\"{}\"><div class=\"bt_bb_row_holder\" ><div  class=\"bt_bb_column col-xxl-12 col-xl-12 col-xs-12 col-sm-12 col-md-12 col-lg-12 bt_bb_vertical_align_top bt_bb_align_left bt_bb_padding_normal bt_bb_shape_inherit\" style=\"; --column-width:12;\" data-width=\"12\" data-bt-override-class=\"{}\"><div class=\"bt_bb_column_content\"><div class=\"bt_bb_column_content_inner\"><\/div><\/div><\/div><\/div><\/div><div class=\"bt_bb_row  bt_bb_column_gap_extra_small bt_bb_shape_inherit\"  data-bt-override-class=\"{}\"><div class=\"bt_bb_row_holder\" ><div  class=\"bt_bb_column col-xxl-12 col-xl-12 col-xs-12 col-sm-12 col-md-12 col-lg-12 bt_bb_vertical_align_top bt_bb_align_left bt_bb_padding_normal bt_bb_shape_inherit\" style=\"; --column-width:12;\" data-width=\"12\" data-bt-override-class=\"{}\"><div class=\"bt_bb_column_content\"><div class=\"bt_bb_column_content_inner\"><\/div><\/div><\/div><\/div><\/div><div class=\"bt_bb_row  bt_bb_column_gap_extra_small bt_bb_shape_inherit\"  data-bt-override-class=\"{}\"><div class=\"bt_bb_row_holder\" ><\/div><\/div><div data-bb-version=\"5.4.4\" class=\"bt_bb_row  bt_bb_shape_inherit\"  data-bt-override-class=\"{}\"><div class=\"bt_bb_row_holder\" ><div data-bb-version=\"5.4.4\"  class=\"bt_bb_column col-xxl-12 col-xl-12 col-xs-12 col-sm-12 col-md-12 col-lg-12 bt_bb_vertical_align_top bt_bb_align_left bt_bb_padding_normal bt_bb_shape_inherit\" style=\"; --column-width:12;\" data-width=\"12\" data-bt-override-class=\"{}\"><div class=\"bt_bb_column_content\"><div class=\"bt_bb_column_content_inner\"><\/div><\/div><\/div><\/div><\/div><\/div><\/div><\/div><\/section><section id=\"bt_bb_section69d28e93033f5\"  class=\"bt_bb_section bt_bb_layout_boxed_1200 bt_bb_vertical_align_top\" ><div class=\"bt_bb_port\"><div class=\"bt_bb_cell\"><div class=\"bt_bb_cell_inner\"><div class=\"bt_bb_row  bt_bb_column_gap_extra_small bt_bb_shape_inherit\"  data-bt-override-class=\"{}\"><div class=\"bt_bb_row_holder\" ><div  class=\"bt_bb_column col-xxl-12 col-xl-12 col-xs-12 col-sm-12 col-md-12 col-lg-12 bt_bb_vertical_align_top bt_bb_align_left bt_bb_padding_5 bt_bb_animation_fade_in animate bt_bb_shape_inherit\" style=\"; --column-width:12;\" data-width=\"12\" data-bt-override-class=\"{&quot;bt_bb_align_&quot;:{&quot;current_class&quot;:&quot;bt_bb_align_left&quot;,&quot;def&quot;:&quot;left&quot;,&quot;xl&quot;:&quot;left&quot;}}\"><div class=\"bt_bb_column_content\"><div class=\"bt_bb_column_content_inner\"><div class=\"bt_bb_separator bt_bb_border_style_solid bt_bb_top_spacing_normal bt_bb_bottom_spacing_normal\" data-bt-override-class=\"null\"><\/div><div class=\"bt_bb_separator bt_bb_border_style_none\" data-bt-override-class=\"null\"><\/div><\/div><\/div><\/div><\/div><\/div><\/div><\/div><\/div><\/section><\/p>\n","protected":false},"excerpt":{"rendered":"","protected":false},"author":6,"featured_media":0,"parent":0,"menu_order":0,"comment_status":"closed","ping_status":"closed","template":"","meta":[],"_links":{"self":[{"href":"https:\/\/nesibeaydin.k12.tr\/web\/wp-json\/wp\/v2\/pages\/15372"}],"collection":[{"href":"https:\/\/nesibeaydin.k12.tr\/web\/wp-json\/wp\/v2\/pages"}],"about":[{"href":"https:\/\/nesibeaydin.k12.tr\/web\/wp-json\/wp\/v2\/types\/page"}],"author":[{"embeddable":true,"href":"https:\/\/nesibeaydin.k12.tr\/web\/wp-json\/wp\/v2\/users\/6"}],"replies":[{"embeddable":true,"href":"https:\/\/nesibeaydin.k12.tr\/web\/wp-json\/wp\/v2\/comments?post=15372"}],"version-history":[{"count":14,"href":"https:\/\/nesibeaydin.k12.tr\/web\/wp-json\/wp\/v2\/pages\/15372\/revisions"}],"predecessor-version":[{"id":17680,"href":"https:\/\/nesibeaydin.k12.tr\/web\/wp-json\/wp\/v2\/pages\/15372\/revisions\/17680"}],"wp:attachment":[{"href":"https:\/\/nesibeaydin.k12.tr\/web\/wp-json\/wp\/v2\/media?parent=15372"}],"curies":[{"name":"wp","href":"https:\/\/api.w.org\/{rel}","templated":true}]}}