{"id":16519,"date":"2025-11-17T10:00:46","date_gmt":"2025-11-17T07:00:46","guid":{"rendered":"https:\/\/nesibeaydin.k12.tr\/web\/?page_id=16519"},"modified":"2026-03-26T10:49:11","modified_gmt":"2026-03-26T07:49:11","slug":"politika-belgeleri","status":"publish","type":"page","link":"https:\/\/nesibeaydin.k12.tr\/web\/politika-belgeleri\/","title":{"rendered":"Politika Belgeleri"},"content":{"rendered":"<p><section id=\"bt_bb_section69dbc6d79d6f0\"  class=\"bt_bb_section bt_bb_layout_boxed_1200 bt_bb_vertical_align_top\" ><div class=\"bt_bb_port\"><div class=\"bt_bb_cell\"><div class=\"bt_bb_cell_inner\"><div class=\"bt_bb_row  bt_bb_shape_inherit\"  data-bt-override-class=\"{}\"><div class=\"bt_bb_row_holder\" ><div  class=\"bt_bb_column col-xxl-12 col-xl-12 col-xs-12 col-sm-12 col-md-12 col-lg-12 btLimitOneColumn bt_bb_vertical_align_top bt_bb_align_center bt_bb_padding_0 bt_bb_animation_fade_in animate bt_bb_shape_inherit\" style=\"; --column-width:12;\" data-width=\"12\" data-bt-override-class=\"{&quot;bt_bb_align_&quot;:{&quot;current_class&quot;:&quot;bt_bb_align_center&quot;,&quot;def&quot;:&quot;center&quot;,&quot;xl&quot;:&quot;center&quot;}}\"><div class=\"bt_bb_column_content\"><div class=\"bt_bb_column_content_inner\"><div  class=\"bt_bb_text\" ><\/div><div class=\"bt_bb_shortcode\">\n\t\t\t<!-- START yonetimkurulu REVOLUTION SLIDER 6.6.12 --><p class=\"rs-p-wp-fix\"><\/p>\n\t\t\t<rs-module-wrap id=\"rev_slider_18_1_wrapper\" data-source=\"gallery\" style=\"visibility:hidden;background:transparent;padding:0;margin:0px auto;margin-top:0;margin-bottom:0;\">\n\t\t\t\t<rs-module id=\"rev_slider_18_1\" style=\"\" data-version=\"6.6.12\">\n\t\t\t\t\t<rs-slides style=\"overflow: hidden; position: absolute;\">\n\t\t\t\t\t\t<rs-slide style=\"position: absolute;\" data-key=\"rs-21\" data-title=\"Slide\" data-seoz=\"front\" data-anim=\"adpr:false;\" data-in=\"o:0;\" data-out=\"a:false;\">\n\t\t\t\t\t\t\t<img src=\"\/\/nesibeaydin.k12.tr\/web\/wp-content\/plugins\/revslider\/public\/assets\/assets\/dummy.png\" alt=\"Slide\" title=\"Politika Belgeleri\" class=\"rev-slidebg tp-rs-img rs-lazyload\" data-lazyload=\"\/\/nesibeaydin.k12.tr\/web\/wp-content\/plugins\/revslider\/public\/assets\/assets\/transparent.png\" data-no-retina>\n<!--\n\t\t\t\t\t\t\t--><rs-layer\n\t\t\t\t\t\t\t\tid=\"slider-18-slide-21-layer-0\" \n\t\t\t\t\t\t\t\tdata-type=\"image\"\n\t\t\t\t\t\t\t\tdata-rsp_ch=\"on\"\n\t\t\t\t\t\t\t\tdata-xy=\"x:c;\"\n\t\t\t\t\t\t\t\tdata-text=\"w:normal;s:20,25,25,25;l:0,31,31,31;\"\n\t\t\t\t\t\t\t\tdata-dim=\"w:1330px,1662px,1662px,1662px;h:300px,375px,375px,375px;\"\n\t\t\t\t\t\t\t\tdata-frame_999=\"o:0;st:w;\"\n\t\t\t\t\t\t\t\tstyle=\"z-index:5;\"\n\t\t\t\t\t\t\t><img src=\"\/\/nesibeaydin.k12.tr\/web\/wp-content\/plugins\/revslider\/public\/assets\/assets\/dummy.png\" alt=\"\" class=\"tp-rs-img rs-lazyload\" width=\"1330\" height=\"300\" data-lazyload=\"\/\/nesibeaydin.k12.tr\/web\/wp-content\/uploads\/2021\/12\/1-kurumsal_C\u0327al\u0131s\u0327ma Yu\u0308zeyi 1 kopya.png\" data-no-retina> \n\t\t\t\t\t\t\t<\/rs-layer><!--\n-->\t\t\t\t\t\t<\/rs-slide>\n\t\t\t\t\t<\/rs-slides>\n\t\t\t\t<\/rs-module>\n\t\t\t\t<script>\n\t\t\t\t\tsetREVStartSize({c: 'rev_slider_18_1',rl:[1240,1024,1024,1024],el:[280,768,768,768],gw:[1024,1280,1280,1280],gh:[280,300,300,300],type:'hero',justify:'',layout:'fullwidth',mh:\"0\"});if (window.RS_MODULES!==undefined && window.RS_MODULES.modules!==undefined && window.RS_MODULES.modules[\"revslider181\"]!==undefined) {window.RS_MODULES.modules[\"revslider181\"].once = false;window.revapi18 = undefined;if (window.RS_MODULES.checkMinimal!==undefined) window.RS_MODULES.checkMinimal()}\n\t\t\t\t<\/script>\n\t\t\t<\/rs-module-wrap>\n\t\t\t<!-- END REVOLUTION SLIDER -->\n<\/div><\/div><\/div><\/div><\/div><\/div><\/div><\/div><\/div><\/section><section id=\"bt_bb_section69dbc6d79fb73\"  class=\"bt_bb_section bt_bb_top_spacing_extra_small bt_bb_bottom_spacing_large bt_bb_layout_boxed_1200 bt_bb_vertical_align_top\" ><div class=\"bt_bb_port\"><div class=\"bt_bb_cell\"><div class=\"bt_bb_cell_inner\"><div class=\"bt_bb_row  bt_bb_column_gap_extra_small bt_bb_shape_inherit\"  data-bt-override-class=\"{}\"><div class=\"bt_bb_row_holder\" ><\/div><\/div><div class=\"bt_bb_row  bt_bb_column_gap_extra_small bt_bb_shape_inherit\"  data-bt-override-class=\"{}\"><div class=\"bt_bb_row_holder\" ><\/div><\/div><div class=\"bt_bb_row  bt_bb_column_gap_extra_small bt_bb_shape_inherit\"  data-bt-override-class=\"{}\"><div class=\"bt_bb_row_holder\" ><\/div><\/div><div class=\"bt_bb_row  bt_bb_column_gap_extra_small bt_bb_shape_inherit\"  data-bt-override-class=\"{}\"><div class=\"bt_bb_row_holder\" ><\/div><\/div><div data-bb-version=\"5.4.4\" class=\"bt_bb_row  bt_bb_shape_inherit\"  data-bt-override-class=\"{}\"><div class=\"bt_bb_row_holder\" ><div data-bb-version=\"5.4.4\"  class=\"bt_bb_column col-xxl-12 col-xl-12 col-xs-12 col-sm-12 col-md-12 col-lg-12 bt_bb_vertical_align_top bt_bb_align_center bt_bb_padding_normal bt_bb_shape_inherit\" style=\"; --column-width:12;\" data-width=\"12\" data-bt-override-class=\"{&quot;bt_bb_align_&quot;:{&quot;current_class&quot;:&quot;bt_bb_align_center&quot;,&quot;def&quot;:&quot;center&quot;},&quot;bt_bb_animation_&quot;:{&quot;current_class&quot;:&quot;bt_bb_animation_no_animation&quot;,&quot;def&quot;:&quot;no_animation&quot;}}\"><div class=\"bt_bb_column_content\"><div class=\"bt_bb_column_content_inner\"><div data-bb-version=\"5.4.4\" class=\"bt_bb_image bt_bb_shape_square bt_bb_align_inherit bt_bb_hover_style_simple bt_bb_content_display_always bt_bb_content_align_middle\"><span><img src = \"https:\/\/nesibeaydin.k12.tr\/web\/wp-content\/plugins\/bold-page-builder\/img\/blank.gif\" data-image_src=\"https:\/\/nesibeaydin.k12.tr\/web\/wp-content\/uploads\/2026\/03\/Mission_Vision.jpg\" title=\"_Mission_Vision\" alt=\"https:\/\/nesibeaydin.k12.tr\/web\/wp-content\/uploads\/2026\/03\/Mission_Vision.jpg\" class=\"btLazyLoadImage\"><\/span><\/div><\/div><\/div><\/div><\/div><\/div><div data-bb-version=\"5.4.4\" class=\"bt_bb_row  bt_bb_shape_inherit\"  data-bt-override-class=\"{}\"><div class=\"bt_bb_row_holder\" ><div data-bb-version=\"5.4.4\"  class=\"bt_bb_column col-xxl-6 col-xl-6 col-xs-12 col-sm-6 col-md-6 col-lg-6 bt_bb_vertical_align_top bt_bb_align_left bt_bb_padding_normal bt_bb_shape_inherit\" style=\"; --column-width:6;\" data-width=\"6\" data-bt-override-class=\"{}\"><div class=\"bt_bb_column_content\"><div class=\"bt_bb_column_content_inner\"><div data-bb-version=\"5.4.4\"  class=\"bt_bb_text\" ><\/p>\n<h4>Politika Belgeleri &#8211; ENG<\/h4>\n<p><a href=\"https:\/\/nesibeaydin.k12.tr\/web\/wp-content\/uploads\/2025\/11\/Academic-Integrity-Policy.pdf\">Academic Integrity Policy<\/a><\/p>\n<p><a href=\"https:\/\/nesibeaydin.k12.tr\/web\/wp-content\/uploads\/2025\/11\/Admission-Policy.pdf\">Admission Policy<\/a><\/p>\n<p><a href=\"https:\/\/nesibeaydin.k12.tr\/web\/wp-content\/uploads\/2025\/11\/Inclusion-Policy.pdf\">Inclusion Policy<\/a><\/p>\n<p><a href=\"https:\/\/nesibeaydin.k12.tr\/web\/wp-content\/uploads\/2025\/11\/Assessment-Policy.pdf\">Assessment Policy<\/a><\/p>\n<p><a href=\"https:\/\/nesibeaydin.k12.tr\/web\/wp-content\/uploads\/2025\/11\/Language-Policy.pdf\">Language Policy<\/a><\/p>\n<p><a href=\"https:\/\/nesibeaydin.k12.tr\/web\/wp-content\/uploads\/2026\/02\/CAS-HANDBOOK-1.pdf\">CAS HANDBOOK<\/a><\/p>\n<p><a href=\"https:\/\/nesibeaydin.k12.tr\/web\/wp-content\/uploads\/2026\/02\/Extended-Essay-Handbook-3.pdf\">Extended Essay Handbook<\/a><\/p>\n<p><a href=\"https:\/\/nesibeaydin.k12.tr\/web\/wp-content\/uploads\/2026\/02\/IGCSE-KATALOG-ENG.pdf\">IGCSE Catalog<\/a><\/p>\n<p><a href=\"https:\/\/nesibeaydin.k12.tr\/web\/wp-content\/uploads\/2026\/03\/Nesibe_Aydin_Okullari_IBDP_Lab_Safety_Policy.pdf\">IBDP Lab Safety Policy<\/a><\/p>\n<p><a href=\"https:\/\/nesibeaydin.k12.tr\/web\/wp-content\/uploads\/2026\/03\/Chemical-Waste-Management-and-Safe-Disposal-Policy.pdf\">Chemical Waste Management and Safe Disposal Policy<\/a><\/p>\n<p><a href=\"https:\/\/nesibeaydin.k12.tr\/web\/wp-content\/uploads\/2026\/03\/Curriculum-PolicyCurriculum-Review-Cycle-Plan.pdf\">Curriculum Policy &amp; Curriculum Review Cycle Plan<\/a><\/p>\n<p><a href=\"https:\/\/nesibeaydin.k12.tr\/web\/wp-content\/uploads\/2026\/03\/9.-Student-code-of-Conduct.pdf\">Student code of Conduct<\/a><\/p>\n<p><a href=\"https:\/\/nesibeaydin.k12.tr\/web\/wp-content\/uploads\/2026\/03\/10.-Principles-of-Conduct-in-IB-Professional-Development.pdf\">Principles of Conduct in IB Professional Development<\/a><\/p>\n<p><a href=\"https:\/\/nesibeaydin.k12.tr\/web\/wp-content\/uploads\/2026\/03\/11.-Child-Protection-Policy.pdf\">Child Protection Policy<\/a><\/p>\n<p><a href=\"https:\/\/nesibeaydin.k12.tr\/web\/wp-content\/uploads\/2026\/03\/12.-Professional-development-policy.pdf\">Professional Development Policy<\/a><\/p>\n<h4>International Baccalaureate Diploma Programme Subject Brief<\/h4>\n<p data-start=\"0\" data-end=\"29\"><a href=\"https:\/\/nesibeaydin.k12.tr\/web\/wp-content\/uploads\/2026\/02\/extended-essay_subjectbrief.pdf\">Extended Essay Subject Brief<\/a><\/p>\n<p data-start=\"31\" data-end=\"50\"><a href=\"https:\/\/nesibeaydin.k12.tr\/web\/wp-content\/uploads\/2026\/02\/cas-subject-brief.pdf\">Cas Subject Brief<\/a><\/p>\n<p data-start=\"52\" data-end=\"89\"><a href=\"https:\/\/nesibeaydin.k12.tr\/web\/wp-content\/uploads\/2026\/02\/business-management-sl-subjectbrief.pdf\">Business Management Sl Subject Brief<\/a><\/p>\n<p data-start=\"91\" data-end=\"128\"><a href=\"https:\/\/nesibeaydin.k12.tr\/web\/wp-content\/uploads\/2026\/02\/business-management-hl-subjectbrief.pdf\">Business Management Hl Subject Brief<\/a><\/p>\n<p data-start=\"130\" data-end=\"153\"><a href=\"https:\/\/nesibeaydin.k12.tr\/web\/wp-content\/uploads\/2026\/02\/biology_subject-brief.pdf\">Biology Subject Brief<\/a><\/p>\n<p data-start=\"155\" data-end=\"174\"><a href=\"https:\/\/nesibeaydin.k12.tr\/web\/wp-content\/uploads\/2026\/02\/tok-subject-brief.pdf\">Tok Subject Brief<\/a><\/p>\n<p data-start=\"176\" data-end=\"198\"><a href=\"https:\/\/nesibeaydin.k12.tr\/web\/wp-content\/uploads\/2026\/02\/physics-subjectbrief.pdf\">Physics Subject Brief<\/a><\/p>\n<p data-start=\"200\" data-end=\"243\"><a href=\"https:\/\/nesibeaydin.k12.tr\/web\/wp-content\/uploads\/2026\/02\/math-analysis-and-approaches-subjectbrief.pdf\">Math Analysis And Approaches Subject Brief<\/a><\/p>\n<p data-start=\"245\" data-end=\"280\"><a href=\"https:\/\/nesibeaydin.k12.tr\/web\/wp-content\/uploads\/2026\/02\/languageA-literature-subjectbrief.pdf\">Language A Literature Subject Brief<\/a><\/p>\n<p data-start=\"282\" data-end=\"330\"><a href=\"https:\/\/nesibeaydin.k12.tr\/web\/wp-content\/uploads\/2026\/02\/languageA-language-and-literature-subjectbrief.pdf\">Language A Language And Literature Subject Brief<\/a><\/p>\n<p data-start=\"332\" data-end=\"353\"><a href=\"https:\/\/nesibeaydin.k12.tr\/web\/wp-content\/uploads\/2026\/02\/lang-b-subjectbrief.pdf\">Lang B Subject Brief<\/a><\/p>\n<p data-start=\"355\" data-end=\"386\" data-is-last-node=\"\" data-is-only-node=\"\"><a href=\"https:\/\/nesibeaydin.k12.tr\/web\/wp-content\/uploads\/2026\/02\/lang-ab-initio-subject-brief-en.pdf\">Lang Ab Initio Subject Brief En<\/a><\/p>\n<p>\n<\/div><\/div><\/div><\/div><div data-bb-version=\"5.4.4\"  class=\"bt_bb_column col-xxl-6 col-xl-6 col-xs-12 col-sm-6 col-md-6 col-lg-6 bt_bb_vertical_align_top bt_bb_align_left bt_bb_padding_normal bt_bb_shape_inherit\" style=\"; --column-width:6;\" data-width=\"6\" data-bt-override-class=\"{}\"><div class=\"bt_bb_column_content\"><div class=\"bt_bb_column_content_inner\"><div data-bb-version=\"5.4.4\"  class=\"bt_bb_text\" ><\/p>\n<h4>Politika Belgeleri &#8211; TR<\/h4>\n<p><a href=\"https:\/\/nesibeaydin.k12.tr\/web\/wp-content\/uploads\/2026\/02\/Akademik-Du\u0308ru\u0308stlu\u0308k-Politikasi.pdf\">Akademik Du\u0308ru\u0308stlu\u0308k Politikas\u0131<\/a><\/p>\n<p><a href=\"https:\/\/nesibeaydin.k12.tr\/web\/wp-content\/uploads\/2026\/02\/Okula-Kabul-Politikasi.pdf\">Okula Kabul Politikas\u0131<\/a><\/p>\n<p><a href=\"https:\/\/nesibeaydin.k12.tr\/web\/wp-content\/uploads\/2026\/02\/Kapsayicilik-Politikasi.pdf\">Kapsay\u0131c\u0131l\u0131k Politikas\u0131<\/a><\/p>\n<p><a href=\"https:\/\/nesibeaydin.k12.tr\/web\/wp-content\/uploads\/2026\/02\/Deg\u0306erlendirme-Politikasi.pdf\">Deg\u0306erlendirme Politikas\u0131<\/a><\/p>\n<p><a href=\"https:\/\/nesibeaydin.k12.tr\/web\/wp-content\/uploads\/2026\/02\/Dil-Politikasi.pdf\">Dil Politikas\u0131<\/a><\/p>\n<p><a href=\"https:\/\/nesibeaydin.k12.tr\/web\/wp-content\/uploads\/2026\/03\/CAS-tu\u0308rkc\u0327e-handbook.pdf\">CAS\u00a0\u00d6\u011eRENC\u0130 VE VEL\u0130 KILAVUZU<\/a><\/p>\n<p><a href=\"https:\/\/nesibeaydin.k12.tr\/web\/wp-content\/uploads\/2026\/03\/Extended-Essay-El-Kitabi.pdf\">Extended Essay El Kitab\u0131<\/a><\/p>\n<p><a href=\"https:\/\/nesibeaydin.k12.tr\/web\/wp-content\/uploads\/2026\/02\/IGCSE-KATALOG.pdf\">IGCSE Katalog<\/a><\/p>\n<p><a href=\"https:\/\/nesibeaydin.k12.tr\/web\/wp-content\/uploads\/2026\/03\/Nesibe_Aydin_Okullari_IBDP_Lab_Gu\u0308venlik-Politikasi.pdf\">IBDP Lab Gu\u0308venlik Politikas\u0131<\/a><\/p>\n<p><a href=\"https:\/\/nesibeaydin.k12.tr\/web\/wp-content\/uploads\/2026\/03\/Kimyasal_atik_politikasi_nesibe_aydin.pdf\">Kimyasal At\u0131k Politikas\u0131<\/a><\/p>\n<p><a href=\"https:\/\/nesibeaydin.k12.tr\/web\/wp-content\/uploads\/2026\/03\/Mu\u0308fredat-politikasi-ve-Mu\u0308fredat-Go\u0308zden-Gec\u0327irme-Do\u0308ngu\u0308su\u0308.pdf\">Mu\u0308fredat Politikas\u0131 ve Mu\u0308fredat Go\u0308zden Gec\u0327irme Do\u0308ngu\u0308su\u0308<\/a><\/p>\n<p><a href=\"https:\/\/nesibeaydin.k12.tr\/web\/wp-content\/uploads\/2026\/03\/9.-O\u0308g\u0306renci-Davranis\u0327-Kurallari-Politikasi.pdf\">O\u0308g\u0306renci Davran\u0131s\u0327 Kurallar\u0131 Politikas\u0131<\/a><\/p>\n<p><a href=\"https:\/\/nesibeaydin.k12.tr\/web\/wp-content\/uploads\/2026\/03\/10.-PD_Davranis_Ilkeleri.pdf\">PD Davran\u0131\u015f \u0130lkeleri<\/a><\/p>\n<p><a href=\"https:\/\/nesibeaydin.k12.tr\/web\/wp-content\/uploads\/2026\/03\/11.-C\u0327ocuk-Koruma-Politikasi.pdf\">C\u0327ocuk Koruma Politikas\u0131<\/a><\/p>\n<p><a href=\"https:\/\/nesibeaydin.k12.tr\/web\/wp-content\/uploads\/2026\/03\/12.-Mesleki-gelis\u0327im-politikasi.pdf\">Mesleki Gelis\u0327im Politikas\u0131<\/a><\/p>\n<p><a href=\"https:\/\/nesibeaydin.k12.tr\/web\/wp-content\/uploads\/2026\/03\/Nesibe_Aydin_KVKK_ve_Veri_Gizliligi_Politikasi.pdf\">Nesibe Ayd\u0131n E\u011fitim Kurumlar\u0131 KVKK ve Veri Gizlili\u011fi Politikas\u0131<\/a><\/p>\n<p>\n<\/div><\/div><\/div><\/div><\/div><\/div><\/div><\/div><\/div><\/section><\/p>\n","protected":false},"excerpt":{"rendered":"","protected":false},"author":6,"featured_media":0,"parent":0,"menu_order":0,"comment_status":"closed","ping_status":"closed","template":"","meta":[],"_links":{"self":[{"href":"https:\/\/nesibeaydin.k12.tr\/web\/wp-json\/wp\/v2\/pages\/16519"}],"collection":[{"href":"https:\/\/nesibeaydin.k12.tr\/web\/wp-json\/wp\/v2\/pages"}],"about":[{"href":"https:\/\/nesibeaydin.k12.tr\/web\/wp-json\/wp\/v2\/types\/page"}],"author":[{"embeddable":true,"href":"https:\/\/nesibeaydin.k12.tr\/web\/wp-json\/wp\/v2\/users\/6"}],"replies":[{"embeddable":true,"href":"https:\/\/nesibeaydin.k12.tr\/web\/wp-json\/wp\/v2\/comments?post=16519"}],"version-history":[{"count":17,"href":"https:\/\/nesibeaydin.k12.tr\/web\/wp-json\/wp\/v2\/pages\/16519\/revisions"}],"predecessor-version":[{"id":17679,"href":"https:\/\/nesibeaydin.k12.tr\/web\/wp-json\/wp\/v2\/pages\/16519\/revisions\/17679"}],"wp:attachment":[{"href":"https:\/\/nesibeaydin.k12.tr\/web\/wp-json\/wp\/v2\/media?parent=16519"}],"curies":[{"name":"wp","href":"https:\/\/api.w.org\/{rel}","templated":true}]}}