{"id":17243,"date":"2025-12-18T11:55:55","date_gmt":"2025-12-18T08:55:55","guid":{"rendered":"https:\/\/nesibeaydin.k12.tr\/web\/?page_id=17243"},"modified":"2025-12-18T13:57:19","modified_gmt":"2025-12-18T10:57:19","slug":"toplantilar-ve-gorusmeler","status":"publish","type":"page","link":"https:\/\/nesibeaydin.k12.tr\/web\/okullarimiz\/kayseri-kampusu\/kayseri-ilkokul\/toplantilar-ve-gorusmeler\/","title":{"rendered":"Toplant\u0131lar ve G\u00f6r\u00fc\u015fmeler"},"content":{"rendered":"<p><section id=\"bt_bb_section69d28f7e9a4a8\"  class=\"bt_bb_section bt_bb_layout_boxed_1200 bt_bb_vertical_align_top\" ><div class=\"bt_bb_port\"><div class=\"bt_bb_cell\"><div class=\"bt_bb_cell_inner\"><div class=\"bt_bb_row  bt_bb_shape_inherit\"  data-bt-override-class=\"{}\"><div class=\"bt_bb_row_holder\" ><div  class=\"bt_bb_column col-xxl-12 col-xl-12 col-xs-12 col-sm-12 col-md-12 col-lg-12 btLimitOneColumn bt_bb_vertical_align_top bt_bb_align_center bt_bb_padding_0 bt_bb_animation_fade_in animate bt_bb_shape_inherit\" style=\"; --column-width:12;\" data-width=\"12\" data-bt-override-class=\"{&quot;bt_bb_align_&quot;:{&quot;current_class&quot;:&quot;bt_bb_align_center&quot;,&quot;def&quot;:&quot;center&quot;,&quot;xl&quot;:&quot;center&quot;}}\"><div class=\"bt_bb_column_content\"><div class=\"bt_bb_column_content_inner\"><div class=\"bt_bb_shortcode\">\n\t\t\t<!-- START ilkokul REVOLUTION SLIDER 6.6.12 --><p class=\"rs-p-wp-fix\"><\/p>\n\t\t\t<rs-module-wrap id=\"rev_slider_8_1_wrapper\" data-source=\"gallery\" style=\"visibility:hidden;background:transparent;padding:0;margin:0px auto;margin-top:0;margin-bottom:0;\">\n\t\t\t\t<rs-module id=\"rev_slider_8_1\" style=\"\" data-version=\"6.6.12\">\n\t\t\t\t\t<rs-slides style=\"overflow: hidden; position: absolute;\">\n\t\t\t\t\t\t<rs-slide style=\"position: absolute;\" data-key=\"rs-11\" data-title=\"Slide\" data-seoz=\"front\" data-anim=\"adpr:false;\" data-in=\"o:0;\" data-out=\"a:false;\">\n\t\t\t\t\t\t\t<img src=\"\/\/nesibeaydin.k12.tr\/web\/wp-content\/plugins\/revslider\/public\/assets\/assets\/dummy.png\" alt=\"Slide\" title=\"Toplant\u0131lar ve G\u00f6r\u00fc\u015fmeler\" class=\"rev-slidebg tp-rs-img rs-lazyload\" data-lazyload=\"\/\/nesibeaydin.k12.tr\/web\/wp-content\/plugins\/revslider\/public\/assets\/assets\/transparent.png\" data-no-retina>\n<!--\n\t\t\t\t\t\t\t--><rs-layer\n\t\t\t\t\t\t\t\tid=\"slider-8-slide-11-layer-0\" \n\t\t\t\t\t\t\t\tdata-type=\"image\"\n\t\t\t\t\t\t\t\tdata-rsp_ch=\"on\"\n\t\t\t\t\t\t\t\tdata-xy=\"x:c;\"\n\t\t\t\t\t\t\t\tdata-text=\"w:normal;s:20,25,25,25;l:0,31,31,31;\"\n\t\t\t\t\t\t\t\tdata-dim=\"w:1330px,1662px,1662px,1662px;h:300px,375px,375px,375px;\"\n\t\t\t\t\t\t\t\tdata-frame_999=\"o:0;st:w;\"\n\t\t\t\t\t\t\t\tstyle=\"z-index:6;\"\n\t\t\t\t\t\t\t><img src=\"\/\/nesibeaydin.k12.tr\/web\/wp-content\/plugins\/revslider\/public\/assets\/assets\/dummy.png\" alt=\"\" class=\"tp-rs-img rs-lazyload\" width=\"1330\" height=\"300\" data-lazyload=\"\/\/nesibeaydin.k12.tr\/web\/wp-content\/uploads\/2025\/02\/kocaeli-banner.jpg\" data-no-retina> \n\t\t\t\t\t\t\t<\/rs-layer><!--\n-->\t\t\t\t\t\t<\/rs-slide>\n\t\t\t\t\t<\/rs-slides>\n\t\t\t\t<\/rs-module>\n\t\t\t\t<script>\n\t\t\t\t\tsetREVStartSize({c: 'rev_slider_8_1',rl:[1240,1024,1024,1024],el:[280,768,768,768],gw:[1024,1280,1280,1280],gh:[280,300,300,300],type:'hero',justify:'',layout:'fullwidth',mh:\"0\"});if (window.RS_MODULES!==undefined && window.RS_MODULES.modules!==undefined && window.RS_MODULES.modules[\"revslider81\"]!==undefined) {window.RS_MODULES.modules[\"revslider81\"].once = false;window.revapi8 = undefined;if (window.RS_MODULES.checkMinimal!==undefined) window.RS_MODULES.checkMinimal()}\n\t\t\t\t<\/script>\n\t\t\t<\/rs-module-wrap>\n\t\t\t<!-- END REVOLUTION SLIDER -->\n<\/div><\/div><\/div><\/div><\/div><\/div><\/div><\/div><\/div><\/section><section id=\"bt_bb_section69d28f7e9c961\"  class=\"bt_bb_section bt_bb_top_spacing_small bt_bb_bottom_spacing_medium bt_bb_layout_boxed_1200 bt_bb_vertical_align_top\" ><div class=\"bt_bb_port\"><div class=\"bt_bb_cell\"><div class=\"bt_bb_cell_inner\"><div class=\"bt_bb_row  bt_bb_shape_inherit\"  data-bt-override-class=\"{}\"><div class=\"bt_bb_row_holder\" ><div  class=\"bt_bb_column col-xxl-12 col-xl-12 col-xs-12 col-sm-12 col-md-12 col-lg-12 bt_bb_vertical_align_middle bt_bb_align_left bt_bb_padding_0 bt_bb_shape_inherit\" style=\"; --column-width:12;\" data-width=\"12\" data-bt-override-class=\"{&quot;bt_bb_align_&quot;:{&quot;current_class&quot;:&quot;bt_bb_align_left&quot;,&quot;def&quot;:&quot;left&quot;,&quot;xl&quot;:&quot;left&quot;}}\"><div class=\"bt_bb_column_content\"><div class=\"bt_bb_column_content_inner\"><div  class=\"bt_bb_text\" ><\/p>\n<h6 style=\"text-align: center;\"><strong>Toplant\u0131lar ve G\u00f6r\u00fc\u015fmeler<\/strong><\/h6>\n<ul>\n<li>Eyl\u00fcl ay\u0131 ba\u015f\u0131nda ger\u00e7ekle\u015ftirilen <strong>uyum haftas\u0131nda<\/strong>, <strong> s\u0131n\u0131fa <\/strong><strong>ba\u015flayan \u00f6\u011frencilerimizin <\/strong>velileriyle tan\u0131\u015fma toplant\u0131s\u0131 yap\u0131l\u0131r. Ayr\u0131ca, y\u0131lda iki defa, velilerimiz ile <strong>genel de\u011ferlendirme toplant\u0131lar\u0131 <\/strong>yap\u0131l\u0131r.<\/li>\n<li>\u00d6\u011frenci \u00fcr\u00fcnlerinden olu\u015fan portfolyo dosyalar\u0131, belirlenen g\u00fcnlerde eve g\u00f6nderilir. \u00d6\u011frenciler kendi sorumluluklar\u0131nda aile bireylerine PORTFOLYO SUNUMU yaparlar.<\/li>\n<\/ul>\n<p>\n<\/div><\/div><\/div><\/div><\/div><\/div><div class=\"bt_bb_row  bt_bb_shape_inherit\"  data-bt-override-class=\"{}\"><div class=\"bt_bb_row_holder\" ><div  class=\"bt_bb_column col-xxl-12 col-xl-12 col-xs-12 col-sm-12 col-md-12 col-lg-12 bt_bb_vertical_align_top bt_bb_align_center bt_bb_padding_0 bt_bb_shape_inherit\" style=\"; --column-width:12;\" data-width=\"12\" data-bt-override-class=\"{&quot;bt_bb_align_&quot;:{&quot;current_class&quot;:&quot;bt_bb_align_center&quot;,&quot;def&quot;:&quot;center&quot;,&quot;xl&quot;:&quot;center&quot;}}\"><div class=\"bt_bb_column_content\"><div class=\"bt_bb_column_content_inner\"><div class=\"bt_bb_image bt_bb_shape_square bt_bb_align_inherit bt_bb_hover_style_simple bt_bb_content_display_always bt_bb_content_align_middle\"><span><img src = \"https:\/\/nesibeaydin.k12.tr\/web\/wp-content\/plugins\/bold-page-builder\/img\/blank.gif\" data-image_src=\"https:\/\/nesibeaydin.k12.tr\/web\/wp-content\/uploads\/2021\/12\/lise-07.png\" title=\"lise-07\" alt=\"https:\/\/nesibeaydin.k12.tr\/web\/wp-content\/uploads\/2021\/12\/lise-07.png\" class=\"btLazyLoadImage\"><\/span><\/div><\/div><\/div><\/div><\/div><\/div><div class=\"bt_bb_row  bt_bb_shape_inherit\"  data-bt-override-class=\"{}\"><div class=\"bt_bb_row_holder\" ><div  class=\"bt_bb_column col-xxl-12 col-xl-12 col-xs-12 col-sm-12 col-md-12 col-lg-12 bt_bb_vertical_align_middle bt_bb_align_left bt_bb_padding_0 bt_bb_shape_inherit\" style=\"; --column-width:12;\" data-width=\"12\" data-bt-override-class=\"{&quot;bt_bb_align_&quot;:{&quot;current_class&quot;:&quot;bt_bb_align_left&quot;,&quot;def&quot;:&quot;left&quot;,&quot;xl&quot;:&quot;left&quot;}}\"><div class=\"bt_bb_column_content\"><div class=\"bt_bb_column_content_inner\"><div  class=\"bt_bb_text\" ><\/p>\n<ul>\n<li>\u0130lkokul \u00f6\u011frencilerimizle, d\u00f6nem sonlar\u0131nda <strong>Mini Sergi Sunumlar\u0131 <\/strong>ger\u00e7ekle\u015ftirilir. \u00d6\u011frencilerimiz se\u00e7ilen \u00fcnitede deneyimledikleri sorgulama s\u00fcrecini ve edinimlerini ailelerine sunarlar.<\/li>\n<li>Psikolog ve \/ veya rehber \u00f6\u011fretmenlerimiz, e\u011fitim uzmanlar\u0131m\u0131z ve s\u0131n\u0131f \u00f6\u011fretmenlerimizin y\u00f6nlendirmesiyle, <strong>bireysel <\/strong><strong>ebeveyn <em>(veli) <\/em><\/strong><strong>g\u00f6r\u00fc\u015fmeleri <\/strong>d\u00fczenlenir. \u00d6\u011frencimizin geli\u015fimi ve e\u011fitimi ile ilgili raporlar bu g\u00f6r\u00fc\u015fmelerde payla\u015f\u0131l\u0131r.<\/li>\n<li>Velilerimiz, veli toplant\u0131lar\u0131n\u0131n d\u0131\u015f\u0131nda da ihtiya\u00e7 duyduklar\u0131nda portal \u00fczerin- den randevu alarak <strong>bire bir g\u00f6r\u00fc\u015fmeler\u00a0<\/strong>yapabilir.<\/li>\n<li>Velilerimizin istekleri ve ihtiya\u00e7lar\u0131 g\u00f6z \u00f6n\u00fcne al\u0131narak; <strong>alan\u0131nda uzman akademisyenlerin <\/strong>kat\u0131l\u0131m\u0131 ile y\u0131l boyunca <strong>aile e\u011fitimleri, seminerler <\/strong>ve <strong>paneller <\/strong>d\u00fczenlenir.<\/li>\n<li>Randevusu ya da g\u00f6r\u00fc\u015fmesi olmayan velilerimizin, e\u011fitim saatleri i\u00e7inde okul binalar\u0131nda olmas\u0131na izin verilmez.<\/li>\n<\/ul>\n<p>\n<\/div><\/div><\/div><\/div><\/div><\/div><div class=\"bt_bb_row \"  data-bt-override-class=\"{}\"><div class=\"bt_bb_row_holder\" ><div  class=\"bt_bb_column col-xxl-12 col-xl-12 bt_bb_vertical_align_top bt_bb_align_center bt_bb_padding_normal\" style=\"; --column-width:12;\" data-width=\"12\" data-bt-override-class=\"{}\"><div class=\"bt_bb_column_content\"><div class=\"bt_bb_column_content_inner\"><div class=\"bt_bb_separator bt_bb_border_style_none bt_bb_bottom_spacing_normal\" data-bt-override-class=\"null\"><\/div><div class=\"bt_bb_slider bt_bb_height_keep-height bt_bb_show_dots_bottom bt_bb_multiple_slides bt_bb_multiple_slides bt_bb_animation_slide animate\"><div class=\"slick-slider\"  data-slick='{ \"lazyLoad\": \"progressive\", \"cssEase\": \"ease-out\", \"speed\": \"300\", \"dots\": true, \"prevArrow\": \"\", \"nextArrow\": \"\",\"slidesToShow\": 4, \"autoplay\": true, \"autoplaySpeed\": 2000,\"slidesToShow\": 4, \"responsive\": [{ \"breakpoint\": 481, \"settings\": { \"slidesToShow\": 1, \"slidesToScroll\": 1 } },{ \"breakpoint\": 769, \"settings\": { \"slidesToShow\": 2, \"slidesToScroll\": 2 } },{ \"breakpoint\": 993, \"settings\": { \"slidesToShow\": 3, \"slidesToScroll\": 3 } },{ \"breakpoint\": 1201, \"settings\": { \"slidesToShow\": 4, \"slidesToScroll\": 4 } },{ \"breakpoint\": 1401, \"settings\": { \"slidesToShow\": 4, \"slidesToScroll\": 4 } }]}' ><div class=\"bt_bb_slider_item\" data-src-full=\"https:\/\/nesibeaydin.k12.tr\/web\/wp-content\/uploads\/2022\/01\/ilkokul_alt_slider-11.png\"><img src=\"https:\/\/nesibeaydin.k12.tr\/web\/wp-content\/uploads\/2022\/01\/ilkokul_alt_slider-11.png\" alt=\"ilkokul_alt_slider-11\"  title=\"ilkokul_alt_slider-11\"><\/div><div class=\"bt_bb_slider_item\" data-src-full=\"https:\/\/nesibeaydin.k12.tr\/web\/wp-content\/uploads\/2022\/01\/ilkokul_alt_slider-12.png\"><img src=\"https:\/\/nesibeaydin.k12.tr\/web\/wp-content\/uploads\/2022\/01\/ilkokul_alt_slider-12.png\" alt=\"ilkokul_alt_slider-12\"  title=\"ilkokul_alt_slider-12\"><\/div><div class=\"bt_bb_slider_item\" data-src-full=\"https:\/\/nesibeaydin.k12.tr\/web\/wp-content\/uploads\/2022\/01\/ilkokul_alt_slider-13.png\"><img src=\"https:\/\/nesibeaydin.k12.tr\/web\/wp-content\/uploads\/2022\/01\/ilkokul_alt_slider-13.png\" alt=\"ilkokul_alt_slider-13\"  title=\"ilkokul_alt_slider-13\"><\/div><div class=\"bt_bb_slider_item\" data-src-full=\"https:\/\/nesibeaydin.k12.tr\/web\/wp-content\/uploads\/2022\/01\/ilkokul_alt_slider-14.png\"><img src=\"https:\/\/nesibeaydin.k12.tr\/web\/wp-content\/uploads\/2022\/01\/ilkokul_alt_slider-14.png\" alt=\"ilkokul_alt_slider-14\"  title=\"ilkokul_alt_slider-14\"><\/div><div class=\"bt_bb_slider_item\" data-src-full=\"https:\/\/nesibeaydin.k12.tr\/web\/wp-content\/uploads\/2022\/01\/ilkokul_alt_slider-15.png\"><img src=\"https:\/\/nesibeaydin.k12.tr\/web\/wp-content\/uploads\/2022\/01\/ilkokul_alt_slider-15.png\" alt=\"ilkokul_alt_slider-15\"  title=\"ilkokul_alt_slider-15\"><\/div><div class=\"bt_bb_slider_item\" data-src-full=\"https:\/\/nesibeaydin.k12.tr\/web\/wp-content\/uploads\/2022\/01\/ilkokul_alt_slider-16.png\"><img src=\"https:\/\/nesibeaydin.k12.tr\/web\/wp-content\/uploads\/2022\/01\/ilkokul_alt_slider-16.png\" alt=\"ilkokul_alt_slider-16\"  title=\"ilkokul_alt_slider-16\"><\/div><div class=\"bt_bb_slider_item\" data-src-full=\"https:\/\/nesibeaydin.k12.tr\/web\/wp-content\/uploads\/2022\/01\/ilkokul_alt_slider-17.png\"><img src=\"https:\/\/nesibeaydin.k12.tr\/web\/wp-content\/uploads\/2022\/01\/ilkokul_alt_slider-17.png\" alt=\"ilkokul_alt_slider-17\"  title=\"ilkokul_alt_slider-17\"><\/div><div class=\"bt_bb_slider_item\" data-src-full=\"https:\/\/nesibeaydin.k12.tr\/web\/wp-content\/uploads\/2022\/01\/ilkokul_alt_slider-18.png\"><img src=\"https:\/\/nesibeaydin.k12.tr\/web\/wp-content\/uploads\/2022\/01\/ilkokul_alt_slider-18.png\" alt=\"ilkokul_alt_slider-18\"  title=\"ilkokul_alt_slider-18\"><\/div><\/div><\/div><div class=\"bt_bb_separator bt_bb_border_style_none bt_bb_bottom_spacing_normal\" data-bt-override-class=\"null\"><\/div><\/div><\/div><\/div><\/div><\/div><\/div><\/div><\/div><\/section><\/p>\n","protected":false},"excerpt":{"rendered":"","protected":false},"author":6,"featured_media":0,"parent":17235,"menu_order":0,"comment_status":"closed","ping_status":"closed","template":"","meta":[],"_links":{"self":[{"href":"https:\/\/nesibeaydin.k12.tr\/web\/wp-json\/wp\/v2\/pages\/17243"}],"collection":[{"href":"https:\/\/nesibeaydin.k12.tr\/web\/wp-json\/wp\/v2\/pages"}],"about":[{"href":"https:\/\/nesibeaydin.k12.tr\/web\/wp-json\/wp\/v2\/types\/page"}],"author":[{"embeddable":true,"href":"https:\/\/nesibeaydin.k12.tr\/web\/wp-json\/wp\/v2\/users\/6"}],"replies":[{"embeddable":true,"href":"https:\/\/nesibeaydin.k12.tr\/web\/wp-json\/wp\/v2\/comments?post=17243"}],"version-history":[{"count":1,"href":"https:\/\/nesibeaydin.k12.tr\/web\/wp-json\/wp\/v2\/pages\/17243\/revisions"}],"predecessor-version":[{"id":17250,"href":"https:\/\/nesibeaydin.k12.tr\/web\/wp-json\/wp\/v2\/pages\/17243\/revisions\/17250"}],"up":[{"embeddable":true,"href":"https:\/\/nesibeaydin.k12.tr\/web\/wp-json\/wp\/v2\/pages\/17235"}],"wp:attachment":[{"href":"https:\/\/nesibeaydin.k12.tr\/web\/wp-json\/wp\/v2\/media?parent=17243"}],"curies":[{"name":"wp","href":"https:\/\/api.w.org\/{rel}","templated":true}]}}