{"id":3465,"date":"2021-05-06T23:08:13","date_gmt":"2021-05-06T20:08:13","guid":{"rendered":"https:\/\/nesibeaydin.k12.tr\/web\/?page_id=3465"},"modified":"2025-01-09T09:33:18","modified_gmt":"2025-01-09T06:33:18","slug":"bilim-kurulu","status":"publish","type":"page","link":"https:\/\/nesibeaydin.k12.tr\/web\/bilim-kurulu\/","title":{"rendered":"Bilim Kurulu"},"content":{"rendered":"<p><section id=\"bt_bb_section69d27a7e5e120\"  class=\"bt_bb_section bt_bb_layout_boxed_1200 bt_bb_vertical_align_top bt_bb_hidden_xs bt_bb_hidden_ms bt_bb_hidden_sm\" ><div class=\"bt_bb_port\"><div class=\"bt_bb_cell\"><div class=\"bt_bb_cell_inner\"><div class=\"bt_bb_row  bt_bb_shape_inherit\"  data-bt-override-class=\"{}\"><div class=\"bt_bb_row_holder\" ><div  class=\"bt_bb_column col-xxl-12 col-xl-12 col-xs-12 col-sm-12 col-md-12 col-lg-12 btLimitOneColumn bt_bb_vertical_align_top bt_bb_align_center bt_bb_padding_0 bt_bb_animation_fade_in animate bt_bb_shape_inherit\" style=\"; --column-width:12;\" data-width=\"12\" data-bt-override-class=\"{&quot;bt_bb_align_&quot;:{&quot;current_class&quot;:&quot;bt_bb_align_center&quot;,&quot;def&quot;:&quot;center&quot;,&quot;xl&quot;:&quot;center&quot;}}\"><div class=\"bt_bb_column_content\"><div class=\"bt_bb_column_content_inner\"><div  class=\"bt_bb_text\" >\n\t\t\t<!-- START yonetimkurulu REVOLUTION SLIDER 6.6.12 --><p class=\"rs-p-wp-fix\"><\/p>\n\t\t\t<rs-module-wrap id=\"rev_slider_18_1_wrapper\" data-source=\"gallery\" style=\"visibility:hidden;background:transparent;padding:0;margin:0px auto;margin-top:0;margin-bottom:0;\">\n\t\t\t\t<rs-module id=\"rev_slider_18_1\" style=\"\" data-version=\"6.6.12\">\n\t\t\t\t\t<rs-slides style=\"overflow: hidden; position: absolute;\">\n\t\t\t\t\t\t<rs-slide style=\"position: absolute;\" data-key=\"rs-21\" data-title=\"Slide\" data-seoz=\"front\" data-anim=\"adpr:false;\" data-in=\"o:0;\" data-out=\"a:false;\">\n\t\t\t\t\t\t\t<img src=\"\/\/nesibeaydin.k12.tr\/web\/wp-content\/plugins\/revslider\/public\/assets\/assets\/dummy.png\" alt=\"Slide\" title=\"Bilim Kurulu\" class=\"rev-slidebg tp-rs-img rs-lazyload\" data-lazyload=\"\/\/nesibeaydin.k12.tr\/web\/wp-content\/plugins\/revslider\/public\/assets\/assets\/transparent.png\" data-no-retina>\n<!--\n\t\t\t\t\t\t\t--><rs-layer\n\t\t\t\t\t\t\t\tid=\"slider-18-slide-21-layer-0\" \n\t\t\t\t\t\t\t\tdata-type=\"image\"\n\t\t\t\t\t\t\t\tdata-rsp_ch=\"on\"\n\t\t\t\t\t\t\t\tdata-xy=\"x:c;\"\n\t\t\t\t\t\t\t\tdata-text=\"w:normal;s:20,25,25,25;l:0,31,31,31;\"\n\t\t\t\t\t\t\t\tdata-dim=\"w:1330px,1662px,1662px,1662px;h:300px,375px,375px,375px;\"\n\t\t\t\t\t\t\t\tdata-frame_999=\"o:0;st:w;\"\n\t\t\t\t\t\t\t\tstyle=\"z-index:5;\"\n\t\t\t\t\t\t\t><img src=\"\/\/nesibeaydin.k12.tr\/web\/wp-content\/plugins\/revslider\/public\/assets\/assets\/dummy.png\" alt=\"\" class=\"tp-rs-img rs-lazyload\" width=\"1330\" height=\"300\" data-lazyload=\"\/\/nesibeaydin.k12.tr\/web\/wp-content\/uploads\/2021\/12\/1-kurumsal_C\u0327al\u0131s\u0327ma Yu\u0308zeyi 1 kopya.png\" data-no-retina> \n\t\t\t\t\t\t\t<\/rs-layer><!--\n-->\t\t\t\t\t\t<\/rs-slide>\n\t\t\t\t\t<\/rs-slides>\n\t\t\t\t<\/rs-module>\n\t\t\t\t<script>\n\t\t\t\t\tsetREVStartSize({c: 'rev_slider_18_1',rl:[1240,1024,1024,1024],el:[280,768,768,768],gw:[1024,1280,1280,1280],gh:[280,300,300,300],type:'hero',justify:'',layout:'fullwidth',mh:\"0\"});if (window.RS_MODULES!==undefined && window.RS_MODULES.modules!==undefined && window.RS_MODULES.modules[\"revslider181\"]!==undefined) {window.RS_MODULES.modules[\"revslider181\"].once = false;window.revapi18 = undefined;if (window.RS_MODULES.checkMinimal!==undefined) window.RS_MODULES.checkMinimal()}\n\t\t\t\t<\/script>\n\t\t\t<\/rs-module-wrap>\n\t\t\t<!-- END REVOLUTION SLIDER -->\n<\/div><\/div><\/div><\/div><\/div><\/div><\/div><\/div><\/div><\/section><section id=\"bt_bb_section69d27a7e60566\"  class=\"bt_bb_section bt_bb_top_spacing_normal bt_bb_bottom_spacing_large bt_bb_layout_boxed_1200 bt_bb_vertical_align_top\" ><div class=\"bt_bb_port\"><div class=\"bt_bb_cell\"><div class=\"bt_bb_cell_inner\"><div class=\"bt_bb_row  bt_bb_column_gap_extra_small bt_bb_shape_inherit\"  data-bt-override-class=\"{}\"><div class=\"bt_bb_row_holder\" ><div  class=\"bt_bb_column col-xxl-2_4 col-xl-2_4 col-xs-12 col-sm-12 col-md-12 col-lg-2_4 bt_bb_vertical_align_top bt_bb_align_center bt_bb_padding_normal bt_bb_shape_soft-rounded\" style=\"; --column-width:2.4;\" data-width=\"2.4\" data-bt-override-class=\"{}\"><div class=\"bt_bb_column_content\"><div class=\"bt_bb_column_content_inner\"><\/div><\/div><\/div><div  class=\"bt_bb_column col-xxl-2_4 col-xl-2_4 col-xs-12 col-sm-12 col-md-12 col-lg-2_4 bt_bb_vertical_align_top bt_bb_align_center bt_bb_padding_normal bt_bb_shape_soft-rounded\" style=\"; --column-width:2.4;\" data-width=\"2.4\" data-bt-override-class=\"{}\"><div class=\"bt_bb_column_content\"><div class=\"bt_bb_column_content_inner\"><\/div><\/div><\/div><div  class=\"bt_bb_column col-xxl-2_4 col-xl-2_4 col-xs-12 col-sm-12 col-md-12 col-lg-2_4 bt_bb_vertical_align_top bt_bb_align_center bt_bb_padding_normal bt_bb_shape_soft-rounded\" style=\"; --column-width:2.4;\" data-width=\"2.4\" data-bt-override-class=\"{&quot;bt_bb_align_&quot;:{&quot;current_class&quot;:&quot;bt_bb_align_center&quot;,&quot;def&quot;:&quot;center&quot;,&quot;xl&quot;:&quot;center&quot;}}\"><div class=\"bt_bb_column_content\"><div class=\"bt_bb_column_content_inner\"><div data-bb-version=\"4.7.6\" class=\"bt_bb_card bt_bb_title_size_small bt_bb_dash_hide bt_bb_shape_soft-rounded\"><div class=\"bt_bb_card_image\"><div class=\"bt_bb_image\"><span><img src=\"https:\/\/nesibeaydin.k12.tr\/web\/wp-content\/uploads\/2021\/12\/burcuaydin.png\" title=\"burcuaydin\" alt=\"https:\/\/nesibeaydin.k12.tr\/web\/wp-content\/uploads\/2021\/12\/burcuaydin.png\"><\/span><\/div><\/div><div class=\"bt_bb_card_content\"><div class=\"bt_bb_card_content_inner\"><div class=\"bt_bb_card_supertitle\">Kurucu Temsilcisi - Bilim Kurulu \u00dcyesi<\/div><h3 class=\"bt_bb_card_title\">Dr. Burcu AYDIN<\/h3><div class=\"bt_bb_card_text\">Nesibe Ayd\u0131n Okullar\u0131<br \/>\nKurucu Temsilcisi<\/div><span class=\"bt_bb_card_button_text\"><\/span><\/div><\/div><\/div><\/div><\/div><\/div><div  class=\"bt_bb_column col-xxl-2_4 col-xl-2_4 col-xs-12 col-sm-12 col-md-12 col-lg-2_4 bt_bb_vertical_align_top bt_bb_align_center bt_bb_padding_normal bt_bb_shape_soft-rounded\" style=\"; --column-width:2.4;\" data-width=\"2.4\" data-bt-override-class=\"{}\"><div class=\"bt_bb_column_content\"><div class=\"bt_bb_column_content_inner\"><\/div><\/div><\/div><div  class=\"bt_bb_column col-xxl-2_4 col-xl-2_4 col-xs-12 col-sm-12 col-md-12 col-lg-2_4 bt_bb_vertical_align_top bt_bb_align_center bt_bb_padding_normal bt_bb_shape_soft-rounded\" style=\"; --column-width:2.4;\" data-width=\"2.4\" data-bt-override-class=\"{}\"><div class=\"bt_bb_column_content\"><div class=\"bt_bb_column_content_inner\"><\/div><\/div><\/div><\/div><\/div><div class=\"bt_bb_row  bt_bb_column_gap_extra_small bt_bb_shape_inherit\"  data-bt-override-class=\"{}\"><div class=\"bt_bb_row_holder\" ><div  class=\"bt_bb_column col-xxl-2_4 col-xl-2_4 col-xs-12 col-sm-12 col-md-12 col-lg-2_4 bt_bb_vertical_align_top bt_bb_align_center bt_bb_padding_normal bt_bb_shape_soft-rounded\" style=\"; --column-width:2.4;\" data-width=\"2.4\" data-bt-override-class=\"{&quot;bt_bb_align_&quot;:{&quot;current_class&quot;:&quot;bt_bb_align_center&quot;,&quot;def&quot;:&quot;center&quot;,&quot;xl&quot;:&quot;center&quot;}}\"><div class=\"bt_bb_column_content\"><div class=\"bt_bb_column_content_inner\"><div data-bb-version=\"4.7.6\" class=\"bt_bb_card bt_bb_title_size_small bt_bb_dash_hide bt_bb_shape_soft-rounded\"><div class=\"bt_bb_card_image\"><div class=\"bt_bb_image\"><span><img src=\"https:\/\/nesibeaydin.k12.tr\/web\/wp-content\/uploads\/2021\/12\/Erten-Gokce.png\" title=\"Erten-Gokce\" alt=\"https:\/\/nesibeaydin.k12.tr\/web\/wp-content\/uploads\/2021\/12\/Erten-Gokce.png\"><\/span><\/div><\/div><div class=\"bt_bb_card_content\"><div class=\"bt_bb_card_content_inner\"><div class=\"bt_bb_card_supertitle\">Bilim Kurulu Ba\u015fkan\u0131<\/div><h3 class=\"bt_bb_card_title\">Prof. Dr. Erten G\u00d6K\u00c7E<\/h3><div class=\"bt_bb_card_text\">Ankara \u00dcniversitesi<br \/>\nE\u011fitim Bilimleri Fak\u00fcltesi<\/div><span class=\"bt_bb_card_button_text\"><\/span><\/div><\/div><\/div><\/div><\/div><\/div><div  class=\"bt_bb_column col-xxl-2_4 col-xl-2_4 col-xs-12 col-sm-12 col-md-12 col-lg-2_4 bt_bb_vertical_align_top bt_bb_align_center bt_bb_padding_normal bt_bb_shape_soft-rounded\" style=\"; --column-width:2.4;\" data-width=\"2.4\" data-bt-override-class=\"{}\"><div class=\"bt_bb_column_content\"><div class=\"bt_bb_column_content_inner\"><div data-bb-version=\"4.7.6\" class=\"bt_bb_card bt_bb_title_size_small bt_bb_dash_hide bt_bb_shape_soft-rounded\"><div class=\"bt_bb_card_image\"><div class=\"bt_bb_image\"><span><img src=\"https:\/\/nesibeaydin.k12.tr\/web\/wp-content\/uploads\/2022\/01\/bilim-kurulu_C\u0327alis\u0327ma-Yu\u0308zeyi-1-kopya-7.png\" title=\"bilim kurulu_C\u0327al\u0131s\u0327ma Yu\u0308zeyi 1 kopya 7\" alt=\"https:\/\/nesibeaydin.k12.tr\/web\/wp-content\/uploads\/2022\/01\/bilim-kurulu_C\u0327alis\u0327ma-Yu\u0308zeyi-1-kopya-7.png\"><\/span><\/div><\/div><div class=\"bt_bb_card_content\"><div class=\"bt_bb_card_content_inner\"><div class=\"bt_bb_card_supertitle\">Bilim Kurulu \u00dcyesi<\/div><h3 class=\"bt_bb_card_title\">Prof. Dr. Cengiz AKALAN<\/h3><div class=\"bt_bb_card_text\">Ankara \u00dcniversitesi<br \/>\nSpor Bilimleri Fak\u00fcltesi<\/div><span class=\"bt_bb_card_button_text\"><\/span><\/div><\/div><\/div><\/div><\/div><\/div><div  class=\"bt_bb_column col-xxl-2_4 col-xl-2_4 col-xs-12 col-sm-12 col-md-12 col-lg-2_4 bt_bb_vertical_align_top bt_bb_align_center bt_bb_padding_normal bt_bb_shape_soft-rounded\" style=\"; --column-width:2.4;\" data-width=\"2.4\" data-bt-override-class=\"{&quot;bt_bb_align_&quot;:{&quot;current_class&quot;:&quot;bt_bb_align_center&quot;,&quot;def&quot;:&quot;center&quot;,&quot;xl&quot;:&quot;center&quot;}}\"><div class=\"bt_bb_column_content\"><div class=\"bt_bb_column_content_inner\"><div data-bb-version=\"4.7.6\" class=\"bt_bb_card bt_bb_title_size_small bt_bb_dash_hide bt_bb_shape_soft-rounded\"><div class=\"bt_bb_card_image\"><div class=\"bt_bb_image\"><span><img src=\"https:\/\/nesibeaydin.k12.tr\/web\/wp-content\/uploads\/2022\/03\/FEYZA-HOCA.png\" title=\"FEYZA-HOCA\" alt=\"https:\/\/nesibeaydin.k12.tr\/web\/wp-content\/uploads\/2022\/03\/FEYZA-HOCA.png\"><\/span><\/div><\/div><div class=\"bt_bb_card_content\"><div class=\"bt_bb_card_content_inner\"><div class=\"bt_bb_card_supertitle\">Bilim Kurulu \u00dcyesi<\/div><h3 class=\"bt_bb_card_title\">Prof. Dr. Feyza ERDEN<\/h3><div class=\"bt_bb_card_text\">ODT\u00dc<br \/>\nE\u011fitim Fak\u00fcltesi<\/div><span class=\"bt_bb_card_button_text\"><\/span><\/div><\/div><\/div><\/div><\/div><\/div><div  class=\"bt_bb_column col-xxl-2_4 col-xl-2_4 col-xs-12 col-sm-12 col-md-12 col-lg-2_4 bt_bb_vertical_align_top bt_bb_align_center bt_bb_padding_normal bt_bb_shape_soft-rounded\" style=\"; --column-width:2.4;\" data-width=\"2.4\" data-bt-override-class=\"{}\"><div class=\"bt_bb_column_content\"><div class=\"bt_bb_column_content_inner\"><div data-bb-version=\"4.7.6\" class=\"bt_bb_card bt_bb_title_size_small bt_bb_dash_hide bt_bb_shape_soft-rounded\"><div class=\"bt_bb_card_image\"><div class=\"bt_bb_image\"><span><img src=\"https:\/\/nesibeaydin.k12.tr\/web\/wp-content\/uploads\/2022\/01\/bilim-kurulu_C\u0327alis\u0327ma-Yu\u0308zeyi-1-kopya-6.png\" title=\"bilim kurulu_C\u0327al\u0131s\u0327ma Yu\u0308zeyi 1 kopya 6\" alt=\"https:\/\/nesibeaydin.k12.tr\/web\/wp-content\/uploads\/2022\/01\/bilim-kurulu_C\u0327alis\u0327ma-Yu\u0308zeyi-1-kopya-6.png\"><\/span><\/div><\/div><div class=\"bt_bb_card_content\"><div class=\"bt_bb_card_content_inner\"><div class=\"bt_bb_card_supertitle\">Bilim Kurulu \u00dcyesi<\/div><h3 class=\"bt_bb_card_title\">Prof. Dr. Mustafa YAVUZ<\/h3><div class=\"bt_bb_card_text\">Necmettin Erbakan \u00dcniversitesi<br \/>\nE\u011fitim Fak\u00fcltesi<\/div><span class=\"bt_bb_card_button_text\"><\/span><\/div><\/div><\/div><\/div><\/div><\/div><div  class=\"bt_bb_column col-xxl-2_4 col-xl-2_4 col-xs-12 col-sm-12 col-md-12 col-lg-2_4 bt_bb_vertical_align_top bt_bb_align_center bt_bb_padding_normal bt_bb_shape_soft-rounded\" style=\"; --column-width:2.4;\" data-width=\"2.4\" data-bt-override-class=\"{&quot;bt_bb_align_&quot;:{&quot;current_class&quot;:&quot;bt_bb_align_center&quot;,&quot;def&quot;:&quot;center&quot;,&quot;xl&quot;:&quot;center&quot;}}\"><div class=\"bt_bb_column_content\"><div class=\"bt_bb_column_content_inner\"><div class=\"bt_bb_card bt_bb_title_size_small bt_bb_dash_hide bt_bb_shape_soft-rounded\"><div class=\"bt_bb_card_image\"><div class=\"bt_bb_image\"><span><img src=\"https:\/\/nesibeaydin.k12.tr\/web\/wp-content\/uploads\/2022\/01\/bilim-kurulu_C\u0327alis\u0327ma-Yu\u0308zeyi-1-kopya-9.png\" title=\"bilim kurulu_C\u0327al\u0131s\u0327ma Yu\u0308zeyi 1 kopya 9\" alt=\"https:\/\/nesibeaydin.k12.tr\/web\/wp-content\/uploads\/2022\/01\/bilim-kurulu_C\u0327alis\u0327ma-Yu\u0308zeyi-1-kopya-9.png\"><\/span><\/div><\/div><div class=\"bt_bb_card_content\"><div class=\"bt_bb_card_content_inner\"><div class=\"bt_bb_card_supertitle\">Bilim Kurulu \u00dcyesi<\/div><h3 class=\"bt_bb_card_title\">Prof. Dr. Eren CEYLAN<\/h3><div class=\"bt_bb_card_text\">Ankara \u00dcni.<br \/>\nE\u011fitim Bilimleri Fak\u00fcltesi<\/div><span class=\"bt_bb_card_button_text\"><\/span><\/div><\/div><\/div><\/div><\/div><\/div><\/div><\/div><div class=\"bt_bb_row  bt_bb_column_gap_extra_small bt_bb_shape_inherit\"  data-bt-override-class=\"{}\"><div class=\"bt_bb_row_holder\" ><div  class=\"bt_bb_column col-xxl-2_4 col-xl-2_4 col-xs-12 col-sm-12 col-md-12 col-lg-2_4 bt_bb_vertical_align_top bt_bb_align_center bt_bb_padding_normal bt_bb_shape_soft-rounded\" style=\"; --column-width:2.4;\" data-width=\"2.4\" data-bt-override-class=\"{}\"><div class=\"bt_bb_column_content\"><div class=\"bt_bb_column_content_inner\"><div class=\"bt_bb_card bt_bb_title_size_small bt_bb_dash_hide bt_bb_shape_soft-rounded\"><div class=\"bt_bb_card_image\"><div class=\"bt_bb_image\"><span><img src=\"https:\/\/nesibeaydin.k12.tr\/web\/wp-content\/uploads\/2022\/01\/bilim-kurulu_C\u0327alis\u0327ma-Yu\u0308zeyi-1-kopya-8.png\" title=\"bilim kurulu_C\u0327al\u0131s\u0327ma Yu\u0308zeyi 1 kopya 8\" alt=\"https:\/\/nesibeaydin.k12.tr\/web\/wp-content\/uploads\/2022\/01\/bilim-kurulu_C\u0327alis\u0327ma-Yu\u0308zeyi-1-kopya-8.png\"><\/span><\/div><\/div><div class=\"bt_bb_card_content\"><div class=\"bt_bb_card_content_inner\"><div class=\"bt_bb_card_supertitle\">Bilim Kurulu \u00dcyesi<\/div><h3 class=\"bt_bb_card_title\">Prof. Dr. Bican \u015eAH\u0130N<\/h3><div class=\"bt_bb_card_text\">Hacettepe \u00dcni.<br \/>\n\u0130ktisadi ve \u0130dari Bilimleri Fak\u00fcltesi<\/div><span class=\"bt_bb_card_button_text\"><\/span><\/div><\/div><\/div><\/div><\/div><\/div><div  class=\"bt_bb_column col-xxl-2_4 col-xl-2_4 col-xs-12 col-sm-12 col-md-12 col-lg-2_4 bt_bb_vertical_align_top bt_bb_align_center bt_bb_padding_normal bt_bb_shape_soft-rounded\" style=\"; --column-width:2.4;\" data-width=\"2.4\" data-bt-override-class=\"{}\"><div class=\"bt_bb_column_content\"><div class=\"bt_bb_column_content_inner\"><div class=\"bt_bb_card bt_bb_title_size_small bt_bb_dash_hide bt_bb_shape_soft-rounded\"><div class=\"bt_bb_card_image\"><div class=\"bt_bb_image\"><span><img src=\"https:\/\/nesibeaydin.k12.tr\/web\/wp-content\/uploads\/2022\/01\/bilim-kurulu_C\u0327alis\u0327ma-Yu\u0308zeyi-1-kopya-4.png\" title=\"bilim kurulu_C\u0327al\u0131s\u0327ma Yu\u0308zeyi 1 kopya 4\" alt=\"https:\/\/nesibeaydin.k12.tr\/web\/wp-content\/uploads\/2022\/01\/bilim-kurulu_C\u0327alis\u0327ma-Yu\u0308zeyi-1-kopya-4.png\"><\/span><\/div><\/div><div class=\"bt_bb_card_content\"><div class=\"bt_bb_card_content_inner\"><div class=\"bt_bb_card_supertitle\">Bilim Kurulu \u00dcyesi<\/div><h3 class=\"bt_bb_card_title\">Prof. Dr. Metin MUNZUR<\/h3><div class=\"bt_bb_card_text\">Hacettepe \u00dcni.<br \/>\nAnkara Devlet Konservatuvar\u0131<\/div><span class=\"bt_bb_card_button_text\"><\/span><\/div><\/div><\/div><\/div><\/div><\/div><div  class=\"bt_bb_column col-xxl-2_4 col-xl-2_4 col-xs-12 col-sm-12 col-md-12 col-lg-2_4 bt_bb_vertical_align_top bt_bb_align_center bt_bb_padding_normal bt_bb_shape_soft-rounded\" style=\"; --column-width:2.4;\" data-width=\"2.4\" data-bt-override-class=\"{}\"><div class=\"bt_bb_column_content\"><div class=\"bt_bb_column_content_inner\"><div class=\"bt_bb_card bt_bb_title_size_small bt_bb_dash_hide bt_bb_shape_soft-rounded\"><div class=\"bt_bb_card_image\"><div class=\"bt_bb_image\"><span><img src=\"https:\/\/nesibeaydin.k12.tr\/web\/wp-content\/uploads\/2022\/01\/bilim-kurulu_C\u0327alis\u0327ma-Yu\u0308zeyi-1-kopya-10.png\" title=\"bilim kurulu_C\u0327al\u0131s\u0327ma Yu\u0308zeyi 1 kopya 10\" alt=\"https:\/\/nesibeaydin.k12.tr\/web\/wp-content\/uploads\/2022\/01\/bilim-kurulu_C\u0327alis\u0327ma-Yu\u0308zeyi-1-kopya-10.png\"><\/span><\/div><\/div><div class=\"bt_bb_card_content\"><div class=\"bt_bb_card_content_inner\"><div class=\"bt_bb_card_supertitle\">Bilim Kurulu \u00dcyesi<\/div><h3 class=\"bt_bb_card_title\">Do\u00e7. Dr. Aliye ERDEM<\/h3><div class=\"bt_bb_card_text\">Ankara \u00dcniversitesi<br \/>\nE\u011fitim Bilimleri Fak\u00fcltesi<\/div><span class=\"bt_bb_card_button_text\"><\/span><\/div><\/div><\/div><\/div><\/div><\/div><div  class=\"bt_bb_column col-xxl-2_4 col-xl-2_4 col-xs-12 col-sm-12 col-md-12 col-lg-2_4 bt_bb_vertical_align_top bt_bb_align_center bt_bb_padding_normal bt_bb_shape_soft-rounded\" style=\"; --column-width:2.4;\" data-width=\"2.4\" data-bt-override-class=\"{}\"><div class=\"bt_bb_column_content\"><div class=\"bt_bb_column_content_inner\"><div data-bb-version=\"4.7.6\" class=\"bt_bb_card bt_bb_title_size_small bt_bb_dash_hide bt_bb_shape_soft-rounded\"><div class=\"bt_bb_card_image\"><div class=\"bt_bb_image\"><span><img src=\"https:\/\/nesibeaydin.k12.tr\/web\/wp-content\/uploads\/2022\/01\/bilim-kurulu_C\u0327alis\u0327ma-Yu\u0308zeyi-1-kopya-11.png\" title=\"bilim kurulu_C\u0327al\u0131s\u0327ma Yu\u0308zeyi 1 kopya 11\" alt=\"https:\/\/nesibeaydin.k12.tr\/web\/wp-content\/uploads\/2022\/01\/bilim-kurulu_C\u0327alis\u0327ma-Yu\u0308zeyi-1-kopya-11.png\"><\/span><\/div><\/div><div class=\"bt_bb_card_content\"><div class=\"bt_bb_card_content_inner\"><div class=\"bt_bb_card_supertitle\">Bilim Kurulu \u00dcyesi<\/div><h6 class=\"bt_bb_card_title\">Dr. \u00d6\u011fr. \u00dcyesi Bilal ULUSOY<\/h6><div class=\"bt_bb_card_text\">Nesibe Ayd\u0131n Gaziantep Okullar\u0131<br \/>\nY\u00f6n. Kur. B\u015fk. V.<\/div><span class=\"bt_bb_card_button_text\"><\/span><\/div><\/div><\/div><\/div><\/div><\/div><div  class=\"bt_bb_column col-xxl-2_4 col-xl-2_4 col-xs-12 col-sm-12 col-md-12 col-lg-2_4 bt_bb_vertical_align_top bt_bb_align_center bt_bb_padding_normal bt_bb_shape_soft-rounded\" style=\"; --column-width:2.4;\" data-width=\"2.4\" data-bt-override-class=\"{}\"><div class=\"bt_bb_column_content\"><div class=\"bt_bb_column_content_inner\"><div data-bb-version=\"4.7.6\" class=\"bt_bb_card bt_bb_title_size_small bt_bb_dash_hide bt_bb_shape_soft-rounded\"><div class=\"bt_bb_card_image\"><div class=\"bt_bb_image\"><span><img src=\"https:\/\/nesibeaydin.k12.tr\/web\/wp-content\/uploads\/2024\/03\/bilimk.png\" title=\"bilimk\" alt=\"https:\/\/nesibeaydin.k12.tr\/web\/wp-content\/uploads\/2024\/03\/bilimk.png\"><\/span><\/div><\/div><div class=\"bt_bb_card_content\"><div class=\"bt_bb_card_content_inner\"><div class=\"bt_bb_card_supertitle\">Bilim Kurulu \u00dcyesi<\/div><h3 class=\"bt_bb_card_title\">Dr. \u00d6\u011fr. \u00dcy. \u00d6zlem BAYRAK C\u00d6MERT<\/h3><div class=\"bt_bb_card_text\">Gazi \u00dcniversitesi<br \/>\nGazi E\u011fitim Fak\u00fcltesi<\/div><span class=\"bt_bb_card_button_text\"><\/span><\/div><\/div><\/div><\/div><\/div><\/div><\/div><\/div><\/div><\/div><\/div><\/section><\/p>\n","protected":false},"excerpt":{"rendered":"","protected":false},"author":1,"featured_media":0,"parent":0,"menu_order":0,"comment_status":"closed","ping_status":"closed","template":"","meta":[],"_links":{"self":[{"href":"https:\/\/nesibeaydin.k12.tr\/web\/wp-json\/wp\/v2\/pages\/3465"}],"collection":[{"href":"https:\/\/nesibeaydin.k12.tr\/web\/wp-json\/wp\/v2\/pages"}],"about":[{"href":"https:\/\/nesibeaydin.k12.tr\/web\/wp-json\/wp\/v2\/types\/page"}],"author":[{"embeddable":true,"href":"https:\/\/nesibeaydin.k12.tr\/web\/wp-json\/wp\/v2\/users\/1"}],"replies":[{"embeddable":true,"href":"https:\/\/nesibeaydin.k12.tr\/web\/wp-json\/wp\/v2\/comments?post=3465"}],"version-history":[{"count":37,"href":"https:\/\/nesibeaydin.k12.tr\/web\/wp-json\/wp\/v2\/pages\/3465\/revisions"}],"predecessor-version":[{"id":15659,"href":"https:\/\/nesibeaydin.k12.tr\/web\/wp-json\/wp\/v2\/pages\/3465\/revisions\/15659"}],"wp:attachment":[{"href":"https:\/\/nesibeaydin.k12.tr\/web\/wp-json\/wp\/v2\/media?parent=3465"}],"curies":[{"name":"wp","href":"https:\/\/api.w.org\/{rel}","templated":true}]}}