{"id":3957,"date":"2021-05-26T16:03:58","date_gmt":"2021-05-26T13:03:58","guid":{"rendered":"https:\/\/nesibeaydin.k12.tr\/web\/?page_id=3957"},"modified":"2025-12-12T10:45:05","modified_gmt":"2025-12-12T07:45:05","slug":"velilere-ozel","status":"publish","type":"page","link":"https:\/\/nesibeaydin.k12.tr\/web\/velilere-ozel\/","title":{"rendered":"Velilere \u00d6zel"},"content":{"rendered":"<p><section id=\"bt_bb_section69d9178eefabb\"  class=\"bt_bb_section bt_bb_layout_boxed_1200 bt_bb_vertical_align_top bt_bb_hidden_xs bt_bb_hidden_ms bt_bb_hidden_sm\" ><div class=\"bt_bb_port\"><div class=\"bt_bb_cell\"><div class=\"bt_bb_cell_inner\"><div class=\"bt_bb_row  bt_bb_shape_inherit\"  data-bt-override-class=\"{}\"><div class=\"bt_bb_row_holder\" ><div  class=\"bt_bb_column col-xxl-12 col-xl-12 col-xs-12 col-sm-12 col-md-12 col-lg-12 btLimitOneColumn bt_bb_vertical_align_top bt_bb_align_center bt_bb_padding_0 bt_bb_animation_fade_in animate bt_bb_shape_inherit\" style=\"; --column-width:12;\" data-width=\"12\" data-bt-override-class=\"{&quot;bt_bb_align_&quot;:{&quot;current_class&quot;:&quot;bt_bb_align_center&quot;,&quot;def&quot;:&quot;center&quot;,&quot;xl&quot;:&quot;center&quot;}}\"><div class=\"bt_bb_column_content\"><div class=\"bt_bb_column_content_inner\"><div class=\"bt_bb_shortcode\">\n\t\t\t<!-- START Anasayfaslider REVOLUTION SLIDER 6.6.12 --><p class=\"rs-p-wp-fix\"><\/p>\n\t\t\t<rs-module-wrap id=\"rev_slider_4_1_wrapper\" data-source=\"gallery\" style=\"visibility:hidden;background:transparent;padding:0;margin:0px auto;margin-top:0;margin-bottom:0;\">\n\t\t\t\t<rs-module id=\"rev_slider_4_1\" style=\"\" data-version=\"6.6.12\">\n\t\t\t\t\t<rs-slides style=\"overflow: hidden; position: absolute;\">\n\t\t\t\t\t\t<rs-slide style=\"position: absolute;\" data-key=\"rs-66\" data-title=\"Slide\" data-link=\"\/\/nesibeaydin.k12.tr\/web\/okullarimiz\/istanbul-kampusu\/\" data-tag=\"l\" data-target=\"_self\" data-seoz=\"front\" data-anim=\"adpr:false;\" data-in=\"o:0;\" data-out=\"a:false;\">\n\t\t\t\t\t\t\t<img src=\"\/\/nesibeaydin.k12.tr\/web\/wp-content\/plugins\/revslider\/public\/assets\/assets\/dummy.png\" alt=\"Slide\" title=\"Velilere \u00d6zel\" class=\"rev-slidebg tp-rs-img rs-lazyload\" data-lazyload=\"\/\/nesibeaydin.k12.tr\/web\/wp-content\/plugins\/revslider\/public\/assets\/assets\/transparent.png\" data-no-retina>\n<!--\n\t\t\t\t\t\t\t--><rs-layer\n\t\t\t\t\t\t\t\tid=\"slider-4-slide-66-layer-6\" \n\t\t\t\t\t\t\t\tdata-type=\"image\"\n\t\t\t\t\t\t\t\tdata-rsp_ch=\"on\"\n\t\t\t\t\t\t\t\tdata-xy=\"xo:-140px,-175px,-175px,-175px;yo:2px;\"\n\t\t\t\t\t\t\t\tdata-text=\"w:normal;s:20,25,25,25;l:0,31,31,31;\"\n\t\t\t\t\t\t\t\tdata-dim=\"w:1330px,1662px,1662px,1662px;h:300px,375px,375px,375px;\"\n\t\t\t\t\t\t\t\tdata-frame_999=\"o:0;st:w;\"\n\t\t\t\t\t\t\t\tstyle=\"z-index:5;\"\n\t\t\t\t\t\t\t><img src=\"\/\/nesibeaydin.k12.tr\/web\/wp-content\/plugins\/revslider\/public\/assets\/assets\/dummy.png\" alt=\"\" class=\"tp-rs-img rs-lazyload\" width=\"1330\" height=\"300\" data-lazyload=\"\/\/nesibeaydin.k12.tr\/web\/wp-content\/uploads\/2026\/01\/yatay.jpg\" data-no-retina> \n\t\t\t\t\t\t\t<\/rs-layer><!--\n-->\t\t\t\t\t\t<\/rs-slide>\n\t\t\t\t\t<\/rs-slides>\n\t\t\t\t<\/rs-module>\n\t\t\t\t<script>\n\t\t\t\t\tsetREVStartSize({c: 'rev_slider_4_1',rl:[1240,1024,1024,1024],el:[280,300,300,300],gw:[1024,1280,1280,1280],gh:[280,300,300,300],type:'standard',justify:'',layout:'fullwidth',mh:\"0\"});if (window.RS_MODULES!==undefined && window.RS_MODULES.modules!==undefined && window.RS_MODULES.modules[\"revslider41\"]!==undefined) {window.RS_MODULES.modules[\"revslider41\"].once = false;window.revapi4 = undefined;if (window.RS_MODULES.checkMinimal!==undefined) window.RS_MODULES.checkMinimal()}\n\t\t\t\t<\/script>\n\t\t\t<\/rs-module-wrap>\n\t\t\t<!-- END REVOLUTION SLIDER -->\n<\/div><\/div><\/div><\/div><\/div><\/div><\/div><\/div><\/div><\/section><section id=\"bt_bb_section69d9178ef2877\"  class=\"bt_bb_section bt_bb_top_spacing_45 bt_bb_layout_boxed_1200 bt_bb_vertical_align_top bt_bb_hidden_md bt_bb_hidden_lg\" ><div class=\"bt_bb_port\"><div class=\"bt_bb_cell\"><div class=\"bt_bb_cell_inner\"><div class=\"bt_bb_row  bt_bb_shape_inherit\"  data-bt-override-class=\"{}\"><div class=\"bt_bb_row_holder\" ><div  class=\"bt_bb_column col-xxl-12 col-xl-12 col-xs-12 col-sm-12 col-md-12 col-lg-12 btLimitOneColumn bt_bb_vertical_align_top bt_bb_align_center bt_bb_padding_0 bt_bb_animation_fade_in animate bt_bb_shape_inherit\" style=\"; --column-width:12;\" data-width=\"12\" data-bt-override-class=\"{&quot;bt_bb_align_&quot;:{&quot;current_class&quot;:&quot;bt_bb_align_center&quot;,&quot;def&quot;:&quot;center&quot;,&quot;xl&quot;:&quot;center&quot;}}\"><div class=\"bt_bb_column_content\"><div class=\"bt_bb_column_content_inner\"><div  class=\"bt_bb_text\" ><\/p>\n<p>\t\t\t<!-- START anasayfamobil REVOLUTION SLIDER 6.6.12 --><\/p>\n<p class=\"rs-p-wp-fix\">\n<p>\t\t\t<rs-module-wrap id=\"rev_slider_11_2_wrapper\" data-source=\"gallery\" style=\"visibility:hidden;background:transparent;padding:0;margin:0px auto;margin-top:0;margin-bottom:0;\"><br \/>\n\t\t\t\t<rs-module id=\"rev_slider_11_2\" style=\"\" data-version=\"6.6.12\"><br \/>\n\t\t\t\t\t<rs-slides style=\"overflow: hidden; position: absolute;\"><br \/>\n\t\t\t\t\t\t<rs-slide style=\"position: absolute;\" data-key=\"rs-67\" data-title=\"Slide\" data-link=\"\/\/nesibeaydin.k12.tr\/web\/okullarimiz\/istanbul-kampusu\/\" data-tag=\"l\" data-target=\"_self\" data-seoz=\"front\" data-anim=\"adpr:false;\" data-in=\"o:0;\" data-out=\"a:false;\"><br \/>\n\t\t\t\t\t\t\t<img src=\"\/\/nesibeaydin.k12.tr\/web\/wp-content\/plugins\/revslider\/public\/assets\/assets\/dummy.png\" alt=\"Slide\" title=\"Velilere \u00d6zel\" class=\"rev-slidebg tp-rs-img rs-lazyload\" data-lazyload=\"\/\/nesibeaydin.k12.tr\/web\/wp-content\/plugins\/revslider\/public\/assets\/assets\/transparent.png\" data-no-retina><br \/>\n<!--\n\t\t\t\t\t\t\t--><rs-layer\n\t\t\t\t\t\t\t\tid=\"slider-11-slide-67-layer-0\" \n\t\t\t\t\t\t\t\tdata-type=\"image\"\n\t\t\t\t\t\t\t\tdata-rsp_ch=\"on\"\n\t\t\t\t\t\t\t\tdata-xy=\"xo:-4px,-4px,-3px,-3px;yo:54px,54px,41px,41px;\"\n\t\t\t\t\t\t\t\tdata-text=\"w:normal;s:20,20,15,15;l:0,0,19,19;\"\n\t\t\t\t\t\t\t\tdata-dim=\"w:640.9679300291544px,640.9679300291544px,495px,495px;h:557px,557px,431px,431px;\"\n\t\t\t\t\t\t\t\tdata-frame_999=\"o:0;st:w;\"\n\t\t\t\t\t\t\t\tstyle=\"z-index:5;\"\n\t\t\t\t\t\t\t><img src=\"\/\/nesibeaydin.k12.tr\/web\/wp-content\/plugins\/revslider\/public\/assets\/assets\/dummy.png\" alt=\"\" class=\"tp-rs-img rs-lazyload\" width=\"1081\" height=\"941\" data-lazyload=\"\/\/nesibeaydin.k12.tr\/web\/wp-content\/uploads\/2026\/01\/kare.jpg\" data-no-retina><br \/>\n\t\t\t\t\t\t\t<\/rs-layer><!--\n-->\t\t\t\t\t\t<\/rs-slide><br \/>\n\t\t\t\t\t<\/rs-slides><br \/>\n\t\t\t\t<\/rs-module><br \/>\n\t\t\t\t<script>\n\t\t\t\t\tsetREVStartSize({c: 'rev_slider_11_2',rl:[1240,1240,778,480],el:[140,140,480,480],gw:[620,620,480,480],gh:[140,140,480,480],type:'standard',justify:'',layout:'fullwidth',mh:\"0\"});if (window.RS_MODULES!==undefined && window.RS_MODULES.modules!==undefined && window.RS_MODULES.modules[\"revslider112\"]!==undefined) {window.RS_MODULES.modules[\"revslider112\"].once = false;window.revapi11 = undefined;if (window.RS_MODULES.checkMinimal!==undefined) window.RS_MODULES.checkMinimal()}\n\t\t\t\t<\/script><br \/>\n\t\t\t<\/rs-module-wrap><br \/>\n\t\t\t<!-- END REVOLUTION SLIDER --><\/p>\n<p>\n<\/div><\/div><\/div><\/div><\/div><\/div><\/div><\/div><\/div><\/section><section id=\"bt_bb_section69d9178ef3a10\"  class=\"bt_bb_section bt_bb_layout_boxed_1200\" ><div class=\"bt_bb_port\"><div class=\"bt_bb_cell\"><div class=\"bt_bb_cell_inner\"><div class=\"bt_bb_row \"  data-bt-override-class=\"{}\"><div class=\"bt_bb_row_holder\" ><div  class=\"bt_bb_column col-xxl-12 col-xl-12 col-xs-12 col-sm-12 col-md-12 col-lg-12 bt_bb_vertical_align_top bt_bb_align_left bt_bb_padding_double bt_bb_animation_fade_in animate\" style=\"; --column-width:12;\" data-width=\"12\" data-bt-override-class=\"{}\"><div class=\"bt_bb_column_content\"><div class=\"bt_bb_column_content_inner\"><header class=\"bt_bb_headline bt_bb_color_scheme_5 bt_bb_dash_none bt_bb_size_normal bt_bb_align_inherit bt_bb_dash_color_scheme_4\" style=\"; --primary-color:#191919; --secondary-color:#ed2124;\" data-bt-override-class=\"{&quot;bt_bb_align_&quot;:{&quot;current_class&quot;:&quot;bt_bb_align_inherit&quot;,&quot;def&quot;:&quot;inherit&quot;,&quot;xl&quot;:&quot;inherit&quot;,&quot;lg&quot;:&quot;left&quot;,&quot;md&quot;:&quot;left&quot;,&quot;sm&quot;:&quot;left&quot;,&quot;xs&quot;:&quot;left&quot;}}\"><h1 class=\"bt_bb_headline_tag\"><span class=\"bt_bb_headline_content\"><span>Velilere \u00d6zel<\/span><\/span><\/h1><\/header><div class=\"bt_bb_accordion bt_bb_color_scheme_3 bt_bb_style_simple bt_bb_shape_square\" style=\"; --accordion-primary-color:#ed2124; --accordion-secondary-color:#191919;\"><div class=\"bt_bb_accordion_item btWithIcon\"><div class=\"bt_bb_accordion_item_title_content\"><span  data-ico-essential=\"&#xea78;\" class=\"bt_bb_icon_holder\"><\/span><div class=\"bt_bb_accordion_item_title\">Sanal Tur \u0130lkokullar<\/div><\/div><div class=\"bt_bb_accordion_item_content\"><div  class=\"bt_bb_text\" >\n<p><a href=\"https:\/\/nesibeaydin.k12.tr\/web\/wp-content\/uploads\/2024\/02\/golbasi_sanal_tur.pdf\" target=\"_blank\" rel=\"noopener\">Ankara G\u00f6lba\u015f\u0131 Kamp\u00fcs\u00fc<\/a><\/p>\n<p><a href=\"https:\/\/nesibeaydin.k12.tr\/web\/wp-content\/uploads\/2024\/02\/cankaya_sanal_tur.pdf\">Ankara \u00c7ankaya Kamp\u00fcs\u00fc<\/a><\/p>\n<p><a href=\"https:\/\/nesibeaydin.k12.tr\/web\/wp-content\/uploads\/2024\/02\/umitkoy_sanal_tur.pdf\">Ankara \u00dcmitk\u00f6y Kamp\u00fcs\u00fc<\/a><\/p>\n<p><a href=\"https:\/\/nesibeaydin.k12.tr\/web\/wp-content\/uploads\/2024\/02\/antalya_sanal_tur.pdf\">Antalya Kamp\u00fcs\u00fc<\/a><\/p>\n<p><a href=\"https:\/\/nesibeaydin.k12.tr\/web\/wp-content\/uploads\/2024\/02\/diyarbakir_sanal_tur.pdf\">Diyarbak\u0131r Kamp\u00fcs\u00fc<\/a><\/p>\n<p><a href=\"https:\/\/nesibeaydin.k12.tr\/web\/wp-content\/uploads\/2024\/02\/gaziantep_sanal_tur.pdf\">Gaziantep Kamp\u00fcs\u00fc<\/a><\/p>\n<p><a href=\"https:\/\/nesibeaydin.k12.tr\/web\/wp-content\/uploads\/2024\/02\/konya_sanal_tur.pdf\">Konya Kamp\u00fcs\u00fc<\/a><\/p>\n<p><a href=\"https:\/\/nesibeaydin.k12.tr\/web\/wp-content\/uploads\/2024\/02\/mersin_sanal_tur.pdf\">Mersin Kamp\u00fcs\u00fc<\/a><\/p>\n<\/div>\n<\/div><\/div><div class=\"bt_bb_accordion_item btWithIcon\"><div class=\"bt_bb_accordion_item_title_content\"><span  data-ico-essential=\"&#xea78;\" class=\"bt_bb_icon_holder\"><\/span><div class=\"bt_bb_accordion_item_title\">Sanal Tur Ortaokul ve Liseler<\/div><\/div><div class=\"bt_bb_accordion_item_content\"><div  class=\"bt_bb_text\" >\n<p><a href=\"https:\/\/nesibeaydin.k12.tr\/web\/wp-content\/uploads\/2024\/02\/Go\u0308lbas\u0327i_Kampu\u0308su\u0308_Ortaokul_Lise_Sanal_Tur_compressed.pdf\">Ankara G\u00f6lba\u015f\u0131 Kamp\u00fcs\u00fc<\/a><\/p>\n<p><a href=\"https:\/\/nesibeaydin.k12.tr\/web\/wp-content\/uploads\/2024\/02\/Yildizlar_Kampu\u0308su\u0308_Ortaokul_Lise_Sanal_Tur_compressed.pdf\">Ankara Y\u0131ld\u0131zlar Kamp\u00fcs\u00fc<\/a><\/p>\n<p><a href=\"https:\/\/nesibeaydin.k12.tr\/web\/wp-content\/uploads\/2024\/02\/Antalya_Okullari_Ortaokul_Lise_Sanal_Tur_compressed.pdf\">Antalya Kamp\u00fcs\u00fc<\/a><\/p>\n<p><a href=\"https:\/\/nesibeaydin.k12.tr\/web\/wp-content\/uploads\/2024\/02\/Diyarbakir_Okullari_Ortaokul_Lise_Sanal_Tur_compressed.pdf\">Diyarbak\u0131r Kamp\u00fcs\u00fc<\/a><\/p>\n<p><a href=\"https:\/\/nesibeaydin.k12.tr\/web\/wp-content\/uploads\/2024\/02\/Gaziantep_Okullari_Ortaokul_Lise_Sanal_Tur_compressed.pdf\">Gaziantep Kamp\u00fcs\u00fc<\/a><\/p>\n<p><a href=\"https:\/\/nesibeaydin.k12.tr\/web\/wp-content\/uploads\/2024\/02\/Konya_Okullari_Ortaokul_Lise_Sanal_Tur_compressed.pdf\">Konya Kamp\u00fcs\u00fc<\/a><\/p>\n<p><a href=\"https:\/\/nesibeaydin.k12.tr\/web\/wp-content\/uploads\/2024\/02\/Alternatif-du\u0308s\u0327u\u0308k-mb_Mersin_Okullari_Ortaokul_Lise_Sanal_Tur_compressed.pdf\">Mersin Kamp\u00fcs\u00fc<\/a><\/p>\n<\/div>\n<\/div><\/div><div class=\"bt_bb_accordion_item btWithIcon\"><div class=\"bt_bb_accordion_item_title_content\"><span  data-ico-essential=\"&#xe998;\" class=\"bt_bb_icon_holder\"><\/span><div class=\"bt_bb_accordion_item_title\">\u00d6n Kay\u0131t<\/div><\/div><div class=\"bt_bb_accordion_item_content\"><div  class=\"bt_bb_text\" >\n<p><a href=\"https:\/\/aday.nesibeaydin.com.tr\/kayit\">\u00d6n Kay\u0131t \u0130\u00e7in T\u0131klay\u0131n\u0131z<\/a><\/p>\n<\/div>\n<\/div><\/div><div class=\"bt_bb_accordion_item btWithIcon\"><div class=\"bt_bb_accordion_item_title_content\"><span  data-ico-artistic=\"&#xf128;\" class=\"bt_bb_icon_holder\"><\/span><div class=\"bt_bb_accordion_item_title\">Portal<\/div><\/div><div class=\"bt_bb_accordion_item_content\"><div  class=\"bt_bb_text\" >\n<p><a href=\"https:\/\/ogrenci.e12.com.tr\">E\u011fitim Portal\u0131 \u0130\u00e7in T\u0131klay\u0131n\u0131z.<\/a><\/p>\n<\/div>\n<\/div><\/div><div class=\"bt_bb_accordion_item btWithIcon\"><div class=\"bt_bb_accordion_item_title_content\"><span  data-ico-fontawesome=\"&#xf290;\" class=\"bt_bb_icon_holder\"><\/span><div class=\"bt_bb_accordion_item_title\">Ayd\u0131n Magaza<\/div><\/div><div class=\"bt_bb_accordion_item_content\"><div  class=\"bt_bb_text\" >\n<p><a href=\"https:\/\/www.aydinmagaza.com\/\" target=\"_blank\" rel=\"noopener\">Ayd\u0131n Ma\u011faza<\/a><\/p>\n<\/div>\n<\/div><\/div><div class=\"bt_bb_accordion_item btWithIcon\"><div class=\"bt_bb_accordion_item_title_content\"><span  data-ico-music=\"&#xe902;\" class=\"bt_bb_icon_holder\"><\/span><div class=\"bt_bb_accordion_item_title\">Bursluluk Y\u00f6nergesi<\/div><\/div><div class=\"bt_bb_accordion_item_content\"><div  class=\"bt_bb_text\" >\n<p><a href=\"https:\/\/nesibeaydin.k12.tr\/web\/wp-content\/uploads\/2025\/12\/Burs-ve-U\u0308cretsiz-Okuyacak-O\u0308g\u0306renci-Yo\u0308nergesi.pdf\"><b>Eri\u015fim i\u00e7in T\u0131klay\u0131n\u0131z.<\/b><\/a><\/p>\n<\/div>\n<\/div><\/div><div class=\"bt_bb_accordion_item btWithIcon\"><div class=\"bt_bb_accordion_item_title_content\"><span  data-ico-essential=\"&#xe90f;\" class=\"bt_bb_icon_holder\"><\/span><div class=\"bt_bb_accordion_item_title\">Okul K\u0131yafetleri<\/div><\/div><div class=\"bt_bb_accordion_item_content\"><div  class=\"bt_bb_text\" >\n<p><a href=\"https:\/\/nesibeaydin.k12.tr\/web\/okul-kiyafetlerimiz\/\"><strong>Okul k\u0131yafetlerimiz i\u00e7in t\u0131klay\u0131n\u0131z.<\/strong><\/a><\/p>\n<\/div>\n<\/div><\/div><\/div><div class=\"bt_bb_separator bt_bb_border_style_none bt_bb_bottom_spacing_medium\" data-bt-override-class=\"null\"><\/div><\/div><\/div><\/div><\/div><\/div><\/div><\/div><\/div><\/section><\/p>\n","protected":false},"excerpt":{"rendered":"","protected":false},"author":1,"featured_media":0,"parent":0,"menu_order":0,"comment_status":"closed","ping_status":"closed","template":"","meta":[],"_links":{"self":[{"href":"https:\/\/nesibeaydin.k12.tr\/web\/wp-json\/wp\/v2\/pages\/3957"}],"collection":[{"href":"https:\/\/nesibeaydin.k12.tr\/web\/wp-json\/wp\/v2\/pages"}],"about":[{"href":"https:\/\/nesibeaydin.k12.tr\/web\/wp-json\/wp\/v2\/types\/page"}],"author":[{"embeddable":true,"href":"https:\/\/nesibeaydin.k12.tr\/web\/wp-json\/wp\/v2\/users\/1"}],"replies":[{"embeddable":true,"href":"https:\/\/nesibeaydin.k12.tr\/web\/wp-json\/wp\/v2\/comments?post=3957"}],"version-history":[{"count":37,"href":"https:\/\/nesibeaydin.k12.tr\/web\/wp-json\/wp\/v2\/pages\/3957\/revisions"}],"predecessor-version":[{"id":17149,"href":"https:\/\/nesibeaydin.k12.tr\/web\/wp-json\/wp\/v2\/pages\/3957\/revisions\/17149"}],"wp:attachment":[{"href":"https:\/\/nesibeaydin.k12.tr\/web\/wp-json\/wp\/v2\/media?parent=3957"}],"curies":[{"name":"wp","href":"https:\/\/api.w.org\/{rel}","templated":true}]}}