{"id":4266,"date":"2021-08-12T15:01:24","date_gmt":"2021-08-12T12:01:24","guid":{"rendered":"https:\/\/nesibeaydin.k12.tr\/web\/?page_id=4266"},"modified":"2022-01-13T13:26:13","modified_gmt":"2022-01-13T10:26:13","slug":"basinda-biz-2018","status":"publish","type":"page","link":"https:\/\/nesibeaydin.k12.tr\/web\/basinda-biz\/basinda-biz-2018\/","title":{"rendered":"Bas\u0131nda Biz 2018"},"content":{"rendered":"<section id=\"bt_bb_section69d6ab31bd84f\"  class=\"bt_bb_section bt_bb_layout_boxed_1200\" ><div class=\"bt_bb_port\"><div class=\"bt_bb_cell\"><div class=\"bt_bb_cell_inner\"><div class=\"bt_bb_row \"  data-bt-override-class=\"{}\"><div class=\"bt_bb_row_holder\" ><div  class=\"bt_bb_column col-xxl-12 col-xl-12 col-xs-12 col-sm-12 col-md-12 col-lg-12 bt_bb_vertical_align_top bt_bb_align_left bt_bb_padding_double bt_bb_animation_fade_in animate\" style=\"; --column-width:12;\" data-width=\"12\" data-bt-override-class=\"{}\"><div class=\"bt_bb_column_content\"><div class=\"bt_bb_column_content_inner\"><header class=\"bt_bb_headline bt_bb_color_scheme_5 bt_bb_dash_none bt_bb_size_normal bt_bb_align_inherit bt_bb_dash_color_scheme_4\" style=\"; --primary-color:#191919; --secondary-color:#ed2124;\" data-bt-override-class=\"{&quot;bt_bb_align_&quot;:{&quot;current_class&quot;:&quot;bt_bb_align_inherit&quot;,&quot;def&quot;:&quot;inherit&quot;,&quot;xl&quot;:&quot;inherit&quot;,&quot;lg&quot;:&quot;left&quot;,&quot;md&quot;:&quot;left&quot;,&quot;sm&quot;:&quot;left&quot;,&quot;xs&quot;:&quot;left&quot;}}\"><h1 class=\"bt_bb_headline_tag\"><span class=\"bt_bb_headline_content\"><span>2018 Y\u0131l\u0131nda Bas\u0131nda \u00c7\u0131kan Haberlerimiz<\/span><\/span><\/h1><\/header><div class=\"bt_bb_accordion bt_bb_color_scheme_3 bt_bb_style_simple bt_bb_shape_square\" style=\"; --accordion-primary-color:#ed2124; --accordion-secondary-color:#191919;\"><div class=\"bt_bb_accordion_item btWithIcon\"><div class=\"bt_bb_accordion_item_title_content\"><span  data-ico-music=\"&#xe902;\" class=\"bt_bb_icon_holder\"><\/span><div class=\"bt_bb_accordion_item_title\">Ocak 2018<\/div><\/div><div class=\"bt_bb_accordion_item_content\"><div  class=\"bt_bb_text\" >\n<p><a href=\"https:\/\/nesibeaydin.k12.tr\/web\/ocak-2018\/\">T\u0131klay\u0131n\u0131z<\/a><\/p>\n<\/div>\n<\/div><\/div><div class=\"bt_bb_accordion_item btWithIcon\"><div class=\"bt_bb_accordion_item_title_content\"><span  data-ico-music=\"&#xe902;\" class=\"bt_bb_icon_holder\"><\/span><div class=\"bt_bb_accordion_item_title\">Subat 2018<\/div><\/div><div class=\"bt_bb_accordion_item_content\"><div  class=\"bt_bb_text\" >\n<p><a href=\"https:\/\/nesibeaydin.k12.tr\/web\/subat-2018\/\">T\u0131klay\u0131n\u0131z<\/a><\/p>\n<\/div>\n<\/div><\/div><div class=\"bt_bb_accordion_item btWithIcon\"><div class=\"bt_bb_accordion_item_title_content\"><span  data-ico-music=\"&#xe902;\" class=\"bt_bb_icon_holder\"><\/span><div class=\"bt_bb_accordion_item_title\">Mart 2018<\/div><\/div><div class=\"bt_bb_accordion_item_content\"><div  class=\"bt_bb_text\" >\n<p><a href=\"https:\/\/nesibeaydin.k12.tr\/web\/mart-2018\/\">T\u0131klay\u0131n\u0131z<\/a><\/p>\n<\/div>\n<\/div><\/div><div class=\"bt_bb_accordion_item btWithIcon\"><div class=\"bt_bb_accordion_item_title_content\"><span  data-ico-music=\"&#xe902;\" class=\"bt_bb_icon_holder\"><\/span><div class=\"bt_bb_accordion_item_title\">Nisan 2018<\/div><\/div><div class=\"bt_bb_accordion_item_content\"><div  class=\"bt_bb_text\" >\n<p><a href=\"https:\/\/nesibeaydin.k12.tr\/web\/nisan-2018\/\">TIklay\u0131n\u0131z<\/a><\/p>\n<\/div>\n<\/div><\/div><div class=\"bt_bb_accordion_item btWithIcon\"><div class=\"bt_bb_accordion_item_title_content\"><span  data-ico-music=\"&#xe902;\" class=\"bt_bb_icon_holder\"><\/span><div class=\"bt_bb_accordion_item_title\">May\u0131s 2018<\/div><\/div><div class=\"bt_bb_accordion_item_content\"><div  class=\"bt_bb_text\" >\n<p><a href=\"https:\/\/nesibeaydin.k12.tr\/web\/mayis-2018\/\">T\u0131klay\u0131n\u0131z<\/a><\/p>\n<\/div>\n<\/div><\/div><div class=\"bt_bb_accordion_item btWithIcon\"><div class=\"bt_bb_accordion_item_title_content\"><span  data-ico-music=\"&#xe902;\" class=\"bt_bb_icon_holder\"><\/span><div class=\"bt_bb_accordion_item_title\">Haziran 2018<\/div><\/div><div class=\"bt_bb_accordion_item_content\"><div  class=\"bt_bb_text\" >\n<p><a href=\"https:\/\/nesibeaydin.k12.tr\/web\/haziran-2018\/\">T\u0131klay\u0131n\u0131z<\/a><\/p>\n<\/div>\n<\/div><\/div><div class=\"bt_bb_accordion_item btWithIcon\"><div class=\"bt_bb_accordion_item_title_content\"><span  data-ico-music=\"&#xe902;\" class=\"bt_bb_icon_holder\"><\/span><div class=\"bt_bb_accordion_item_title\">Temmuz 2018<\/div><\/div><div class=\"bt_bb_accordion_item_content\"><div  class=\"bt_bb_text\" >\n<p><a href=\"https:\/\/nesibeaydin.k12.tr\/web\/temmuz-2018\/\">T\u0131klay\u0131n\u0131z<\/a><\/p>\n<\/div>\n<\/div><\/div><div class=\"bt_bb_accordion_item btWithIcon\"><div class=\"bt_bb_accordion_item_title_content\"><span  data-ico-music=\"&#xe902;\" class=\"bt_bb_icon_holder\"><\/span><div class=\"bt_bb_accordion_item_title\">A\u011fustos 2018<\/div><\/div><div class=\"bt_bb_accordion_item_content\"><div  class=\"bt_bb_text\" >\n<p><a href=\"https:\/\/nesibeaydin.k12.tr\/web\/agustos-2018\/\">T\u0131klay\u0131n\u0131z<\/a><\/p>\n<\/div>\n<\/div><\/div><div class=\"bt_bb_accordion_item btWithIcon\"><div class=\"bt_bb_accordion_item_title_content\"><span  data-ico-music=\"&#xe902;\" class=\"bt_bb_icon_holder\"><\/span><div class=\"bt_bb_accordion_item_title\">Eyl\u00fcl 2018<\/div><\/div><div class=\"bt_bb_accordion_item_content\"><div  class=\"bt_bb_text\" >\n<p><a href=\"https:\/\/nesibeaydin.k12.tr\/web\/eylul-2018\/\">T\u0131klay\u0131n\u0131z<\/a><\/p>\n<\/div>\n<\/div><\/div><div class=\"bt_bb_accordion_item btWithIcon\"><div class=\"bt_bb_accordion_item_title_content\"><span  data-ico-music=\"&#xe902;\" class=\"bt_bb_icon_holder\"><\/span><div class=\"bt_bb_accordion_item_title\">Ekim 2018<\/div><\/div><div class=\"bt_bb_accordion_item_content\"><div  class=\"bt_bb_text\" >\n<p><a href=\"https:\/\/nesibeaydin.k12.tr\/web\/ekim-2018\/\">T\u0131klay\u0131n\u0131z<\/a><\/p>\n<\/div>\n<\/div><\/div><div class=\"bt_bb_accordion_item btWithIcon\"><div class=\"bt_bb_accordion_item_title_content\"><span  data-ico-music=\"&#xe902;\" class=\"bt_bb_icon_holder\"><\/span><div class=\"bt_bb_accordion_item_title\">Kas\u0131m 2018<\/div><\/div><div class=\"bt_bb_accordion_item_content\"><div  class=\"bt_bb_text\" >\n<p><a href=\"https:\/\/nesibeaydin.k12.tr\/web\/kasim-2018\/\">T\u0131klay\u0131n\u0131z<\/a><\/p>\n<\/div>\n<\/div><\/div><div class=\"bt_bb_accordion_item btWithIcon\"><div class=\"bt_bb_accordion_item_title_content\"><span  data-ico-music=\"&#xe902;\" class=\"bt_bb_icon_holder\"><\/span><div class=\"bt_bb_accordion_item_title\">Aral\u0131k 2018<\/div><\/div><div class=\"bt_bb_accordion_item_content\"><div  class=\"bt_bb_text\" >\n<p><a href=\"https:\/\/nesibeaydin.k12.tr\/web\/aralik-2018\/\">T\u0131klay\u0131n\u0131z<\/a><\/p>\n<\/div>\n<\/div><\/div><\/div><div class=\"bt_bb_separator bt_bb_border_style_none bt_bb_bottom_spacing_medium\" data-bt-override-class=\"null\"><\/div><\/div><\/div><\/div><\/div><\/div><\/div><\/div><\/div><\/section>\n","protected":false},"excerpt":{"rendered":"","protected":false},"author":1,"featured_media":0,"parent":3449,"menu_order":0,"comment_status":"closed","ping_status":"closed","template":"","meta":[],"_links":{"self":[{"href":"https:\/\/nesibeaydin.k12.tr\/web\/wp-json\/wp\/v2\/pages\/4266"}],"collection":[{"href":"https:\/\/nesibeaydin.k12.tr\/web\/wp-json\/wp\/v2\/pages"}],"about":[{"href":"https:\/\/nesibeaydin.k12.tr\/web\/wp-json\/wp\/v2\/types\/page"}],"author":[{"embeddable":true,"href":"https:\/\/nesibeaydin.k12.tr\/web\/wp-json\/wp\/v2\/users\/1"}],"replies":[{"embeddable":true,"href":"https:\/\/nesibeaydin.k12.tr\/web\/wp-json\/wp\/v2\/comments?post=4266"}],"version-history":[{"count":18,"href":"https:\/\/nesibeaydin.k12.tr\/web\/wp-json\/wp\/v2\/pages\/4266\/revisions"}],"predecessor-version":[{"id":4326,"href":"https:\/\/nesibeaydin.k12.tr\/web\/wp-json\/wp\/v2\/pages\/4266\/revisions\/4326"}],"up":[{"embeddable":true,"href":"https:\/\/nesibeaydin.k12.tr\/web\/wp-json\/wp\/v2\/pages\/3449"}],"wp:attachment":[{"href":"https:\/\/nesibeaydin.k12.tr\/web\/wp-json\/wp\/v2\/media?parent=4266"}],"curies":[{"name":"wp","href":"https:\/\/api.w.org\/{rel}","templated":true}]}}