{"id":4444,"date":"2021-08-18T12:06:47","date_gmt":"2021-08-18T09:06:47","guid":{"rendered":"https:\/\/nesibeaydin.k12.tr\/web\/?page_id=4444"},"modified":"2025-12-05T13:39:42","modified_gmt":"2025-12-05T10:39:42","slug":"anasinifi-sorumluluk-ve-ev-calismalari","status":"publish","type":"page","link":"https:\/\/nesibeaydin.k12.tr\/web\/okullarimiz\/anasinifi\/anasinifi-sorumluluk-ve-ev-calismalari\/","title":{"rendered":"Sorumluluk ve Ev \u00c7al\u0131\u015fmalar\u0131"},"content":{"rendered":"<p><section id=\"bt_bb_section69d29099a9a0d\"  class=\"bt_bb_section bt_bb_layout_boxed_1200 bt_bb_vertical_align_top bt_bb_hidden_xs bt_bb_hidden_ms bt_bb_hidden_sm\" ><div class=\"bt_bb_port\"><div class=\"bt_bb_cell\"><div class=\"bt_bb_cell_inner\"><div class=\"bt_bb_row  bt_bb_shape_inherit\"  data-bt-override-class=\"{}\"><div class=\"bt_bb_row_holder\" ><div  class=\"bt_bb_column col-xxl-12 col-xl-12 col-xs-12 col-sm-12 col-md-12 col-lg-12 btLimitOneColumn bt_bb_vertical_align_top bt_bb_align_center bt_bb_padding_0 bt_bb_animation_fade_in animate bt_bb_shape_inherit\" style=\"; --column-width:12;\" data-width=\"12\" data-bt-override-class=\"{&quot;bt_bb_align_&quot;:{&quot;current_class&quot;:&quot;bt_bb_align_center&quot;,&quot;def&quot;:&quot;center&quot;,&quot;xl&quot;:&quot;center&quot;}}\"><div class=\"bt_bb_column_content\"><div class=\"bt_bb_column_content_inner\"><div class=\"bt_bb_shortcode\">\n\t\t\t<!-- START anasinifi REVOLUTION SLIDER 6.6.12 --><p class=\"rs-p-wp-fix\"><\/p>\n\t\t\t<rs-module-wrap id=\"rev_slider_9_1_wrapper\" data-source=\"gallery\" style=\"visibility:hidden;background:transparent;padding:0;margin:0px auto;margin-top:0;margin-bottom:0;\">\n\t\t\t\t<rs-module id=\"rev_slider_9_1\" style=\"\" data-version=\"6.6.12\">\n\t\t\t\t\t<rs-slides style=\"overflow: hidden; position: absolute;\">\n\t\t\t\t\t\t<rs-slide style=\"position: absolute;\" data-key=\"rs-12\" data-title=\"Slide\" data-seoz=\"front\" data-anim=\"adpr:false;\" data-in=\"o:0;\" data-out=\"a:false;\">\n\t\t\t\t\t\t\t<img src=\"\/\/nesibeaydin.k12.tr\/web\/wp-content\/plugins\/revslider\/public\/assets\/assets\/dummy.png\" alt=\"Slide\" title=\"Sorumluluk ve Ev \u00c7al\u0131\u015fmalar\u0131\" class=\"rev-slidebg tp-rs-img rs-lazyload\" data-lazyload=\"\/\/nesibeaydin.k12.tr\/web\/wp-content\/plugins\/revslider\/public\/assets\/assets\/transparent.png\" data-no-retina>\n<!--\n\t\t\t\t\t\t\t--><rs-layer\n\t\t\t\t\t\t\t\tid=\"slider-9-slide-12-layer-0\" \n\t\t\t\t\t\t\t\tdata-type=\"image\"\n\t\t\t\t\t\t\t\tdata-rsp_ch=\"on\"\n\t\t\t\t\t\t\t\tdata-xy=\"x:c;\"\n\t\t\t\t\t\t\t\tdata-text=\"w:normal;s:20,32,32,32;l:0,40,40,40;\"\n\t\t\t\t\t\t\t\tdata-dim=\"w:1272px,2035px,2035px,2035px;h:287px,459px,459px,459px;\"\n\t\t\t\t\t\t\t\tdata-frame_999=\"o:0;st:w;\"\n\t\t\t\t\t\t\t\tstyle=\"z-index:5;\"\n\t\t\t\t\t\t\t><img src=\"\/\/nesibeaydin.k12.tr\/web\/wp-content\/plugins\/revslider\/public\/assets\/assets\/dummy.png\" alt=\"\" class=\"tp-rs-img rs-lazyload\" width=\"1330\" height=\"300\" data-lazyload=\"\/\/nesibeaydin.k12.tr\/web\/wp-content\/uploads\/2021\/12\/1-slider2_C\u0327al\u0131s\u0327ma Yu\u0308zeyi 1 kopya (2).png\" data-no-retina> \n\t\t\t\t\t\t\t<\/rs-layer><!--\n-->\t\t\t\t\t\t<\/rs-slide>\n\t\t\t\t\t<\/rs-slides>\n\t\t\t\t<\/rs-module>\n\t\t\t\t<script>\n\t\t\t\t\tsetREVStartSize({c: 'rev_slider_9_1',rl:[1240,1024,1024,1024],el:[280,768,768,768],gw:[800,1280,1280,1280],gh:[280,300,300,300],type:'hero',justify:'',layout:'fullwidth',mh:\"0\"});if (window.RS_MODULES!==undefined && window.RS_MODULES.modules!==undefined && window.RS_MODULES.modules[\"revslider91\"]!==undefined) {window.RS_MODULES.modules[\"revslider91\"].once = false;window.revapi9 = undefined;if (window.RS_MODULES.checkMinimal!==undefined) window.RS_MODULES.checkMinimal()}\n\t\t\t\t<\/script>\n\t\t\t<\/rs-module-wrap>\n\t\t\t<!-- END REVOLUTION SLIDER -->\n<\/div><\/div><\/div><\/div><\/div><\/div><\/div><\/div><\/div><\/section><section id=\"bt_bb_section69d29099abee2\"  class=\"bt_bb_section bt_bb_layout_boxed_1200 bt_bb_vertical_align_top bt_bb_hidden_md bt_bb_hidden_lg\" ><div class=\"bt_bb_port\"><div class=\"bt_bb_cell\"><div class=\"bt_bb_cell_inner\"><div class=\"bt_bb_row  bt_bb_shape_inherit\"  data-bt-override-class=\"{}\"><div class=\"bt_bb_row_holder\" ><div  class=\"bt_bb_column col-xxl-12 col-xl-12 col-xs-12 col-sm-12 col-md-12 col-lg-12 btLimitOneColumn bt_bb_vertical_align_top bt_bb_align_center bt_bb_padding_0 bt_bb_animation_fade_in animate bt_bb_shape_inherit\" style=\"; --column-width:12;\" data-width=\"12\" data-bt-override-class=\"{&quot;bt_bb_align_&quot;:{&quot;current_class&quot;:&quot;bt_bb_align_center&quot;,&quot;def&quot;:&quot;center&quot;,&quot;xl&quot;:&quot;center&quot;}}\"><div class=\"bt_bb_column_content\"><div class=\"bt_bb_column_content_inner\"><div class=\"bt_bb_shortcode\">\n\t\t\t<!-- START anasinifimobil REVOLUTION SLIDER 6.6.12 --><p class=\"rs-p-wp-fix\"><\/p>\n\t\t\t<rs-module-wrap id=\"rev_slider_20_2_wrapper\" data-source=\"gallery\" style=\"visibility:hidden;background:transparent;padding:0;margin:0px auto;margin-top:0;margin-bottom:0;\">\n\t\t\t\t<rs-module id=\"rev_slider_20_2\" style=\"\" data-version=\"6.6.12\">\n\t\t\t\t\t<rs-slides style=\"overflow: hidden; position: absolute;\">\n\t\t\t\t\t\t<rs-slide style=\"position: absolute;\" data-key=\"rs-23\" data-title=\"Slide\" data-seoz=\"front\" data-anim=\"adpr:false;\" data-in=\"o:0;\" data-out=\"a:false;\">\n\t\t\t\t\t\t\t<img src=\"\/\/nesibeaydin.k12.tr\/web\/wp-content\/plugins\/revslider\/public\/assets\/assets\/dummy.png\" alt=\"Slide\" title=\"Sorumluluk ve Ev \u00c7al\u0131\u015fmalar\u0131\" class=\"rev-slidebg tp-rs-img rs-lazyload\" data-lazyload=\"\/\/nesibeaydin.k12.tr\/web\/wp-content\/plugins\/revslider\/public\/assets\/assets\/transparent.png\" data-no-retina>\n<!--\n\t\t\t\t\t\t\t--><rs-layer\n\t\t\t\t\t\t\t\tid=\"slider-20-slide-23-layer-1\" \n\t\t\t\t\t\t\t\tdata-type=\"image\"\n\t\t\t\t\t\t\t\tdata-rsp_ch=\"on\"\n\t\t\t\t\t\t\t\tdata-xy=\"x:c;\"\n\t\t\t\t\t\t\t\tdata-text=\"w:normal;s:20,20,9,9;l:0,0,11,11;\"\n\t\t\t\t\t\t\t\tdata-dim=\"w:1023px,1023px,479px,479px;h:890px,890px,417px,417px;\"\n\t\t\t\t\t\t\t\tdata-frame_999=\"o:0;st:w;\"\n\t\t\t\t\t\t\t\tstyle=\"z-index:5;\"\n\t\t\t\t\t\t\t><img src=\"\/\/nesibeaydin.k12.tr\/web\/wp-content\/plugins\/revslider\/public\/assets\/assets\/dummy.png\" alt=\"\" class=\"tp-rs-img rs-lazyload\" width=\"1080\" height=\"940\" data-lazyload=\"\/\/nesibeaydin.k12.tr\/web\/wp-content\/uploads\/2021\/12\/1-anasinifi_C\u0327al\u0131s\u0327ma Yu\u0308zeyi 1 kopya 10.png\" data-no-retina> \n\t\t\t\t\t\t\t<\/rs-layer><!--\n-->\t\t\t\t\t\t<\/rs-slide>\n\t\t\t\t\t<\/rs-slides>\n\t\t\t\t<\/rs-module>\n\t\t\t\t<script>\n\t\t\t\t\tsetREVStartSize({c: 'rev_slider_20_2',rl:[1240,1240,778,480],el:[280,280,960,720],gw:[1024,1024,480,480],gh:[280,280,480,480],type:'hero',justify:'',layout:'fullwidth',mh:\"0\"});if (window.RS_MODULES!==undefined && window.RS_MODULES.modules!==undefined && window.RS_MODULES.modules[\"revslider202\"]!==undefined) {window.RS_MODULES.modules[\"revslider202\"].once = false;window.revapi20 = undefined;if (window.RS_MODULES.checkMinimal!==undefined) window.RS_MODULES.checkMinimal()}\n\t\t\t\t<\/script>\n\t\t\t<\/rs-module-wrap>\n\t\t\t<!-- END REVOLUTION SLIDER -->\n<\/div><\/div><\/div><\/div><\/div><\/div><\/div><\/div><\/div><\/section><section id=\"bt_bb_section69d29099ac822\"  class=\"bt_bb_section bt_bb_top_spacing_small bt_bb_bottom_spacing_medium bt_bb_layout_boxed_1200 bt_bb_vertical_align_top\" ><div class=\"bt_bb_port\"><div class=\"bt_bb_cell\"><div class=\"bt_bb_cell_inner\"><div class=\"bt_bb_row  bt_bb_shape_inherit\"  data-bt-override-class=\"{}\"><div class=\"bt_bb_row_holder\" ><div  class=\"bt_bb_column col-xxl-12 col-xl-12 col-xs-12 col-sm-12 col-md-12 col-lg-12 bt_bb_vertical_align_middle bt_bb_align_left bt_bb_padding_0 bt_bb_shape_inherit\" style=\"; --column-width:12;\" data-width=\"12\" data-bt-override-class=\"{&quot;bt_bb_align_&quot;:{&quot;current_class&quot;:&quot;bt_bb_align_left&quot;,&quot;def&quot;:&quot;left&quot;,&quot;xl&quot;:&quot;left&quot;}}\"><div class=\"bt_bb_column_content\"><div class=\"bt_bb_column_content_inner\"><div  class=\"bt_bb_text\" ><\/p>\n<h6 style=\"text-align: center;\"><strong>Sorumluluk ve Ev \u00c7al\u0131\u015fmalar\u0131<\/strong><\/h6>\n<ul>\n<li>\u00d6\u011frencilerimizin sorumluluk geli\u015fimine y\u00f6nelik ev \u00e7al\u0131\u015fmalar\u0131, geli\u015fim d\u00fczeylerine uygun olarak <strong>Hafta Sonu G\u00f6ster &#8211; Anlat \u00c7al\u0131\u015fmas\u0131 <\/strong>olarak \u00d6\u011frencilerimiz G\u00f6ster &#8211; Anlat \u00c7al\u0131\u015fmalar\u0131n\u0131 s\u0131n\u0131f arkada\u015flar\u0131na sunarak <strong>s\u00f6zl\u00fc sunum becerilerini <\/strong>hem sergiler hem de geli\u015ftirirler.<\/li>\n<li>\u00d6\u011frencilerimize verilen <strong>sorumluluklar\u0131n<\/strong>, <strong>\u00f6\u011frenciler taraf\u0131ndan <\/strong>yap\u0131lmas\u0131, <strong>\u00f6\u011fretmenlerinin denetiminde <\/strong>sa\u011flan\u0131r.<\/li>\n<li>Verilen etkinlikler ve uygulanan temalar, velilerimiz taraf\u0131ndan da portaldan takip edilebilir.<\/li>\n<li><strong>Ara tatiller <\/strong>ve <strong>yar\u0131y\u0131l tatilinde<\/strong>, her ya\u015f grubu i\u00e7in ayr\u0131 haz\u0131rlanan <strong>Sorumluluk \u00c7al\u0131\u015fmalar\u0131 <\/strong>ve Rehberlik biriminin haz\u0131rlad\u0131\u011f\u0131 <strong>Tatil \u00d6nerileri\u00a0<\/strong>verilir.<\/li>\n<li>Her y\u0131l \u00f6\u011frenci velileriyle toplant\u0131lara yap\u0131larak, \u00f6\u011frenciler i\u00e7in haz\u0131rlanan <strong>YAZ TAT\u0130L\u0130 SORUMLULUK \u00c7ALI\u015eMALARI <\/strong>ile Rehberlik biriminin haz\u0131rlad\u0131\u011f\u0131 <strong>Yaz Tatili \u00d6nerileri\u00a0<\/strong>verilecektir.<\/li>\n<\/ul>\n<p>\n<\/div><\/div><\/div><\/div><\/div><\/div><div class=\"bt_bb_row  bt_bb_shape_inherit\"  data-bt-override-class=\"{}\"><div class=\"bt_bb_row_holder\" ><div  class=\"bt_bb_column col-xxl-12 col-xl-12 col-xs-12 col-sm-12 col-md-12 col-lg-12 bt_bb_vertical_align_top bt_bb_align_center bt_bb_padding_0 bt_bb_shape_inherit\" style=\"; --column-width:12;\" data-width=\"12\" data-bt-override-class=\"{&quot;bt_bb_align_&quot;:{&quot;current_class&quot;:&quot;bt_bb_align_center&quot;,&quot;def&quot;:&quot;center&quot;,&quot;xl&quot;:&quot;center&quot;}}\"><div class=\"bt_bb_column_content\"><div class=\"bt_bb_column_content_inner\"><div class=\"bt_bb_image bt_bb_shape_square bt_bb_align_inherit bt_bb_hover_style_simple bt_bb_content_display_always bt_bb_content_align_middle\"><span><img src = \"https:\/\/nesibeaydin.k12.tr\/web\/wp-content\/plugins\/bold-page-builder\/img\/blank.gif\" data-image_src=\"https:\/\/nesibeaydin.k12.tr\/web\/wp-content\/uploads\/2021\/12\/sorumlulukveevcalismalari.png\" title=\"sorumlulukveevcalismalari\" alt=\"https:\/\/nesibeaydin.k12.tr\/web\/wp-content\/uploads\/2021\/12\/sorumlulukveevcalismalari.png\" class=\"btLazyLoadImage\"><\/span><\/div><\/div><\/div><\/div><\/div><\/div><div class=\"bt_bb_row  bt_bb_shape_inherit\"  data-bt-override-class=\"{}\"><div class=\"bt_bb_row_holder\" ><div  class=\"bt_bb_column col-xxl-12 col-xl-12 col-xs-12 col-sm-12 col-md-12 col-lg-12 bt_bb_vertical_align_middle bt_bb_align_left bt_bb_padding_0 bt_bb_shape_inherit\" style=\"; --column-width:12;\" data-width=\"12\" data-bt-override-class=\"{&quot;bt_bb_align_&quot;:{&quot;current_class&quot;:&quot;bt_bb_align_left&quot;,&quot;def&quot;:&quot;left&quot;,&quot;xl&quot;:&quot;left&quot;}}\"><div class=\"bt_bb_column_content\"><div class=\"bt_bb_column_content_inner\"><div  class=\"bt_bb_text\" ><\/p>\n<h6 style=\"text-align: center;\"><strong>Sosyal Etkinlikler<\/strong><\/h6>\n<p>Sosyal etkinlik \u00e7al\u0131\u015fmalar\u0131ndaki amac\u0131m\u0131z, \u00f6\u011frencilerimizin yeni ilgi alanlar\u0131 edinmeleri ya da var olan ilgi alanlar\u0131nda geli\u015fimlerini sa\u011flaman\u0131n yan\u0131 s\u0131ra, kendilerinin g\u00fcven ve sorumluluk duygular\u0131n\u0131 geli\u015ftirerek bedensel, zihinsel ve duygusal y\u00f6nden sa\u011fl\u0131kl\u0131 bireyler olarak yeti\u015fmelerini sa\u011flamakt\u0131r.<\/p>\n<ul>\n<li>Sosyal etkinlik \u00e7al\u0131\u015fmalar\u0131n\u0131n planlanmas\u0131 ve y\u00fcr\u00fct\u00fclmesinde, \u00f6\u011frencilerin ilgi, istek, yetenek ve ihtiya\u00e7lar\u0131 g\u00f6z \u00f6n\u00fcnde tutulur.<\/li>\n<li>Sosyal etkinlik \u00e7al\u0131\u015fmalar\u0131nda, alan\u0131nda uzman \u00f6\u011fretmenler g\u00f6revlendirilir.<\/li>\n<li>\u00d6\u011frencilerimiz, <strong>sosyal <\/strong>ve <strong>k\u00fclt\u00fcrel <\/strong>ama\u00e7l\u0131 d\u00fczenlenen gezilere kat\u0131l\u0131rlar.<\/li>\n<li>Okulumuzda y\u0131l boyunca, <strong>profesyonel <\/strong><strong>tiyatro topluluklar\u0131n\u0131n <\/strong>oyunlar\u0131 <em>(\u0130ngilizce veya T\u00fcrk\u00e7e )<\/em>.<\/li>\n<li>Ana s\u0131n\u0131flar\u0131m\u0131zda her ay e\u011fitim program\u0131m\u0131z\u0131 destekleyecek, <strong>alan\u0131nda uzman olan konuklar <\/strong>davet Bu konuklar, \u00f6ncelikle velilerimiz aras\u0131ndan se\u00e7ilir. Ayr\u0131ca aile kat\u0131l\u0131m\u0131 kapsam\u0131nda g\u00f6n\u00fcll\u00fc velilerimiz de, sosyal etkinlik \u00e7al\u0131\u015fmalar\u0131na kat\u0131labilir, \u00f6\u011frencilerimize dan\u0131\u015fmanl\u0131k ve rehberlik yapabilirler.<\/li>\n<li>Okulumuzda <strong>sergiler,<\/strong> <strong>konferanslar,<\/strong> <strong>paneller,<\/strong> <strong>bilim<\/strong> <strong>&#8211;<\/strong> <strong>sanat<\/strong> <strong>\u015fenlikleri, e\u011fitim fuarlar\u0131 <\/strong>ve <strong>s\u00f6yle\u015filer<\/strong> <strong>d\u00fczenlenir. <\/strong>D\u00fczenli olarak <strong>yazar imza g\u00fcnleri <\/strong>yap\u0131l\u0131r.<\/li>\n<\/ul>\n<p>\n<\/div><\/div><\/div><\/div><\/div><\/div><\/div><\/div><\/div><\/section><section id=\"bt_bb_section69d29099ace0b\"  class=\"bt_bb_section bt_bb_layout_boxed_1200\" ><div class=\"bt_bb_port\"><div class=\"bt_bb_cell\"><div class=\"bt_bb_cell_inner\"><div class=\"bt_bb_row \"  data-bt-override-class=\"{}\"><div class=\"bt_bb_row_holder\" ><div  class=\"bt_bb_column col-xxl-12 col-xl-12 bt_bb_vertical_align_top bt_bb_align_center bt_bb_padding_normal\" style=\"; --column-width:12;\" data-width=\"12\" data-bt-override-class=\"{}\"><div class=\"bt_bb_column_content\"><div class=\"bt_bb_column_content_inner\"><div class=\"bt_bb_separator bt_bb_border_style_none bt_bb_bottom_spacing_normal\" data-bt-override-class=\"null\"><\/div><div class=\"bt_bb_slider bt_bb_height_keep-height bt_bb_show_dots_bottom bt_bb_multiple_slides bt_bb_multiple_slides bt_bb_animation_slide animate\"><div class=\"slick-slider\"  data-slick='{ \"lazyLoad\": \"progressive\", \"cssEase\": \"ease-out\", \"speed\": \"300\", \"dots\": true, \"prevArrow\": \"\", \"nextArrow\": \"\",\"slidesToShow\": 4, \"autoplay\": true, \"autoplaySpeed\": 2000,\"slidesToShow\": 4, \"responsive\": [{ \"breakpoint\": 481, \"settings\": { \"slidesToShow\": 1, \"slidesToScroll\": 1 } },{ \"breakpoint\": 769, \"settings\": { \"slidesToShow\": 2, \"slidesToScroll\": 2 } },{ \"breakpoint\": 993, \"settings\": { \"slidesToShow\": 3, \"slidesToScroll\": 3 } },{ \"breakpoint\": 1201, \"settings\": { \"slidesToShow\": 4, \"slidesToScroll\": 4 } },{ \"breakpoint\": 1401, \"settings\": { \"slidesToShow\": 4, \"slidesToScroll\": 4 } }]}' ><div class=\"bt_bb_slider_item\" data-src-full=\"https:\/\/nesibeaydin.k12.tr\/web\/wp-content\/uploads\/2022\/01\/anasinifi_alt_slider-11.png\"><img src=\"https:\/\/nesibeaydin.k12.tr\/web\/wp-content\/uploads\/2022\/01\/anasinifi_alt_slider-11.png\" alt=\"anas\u0131n\u0131f\u0131_alt_slider-11\"  title=\"anas\u0131n\u0131f\u0131_alt_slider-11\"><\/div><div class=\"bt_bb_slider_item\" data-src-full=\"https:\/\/nesibeaydin.k12.tr\/web\/wp-content\/uploads\/2022\/01\/anasinifi_alt_slider-12.png\"><img src=\"https:\/\/nesibeaydin.k12.tr\/web\/wp-content\/uploads\/2022\/01\/anasinifi_alt_slider-12.png\" alt=\"anas\u0131n\u0131f\u0131_alt_slider-12\"  title=\"anas\u0131n\u0131f\u0131_alt_slider-12\"><\/div><div class=\"bt_bb_slider_item\" data-src-full=\"https:\/\/nesibeaydin.k12.tr\/web\/wp-content\/uploads\/2022\/01\/anasinifi_alt_slider-13.png\"><img src=\"https:\/\/nesibeaydin.k12.tr\/web\/wp-content\/uploads\/2022\/01\/anasinifi_alt_slider-13.png\" alt=\"anas\u0131n\u0131f\u0131_alt_slider-13\"  title=\"anas\u0131n\u0131f\u0131_alt_slider-13\"><\/div><div class=\"bt_bb_slider_item\" data-src-full=\"https:\/\/nesibeaydin.k12.tr\/web\/wp-content\/uploads\/2022\/01\/anasinifi_alt_slider-14.png\"><img src=\"https:\/\/nesibeaydin.k12.tr\/web\/wp-content\/uploads\/2022\/01\/anasinifi_alt_slider-14.png\" alt=\"anas\u0131n\u0131f\u0131_alt_slider-14\"  title=\"anas\u0131n\u0131f\u0131_alt_slider-14\"><\/div><div class=\"bt_bb_slider_item\" data-src-full=\"https:\/\/nesibeaydin.k12.tr\/web\/wp-content\/uploads\/2022\/01\/anasinifi_alt_slider-15.png\"><img src=\"https:\/\/nesibeaydin.k12.tr\/web\/wp-content\/uploads\/2022\/01\/anasinifi_alt_slider-15.png\" alt=\"anas\u0131n\u0131f\u0131_alt_slider-15\"  title=\"anas\u0131n\u0131f\u0131_alt_slider-15\"><\/div><div class=\"bt_bb_slider_item\" data-src-full=\"https:\/\/nesibeaydin.k12.tr\/web\/wp-content\/uploads\/2022\/01\/anasinifi_alt_slider-16.png\"><img src=\"https:\/\/nesibeaydin.k12.tr\/web\/wp-content\/uploads\/2022\/01\/anasinifi_alt_slider-16.png\" alt=\"anas\u0131n\u0131f\u0131_alt_slider-16\"  title=\"anas\u0131n\u0131f\u0131_alt_slider-16\"><\/div><div class=\"bt_bb_slider_item\" data-src-full=\"https:\/\/nesibeaydin.k12.tr\/web\/wp-content\/uploads\/2022\/01\/anasinifi_alt_slider-17.png\"><img src=\"https:\/\/nesibeaydin.k12.tr\/web\/wp-content\/uploads\/2022\/01\/anasinifi_alt_slider-17.png\" alt=\"anas\u0131n\u0131f\u0131_alt_slider-17\"  title=\"anas\u0131n\u0131f\u0131_alt_slider-17\"><\/div><\/div><\/div><div class=\"bt_bb_separator bt_bb_border_style_none bt_bb_bottom_spacing_normal\" data-bt-override-class=\"null\"><\/div><\/div><\/div><\/div><\/div><\/div><\/div><\/div><\/div><\/section><\/p>\n","protected":false},"excerpt":{"rendered":"","protected":false},"author":1,"featured_media":0,"parent":2042,"menu_order":0,"comment_status":"closed","ping_status":"closed","template":"","meta":[],"_links":{"self":[{"href":"https:\/\/nesibeaydin.k12.tr\/web\/wp-json\/wp\/v2\/pages\/4444"}],"collection":[{"href":"https:\/\/nesibeaydin.k12.tr\/web\/wp-json\/wp\/v2\/pages"}],"about":[{"href":"https:\/\/nesibeaydin.k12.tr\/web\/wp-json\/wp\/v2\/types\/page"}],"author":[{"embeddable":true,"href":"https:\/\/nesibeaydin.k12.tr\/web\/wp-json\/wp\/v2\/users\/1"}],"replies":[{"embeddable":true,"href":"https:\/\/nesibeaydin.k12.tr\/web\/wp-json\/wp\/v2\/comments?post=4444"}],"version-history":[{"count":24,"href":"https:\/\/nesibeaydin.k12.tr\/web\/wp-json\/wp\/v2\/pages\/4444\/revisions"}],"predecessor-version":[{"id":17045,"href":"https:\/\/nesibeaydin.k12.tr\/web\/wp-json\/wp\/v2\/pages\/4444\/revisions\/17045"}],"up":[{"embeddable":true,"href":"https:\/\/nesibeaydin.k12.tr\/web\/wp-json\/wp\/v2\/pages\/2042"}],"wp:attachment":[{"href":"https:\/\/nesibeaydin.k12.tr\/web\/wp-json\/wp\/v2\/media?parent=4444"}],"curies":[{"name":"wp","href":"https:\/\/api.w.org\/{rel}","templated":true}]}}