{"id":4573,"date":"2021-08-20T15:15:09","date_gmt":"2021-08-20T12:15:09","guid":{"rendered":"https:\/\/nesibeaydin.k12.tr\/web\/?page_id=4573"},"modified":"2021-12-17T17:09:00","modified_gmt":"2021-12-17T14:09:00","slug":"ortaokul-sosyal-etkinlikler-ve-ogrenci-kulupleri","status":"publish","type":"page","link":"https:\/\/nesibeaydin.k12.tr\/web\/okullarimiz\/ortaokul\/ortaokul-sosyal-etkinlikler-ve-ogrenci-kulupleri\/","title":{"rendered":"Sosyal Etkinlikler ve \u00d6\u011frenci Kul\u00fcpleri"},"content":{"rendered":"<p><section id=\"bt_bb_section69d2909a640d7\"  data-background_image_src=\"'https:\/\/nesibeaydin.k12.tr\/web\/wp-content\/uploads\/2021\/05\/WhatsApp-Image-2021-05-05-at-22.54.01.jpeg'\" class=\"bt_bb_section bt_bb_top_spacing_normal bt_bb_bottom_spacing_normal bt_bb_layout_boxed_1200 bt_bb_vertical_align_top btLazyLoadBackground bt_bb_background_image\" style=\"background-image:url(&#039;https:\/\/nesibeaydin.k12.tr\/web\/wp-content\/plugins\/bold-page-builder\/img\/blank.gif&#039;);\"><div class=\"bt_bb_port\"><div class=\"bt_bb_cell\"><div class=\"bt_bb_cell_inner\"><div class=\"bt_bb_row  bt_bb_shape_inherit\"  data-bt-override-class=\"{}\"><div class=\"bt_bb_row_holder\" ><div  class=\"bt_bb_column col-xxl-12 col-xl-12 col-xs-12 col-sm-12 col-md-12 col-lg-12 bt_bb_vertical_align_top bt_bb_align_left bt_bb_padding_normal bt_bb_shape_inherit\" style=\"; --column-width:12;\" data-width=\"12\" data-bt-override-class=\"{}\"><div class=\"bt_bb_column_content\"><div class=\"bt_bb_column_content_inner\"><div class=\"bt_bb_separator bt_bb_border_style_none bt_bb_top_spacing_large bt_bb_bottom_spacing_large\" data-bt-override-class=\"null\"><\/div><\/div><\/div><\/div><\/div><\/div><\/div><\/div><\/div><\/section><section id=\"bt_bb_section69d2909a64256\"  class=\"bt_bb_section bt_bb_top_spacing_small bt_bb_bottom_spacing_extra_small bt_bb_layout_boxed_1200 bt_bb_vertical_align_top\" ><div class=\"bt_bb_port\"><div class=\"bt_bb_cell\"><div class=\"bt_bb_cell_inner\"><div class=\"bt_bb_row  bt_bb_shape_inherit\"  data-bt-override-class=\"{}\"><div class=\"bt_bb_row_holder\" ><div  class=\"bt_bb_column col-xxl-12 col-xl-12 col-xs-12 col-sm-12 col-md-12 col-lg-12 bt_bb_vertical_align_top bt_bb_align_center bt_bb_padding_normal bt_bb_animation_fade_in animate bt_bb_shape_inherit\" style=\"; --column-width:12;\" data-width=\"12\" data-bt-override-class=\"{&quot;bt_bb_align_&quot;:{&quot;current_class&quot;:&quot;bt_bb_align_center&quot;,&quot;def&quot;:&quot;center&quot;,&quot;xl&quot;:&quot;center&quot;}}\"><div class=\"bt_bb_column_content\"><div class=\"bt_bb_column_content_inner\"><header class=\"bt_bb_headline bt_bb_color_scheme_5 bt_bb_dash_none bt_bb_size_medium bt_bb_align_center\" style=\"; --primary-color:#191919; --secondary-color:#ed2124;\" data-bt-override-class=\"{&quot;bt_bb_align_&quot;:{&quot;current_class&quot;:&quot;bt_bb_align_center&quot;,&quot;def&quot;:&quot;center&quot;,&quot;xl&quot;:&quot;center&quot;}}\"><h3 class=\"bt_bb_headline_tag\"><span class=\"bt_bb_headline_content\"><span>Sosyal Etkinlikler ve \u00d6\u011frenci Kul\u00fcpleri<\/span><\/span><\/h3><\/header><\/div><\/div><\/div><\/div><\/div><\/div><\/div><\/div><\/section><section id=\"bt_bb_section69d2909a643e3\"  class=\"bt_bb_section bt_bb_top_spacing_small bt_bb_bottom_spacing_medium bt_bb_layout_boxed_1200 bt_bb_vertical_align_top\" ><div class=\"bt_bb_port\"><div class=\"bt_bb_cell\"><div class=\"bt_bb_cell_inner\"><div class=\"bt_bb_row  bt_bb_shape_inherit\"  data-bt-override-class=\"{}\"><div class=\"bt_bb_row_holder\" ><div  class=\"bt_bb_column col-xxl-12 col-xl-12 col-xs-12 col-sm-12 col-md-12 col-lg-12 bt_bb_vertical_align_middle bt_bb_align_left bt_bb_padding_0 bt_bb_shape_inherit\" style=\"; --column-width:12;\" data-width=\"12\" data-bt-override-class=\"{&quot;bt_bb_align_&quot;:{&quot;current_class&quot;:&quot;bt_bb_align_left&quot;,&quot;def&quot;:&quot;left&quot;,&quot;xl&quot;:&quot;left&quot;}}\"><div class=\"bt_bb_column_content\"><div class=\"bt_bb_column_content_inner\"><div  class=\"bt_bb_text\" ><\/p>\n<p>Sosyal etkinlik ve kul\u00fcp \u00e7al\u0131\u015fmalar\u0131ndaki amac\u0131m\u0131z, \u00f6\u011frencilerimizin yeni ilgi alanlar\u0131 edinmeleri ya da var olan ilgi alanlar\u0131nda geli\u015fimlerini sa\u011flaman\u0131n yan\u0131 s\u0131ra, kendilerinin g\u00fcven ve sorumluluk duygular\u0131n\u0131 geli\u015ftirerek bedensel, zihinsel ve duygusal y\u00f6nden sa\u011fl\u0131kl\u0131 bireyler olarak yeti\u015fmelerini sa\u011flamakt\u0131r.<\/p>\n<p><strong>Sosyal etkinlik ve kul\u00fcp \u00e7al\u0131\u015fmalar\u0131 a\u015fa\u011f\u0131daki \u00e7er\u00e7evede y\u00fcr\u00fct\u00fcl\u00fcr:<\/strong><\/p>\n<ul>\n<li>Sosyal etkinlik ve kul\u00fcp \u00e7al\u0131\u015fmalar\u0131n\u0131n planlanmas\u0131 ve y\u00fcr\u00fct\u00fclmesinde; \u00f6\u011frencilerin ilgi, istek, yetenek ve ihtiya\u00e7lar\u0131 g\u00f6z \u00f6n\u00fcnde tutulur.<\/li>\n<li>\u00d6\u011frencilerimiz, d\u00f6nem ba\u015f\u0131nda <strong>se\u00e7tikleri kul\u00fcb\u00fcn <\/strong>\u00e7al\u0131\u015fmalar\u0131na, <strong>her hafta <\/strong>kat\u0131l\u0131rlar.<\/li>\n<li>\u00d6\u011frencilerimiz, <strong>sosyal <\/strong>ve <strong>k\u00fclt\u00fcrel <\/strong>ama\u00e7l\u0131 d\u00fczenlenen gezilere kat\u0131l\u0131rlar.<\/li>\n<li>Belirlenen g\u00fcnlerde, <strong>profesyonel <\/strong><strong>tiyatro topluluklar\u0131n\u0131n <\/strong>oyunlar\u0131, <strong>okulumuzun <\/strong>konferans salonunda sergilenir <em>(\u0130ngilizce veya T\u00fcrk\u00e7e)<\/em>.<\/li>\n<li>Sosyal etkinlik ve kul\u00fcp \u00e7al\u0131\u015fmalar\u0131nda, alan\u0131nda uzman \u00f6\u011fretmenler g\u00f6revlendirilir.<\/li>\n<li>G\u00f6n\u00fcll\u00fc velilerimiz de sosyal etkinlik projelerine kat\u0131labilir, \u00f6\u011frencilerimize dan\u0131\u015fmanl\u0131k ve rehberlik yapabilirler.<\/li>\n<li>Okulumuzda sergiler, konferanslar, paneller, bilim &#8211; sanat \u015fenlikleri, e\u011fitim fuarla- r\u0131, kongreler, s\u00f6yle\u015filer ve yazar imza g\u00fcnleri d\u00fczenlenir.<\/li>\n<li>Okulumuzda her ay d\u00fczenli olarak e\u011fitim program\u0131n\u0131 destekleyen sosyal etkinlikler d\u00fczenlenmektedir. <strong>Gezi &#8211; g\u00f6zlem <\/strong>\u00e7al\u0131\u015fmalar\u0131n\u0131 i\u00e7eren <strong>\u00e7evre gezileri, tiyatro, proje <\/strong><strong>\u00e7al\u0131\u015fmalar\u0131, laboratuvar \u00e7al\u0131\u015fmalar\u0131, mutfak etkinlikleri <\/strong> uygulamal\u0131 \u015fekilde y\u00fcr\u00fct\u00fclmektedir.<\/li>\n<li>\u00d6\u011frencimizin <strong>en az bir spor dal\u0131nda <\/strong><strong>lisans almas\u0131 i\u00e7in<\/strong>, <strong>Beden E\u011fitimi <\/strong>derslerinde sporda bran\u015fla\u015fmaya y\u00f6nelik \u00e7al\u0131\u015fmalar yap\u0131l\u0131r.<\/li>\n<li>M\u00fczik derslerinde her \u00f6\u011frencimiz, tercih etti\u011fi bir m\u00fczik aletini \u00e7almay\u0131 \u00f6\u011frenir ve bu alanda uzmanla\u015f\u0131r.<\/li>\n<\/ul>\n<ul>\n<li><strong>Hafta i\u00e7i ak\u015famlar\u0131 <\/strong>ve <strong>hafta sonu<\/strong>, ders d\u0131\u015f\u0131 etkinlikler kapsam\u0131nda; <strong>satran\u00e7<\/strong>, <strong>dans, <\/strong><strong>halk oyunlar\u0131, koro <\/strong>ve <strong>spor tak\u0131m\u0131 <\/strong>vb. \u00e7al\u0131\u015fmalar\u0131 yap\u0131l\u0131r.<\/li>\n<\/ul>\n<p>\n<\/div><\/div><\/div><\/div><\/div><\/div><div class=\"bt_bb_row  bt_bb_shape_inherit\"  data-bt-override-class=\"{}\"><div class=\"bt_bb_row_holder\" ><div  class=\"bt_bb_column col-xxl-12 col-xl-12 col-xs-12 col-sm-12 col-md-12 col-lg-12 bt_bb_vertical_align_top bt_bb_align_center bt_bb_padding_normal bt_bb_shape_inherit\" style=\"; --column-width:12;\" data-width=\"12\" data-bt-override-class=\"{&quot;bt_bb_align_&quot;:{&quot;current_class&quot;:&quot;bt_bb_align_center&quot;,&quot;def&quot;:&quot;center&quot;,&quot;xl&quot;:&quot;center&quot;}}\"><div class=\"bt_bb_column_content\"><div class=\"bt_bb_column_content_inner\"><div class=\"bt_bb_separator bt_bb_border_style_none bt_bb_top_spacing_small\" data-bt-override-class=\"null\"><\/div><div class=\"bt_bb_image bt_bb_shape_square bt_bb_align_inherit bt_bb_hover_style_simple bt_bb_content_display_always bt_bb_content_align_middle\"><span><img src = \"https:\/\/nesibeaydin.k12.tr\/web\/wp-content\/plugins\/bold-page-builder\/img\/blank.gif\" data-image_src=\"https:\/\/nesibeaydin.k12.tr\/web\/wp-content\/uploads\/2021\/05\/WhatsApp-Image-2021-05-04-at-23.47.32.jpeg\" title=\"WhatsApp Image 2021-05-04 at 23.47.32\" alt=\"https:\/\/nesibeaydin.k12.tr\/web\/wp-content\/uploads\/2021\/05\/WhatsApp-Image-2021-05-04-at-23.47.32.jpeg\" class=\"btLazyLoadImage\"><\/span><\/div><div class=\"bt_bb_separator bt_bb_border_style_none bt_bb_bottom_spacing_small\" data-bt-override-class=\"null\"><\/div><\/div><\/div><\/div><\/div><\/div><div class=\"bt_bb_row  bt_bb_shape_inherit\"  data-bt-override-class=\"{}\"><div class=\"bt_bb_row_holder\" ><div  class=\"bt_bb_column col-xxl-12 col-xl-12 col-xs-12 col-sm-12 col-md-12 col-lg-12 bt_bb_vertical_align_top bt_bb_align_center bt_bb_padding_normal\" style=\"; --column-width:12;\" data-width=\"12\" data-bt-override-class=\"{}\"><div class=\"bt_bb_column_content\"><div class=\"bt_bb_column_content_inner\"><div class=\"bt_bb_separator bt_bb_border_style_none bt_bb_bottom_spacing_normal\" data-bt-override-class=\"null\"><\/div><div class=\"bt_bb_slider bt_bb_height_half_screen bt_bb_show_dots_bottom bt_bb_multiple_slides bt_bb_multiple_slides bt_bb_animation_slide animate\"><div class=\"slick-slider\"  data-slick='{ \"lazyLoad\": \"progressive\", \"cssEase\": \"ease-out\", \"speed\": \"300\", \"adaptiveHeight\": true, \"dots\": true, \"prevArrow\": \"\", \"nextArrow\": \"\",\"slidesToShow\": 4, \"autoplay\": true, \"autoplaySpeed\": 2000,\"slidesToShow\": 4, \"responsive\": [{ \"breakpoint\": 481, \"settings\": { \"slidesToShow\": 1, \"slidesToScroll\": 1 } },{ \"breakpoint\": 769, \"settings\": { \"slidesToShow\": 2, \"slidesToScroll\": 2 } },{ \"breakpoint\": 993, \"settings\": { \"slidesToShow\": 3, \"slidesToScroll\": 3 } },{ \"breakpoint\": 1201, \"settings\": { \"slidesToShow\": 4, \"slidesToScroll\": 4 } },{ \"breakpoint\": 1401, \"settings\": { \"slidesToShow\": 4, \"slidesToScroll\": 4 } }]}' ><div class=\"bt_bb_slider_item\" style=\"background-image:url('https:\/\/nesibeaydin.k12.tr\/web\/wp-content\/uploads\/2018\/09\/portfolio_01.jpg')\" data-src-full=\"https:\/\/nesibeaydin.k12.tr\/web\/wp-content\/uploads\/2018\/09\/portfolio_01.jpg\"><\/div><div class=\"bt_bb_slider_item\" style=\"background-image:url('https:\/\/nesibeaydin.k12.tr\/web\/wp-content\/uploads\/2018\/09\/portfolio_05.jpg')\" data-src-full=\"https:\/\/nesibeaydin.k12.tr\/web\/wp-content\/uploads\/2018\/09\/portfolio_05.jpg\"><\/div><div class=\"bt_bb_slider_item\" style=\"background-image:url('https:\/\/nesibeaydin.k12.tr\/web\/wp-content\/uploads\/2018\/09\/portfolio_03.jpg')\" data-src-full=\"https:\/\/nesibeaydin.k12.tr\/web\/wp-content\/uploads\/2018\/09\/portfolio_03.jpg\"><\/div><div class=\"bt_bb_slider_item\" style=\"background-image:url('https:\/\/nesibeaydin.k12.tr\/web\/wp-content\/uploads\/2018\/09\/post_04.jpg')\" data-src-full=\"https:\/\/nesibeaydin.k12.tr\/web\/wp-content\/uploads\/2018\/09\/post_04.jpg\"><\/div><div class=\"bt_bb_slider_item\" style=\"background-image:url('https:\/\/nesibeaydin.k12.tr\/web\/wp-content\/uploads\/2018\/09\/post_03.jpg')\" data-src-full=\"https:\/\/nesibeaydin.k12.tr\/web\/wp-content\/uploads\/2018\/09\/post_03.jpg\"><\/div><div class=\"bt_bb_slider_item\" style=\"background-image:url('https:\/\/nesibeaydin.k12.tr\/web\/wp-content\/uploads\/2018\/09\/post_02.jpg')\" data-src-full=\"https:\/\/nesibeaydin.k12.tr\/web\/wp-content\/uploads\/2018\/09\/post_02.jpg\"><\/div><div class=\"bt_bb_slider_item\" style=\"background-image:url('https:\/\/nesibeaydin.k12.tr\/web\/wp-content\/uploads\/2018\/09\/post_01.jpg')\" data-src-full=\"https:\/\/nesibeaydin.k12.tr\/web\/wp-content\/uploads\/2018\/09\/post_01.jpg\"><\/div><\/div><\/div><div class=\"bt_bb_separator bt_bb_border_style_none bt_bb_bottom_spacing_normal\" data-bt-override-class=\"null\"><\/div><\/div><\/div><\/div><\/div><\/div><\/div><\/div><\/div><\/section><\/p>\n","protected":false},"excerpt":{"rendered":"","protected":false},"author":1,"featured_media":0,"parent":4541,"menu_order":0,"comment_status":"closed","ping_status":"closed","template":"","meta":[],"_links":{"self":[{"href":"https:\/\/nesibeaydin.k12.tr\/web\/wp-json\/wp\/v2\/pages\/4573"}],"collection":[{"href":"https:\/\/nesibeaydin.k12.tr\/web\/wp-json\/wp\/v2\/pages"}],"about":[{"href":"https:\/\/nesibeaydin.k12.tr\/web\/wp-json\/wp\/v2\/types\/page"}],"author":[{"embeddable":true,"href":"https:\/\/nesibeaydin.k12.tr\/web\/wp-json\/wp\/v2\/users\/1"}],"replies":[{"embeddable":true,"href":"https:\/\/nesibeaydin.k12.tr\/web\/wp-json\/wp\/v2\/comments?post=4573"}],"version-history":[{"count":3,"href":"https:\/\/nesibeaydin.k12.tr\/web\/wp-json\/wp\/v2\/pages\/4573\/revisions"}],"predecessor-version":[{"id":5032,"href":"https:\/\/nesibeaydin.k12.tr\/web\/wp-json\/wp\/v2\/pages\/4573\/revisions\/5032"}],"up":[{"embeddable":true,"href":"https:\/\/nesibeaydin.k12.tr\/web\/wp-json\/wp\/v2\/pages\/4541"}],"wp:attachment":[{"href":"https:\/\/nesibeaydin.k12.tr\/web\/wp-json\/wp\/v2\/media?parent=4573"}],"curies":[{"name":"wp","href":"https:\/\/api.w.org\/{rel}","templated":true}]}}