{"id":5716,"date":"2021-12-21T08:04:02","date_gmt":"2021-12-21T05:04:02","guid":{"rendered":"https:\/\/nesibeaydin.k12.tr\/web\/?page_id=5716"},"modified":"2022-01-13T14:50:39","modified_gmt":"2022-01-13T11:50:39","slug":"sikca-sorulan-sorular","status":"publish","type":"page","link":"https:\/\/nesibeaydin.k12.tr\/web\/okullarimiz\/lise\/uluslararasi-programlar\/sikca-sorulan-sorular\/","title":{"rendered":"S\u0131k\u00e7a Sorulan Sorular"},"content":{"rendered":"<p><section id=\"bt_bb_section69d291e64b4bb\"  class=\"bt_bb_section bt_bb_layout_boxed_1200 bt_bb_vertical_align_top bt_bb_hidden_xs bt_bb_hidden_ms bt_bb_hidden_sm\" ><div class=\"bt_bb_port\"><div class=\"bt_bb_cell\"><div class=\"bt_bb_cell_inner\"><div class=\"bt_bb_row  bt_bb_shape_inherit\"  data-bt-override-class=\"{}\"><div class=\"bt_bb_row_holder\" ><div  class=\"bt_bb_column col-xxl-12 col-xl-12 col-xs-12 col-sm-12 col-md-12 col-lg-12 bt_bb_vertical_align_top bt_bb_align_left bt_bb_padding_normal bt_bb_shape_inherit\" style=\"; --column-width:12;\" data-width=\"12\" data-bt-override-class=\"{}\"><div class=\"bt_bb_column_content\"><div class=\"bt_bb_column_content_inner\"><div  class=\"bt_bb_text\" >\n\t\t\t<!-- START uluslararasi REVOLUTION SLIDER 6.6.12 --><p class=\"rs-p-wp-fix\"><\/p>\n\t\t\t<rs-module-wrap id=\"rev_slider_19_1_wrapper\" data-source=\"gallery\" style=\"visibility:hidden;background:transparent;padding:0;margin:0px auto;margin-top:0;margin-bottom:0;\">\n\t\t\t\t<rs-module id=\"rev_slider_19_1\" style=\"\" data-version=\"6.6.12\">\n\t\t\t\t\t<rs-slides style=\"overflow: hidden; position: absolute;\">\n\t\t\t\t\t\t<rs-slide style=\"position: absolute;\" data-key=\"rs-22\" data-title=\"Slide\" data-seoz=\"front\" data-anim=\"adpr:false;\" data-in=\"o:0;\" data-out=\"a:false;\">\n\t\t\t\t\t\t\t<img src=\"\/\/nesibeaydin.k12.tr\/web\/wp-content\/plugins\/revslider\/public\/assets\/assets\/dummy.png\" alt=\"Slide\" title=\"S\u0131k\u00e7a Sorulan Sorular\" class=\"rev-slidebg tp-rs-img rs-lazyload\" data-lazyload=\"\/\/nesibeaydin.k12.tr\/web\/wp-content\/plugins\/revslider\/public\/assets\/assets\/transparent.png\" data-no-retina>\n<!--\n\t\t\t\t\t\t\t--><rs-layer\n\t\t\t\t\t\t\t\tid=\"slider-19-slide-22-layer-1\" \n\t\t\t\t\t\t\t\tdata-type=\"image\"\n\t\t\t\t\t\t\t\tdata-rsp_ch=\"on\"\n\t\t\t\t\t\t\t\tdata-xy=\"x:c;\"\n\t\t\t\t\t\t\t\tdata-text=\"w:normal;s:20,25,25,25;l:0,31,31,31;\"\n\t\t\t\t\t\t\t\tdata-dim=\"w:1330px,1662px,1662px,1662px;h:300px,375px,375px,375px;\"\n\t\t\t\t\t\t\t\tdata-frame_999=\"o:0;st:w;\"\n\t\t\t\t\t\t\t\tstyle=\"z-index:5;\"\n\t\t\t\t\t\t\t><img src=\"\/\/nesibeaydin.k12.tr\/web\/wp-content\/plugins\/revslider\/public\/assets\/assets\/dummy.png\" alt=\"\" class=\"tp-rs-img rs-lazyload\" width=\"1330\" height=\"300\" data-lazyload=\"\/\/nesibeaydin.k12.tr\/web\/wp-content\/uploads\/2021\/12\/1-slider2_C\u0327al\u0131s\u0327ma Yu\u0308zeyi 1 kopya 4.png\" data-no-retina> \n\t\t\t\t\t\t\t<\/rs-layer><!--\n-->\t\t\t\t\t\t<\/rs-slide>\n\t\t\t\t\t<\/rs-slides>\n\t\t\t\t<\/rs-module>\n\t\t\t\t<script>\n\t\t\t\t\tsetREVStartSize({c: 'rev_slider_19_1',rl:[1240,1024,1024,1024],el:[280,768,768,768],gw:[1024,1280,1280,1280],gh:[280,300,300,300],type:'hero',justify:'',layout:'fullwidth',mh:\"0\"});if (window.RS_MODULES!==undefined && window.RS_MODULES.modules!==undefined && window.RS_MODULES.modules[\"revslider191\"]!==undefined) {window.RS_MODULES.modules[\"revslider191\"].once = false;window.revapi19 = undefined;if (window.RS_MODULES.checkMinimal!==undefined) window.RS_MODULES.checkMinimal()}\n\t\t\t\t<\/script>\n\t\t\t<\/rs-module-wrap>\n\t\t\t<!-- END REVOLUTION SLIDER -->\n<\/div><\/div><\/div><\/div><\/div><\/div><\/div><\/div><\/div><\/section><section id=\"bt_bb_section69d291e64d7fb\"  class=\"bt_bb_section bt_bb_layout_boxed_1200 bt_bb_vertical_align_top bt_bb_hidden_md bt_bb_hidden_lg\" ><div class=\"bt_bb_port\"><div class=\"bt_bb_cell\"><div class=\"bt_bb_cell_inner\"><div class=\"bt_bb_row  bt_bb_shape_inherit\"  data-bt-override-class=\"{}\"><div class=\"bt_bb_row_holder\" ><div  class=\"bt_bb_column col-xxl-12 col-xl-12 col-xs-12 col-sm-12 col-md-12 col-lg-12 bt_bb_vertical_align_top bt_bb_align_left bt_bb_padding_normal bt_bb_shape_inherit\" style=\"; --column-width:12;\" data-width=\"12\" data-bt-override-class=\"{}\"><div class=\"bt_bb_column_content\"><div class=\"bt_bb_column_content_inner\"><div  class=\"bt_bb_text\" >\n\t\t\t<!-- START uluslararasimobil REVOLUTION SLIDER 6.6.12 --><p class=\"rs-p-wp-fix\"><\/p>\n\t\t\t<rs-module-wrap id=\"rev_slider_39_2_wrapper\" data-source=\"gallery\" style=\"visibility:hidden;background:transparent;padding:0;margin:0px auto;margin-top:0;margin-bottom:0;\">\n\t\t\t\t<rs-module id=\"rev_slider_39_2\" style=\"\" data-version=\"6.6.12\">\n\t\t\t\t\t<rs-slides style=\"overflow: hidden; position: absolute;\">\n\t\t\t\t\t\t<rs-slide style=\"position: absolute;\" data-key=\"rs-42\" data-title=\"Slide\" data-seoz=\"front\" data-anim=\"adpr:false;\" data-in=\"o:0;\" data-out=\"a:false;\">\n\t\t\t\t\t\t\t<img src=\"\/\/nesibeaydin.k12.tr\/web\/wp-content\/plugins\/revslider\/public\/assets\/assets\/dummy.png\" alt=\"Slide\" title=\"S\u0131k\u00e7a Sorulan Sorular\" class=\"rev-slidebg tp-rs-img rs-lazyload\" data-lazyload=\"\/\/nesibeaydin.k12.tr\/web\/wp-content\/plugins\/revslider\/public\/assets\/assets\/transparent.png\" data-no-retina>\n<!--\n\t\t\t\t\t\t\t--><rs-layer\n\t\t\t\t\t\t\t\tid=\"slider-39-slide-42-layer-0\" \n\t\t\t\t\t\t\t\tdata-type=\"image\"\n\t\t\t\t\t\t\t\tdata-rsp_ch=\"on\"\n\t\t\t\t\t\t\t\tdata-xy=\"x:c;\"\n\t\t\t\t\t\t\t\tdata-text=\"w:normal;s:20,20,9,9;l:0,0,11,11;\"\n\t\t\t\t\t\t\t\tdata-dim=\"w:1031px,1031px,483px,483px;h:897px,897px,420px,420px;\"\n\t\t\t\t\t\t\t\tdata-frame_999=\"o:0;st:w;\"\n\t\t\t\t\t\t\t\tstyle=\"z-index:5;\"\n\t\t\t\t\t\t\t><img src=\"\/\/nesibeaydin.k12.tr\/web\/wp-content\/plugins\/revslider\/public\/assets\/assets\/dummy.png\" alt=\"\" class=\"tp-rs-img rs-lazyload\" width=\"1080\" height=\"940\" data-lazyload=\"\/\/nesibeaydin.k12.tr\/web\/wp-content\/uploads\/2022\/01\/1-site_ici_mobil_slider_C\u0327al\u0131s\u0327ma Yu\u0308zeyi 1 kopya 28.png\" data-no-retina> \n\t\t\t\t\t\t\t<\/rs-layer><!--\n-->\t\t\t\t\t\t<\/rs-slide>\n\t\t\t\t\t<\/rs-slides>\n\t\t\t\t<\/rs-module>\n\t\t\t\t<script>\n\t\t\t\t\tsetREVStartSize({c: 'rev_slider_39_2',rl:[1240,1240,778,480],el:[280,280,960,720],gw:[1024,1024,480,480],gh:[280,280,480,480],type:'hero',justify:'',layout:'fullwidth',mh:\"0\"});if (window.RS_MODULES!==undefined && window.RS_MODULES.modules!==undefined && window.RS_MODULES.modules[\"revslider392\"]!==undefined) {window.RS_MODULES.modules[\"revslider392\"].once = false;window.revapi39 = undefined;if (window.RS_MODULES.checkMinimal!==undefined) window.RS_MODULES.checkMinimal()}\n\t\t\t\t<\/script>\n\t\t\t<\/rs-module-wrap>\n\t\t\t<!-- END REVOLUTION SLIDER -->\n<\/div><\/div><\/div><\/div><\/div><\/div><\/div><\/div><\/div><\/section><section id=\"bt_bb_section69d291e64e07c\"  class=\"bt_bb_section bt_bb_top_spacing_small bt_bb_bottom_spacing_extra_small bt_bb_layout_boxed_1200 bt_bb_vertical_align_top\" ><div class=\"bt_bb_port\"><div class=\"bt_bb_cell\"><div class=\"bt_bb_cell_inner\"><div class=\"bt_bb_row  bt_bb_shape_inherit\"  data-bt-override-class=\"{}\"><div class=\"bt_bb_row_holder\" ><div  class=\"bt_bb_column col-xxl-12 col-xl-12 col-xs-12 col-sm-12 col-md-12 col-lg-12 bt_bb_vertical_align_top bt_bb_align_center bt_bb_padding_normal bt_bb_animation_fade_in animate bt_bb_shape_inherit\" style=\"; --column-width:12;\" data-width=\"12\" data-bt-override-class=\"{&quot;bt_bb_align_&quot;:{&quot;current_class&quot;:&quot;bt_bb_align_center&quot;,&quot;def&quot;:&quot;center&quot;,&quot;xl&quot;:&quot;center&quot;}}\"><div class=\"bt_bb_column_content\"><div class=\"bt_bb_column_content_inner\"><header class=\"bt_bb_headline bt_bb_color_scheme_5 bt_bb_dash_none bt_bb_size_medium bt_bb_align_center\" style=\"; --primary-color:#191919; --secondary-color:#ed2124;\" data-bt-override-class=\"{&quot;bt_bb_align_&quot;:{&quot;current_class&quot;:&quot;bt_bb_align_center&quot;,&quot;def&quot;:&quot;center&quot;,&quot;xl&quot;:&quot;center&quot;}}\"><h3 class=\"bt_bb_headline_tag\"><span class=\"bt_bb_headline_content\"><span>S\u0131k\u00e7a Sorulan Sorular<\/span><\/span><\/h3><\/header><\/div><\/div><\/div><\/div><\/div><\/div><\/div><\/div><\/section><section id=\"bt_bb_section69d291e64e202\"  class=\"bt_bb_section bt_bb_top_spacing_small bt_bb_bottom_spacing_medium bt_bb_layout_boxed_1200 bt_bb_vertical_align_top\" ><div class=\"bt_bb_port\"><div class=\"bt_bb_cell\"><div class=\"bt_bb_cell_inner\"><div class=\"bt_bb_row \"  data-bt-override-class=\"{}\"><div class=\"bt_bb_row_holder\" ><div  class=\"bt_bb_column col-xxl-12 col-xl-12 col-xs-12 col-sm-12 col-md-12 col-lg-12 bt_bb_vertical_align_middle bt_bb_align_left bt_bb_padding_0 bt_bb_shape_inherit\" style=\"; --column-width:12;\" data-width=\"12\" data-bt-override-class=\"{&quot;bt_bb_align_&quot;:{&quot;current_class&quot;:&quot;bt_bb_align_left&quot;,&quot;def&quot;:&quot;left&quot;,&quot;xl&quot;:&quot;left&quot;}}\"><div class=\"bt_bb_column_content\"><div class=\"bt_bb_column_content_inner\"><div  class=\"bt_bb_text\" ><\/p>\n<ul>\n<li><strong>IGCSE program\u0131 9 ve 10. s\u0131n\u0131fta uyguland\u0131\u011f\u0131 halde \u00fcniversite yerle\u015ftirmelerinde bir <\/strong><strong><strong>avantaj sa\u011flar m\u0131?<br \/>\n<\/strong><\/strong>Bir\u00e7ok uluslararas\u0131 \u00fcniversite, aday \u00f6\u011frencinin IGCSE s\u0131nav\u0131ndan A* ve A puan\u0131 elde etmi\u015f olmas\u0131n\u0131 \u00f6nemsemektedir. \u00d6rne\u011fin baz\u0131 \u00fcniversitelerde be\u015f veya alt\u0131 IGCSE dersinden al\u0131nan puanlar, IBDP\u2019den bir ileri seviye dersten al\u0131nan puana denk gelmektedir.<\/li>\n<li><strong>9 ve 10. s\u0131n\u0131fta uygulanan IGCSE program\u0131, MEB m\u00fcfredat\u0131 ile ne kadar uyumlu?<\/strong><\/li>\n<li>\u0130\u00e7erik ve kazan\u0131m a\u00e7\u0131s\u0131ndan bir\u00e7ok ortak y\u00f6n bulunsa da IGCSE program\u0131, kavramsal \u00f6\u011frenme odakl\u0131 oldu\u011fu i\u00e7in de\u011ferlendirme a\u00e7\u0131s\u0131ndan MEB sistemine g\u00f6re biraz daha farkl\u0131d\u0131r. MEB sisteminde \u00f6\u011frenciler \u00e7oktan se\u00e7meli sorularla kar\u015f\u0131la\u015f\u0131rken, IGCSE sisteminde a\u00e7\u0131k u\u00e7lu soru ve kriter bazl\u0131 de\u011ferlendirme ile kar\u015f\u0131la\u015f\u0131rlar.<\/li>\n<li><strong>IGCSE program\u0131ndaki \u00f6\u011frenciler, ulusal deneme s\u0131navlar\u0131n\u0131 da takip edecekler mi?<\/strong><br \/>\nIGCSE program\u0131 \u00f6\u011frencileri Anadolu ve Fen Lisesi \u00f6\u011frencilerinin girdikleri \u00e7oktan se\u00e7meli s\u0131navlara girmeyecek, ancak ayn\u0131 tarihte yap\u0131lacak olan ve program\u0131n de\u011ferlendirme sistemine uygun olarak haz\u0131rlanm\u0131\u015f IGCSE Deneme S\u0131navlar\u0131na gireceklerdir.<\/li>\n<li><strong>\u00d6\u011frencim, 10. s\u0131n\u0131f\u0131n sonunda ulusal programa ge\u00e7mek isterse bir kayb\u0131 olacak m\u0131?<\/strong><br \/>\nIGCSE program\u0131na ba\u015flayan \u00f6\u011frencilerimiz 11 ve 12. s\u0131n\u0131fta gerekli \u015fartlar\u0131 sa\u011flama durumunda IBDP\u2019ye devam edecektir. IGCSE m\u00fcfredat\u0131, ne kadar MEB kazan\u0131mlar\u0131 ile desteklenmeye \u00e7al\u0131\u015f\u0131lsa da ulusal programa ge\u00e7ilme durumunda, de\u011ferlendirme sisteminin farkl\u0131l\u0131\u011f\u0131 sebebiyle \u00f6\u011frencimizin zorluk ya\u015famas\u0131 \u00f6n g\u00f6r\u00fclebilir.<\/li>\n<li><strong>IBDP \u00f6\u011frencisi, 11 ve 12. s\u0131n\u0131fta herhangi bir dersten ba\u015far\u0131s\u0131z olur ve diploma alamazsa <\/strong><strong>ba\u015far\u0131s\u0131z oldu\u011fu dersten tekrar s\u0131nava girebilir mi?<\/strong><br \/>\nHerhangi bir dersten ba\u015far\u0131s\u0131z oldu\u011fu ya da diploma ko\u015fullar\u0131ndan bir ya da birka\u00e7\u0131n\u0131 yerine getirmedi\u011fi i\u00e7in diploma alamayan \u00f6\u011frenciler, ilk s\u0131nav d\u00f6nemini takip eden Kas\u0131m ve\/veya May\u0131s aylar\u0131nda yap\u0131lan s\u0131navlara girerek, ba\u015far\u0131l\u0131 olmalar\u0131 durumunda, diploma almaya hak kazan\u0131rlar.<\/li>\n<li><strong>IBDP \u00f6\u011frencilerinin alabilece\u011fi en y\u00fcksek diploma puan\u0131 ka\u00e7t\u0131r?<\/strong><br \/>\nIB program\u0131nda en y\u00fcksek diploma puan\u0131 45\u2019tir. Derslerden al\u0131nabilecek en y\u00fcksek not 7, en d\u00fc\u015f\u00fck not ise 1\u2019dir. Bitirme Tezi ve Bilgi Kuram\u0131 tezlerinden al\u0131nacak y\u00fcksek notlar da \u00f6\u011frencinin ortalamas\u0131na en \u00e7ok 3 puan olarak eklenir. Bu durumda 6 dersten 7 ve tezlerden de y\u00fcksek ba\u015far\u0131 elde eden \u00f6\u011frenci en fazla 45 puan alabilir.<\/li>\n<li><strong>IB diplomas\u0131 sahibi olmak i\u00e7in al\u0131nmas\u0131 gereken en d\u00fc\u015f\u00fck puan ka\u00e7t\u0131r?<\/strong><br \/>\n\u00d6\u011frencinin IB diplomas\u0131 alabilmesi i\u00e7in en az 24 puan alm\u0131\u015f olmas\u0131 gerekir. Ancak, 24 puan ald\u0131\u011f\u0131 halde, diploma program\u0131n\u0131n t\u00fcm gerekliliklerini yerine getirmeyen \u00f6\u011frenciler diploma alamazlar.<\/li>\n<li><strong>IB diplomas\u0131 yurt i\u00e7indeki \u00fcniversitelerde \u00f6\u011frencilere bir ayr\u0131cal\u0131k sa\u011fl\u0131yor mu?<\/strong><br \/>\nVak\u0131f \u00fcniversitelerinin \u00e7o\u011fu, IB diploma puan\u0131na g\u00f6re \u00f6\u011frencilere belli oranlarda burs ya da b\u00f6l\u00fcm de\u011fi\u015ftirme olana\u011f\u0131 sa\u011flamaktad\u0131r. \u00d6n\u00fcm\u00fczdeki y\u0131llarda yap\u0131lacak d\u00fczenlemelerle yurt i\u00e7indeki devlet \u00fcniversitelerinin de IB diplomas\u0131 ile \u00f6\u011frenci almaya ba\u015flamas\u0131 planlanmaktad\u0131r.<\/li>\n<li><strong>IBDP \u00f6\u011frencileri Milli E\u011fitim M\u00fcfredat\u0131ndan farkl\u0131 bir m\u00fcfredat m\u0131 g\u00f6r\u00fcr?<\/strong><br \/>\nIBDP ders programlar\u0131yla Milli E\u011fitim ders programlar\u0131 aras\u0131nda pek \u00e7ok benzerlik olsa da yakla\u015f\u0131m olarak \u00f6nemli farkl\u0131l\u0131klar vard\u0131r. IBDP program\u0131, Edebiyat dersinde, edebi analiz yapabilme; Matematik dersinde, ispat yapabilme; Fen derslerinde, deney raporu yazabilme; Sosyal Bilim derslerinde, uzun raporlar yazabilme gibi gerekliliklere sahiptir.<\/li>\n<li><strong>IB program\u0131nda \u00f6\u011frenim g\u00f6ren bir \u00f6\u011frencinin dikkat etmesi gereken en \u00f6nemli konu nedir?<\/strong><br \/>\nIB \u00f6\u011frencisi kesinlikle sorumluluklar\u0131n\u0131n bilincinde olmal\u0131d\u0131r. Bu program\u0131n en \u00f6nemli \u015fart\u0131, \u00f6\u011frencinin ne yapmas\u0131 gerekti\u011fini iyi bilmesi ve kendisine verilen tarihleri aksatmadan \u00f6dev ve projelerini teslim etmesidir. \u00d6\u011frenci, t\u00fcm \u00f6dev, proje ve i\u00e7 de\u011ferlendirmede akademik d\u00fcr\u00fcstl\u00fck kurallar\u0131na uymay\u0131 ilke edinmeli, emin olmad\u0131\u011f\u0131 veya teredd\u00fct etti\u011fi konularda IB Koordinat\u00f6r\u00fcnden bilgi almal\u0131d\u0131r.<\/li>\n<li><strong>Yurt d\u0131\u015f\u0131 \u00fcniversite ba\u015fvurular\u0131, mezun olunan ilk y\u0131ldan sonra da yap\u0131labilir mi?<\/strong><br \/>\nBu sorunun yan\u0131t\u0131, ba\u015fvurmak istenilen \u00fcniversiteye g\u00f6re farkl\u0131l\u0131k g\u00f6stermektedir. Baz\u0131 \u00fcniversiteler, IB \u00f6\u011frencilerine ayr\u0131cal\u0131k ve \u00f6ncelikleri mezun olunan y\u0131lda verirken, baz\u0131 \u00fcniversiteler, IB diploma puan\u0131n\u0131 her y\u0131l i\u00e7in de\u011ferlendirmeye al\u0131rlar.<\/li>\n<li><strong>Almanya \u00fcniversite ba\u015fvurular\u0131nda IB diplomas\u0131 kullan\u0131labiliyor mu?<\/strong><br \/>\nAlman h\u00fck\u00fcmetine ba\u011fl\u0131 Almanya K\u00fclt\u00fcr Bakanlar\u0131 Konferans\u0131 (KMK) Almanya\u2019da y\u00fcksek\u00f6\u011frenime devam etmek isteyen \u00f6\u011frencilerimizin, baz\u0131 ba\u015fka \u015fartlar\u0131 da yerine getirmeleri ko\u015fuluyla (gerekli Almanca d\u00fczeyi, okumay\u0131 hedefledikleri b\u00f6l\u00fcmleri YKS ile kazanmak, lise diploma notu ba\u015far\u0131s\u0131 vb.) IB diplomalar\u0131n\u0131 kabul etmektedir.<\/li>\n<\/ul>\n<p>\n<\/div><\/div><\/div><\/div><\/div><\/div><div class=\"bt_bb_row \"  data-bt-override-class=\"{}\"><div class=\"bt_bb_row_holder\" ><div  class=\"bt_bb_column col-xxl-6 col-xl-6 col-xs-6 col-sm-6 col-md-6 col-lg-6 bt_bb_vertical_align_middle bt_bb_align_left bt_bb_padding_0 bt_bb_shape_inherit\" style=\"; --column-width:6;\" data-width=\"6\" data-bt-override-class=\"{&quot;bt_bb_align_&quot;:{&quot;current_class&quot;:&quot;bt_bb_align_left&quot;,&quot;def&quot;:&quot;left&quot;,&quot;xl&quot;:&quot;left&quot;}}\"><div class=\"bt_bb_column_content\"><div class=\"bt_bb_column_content_inner\"><div class=\"bt_bb_image bt_bb_shape_square bt_bb_align_inherit bt_bb_hover_style_simple bt_bb_content_display_always bt_bb_content_align_middle\"><span><img src = \"https:\/\/nesibeaydin.k12.tr\/web\/wp-content\/plugins\/bold-page-builder\/img\/blank.gif\" data-image_src=\"https:\/\/nesibeaydin.k12.tr\/web\/wp-content\/uploads\/2021\/12\/SSS-18.png\" title=\"SSS-18\" alt=\"https:\/\/nesibeaydin.k12.tr\/web\/wp-content\/uploads\/2021\/12\/SSS-18.png\" class=\"btLazyLoadImage\"><\/span><\/div><\/div><\/div><\/div><div  class=\"bt_bb_column col-xxl-6 col-xl-6 col-xs-6 col-sm-6 col-md-6 col-lg-6 bt_bb_vertical_align_middle bt_bb_align_left bt_bb_padding_0 bt_bb_shape_inherit\" style=\"; --column-width:6;\" data-width=\"6\" data-bt-override-class=\"{&quot;bt_bb_align_&quot;:{&quot;current_class&quot;:&quot;bt_bb_align_left&quot;,&quot;def&quot;:&quot;left&quot;,&quot;xl&quot;:&quot;left&quot;}}\"><div class=\"bt_bb_column_content\"><div class=\"bt_bb_column_content_inner\"><div class=\"bt_bb_image bt_bb_shape_square bt_bb_align_inherit bt_bb_hover_style_simple bt_bb_content_display_always bt_bb_content_align_middle\"><span><img src = \"https:\/\/nesibeaydin.k12.tr\/web\/wp-content\/plugins\/bold-page-builder\/img\/blank.gif\" data-image_src=\"https:\/\/nesibeaydin.k12.tr\/web\/wp-content\/uploads\/2021\/12\/SSS-19.png\" title=\"SSS-19\" alt=\"https:\/\/nesibeaydin.k12.tr\/web\/wp-content\/uploads\/2021\/12\/SSS-19.png\" class=\"btLazyLoadImage\"><\/span><\/div><\/div><\/div><\/div><\/div><\/div><div class=\"bt_bb_row \"  data-bt-override-class=\"{}\"><div class=\"bt_bb_row_holder\" ><div  class=\"bt_bb_column col-xxl-12 col-xl-12 col-xs-12 col-sm-12 col-md-12 col-lg-12 bt_bb_vertical_align_middle bt_bb_align_left bt_bb_padding_0 bt_bb_shape_inherit\" style=\"; --column-width:12;\" data-width=\"12\" data-bt-override-class=\"{&quot;bt_bb_align_&quot;:{&quot;current_class&quot;:&quot;bt_bb_align_left&quot;,&quot;def&quot;:&quot;left&quot;,&quot;xl&quot;:&quot;left&quot;}}\"><div class=\"bt_bb_column_content\"><div class=\"bt_bb_column_content_inner\"><div class=\"bt_bb_image bt_bb_shape_square bt_bb_align_inherit bt_bb_hover_style_simple bt_bb_content_display_always bt_bb_content_align_middle\"><span><img src = \"https:\/\/nesibeaydin.k12.tr\/web\/wp-content\/plugins\/bold-page-builder\/img\/blank.gif\" data-image_src=\"https:\/\/nesibeaydin.k12.tr\/web\/wp-content\/uploads\/2021\/12\/SSS-20.png\" title=\"SSS-20\" alt=\"https:\/\/nesibeaydin.k12.tr\/web\/wp-content\/uploads\/2021\/12\/SSS-20.png\" class=\"btLazyLoadImage\"><\/span><\/div><\/div><\/div><\/div><\/div><\/div><div class=\"bt_bb_row \"  data-bt-override-class=\"{}\"><div class=\"bt_bb_row_holder\" ><div  class=\"bt_bb_column col-xxl-12 col-xl-12 bt_bb_vertical_align_top bt_bb_align_center bt_bb_padding_normal\" style=\"; --column-width:12;\" data-width=\"12\" data-bt-override-class=\"{}\"><div class=\"bt_bb_column_content\"><div class=\"bt_bb_column_content_inner\"><div class=\"bt_bb_separator bt_bb_border_style_none bt_bb_bottom_spacing_normal\" data-bt-override-class=\"null\"><\/div><div class=\"bt_bb_slider bt_bb_height_keep-height bt_bb_show_dots_bottom bt_bb_multiple_slides bt_bb_multiple_slides bt_bb_animation_slide animate\"><div class=\"slick-slider\"  data-slick='{ \"lazyLoad\": \"progressive\", \"cssEase\": \"ease-out\", \"speed\": \"300\", \"dots\": true, \"prevArrow\": \"\", \"nextArrow\": \"\",\"slidesToShow\": 4, \"autoplay\": true, \"autoplaySpeed\": 2000,\"slidesToShow\": 4, \"responsive\": [{ \"breakpoint\": 481, \"settings\": { \"slidesToShow\": 1, \"slidesToScroll\": 1 } },{ \"breakpoint\": 769, \"settings\": { \"slidesToShow\": 2, \"slidesToScroll\": 2 } },{ \"breakpoint\": 993, \"settings\": { \"slidesToShow\": 3, \"slidesToScroll\": 3 } },{ \"breakpoint\": 1201, \"settings\": { \"slidesToShow\": 4, \"slidesToScroll\": 4 } },{ \"breakpoint\": 1401, \"settings\": { \"slidesToShow\": 4, \"slidesToScroll\": 4 } }]}' ><div class=\"bt_bb_slider_item\" data-src-full=\"https:\/\/nesibeaydin.k12.tr\/web\/wp-content\/uploads\/2022\/01\/Lise-slider-3.png\"><img src=\"https:\/\/nesibeaydin.k12.tr\/web\/wp-content\/uploads\/2022\/01\/Lise-slider-3.png\" alt=\"Lise-slider-3\"  title=\"Lise-slider-3\"><\/div><div class=\"bt_bb_slider_item\" data-src-full=\"https:\/\/nesibeaydin.k12.tr\/web\/wp-content\/uploads\/2022\/01\/Lise-slider-1.png\"><img src=\"https:\/\/nesibeaydin.k12.tr\/web\/wp-content\/uploads\/2022\/01\/Lise-slider-1.png\" alt=\"Lise-slider-1\"  title=\"Lise-slider-1\"><\/div><div class=\"bt_bb_slider_item\" data-src-full=\"https:\/\/nesibeaydin.k12.tr\/web\/wp-content\/uploads\/2022\/01\/Lise-slider-2.png\"><img src=\"https:\/\/nesibeaydin.k12.tr\/web\/wp-content\/uploads\/2022\/01\/Lise-slider-2.png\" alt=\"Lise-slider-2\"  title=\"Lise-slider-2\"><\/div><div class=\"bt_bb_slider_item\" data-src-full=\"https:\/\/nesibeaydin.k12.tr\/web\/wp-content\/uploads\/2021\/12\/slider_alt-16-1.png\"><img src=\"https:\/\/nesibeaydin.k12.tr\/web\/wp-content\/uploads\/2021\/12\/slider_alt-16-1.png\" alt=\"slider_alt-16\"  title=\"slider_alt-16\"><\/div><div class=\"bt_bb_slider_item\" data-src-full=\"https:\/\/nesibeaydin.k12.tr\/web\/wp-content\/uploads\/2021\/12\/slider_alt-19.png\"><img src=\"https:\/\/nesibeaydin.k12.tr\/web\/wp-content\/uploads\/2021\/12\/slider_alt-19.png\" alt=\"slider_alt-19\"  title=\"slider_alt-19\"><\/div><div class=\"bt_bb_slider_item\" data-src-full=\"https:\/\/nesibeaydin.k12.tr\/web\/wp-content\/uploads\/2022\/01\/Lise-slider-4.png\"><img src=\"https:\/\/nesibeaydin.k12.tr\/web\/wp-content\/uploads\/2022\/01\/Lise-slider-4.png\" alt=\"Lise-slider-4\"  title=\"Lise-slider-4\"><\/div><div class=\"bt_bb_slider_item\" data-src-full=\"https:\/\/nesibeaydin.k12.tr\/web\/wp-content\/uploads\/2021\/12\/slider_alt-17-1.png\"><img src=\"https:\/\/nesibeaydin.k12.tr\/web\/wp-content\/uploads\/2021\/12\/slider_alt-17-1.png\" alt=\"slider_alt-17\"  title=\"slider_alt-17\"><\/div><div class=\"bt_bb_slider_item\" data-src-full=\"https:\/\/nesibeaydin.k12.tr\/web\/wp-content\/uploads\/2021\/12\/slider_alt-18.png\"><img src=\"https:\/\/nesibeaydin.k12.tr\/web\/wp-content\/uploads\/2021\/12\/slider_alt-18.png\" alt=\"slider_alt-18\"  title=\"slider_alt-18\"><\/div><\/div><\/div><div class=\"bt_bb_separator bt_bb_border_style_none bt_bb_bottom_spacing_normal\" data-bt-override-class=\"null\"><\/div><\/div><\/div><\/div><\/div><\/div><\/div><\/div><\/div><\/section><\/p>\n","protected":false},"excerpt":{"rendered":"","protected":false},"author":1,"featured_media":0,"parent":5413,"menu_order":0,"comment_status":"closed","ping_status":"closed","template":"","meta":[],"_links":{"self":[{"href":"https:\/\/nesibeaydin.k12.tr\/web\/wp-json\/wp\/v2\/pages\/5716"}],"collection":[{"href":"https:\/\/nesibeaydin.k12.tr\/web\/wp-json\/wp\/v2\/pages"}],"about":[{"href":"https:\/\/nesibeaydin.k12.tr\/web\/wp-json\/wp\/v2\/types\/page"}],"author":[{"embeddable":true,"href":"https:\/\/nesibeaydin.k12.tr\/web\/wp-json\/wp\/v2\/users\/1"}],"replies":[{"embeddable":true,"href":"https:\/\/nesibeaydin.k12.tr\/web\/wp-json\/wp\/v2\/comments?post=5716"}],"version-history":[{"count":11,"href":"https:\/\/nesibeaydin.k12.tr\/web\/wp-json\/wp\/v2\/pages\/5716\/revisions"}],"predecessor-version":[{"id":8411,"href":"https:\/\/nesibeaydin.k12.tr\/web\/wp-json\/wp\/v2\/pages\/5716\/revisions\/8411"}],"up":[{"embeddable":true,"href":"https:\/\/nesibeaydin.k12.tr\/web\/wp-json\/wp\/v2\/pages\/5413"}],"wp:attachment":[{"href":"https:\/\/nesibeaydin.k12.tr\/web\/wp-json\/wp\/v2\/media?parent=5716"}],"curies":[{"name":"wp","href":"https:\/\/api.w.org\/{rel}","templated":true}]}}