{"id":6218,"date":"2021-12-24T13:08:11","date_gmt":"2021-12-24T10:08:11","guid":{"rendered":"https:\/\/nesibeaydin.k12.tr\/web\/?page_id=6218"},"modified":"2025-12-05T15:15:24","modified_gmt":"2025-12-05T12:15:24","slug":"toplantilar-ve-gorusmeler","status":"publish","type":"page","link":"https:\/\/nesibeaydin.k12.tr\/web\/okullarimiz\/antalya-kampusu\/antalya-ilkokul\/toplantilar-ve-gorusmeler\/","title":{"rendered":"Toplant\u0131lar ve G\u00f6r\u00fc\u015fmeler"},"content":{"rendered":"<p><section id=\"bt_bb_section69d291e3cbe5a\"  class=\"bt_bb_section bt_bb_layout_boxed_1200 bt_bb_vertical_align_top\" ><div class=\"bt_bb_port\"><div class=\"bt_bb_cell\"><div class=\"bt_bb_cell_inner\"><div class=\"bt_bb_row  bt_bb_shape_inherit\"  data-bt-override-class=\"{}\"><div class=\"bt_bb_row_holder\" ><div  class=\"bt_bb_column col-xxl-12 col-xl-12 col-xs-12 col-sm-12 col-md-12 col-lg-12 btLimitOneColumn bt_bb_vertical_align_top bt_bb_align_center bt_bb_padding_0 bt_bb_animation_fade_in animate bt_bb_shape_inherit\" style=\"; --column-width:12;\" data-width=\"12\" data-bt-override-class=\"{&quot;bt_bb_align_&quot;:{&quot;current_class&quot;:&quot;bt_bb_align_center&quot;,&quot;def&quot;:&quot;center&quot;,&quot;xl&quot;:&quot;center&quot;}}\"><div class=\"bt_bb_column_content\"><div class=\"bt_bb_column_content_inner\"><div class=\"bt_bb_shortcode\">\n\t\t\t<!-- START ilkokul REVOLUTION SLIDER 6.6.12 --><p class=\"rs-p-wp-fix\"><\/p>\n\t\t\t<rs-module-wrap id=\"rev_slider_8_1_wrapper\" data-source=\"gallery\" style=\"visibility:hidden;background:transparent;padding:0;margin:0px auto;margin-top:0;margin-bottom:0;\">\n\t\t\t\t<rs-module id=\"rev_slider_8_1\" style=\"\" data-version=\"6.6.12\">\n\t\t\t\t\t<rs-slides style=\"overflow: hidden; position: absolute;\">\n\t\t\t\t\t\t<rs-slide style=\"position: absolute;\" data-key=\"rs-11\" data-title=\"Slide\" data-seoz=\"front\" data-anim=\"adpr:false;\" data-in=\"o:0;\" data-out=\"a:false;\">\n\t\t\t\t\t\t\t<img src=\"\/\/nesibeaydin.k12.tr\/web\/wp-content\/plugins\/revslider\/public\/assets\/assets\/dummy.png\" alt=\"Slide\" title=\"Toplant\u0131lar ve G\u00f6r\u00fc\u015fmeler\" class=\"rev-slidebg tp-rs-img rs-lazyload\" data-lazyload=\"\/\/nesibeaydin.k12.tr\/web\/wp-content\/plugins\/revslider\/public\/assets\/assets\/transparent.png\" data-no-retina>\n<!--\n\t\t\t\t\t\t\t--><rs-layer\n\t\t\t\t\t\t\t\tid=\"slider-8-slide-11-layer-0\" \n\t\t\t\t\t\t\t\tdata-type=\"image\"\n\t\t\t\t\t\t\t\tdata-rsp_ch=\"on\"\n\t\t\t\t\t\t\t\tdata-xy=\"x:c;\"\n\t\t\t\t\t\t\t\tdata-text=\"w:normal;s:20,25,25,25;l:0,31,31,31;\"\n\t\t\t\t\t\t\t\tdata-dim=\"w:1330px,1662px,1662px,1662px;h:300px,375px,375px,375px;\"\n\t\t\t\t\t\t\t\tdata-frame_999=\"o:0;st:w;\"\n\t\t\t\t\t\t\t\tstyle=\"z-index:6;\"\n\t\t\t\t\t\t\t><img src=\"\/\/nesibeaydin.k12.tr\/web\/wp-content\/plugins\/revslider\/public\/assets\/assets\/dummy.png\" alt=\"\" class=\"tp-rs-img rs-lazyload\" width=\"1330\" height=\"300\" data-lazyload=\"\/\/nesibeaydin.k12.tr\/web\/wp-content\/uploads\/2025\/02\/kocaeli-banner.jpg\" data-no-retina> \n\t\t\t\t\t\t\t<\/rs-layer><!--\n-->\t\t\t\t\t\t<\/rs-slide>\n\t\t\t\t\t<\/rs-slides>\n\t\t\t\t<\/rs-module>\n\t\t\t\t<script>\n\t\t\t\t\tsetREVStartSize({c: 'rev_slider_8_1',rl:[1240,1024,1024,1024],el:[280,768,768,768],gw:[1024,1280,1280,1280],gh:[280,300,300,300],type:'hero',justify:'',layout:'fullwidth',mh:\"0\"});if (window.RS_MODULES!==undefined && window.RS_MODULES.modules!==undefined && window.RS_MODULES.modules[\"revslider81\"]!==undefined) {window.RS_MODULES.modules[\"revslider81\"].once = false;window.revapi8 = undefined;if (window.RS_MODULES.checkMinimal!==undefined) window.RS_MODULES.checkMinimal()}\n\t\t\t\t<\/script>\n\t\t\t<\/rs-module-wrap>\n\t\t\t<!-- END REVOLUTION SLIDER -->\n<\/div><\/div><\/div><\/div><\/div><\/div><\/div><\/div><\/div><\/section><section id=\"bt_bb_section69d291e3ce19b\"  class=\"bt_bb_section bt_bb_top_spacing_small bt_bb_bottom_spacing_medium bt_bb_layout_boxed_1200 bt_bb_vertical_align_top\" ><div class=\"bt_bb_port\"><div class=\"bt_bb_cell\"><div class=\"bt_bb_cell_inner\"><div class=\"bt_bb_row  bt_bb_shape_inherit\"  data-bt-override-class=\"{}\"><div class=\"bt_bb_row_holder\" ><div  class=\"bt_bb_column col-xxl-12 col-xl-12 col-xs-12 col-sm-12 col-md-12 col-lg-12 bt_bb_vertical_align_top bt_bb_align_center bt_bb_padding_normal bt_bb_animation_fade_in animate bt_bb_shape_inherit\" style=\"; --column-width:12;\" data-width=\"12\" data-bt-override-class=\"{&quot;bt_bb_align_&quot;:{&quot;current_class&quot;:&quot;bt_bb_align_center&quot;,&quot;def&quot;:&quot;center&quot;,&quot;xl&quot;:&quot;center&quot;}}\"><div class=\"bt_bb_column_content\"><div class=\"bt_bb_column_content_inner\"><header class=\"bt_bb_headline bt_bb_color_scheme_5 bt_bb_dash_none bt_bb_size_medium bt_bb_align_center\" style=\"; --primary-color:#191919; --secondary-color:#ed2124;\" data-bt-override-class=\"{&quot;bt_bb_align_&quot;:{&quot;current_class&quot;:&quot;bt_bb_align_center&quot;,&quot;def&quot;:&quot;center&quot;,&quot;xl&quot;:&quot;center&quot;}}\"><h3 class=\"bt_bb_headline_tag\"><span class=\"bt_bb_headline_content\"><span>Toplant\u0131lar ve G\u00f6r\u00fc\u015fmeler<\/span><\/span><\/h3><\/header><\/div><\/div><\/div><\/div><\/div><div class=\"bt_bb_row  bt_bb_shape_inherit\"  data-bt-override-class=\"{}\"><div class=\"bt_bb_row_holder\" ><div  class=\"bt_bb_column col-xxl-12 col-xl-12 col-xs-12 col-sm-12 col-md-12 col-lg-12 bt_bb_vertical_align_middle bt_bb_align_left bt_bb_padding_0 bt_bb_shape_inherit\" style=\"; --column-width:12;\" data-width=\"12\" data-bt-override-class=\"{&quot;bt_bb_align_&quot;:{&quot;current_class&quot;:&quot;bt_bb_align_left&quot;,&quot;def&quot;:&quot;left&quot;,&quot;xl&quot;:&quot;left&quot;}}\"><div class=\"bt_bb_column_content\"><div class=\"bt_bb_column_content_inner\"><div  class=\"bt_bb_text\" ><\/p>\n<p><strong>Veli Toplant\u0131s\u0131:<\/strong> Eyl\u00fcl ay\u0131 ba\u015f\u0131nda ger\u00e7ekle\u015ftirilen uyum haftas\u0131nda, s\u0131n\u0131fa ba\u015flayan \u00f6\u011frencilerimizin velileriyle tan\u0131\u015fma toplant\u0131s\u0131 yap\u0131l\u0131r. Ayr\u0131ca, y\u0131lda iki defa, velilerimiz ile genel de\u011ferlendirme toplant\u0131lar\u0131 yap\u0131l\u0131r.<\/p>\n<p><strong>Bireysel Veli G\u00f6r\u00fc\u015fmeleri:<\/strong> Velilerimiz, veli toplant\u0131lar\u0131n\u0131n d\u0131\u015f\u0131nda da ihtiya\u00e7 duyduklar\u0131nda Portal \u00fczerinden randevu alarak birebir g\u00f6r\u00fc\u015fmeler yapabilir. Ayr\u0131ca \u00f6\u011frencilerimizin akademik, sosyal ve duygusal geli\u015fimi hakk\u0131nda rehber \u00f6\u011fretmenlerimiz ve t\u00fcm ders alanlar\u0131ndaki \u00f6\u011fretmenlerimizin i\u015fbirli\u011fiyle de g\u00f6r\u00fc\u015fmeler planlan\u0131r. \u00d6\u011frencimizin geli\u015fimi ve e\u011fitimi ile ilgili raporlar bu g\u00f6r\u00fc\u015fmelerde payla\u015f\u0131l\u0131r.<\/p>\n<p><strong>Portfolyo Sunumlar\u0131:<\/strong> \u00d6\u011frencimizin liderli\u011finde, s\u0131n\u0131f ve t\u00fcm bran\u015f ders alan\u0131 \u00f6\u011fretmenlerinin y\u00f6nlendirmesi ve ailesinin kat\u0131l\u0131m\u0131yla Portfolyo Sunumlar\u0131 ger\u00e7ekle\u015ftirilir. Bu etkinlikte \u00f6\u011frencimiz, kendi \u00f6\u011frenmelerinin sorumlulu\u011funu \u00fcstlenerek, edindi\u011fi bilgileri ve geli\u015ftirdi\u011fi becerilerini g\u00fc\u00e7l\u00fc ve geli\u015fime a\u00e7\u0131k y\u00f6nlerini \u00f6z de\u011ferlendirmeler yaparak ailesiyle payla\u015f\u0131r.<\/p>\n<p>\n<\/div><\/div><\/div><\/div><\/div><\/div><div class=\"bt_bb_row  bt_bb_shape_inherit\"  data-bt-override-class=\"{}\"><div class=\"bt_bb_row_holder\" ><div  class=\"bt_bb_column col-xxl-12 col-xl-12 col-xs-12 col-sm-12 col-md-12 col-lg-12 bt_bb_vertical_align_top bt_bb_align_center bt_bb_padding_0 bt_bb_shape_inherit\" style=\"; --column-width:12;\" data-width=\"12\" data-bt-override-class=\"{&quot;bt_bb_align_&quot;:{&quot;current_class&quot;:&quot;bt_bb_align_center&quot;,&quot;def&quot;:&quot;center&quot;,&quot;xl&quot;:&quot;center&quot;}}\"><div class=\"bt_bb_column_content\"><div class=\"bt_bb_column_content_inner\"><div class=\"bt_bb_image bt_bb_shape_square bt_bb_align_inherit bt_bb_hover_style_simple bt_bb_content_display_always bt_bb_content_align_middle\"><span><img src = \"https:\/\/nesibeaydin.k12.tr\/web\/wp-content\/plugins\/bold-page-builder\/img\/blank.gif\" data-image_src=\"https:\/\/nesibeaydin.k12.tr\/web\/wp-content\/uploads\/2021\/12\/lise-07.png\" title=\"lise-07\" alt=\"https:\/\/nesibeaydin.k12.tr\/web\/wp-content\/uploads\/2021\/12\/lise-07.png\" class=\"btLazyLoadImage\"><\/span><\/div><\/div><\/div><\/div><\/div><\/div><div class=\"bt_bb_row  bt_bb_shape_inherit\"  data-bt-override-class=\"{}\"><div class=\"bt_bb_row_holder\" ><div  class=\"bt_bb_column col-xxl-12 col-xl-12 col-xs-12 col-sm-12 col-md-12 col-lg-12 bt_bb_vertical_align_middle bt_bb_align_left bt_bb_padding_0 bt_bb_shape_inherit\" style=\"; --column-width:12;\" data-width=\"12\" data-bt-override-class=\"{&quot;bt_bb_align_&quot;:{&quot;current_class&quot;:&quot;bt_bb_align_left&quot;,&quot;def&quot;:&quot;left&quot;,&quot;xl&quot;:&quot;left&quot;}}\"><div class=\"bt_bb_column_content\"><div class=\"bt_bb_column_content_inner\"><div  class=\"bt_bb_text\" ><\/p>\n<p><strong>Mini Sergi Sunumlar\u0131:<\/strong> \u00d6\u011frencilerimizin liderli\u011finde, s\u0131n\u0131f ve t\u00fcm bran\u015f ders alan\u0131 \u00f6\u011fretmenlerinin y\u00f6nlendirmesi ve ailesinin kat\u0131l\u0131m\u0131yla Mini Sergi Sunumlar\u0131 ger\u00e7ekle\u015ftirilir. Bu etkinlikte \u00f6\u011frencimiz, ilgili sorgulama \u00fcnitesi s\u00fcrecinde nas\u0131l kendi \u00f6\u011frenmelerinin \u00f6znesi oldu\u011fu ve ne t\u00fcr eylemler ger\u00e7ekle\u015ftirdi\u011fine ili\u015fkin deneyimlerini \u00f6z de\u011ferlendirmeler yaparak ailesi ile payla\u015f\u0131r.<\/p>\n<p><strong>PYP Sergisi Sunumlar\u0131:<\/strong> 4. S\u0131n\u0131f\u0131n sonunda \u00f6\u011frencilerimizin liderli\u011finde, s\u0131n\u0131f ve t\u00fcm bran\u015f ders alan\u0131 \u00f6\u011fretmenlerinin y\u00f6nlendirmesi ve ailesinin kat\u0131l\u0131m\u0131yla PYP Sergi \u00dcnitesi Sunumlar\u0131 ger\u00e7ekle\u015ftirilir. PYP Sergisi \u00f6\u011frenme deneyiminin doruk noktas\u0131d\u0131r. Bu etkinlikte \u00f6\u011frencilerimiz taraf\u0131ndan \u00f6nem ta\u015f\u0131yan k\u00fcresel bir sorunla ilgili olarak ba\u015flat\u0131lan, tasarlanan ve ortakla\u015fa ger\u00e7ekle\u015ftirilen eylemlere ili\u015fkin g\u00f6r\u00fcn\u00fcr \u00f6\u011frenme kan\u0131tlar\u0131 payla\u015f\u0131l\u0131r. \u00d6\u011frencilerimizin sorgulama s\u00fcrecinde nas\u0131l kendi \u00f6\u011frenmelerinin \u00f6znesi oldu\u011fu ve ne t\u00fcr eylemler ger\u00e7ekle\u015ftirdi\u011fine ili\u015fkin deneyimlerini \u00f6z de\u011ferlendirmeler yaparak ailesi ile payla\u015f\u0131r.<\/p>\n<p><strong>Veli Seminerleri:<\/strong> Velilerimizin istekleri ve ihtiya\u00e7lar\u0131 g\u00f6z \u00f6n\u00fcne al\u0131narak; alan\u0131nda uzman akademisyenlerden olu\u015fan Bilim Kurulumuz, Mesleki Geli\u015fim Birimimiz ve okul akademik kadrosunun i\u015fbirli\u011fi ile y\u0131l boyunca aile e\u011fitimleri, seminerler ve paneller d\u00fczenlenir.<\/p>\n<p>\n<\/div><\/div><\/div><\/div><\/div><\/div><div class=\"bt_bb_row \"  data-bt-override-class=\"{}\"><div class=\"bt_bb_row_holder\" ><div  class=\"bt_bb_column col-xxl-12 col-xl-12 bt_bb_vertical_align_top bt_bb_align_center bt_bb_padding_normal\" style=\"; --column-width:12;\" data-width=\"12\" data-bt-override-class=\"{}\"><div class=\"bt_bb_column_content\"><div class=\"bt_bb_column_content_inner\"><div class=\"bt_bb_separator bt_bb_border_style_none bt_bb_bottom_spacing_normal\" data-bt-override-class=\"null\"><\/div><div class=\"bt_bb_slider bt_bb_height_keep-height bt_bb_show_dots_bottom bt_bb_multiple_slides bt_bb_multiple_slides bt_bb_animation_slide animate\"><div class=\"slick-slider\"  data-slick='{ \"lazyLoad\": \"progressive\", \"cssEase\": \"ease-out\", \"speed\": \"300\", \"dots\": true, \"prevArrow\": \"\", \"nextArrow\": \"\",\"slidesToShow\": 4, \"autoplay\": true, \"autoplaySpeed\": 2000,\"slidesToShow\": 4, \"responsive\": [{ \"breakpoint\": 481, \"settings\": { \"slidesToShow\": 1, \"slidesToScroll\": 1 } },{ \"breakpoint\": 769, \"settings\": { \"slidesToShow\": 2, \"slidesToScroll\": 2 } },{ \"breakpoint\": 993, \"settings\": { \"slidesToShow\": 3, \"slidesToScroll\": 3 } },{ \"breakpoint\": 1201, \"settings\": { \"slidesToShow\": 4, \"slidesToScroll\": 4 } },{ \"breakpoint\": 1401, \"settings\": { \"slidesToShow\": 4, \"slidesToScroll\": 4 } }]}' ><div class=\"bt_bb_slider_item\" data-src-full=\"https:\/\/nesibeaydin.k12.tr\/web\/wp-content\/uploads\/2022\/01\/ilkokul_alt_slider-11.png\"><img src=\"https:\/\/nesibeaydin.k12.tr\/web\/wp-content\/uploads\/2022\/01\/ilkokul_alt_slider-11.png\" alt=\"ilkokul_alt_slider-11\"  title=\"ilkokul_alt_slider-11\"><\/div><div class=\"bt_bb_slider_item\" data-src-full=\"https:\/\/nesibeaydin.k12.tr\/web\/wp-content\/uploads\/2022\/01\/ilkokul_alt_slider-12.png\"><img src=\"https:\/\/nesibeaydin.k12.tr\/web\/wp-content\/uploads\/2022\/01\/ilkokul_alt_slider-12.png\" alt=\"ilkokul_alt_slider-12\"  title=\"ilkokul_alt_slider-12\"><\/div><div class=\"bt_bb_slider_item\" data-src-full=\"https:\/\/nesibeaydin.k12.tr\/web\/wp-content\/uploads\/2022\/01\/ilkokul_alt_slider-13.png\"><img src=\"https:\/\/nesibeaydin.k12.tr\/web\/wp-content\/uploads\/2022\/01\/ilkokul_alt_slider-13.png\" alt=\"ilkokul_alt_slider-13\"  title=\"ilkokul_alt_slider-13\"><\/div><div class=\"bt_bb_slider_item\" data-src-full=\"https:\/\/nesibeaydin.k12.tr\/web\/wp-content\/uploads\/2022\/01\/ilkokul_alt_slider-14.png\"><img src=\"https:\/\/nesibeaydin.k12.tr\/web\/wp-content\/uploads\/2022\/01\/ilkokul_alt_slider-14.png\" alt=\"ilkokul_alt_slider-14\"  title=\"ilkokul_alt_slider-14\"><\/div><div class=\"bt_bb_slider_item\" data-src-full=\"https:\/\/nesibeaydin.k12.tr\/web\/wp-content\/uploads\/2022\/01\/ilkokul_alt_slider-15.png\"><img src=\"https:\/\/nesibeaydin.k12.tr\/web\/wp-content\/uploads\/2022\/01\/ilkokul_alt_slider-15.png\" alt=\"ilkokul_alt_slider-15\"  title=\"ilkokul_alt_slider-15\"><\/div><div class=\"bt_bb_slider_item\" data-src-full=\"https:\/\/nesibeaydin.k12.tr\/web\/wp-content\/uploads\/2022\/01\/ilkokul_alt_slider-16.png\"><img src=\"https:\/\/nesibeaydin.k12.tr\/web\/wp-content\/uploads\/2022\/01\/ilkokul_alt_slider-16.png\" alt=\"ilkokul_alt_slider-16\"  title=\"ilkokul_alt_slider-16\"><\/div><div class=\"bt_bb_slider_item\" data-src-full=\"https:\/\/nesibeaydin.k12.tr\/web\/wp-content\/uploads\/2022\/01\/ilkokul_alt_slider-17.png\"><img src=\"https:\/\/nesibeaydin.k12.tr\/web\/wp-content\/uploads\/2022\/01\/ilkokul_alt_slider-17.png\" alt=\"ilkokul_alt_slider-17\"  title=\"ilkokul_alt_slider-17\"><\/div><div class=\"bt_bb_slider_item\" data-src-full=\"https:\/\/nesibeaydin.k12.tr\/web\/wp-content\/uploads\/2022\/01\/ilkokul_alt_slider-18.png\"><img src=\"https:\/\/nesibeaydin.k12.tr\/web\/wp-content\/uploads\/2022\/01\/ilkokul_alt_slider-18.png\" alt=\"ilkokul_alt_slider-18\"  title=\"ilkokul_alt_slider-18\"><\/div><\/div><\/div><div class=\"bt_bb_separator bt_bb_border_style_none bt_bb_bottom_spacing_normal\" data-bt-override-class=\"null\"><\/div><\/div><\/div><\/div><\/div><\/div><\/div><\/div><\/div><\/section><\/p>\n","protected":false},"excerpt":{"rendered":"","protected":false},"author":1,"featured_media":0,"parent":6201,"menu_order":0,"comment_status":"closed","ping_status":"closed","template":"","meta":[],"_links":{"self":[{"href":"https:\/\/nesibeaydin.k12.tr\/web\/wp-json\/wp\/v2\/pages\/6218"}],"collection":[{"href":"https:\/\/nesibeaydin.k12.tr\/web\/wp-json\/wp\/v2\/pages"}],"about":[{"href":"https:\/\/nesibeaydin.k12.tr\/web\/wp-json\/wp\/v2\/types\/page"}],"author":[{"embeddable":true,"href":"https:\/\/nesibeaydin.k12.tr\/web\/wp-json\/wp\/v2\/users\/1"}],"replies":[{"embeddable":true,"href":"https:\/\/nesibeaydin.k12.tr\/web\/wp-json\/wp\/v2\/comments?post=6218"}],"version-history":[{"count":4,"href":"https:\/\/nesibeaydin.k12.tr\/web\/wp-json\/wp\/v2\/pages\/6218\/revisions"}],"predecessor-version":[{"id":17050,"href":"https:\/\/nesibeaydin.k12.tr\/web\/wp-json\/wp\/v2\/pages\/6218\/revisions\/17050"}],"up":[{"embeddable":true,"href":"https:\/\/nesibeaydin.k12.tr\/web\/wp-json\/wp\/v2\/pages\/6201"}],"wp:attachment":[{"href":"https:\/\/nesibeaydin.k12.tr\/web\/wp-json\/wp\/v2\/media?parent=6218"}],"curies":[{"name":"wp","href":"https:\/\/api.w.org\/{rel}","templated":true}]}}