{"id":6230,"date":"2021-12-24T13:16:38","date_gmt":"2021-12-24T10:16:38","guid":{"rendered":"https:\/\/nesibeaydin.k12.tr\/web\/?page_id=6230"},"modified":"2022-01-05T13:15:13","modified_gmt":"2022-01-05T10:15:13","slug":"antalya-egitim-programimiz","status":"publish","type":"page","link":"https:\/\/nesibeaydin.k12.tr\/web\/okullarimiz\/antalya-kampusu\/antalya-ortaokul\/antalya-egitim-programimiz\/","title":{"rendered":"Antalya E\u011fitim Program\u0131m\u0131z"},"content":{"rendered":"<p><section id=\"bt_bb_section69d291e5efb05\"  class=\"bt_bb_section bt_bb_layout_boxed_1200 bt_bb_vertical_align_top\" ><div class=\"bt_bb_port\"><div class=\"bt_bb_cell\"><div class=\"bt_bb_cell_inner\"><div class=\"bt_bb_row  bt_bb_shape_inherit\"  data-bt-override-class=\"{}\"><div class=\"bt_bb_row_holder\" ><div  class=\"bt_bb_column col-xxl-12 col-xl-12 col-xs-12 col-sm-12 col-md-12 col-lg-12 bt_bb_vertical_align_top bt_bb_align_left bt_bb_padding_normal bt_bb_shape_inherit\" style=\"; --column-width:12;\" data-width=\"12\" data-bt-override-class=\"{}\"><div class=\"bt_bb_column_content\"><div class=\"bt_bb_column_content_inner\"><div  class=\"bt_bb_text\" >\n\t\t\t<!-- START Ortaokul REVOLUTION SLIDER 6.6.12 --><p class=\"rs-p-wp-fix\"><\/p>\n\t\t\t<rs-module-wrap id=\"rev_slider_13_1_wrapper\" data-source=\"gallery\" style=\"visibility:hidden;background:transparent;padding:0;margin:0px auto;margin-top:0;margin-bottom:0;\">\n\t\t\t\t<rs-module id=\"rev_slider_13_1\" style=\"\" data-version=\"6.6.12\">\n\t\t\t\t\t<rs-slides style=\"overflow: hidden; position: absolute;\">\n\t\t\t\t\t\t<rs-slide style=\"position: absolute;\" data-key=\"rs-16\" data-title=\"Slide\" data-seoz=\"front\" data-anim=\"adpr:false;\" data-in=\"o:0;\" data-out=\"a:false;\">\n\t\t\t\t\t\t\t<img src=\"\/\/nesibeaydin.k12.tr\/web\/wp-content\/plugins\/revslider\/public\/assets\/assets\/dummy.png\" alt=\"Slide\" title=\"Antalya E\u011fitim Program\u0131m\u0131z\" class=\"rev-slidebg tp-rs-img rs-lazyload\" data-lazyload=\"\/\/nesibeaydin.k12.tr\/web\/wp-content\/plugins\/revslider\/public\/assets\/assets\/transparent.png\" data-no-retina>\n<!--\n\t\t\t\t\t\t\t--><rs-layer\n\t\t\t\t\t\t\t\tid=\"slider-13-slide-16-layer-0\" \n\t\t\t\t\t\t\t\tdata-type=\"image\"\n\t\t\t\t\t\t\t\tdata-rsp_ch=\"on\"\n\t\t\t\t\t\t\t\tdata-xy=\"x:c;\"\n\t\t\t\t\t\t\t\tdata-text=\"w:normal;s:20,25,25,25;l:0,31,31,31;\"\n\t\t\t\t\t\t\t\tdata-dim=\"w:1330px,1662px,1662px,1662px;h:300px,375px,375px,375px;\"\n\t\t\t\t\t\t\t\tdata-frame_999=\"o:0;st:w;\"\n\t\t\t\t\t\t\t\tstyle=\"z-index:6;\"\n\t\t\t\t\t\t\t><img src=\"\/\/nesibeaydin.k12.tr\/web\/wp-content\/plugins\/revslider\/public\/assets\/assets\/dummy.png\" alt=\"\" class=\"tp-rs-img rs-lazyload\" width=\"1330\" height=\"300\" data-lazyload=\"\/\/nesibeaydin.k12.tr\/web\/wp-content\/uploads\/2021\/12\/1-slider2_C\u0327al\u0131s\u0327ma Yu\u0308zeyi 1 kopya 5.png\" data-no-retina> \n\t\t\t\t\t\t\t<\/rs-layer><!--\n-->\t\t\t\t\t\t<\/rs-slide>\n\t\t\t\t\t<\/rs-slides>\n\t\t\t\t<\/rs-module>\n\t\t\t\t<script>\n\t\t\t\t\tsetREVStartSize({c: 'rev_slider_13_1',rl:[1240,1024,1024,1024],el:[280,768,768,768],gw:[1024,1280,1280,1280],gh:[280,300,300,300],type:'hero',justify:'',layout:'fullwidth',mh:\"0\"});if (window.RS_MODULES!==undefined && window.RS_MODULES.modules!==undefined && window.RS_MODULES.modules[\"revslider131\"]!==undefined) {window.RS_MODULES.modules[\"revslider131\"].once = false;window.revapi13 = undefined;if (window.RS_MODULES.checkMinimal!==undefined) window.RS_MODULES.checkMinimal()}\n\t\t\t\t<\/script>\n\t\t\t<\/rs-module-wrap>\n\t\t\t<!-- END REVOLUTION SLIDER -->\n<\/div><\/div><\/div><\/div><\/div><\/div><\/div><\/div><\/div><\/section><section id=\"bt_bb_section69d291e5f1f41\"  class=\"bt_bb_section bt_bb_top_spacing_small bt_bb_bottom_spacing_medium bt_bb_layout_boxed_1200 bt_bb_vertical_align_top\" ><div class=\"bt_bb_port\"><div class=\"bt_bb_cell\"><div class=\"bt_bb_cell_inner\"><div class=\"bt_bb_row  bt_bb_shape_inherit\"  data-bt-override-class=\"{}\"><div class=\"bt_bb_row_holder\" ><div  class=\"bt_bb_column col-xxl-12 col-xl-12 col-xs-12 col-sm-12 col-md-12 col-lg-12 bt_bb_vertical_align_top bt_bb_align_left bt_bb_padding_normal bt_bb_shape_inherit\" style=\"; --column-width:12;\" data-width=\"12\" data-bt-override-class=\"{}\"><div class=\"bt_bb_column_content\"><div class=\"bt_bb_column_content_inner\"><div  class=\"bt_bb_text\" ><\/p>\n<h6 style=\"text-align: center;\"><strong>E\u011fitim Program\u0131m\u0131z<\/strong><\/h6>\n<ul>\n<li>\u00d6\u011frenciler okulumuza <strong>SINAVLA <\/strong>al\u0131nmaktad\u0131r.<\/li>\n<li>Okulumuzda, <strong>yap\u0131c\u0131 disiplinden <\/strong>taviz verilmez.<\/li>\n<li>S\u0131n\u0131flar\u0131m\u0131z, <strong>20 &#8211; 24 <\/strong>ki\u015filiktir.<\/li>\n<li>S\u0131n\u0131flar\u0131m\u0131z \u00e7a\u011f\u0131n gereklerine uygun <strong>son teknolojik imk\u00e2nlarla donat\u0131lm\u0131\u015ft\u0131r<\/strong>.<\/li>\n<li><strong>2022 \u2013 2023\u00a0<\/strong>y\u0131l\u0131n\u0131n \u00f6\u011frencileriyle,\u00a0<strong>11 Haziran 2022\u00a0<\/strong>tarihinde\u00a0<strong>toplant\u0131 yap\u0131larak <\/strong>kendilerine,\u00a0<strong>YAZ \u00d6DEVLER\u0130\u00a0<\/strong>ve\u00a0<strong>yaz \u00e7al\u0131\u015fma programlar\u0131\u00a0<\/strong>verilecek ve\u00a0<strong>Y\u0131l Sonu <\/strong><strong>De\u011ferlendirme<\/strong><strong> S\u0131nav\u0131\u00a0<\/strong>ile\u00a0<strong>\u0130ngilizce STS \u2013 1\u00a0<\/strong>uygulanacakt\u0131r.<\/li>\n<li><strong>16 &#8211; 31 A\u011fustos 2022 <\/strong>tarihleri aras\u0131nda, ihtiyac\u0131 olan \u00f6\u011frencilere <strong>yabanc\u0131 dil <\/strong><strong>takviye <\/strong><strong>\u00e7al\u0131\u015fmalar\u0131 <\/strong>yap\u0131lacakt\u0131r.\n<ul>\n<li>Matematik, Fen, T\u00fcrk\u00e7e ve Sosyal derslerinden <strong>eksikleri olan \u00f6\u011frenciler<\/strong>, <strong>16 &#8211; 31 A\u011fustos <\/strong>tarihleri aras\u0131nda, <strong>iste\u011fe ba\u011fl\u0131 olarak <\/strong>ET\u00dcT alabilir, yapamad\u0131klar\u0131 sorular\u0131 sormak i\u00e7in P.\u00c7. <em>(Problem \u00c7\u00f6zme) <\/em>saatlerine kat\u0131labilirler.<\/li>\n<\/ul>\n<\/li>\n<li><strong>HAZIR BULUNU\u015eLUK SINAVI<\/strong>, <strong>1 Eyl\u00fcl 2022 <\/strong><strong>Per\u015fembe <\/strong>g\u00fcn\u00fc yap\u0131lacak, ayn\u0131 g\u00fcn, <strong>\u0130ngilizce STS &#8211; 2 <\/strong>de uygulanacakt\u0131r.<\/li>\n<li><strong>8.s\u0131n\u0131flar\u0131m\u0131zda <\/strong>gruplar, <strong>Haz\u0131r Bulunu\u015fluk S\u0131nav\u0131 <\/strong>sonucuna g\u00f6re olu\u015fturulacakt\u0131r <em>(Gruplar\u0131n olu\u015fumunda, <strong>Okulumuza Giri\u015f S\u0131nav\u0131 <\/strong>ve <strong>Y\u0131l Sonu De\u011ferlendirme S\u0131nav\u0131 <\/strong>da etkili olacakt\u0131r.).<\/em><\/li>\n<li>E\u011fitim ve \u00f6\u011fretim, <strong>5 Eyl\u00fcl 2022 <\/strong><strong>Pazartesi <\/strong>g\u00fcn\u00fc ba\u015flayacakt\u0131r<\/li>\n<\/ul>\n<ol>\n<li style=\"list-style-type: none;\"><\/li>\n<\/ol>\n<p>\n<\/div><\/div><\/div><\/div><\/div><\/div><div class=\"bt_bb_row  bt_bb_shape_inherit\"  data-bt-override-class=\"{}\"><div class=\"bt_bb_row_holder\" ><div  class=\"bt_bb_column col-xxl-12 col-xl-12 col-xs-12 col-sm-12 col-md-12 col-lg-12 bt_bb_vertical_align_top bt_bb_align_center bt_bb_padding_0 bt_bb_shape_inherit\" style=\"; --column-width:12;\" data-width=\"12\" data-bt-override-class=\"{&quot;bt_bb_align_&quot;:{&quot;current_class&quot;:&quot;bt_bb_align_center&quot;,&quot;def&quot;:&quot;center&quot;,&quot;xl&quot;:&quot;center&quot;}}\"><div class=\"bt_bb_column_content\"><div class=\"bt_bb_column_content_inner\"><div class=\"bt_bb_image bt_bb_shape_square bt_bb_align_inherit bt_bb_hover_style_simple bt_bb_content_display_always bt_bb_content_align_middle\"><span><img src = \"https:\/\/nesibeaydin.k12.tr\/web\/wp-content\/plugins\/bold-page-builder\/img\/blank.gif\" data-image_src=\"https:\/\/nesibeaydin.k12.tr\/web\/wp-content\/uploads\/2021\/12\/odevdisiplin.png\" title=\"odevdisiplin\" alt=\"https:\/\/nesibeaydin.k12.tr\/web\/wp-content\/uploads\/2021\/12\/odevdisiplin.png\" class=\"btLazyLoadImage\"><\/span><\/div><\/div><\/div><\/div><\/div><\/div><div class=\"bt_bb_row  bt_bb_shape_inherit\"  data-bt-override-class=\"{}\"><div class=\"bt_bb_row_holder\" ><div  class=\"bt_bb_column col-xxl-12 col-xl-12 col-xs-12 col-sm-12 col-md-12 col-lg-12 bt_bb_vertical_align_top bt_bb_align_left bt_bb_padding_normal bt_bb_shape_inherit\" style=\"; --column-width:12;\" data-width=\"12\" data-bt-override-class=\"{}\"><div class=\"bt_bb_column_content\"><div class=\"bt_bb_column_content_inner\"><div  class=\"bt_bb_text\" ><\/p>\n<ul>\n<li><strong>8. s\u0131n\u0131flar\u0131m\u0131zda, <\/strong>daha sonra yap\u0131lacak olan <strong>Yaz\u0131l\u0131 S\u0131navlar\u0131 <\/strong>ve <strong>Deneme Test S\u0131navlar\u0131 <\/strong>sonu\u00e7lar\u0131na g\u00f6re, y\u0131lsonuna kadar \u00f6\u011frencilerin gruplar\u0131 tekrar de\u011fi\u015febilecektir.<\/li>\n<li><strong>8. s\u0131n\u0131flar\u0131m\u0131za, yar\u0131y\u0131l tatilinin ikinci haftas\u0131nda,<\/strong> bir hafta s\u00fcren <strong>Yo\u011fun Program<\/strong> uygulanacak ve bu programda konular i\u015flenmeye devam edecektir.<\/li>\n<li><strong>5, 6 ve 7. s\u0131n\u0131flar\u0131m\u0131za,<\/strong> <strong>yar\u0131y\u0131l tatilinin ikinci haftas\u0131nda,<\/strong> bir hafta s\u00fcren <strong>Takviye Program\u0131<\/strong> <strong>uygulanacakt\u0131r.<\/strong>\n<ul>\n<li><strong>Y\u00f6netimin belirleyece\u011fi <\/strong>\u00f6\u011frencilerin <em>(Yabanc\u0131 Dil ve di\u011fer derslerden <strong>eksikleri <\/strong>olanlar), <\/em>Takviye Program\u0131na <strong>kat\u0131l\u0131mlar\u0131 zorunludur<\/strong>.<\/li>\n<li>Takviye Program\u0131na <strong>kat\u0131l\u0131m\u0131 zorunlu olmayan <\/strong>\u00f6\u011frenciler ise, <strong>iste\u011fe ba\u011fl\u0131 <\/strong>olarak <strong>Problem \u00c7\u00f6zme Saatlerine <\/strong>kat\u0131labilir ve <strong>et\u00fct <\/strong>alabilirler.<\/li>\n<\/ul>\n<\/li>\n<li><strong>8.s\u0131n\u0131f <\/strong>\u00f6\u011frencilerimize, hafta i\u00e7i <strong>5 tam g\u00fcn <\/strong>ve <strong>Cumartesi g\u00fcnleri <\/strong>\u00f6\u011fleden \u00f6nce olmak \u00fczere, haftada toplam <strong>5,5 g\u00fcn <\/strong>e\u011fitim verilmektedir.<\/li>\n<li><strong>5, 6 <\/strong>ve <strong>7<\/strong>.<strong>s\u0131n\u0131f <\/strong>\u00f6\u011frencilerimize, haftada <strong>5 tam g\u00fcn e\u011fitim <\/strong>verilmektedir. <strong>\u0130ngilizce <\/strong>ve di\u011fer derslerden <strong>takviyeye ihtiyac\u0131 <\/strong>olanlara, <strong>Cumartesi g\u00fcnleri <\/strong><strong>\u00f6\u011fleye kadar ek \u00e7al\u0131\u015fmalar <\/strong>yap\u0131lmaktad\u0131r.<\/li>\n<li>\u00d6\u011frencilerimiz, \u00f6\u011fretmenleri e\u015fli\u011finde d\u00fczenli olarak <em>(t\u00fcm s\u0131n\u0131flar ayn\u0131 anda olmak \u00fczere) <\/em><strong>\u201cokuma etkinli\u011fi\u201d <\/strong>ger\u00e7ekle\u015ftirirler. Okunan kitaplar\u0131n ard\u0131ndan, di\u011fer derslerin kazan\u0131mlar\u0131na uygun etkinlikler yaparlar.<\/li>\n<li>Sorgulama felsefesine dayal\u0131 olan derslerimiz, yaparak ve ya\u015fayarak \u00f6\u011frenme anlay\u0131\u015f\u0131yla, s\u0131n\u0131flarda veya dersin gerektirdi\u011fi \u00f6\u011frenme alanlar\u0131nda yap\u0131lmaktad\u0131r:\n<ul>\n<li>Matematik, Fen Bilimleri, Yabanc\u0131 Dil, Bilgisayar ve STEM Laboratuvarlar\u0131; M\u00fczik, Resim, Seramik ile Teknoloji ve Tasar\u0131m At\u00f6lyeleri,<\/li>\n<li>Kapal\u0131 y\u00fczme havuzu, kapal\u0131 ve a\u00e7\u0131k spor salonlar\u0131, basketbol ve voleybol sahalar\u0131, hayvan \u00e7iftli\u011fi, kapal\u0131 ve a\u00e7\u0131k oyun alanlar\u0131 vb.<\/li>\n<\/ul>\n<\/li>\n<\/ul>\n<ol>\n<li style=\"list-style-type: none;\"><\/li>\n<\/ol>\n<p>\n<\/div><\/div><\/div><\/div><\/div><\/div><div class=\"bt_bb_row \"  data-bt-override-class=\"{}\"><div class=\"bt_bb_row_holder\" ><div  class=\"bt_bb_column col-xxl-12 col-xl-12 bt_bb_vertical_align_top bt_bb_align_center bt_bb_padding_normal\" style=\"; --column-width:12;\" data-width=\"12\" data-bt-override-class=\"{}\"><div class=\"bt_bb_column_content\"><div class=\"bt_bb_column_content_inner\"><div class=\"bt_bb_separator bt_bb_border_style_none bt_bb_bottom_spacing_normal\" data-bt-override-class=\"null\"><\/div><div class=\"bt_bb_slider bt_bb_height_keep-height bt_bb_show_dots_bottom bt_bb_multiple_slides bt_bb_multiple_slides bt_bb_animation_slide animate\"><div class=\"slick-slider\"  data-slick='{ \"lazyLoad\": \"progressive\", \"cssEase\": \"ease-out\", \"speed\": \"300\", \"dots\": true, \"prevArrow\": \"\", \"nextArrow\": \"\",\"slidesToShow\": 4, \"autoplay\": true, \"autoplaySpeed\": 2000,\"slidesToShow\": 4, \"responsive\": [{ \"breakpoint\": 481, \"settings\": { \"slidesToShow\": 1, \"slidesToScroll\": 1 } },{ \"breakpoint\": 769, \"settings\": { \"slidesToShow\": 2, \"slidesToScroll\": 2 } },{ \"breakpoint\": 993, \"settings\": { \"slidesToShow\": 3, \"slidesToScroll\": 3 } },{ \"breakpoint\": 1201, \"settings\": { \"slidesToShow\": 4, \"slidesToScroll\": 4 } },{ \"breakpoint\": 1401, \"settings\": { \"slidesToShow\": 4, \"slidesToScroll\": 4 } }]}' ><div class=\"bt_bb_slider_item\" data-src-full=\"https:\/\/nesibeaydin.k12.tr\/web\/wp-content\/uploads\/2022\/01\/ortaokul-slider-5.png\"><img src=\"https:\/\/nesibeaydin.k12.tr\/web\/wp-content\/uploads\/2022\/01\/ortaokul-slider-5.png\" alt=\"ortaokul-slider-5\"  title=\"ortaokul-slider-5\"><\/div><div class=\"bt_bb_slider_item\" data-src-full=\"https:\/\/nesibeaydin.k12.tr\/web\/wp-content\/uploads\/2022\/01\/ortaokul-slider-1.png\"><img src=\"https:\/\/nesibeaydin.k12.tr\/web\/wp-content\/uploads\/2022\/01\/ortaokul-slider-1.png\" alt=\"ortaokul-slider-1\"  title=\"ortaokul-slider-1\"><\/div><div class=\"bt_bb_slider_item\" data-src-full=\"https:\/\/nesibeaydin.k12.tr\/web\/wp-content\/uploads\/2022\/01\/ortaokul-slider-2.png\"><img src=\"https:\/\/nesibeaydin.k12.tr\/web\/wp-content\/uploads\/2022\/01\/ortaokul-slider-2.png\" alt=\"ortaokul-slider-2\"  title=\"ortaokul-slider-2\"><\/div><div class=\"bt_bb_slider_item\" data-src-full=\"https:\/\/nesibeaydin.k12.tr\/web\/wp-content\/uploads\/2022\/01\/ortaokul-slider-3.png\"><img src=\"https:\/\/nesibeaydin.k12.tr\/web\/wp-content\/uploads\/2022\/01\/ortaokul-slider-3.png\" alt=\"ortaokul-slider-3\"  title=\"ortaokul-slider-3\"><\/div><div class=\"bt_bb_slider_item\" data-src-full=\"https:\/\/nesibeaydin.k12.tr\/web\/wp-content\/uploads\/2022\/01\/ortaokul-slider-4.png\"><img src=\"https:\/\/nesibeaydin.k12.tr\/web\/wp-content\/uploads\/2022\/01\/ortaokul-slider-4.png\" alt=\"ortaokul-slider-4\"  title=\"ortaokul-slider-4\"><\/div><div class=\"bt_bb_slider_item\" data-src-full=\"https:\/\/nesibeaydin.k12.tr\/web\/wp-content\/uploads\/2021\/12\/slider_alt-12.png\"><img src=\"https:\/\/nesibeaydin.k12.tr\/web\/wp-content\/uploads\/2021\/12\/slider_alt-12.png\" alt=\"slider_alt-12\"  title=\"slider_alt-12\"><\/div><div class=\"bt_bb_slider_item\" data-src-full=\"https:\/\/nesibeaydin.k12.tr\/web\/wp-content\/uploads\/2021\/12\/slider_alt-15.png\"><img src=\"https:\/\/nesibeaydin.k12.tr\/web\/wp-content\/uploads\/2021\/12\/slider_alt-15.png\" alt=\"slider_alt-15\"  title=\"slider_alt-15\"><\/div><div class=\"bt_bb_slider_item\" data-src-full=\"https:\/\/nesibeaydin.k12.tr\/web\/wp-content\/uploads\/2021\/12\/slider_alt-17.png\"><img src=\"https:\/\/nesibeaydin.k12.tr\/web\/wp-content\/uploads\/2021\/12\/slider_alt-17.png\" alt=\"slider_alt-17\"  title=\"slider_alt-17\"><\/div><\/div><\/div><div class=\"bt_bb_separator bt_bb_border_style_none bt_bb_bottom_spacing_normal\" data-bt-override-class=\"null\"><\/div><\/div><\/div><\/div><\/div><\/div><\/div><\/div><\/div><\/section><\/p>\n","protected":false},"excerpt":{"rendered":"","protected":false},"author":1,"featured_media":0,"parent":6227,"menu_order":0,"comment_status":"closed","ping_status":"closed","template":"","meta":[],"_links":{"self":[{"href":"https:\/\/nesibeaydin.k12.tr\/web\/wp-json\/wp\/v2\/pages\/6230"}],"collection":[{"href":"https:\/\/nesibeaydin.k12.tr\/web\/wp-json\/wp\/v2\/pages"}],"about":[{"href":"https:\/\/nesibeaydin.k12.tr\/web\/wp-json\/wp\/v2\/types\/page"}],"author":[{"embeddable":true,"href":"https:\/\/nesibeaydin.k12.tr\/web\/wp-json\/wp\/v2\/users\/1"}],"replies":[{"embeddable":true,"href":"https:\/\/nesibeaydin.k12.tr\/web\/wp-json\/wp\/v2\/comments?post=6230"}],"version-history":[{"count":3,"href":"https:\/\/nesibeaydin.k12.tr\/web\/wp-json\/wp\/v2\/pages\/6230\/revisions"}],"predecessor-version":[{"id":7984,"href":"https:\/\/nesibeaydin.k12.tr\/web\/wp-json\/wp\/v2\/pages\/6230\/revisions\/7984"}],"up":[{"embeddable":true,"href":"https:\/\/nesibeaydin.k12.tr\/web\/wp-json\/wp\/v2\/pages\/6227"}],"wp:attachment":[{"href":"https:\/\/nesibeaydin.k12.tr\/web\/wp-json\/wp\/v2\/media?parent=6230"}],"curies":[{"name":"wp","href":"https:\/\/api.w.org\/{rel}","templated":true}]}}