{"id":6344,"date":"2021-12-26T12:06:22","date_gmt":"2021-12-26T09:06:22","guid":{"rendered":"https:\/\/nesibeaydin.k12.tr\/web\/?page_id=6344"},"modified":"2022-01-15T11:17:21","modified_gmt":"2022-01-15T08:17:21","slug":"pyp-nedir","status":"publish","type":"page","link":"https:\/\/nesibeaydin.k12.tr\/web\/okullarimiz\/diyarbakir-kampusu\/diyarbakir-ilkokul\/pyp-nedir\/","title":{"rendered":"PYP Nedir ?"},"content":{"rendered":"<p><section id=\"bt_bb_section69d29099db3e7\"  class=\"bt_bb_section bt_bb_layout_boxed_1200 bt_bb_vertical_align_top\" ><div class=\"bt_bb_port\"><div class=\"bt_bb_cell\"><div class=\"bt_bb_cell_inner\"><div class=\"bt_bb_row  bt_bb_shape_inherit\"  data-bt-override-class=\"{}\"><div class=\"bt_bb_row_holder\" ><div  class=\"bt_bb_column col-xxl-12 col-xl-12 col-xs-12 col-sm-12 col-md-12 col-lg-12 btLimitOneColumn bt_bb_vertical_align_top bt_bb_align_center bt_bb_padding_0 bt_bb_animation_fade_in animate bt_bb_shape_inherit\" style=\"; --column-width:12;\" data-width=\"12\" data-bt-override-class=\"{&quot;bt_bb_align_&quot;:{&quot;current_class&quot;:&quot;bt_bb_align_center&quot;,&quot;def&quot;:&quot;center&quot;,&quot;xl&quot;:&quot;center&quot;}}\"><div class=\"bt_bb_column_content\"><div class=\"bt_bb_column_content_inner\"><div  class=\"bt_bb_text\" >\n\t\t\t<!-- START ilkokul REVOLUTION SLIDER 6.6.12 --><p class=\"rs-p-wp-fix\"><\/p>\n\t\t\t<rs-module-wrap id=\"rev_slider_8_1_wrapper\" data-source=\"gallery\" style=\"visibility:hidden;background:transparent;padding:0;margin:0px auto;margin-top:0;margin-bottom:0;\">\n\t\t\t\t<rs-module id=\"rev_slider_8_1\" style=\"\" data-version=\"6.6.12\">\n\t\t\t\t\t<rs-slides style=\"overflow: hidden; position: absolute;\">\n\t\t\t\t\t\t<rs-slide style=\"position: absolute;\" data-key=\"rs-11\" data-title=\"Slide\" data-seoz=\"front\" data-anim=\"adpr:false;\" data-in=\"o:0;\" data-out=\"a:false;\">\n\t\t\t\t\t\t\t<img src=\"\/\/nesibeaydin.k12.tr\/web\/wp-content\/plugins\/revslider\/public\/assets\/assets\/dummy.png\" alt=\"Slide\" title=\"PYP Nedir ?\" class=\"rev-slidebg tp-rs-img rs-lazyload\" data-lazyload=\"\/\/nesibeaydin.k12.tr\/web\/wp-content\/plugins\/revslider\/public\/assets\/assets\/transparent.png\" data-no-retina>\n<!--\n\t\t\t\t\t\t\t--><rs-layer\n\t\t\t\t\t\t\t\tid=\"slider-8-slide-11-layer-0\" \n\t\t\t\t\t\t\t\tdata-type=\"image\"\n\t\t\t\t\t\t\t\tdata-rsp_ch=\"on\"\n\t\t\t\t\t\t\t\tdata-xy=\"x:c;\"\n\t\t\t\t\t\t\t\tdata-text=\"w:normal;s:20,25,25,25;l:0,31,31,31;\"\n\t\t\t\t\t\t\t\tdata-dim=\"w:1330px,1662px,1662px,1662px;h:300px,375px,375px,375px;\"\n\t\t\t\t\t\t\t\tdata-frame_999=\"o:0;st:w;\"\n\t\t\t\t\t\t\t\tstyle=\"z-index:6;\"\n\t\t\t\t\t\t\t><img src=\"\/\/nesibeaydin.k12.tr\/web\/wp-content\/plugins\/revslider\/public\/assets\/assets\/dummy.png\" alt=\"\" class=\"tp-rs-img rs-lazyload\" width=\"1330\" height=\"300\" data-lazyload=\"\/\/nesibeaydin.k12.tr\/web\/wp-content\/uploads\/2025\/02\/kocaeli-banner.jpg\" data-no-retina> \n\t\t\t\t\t\t\t<\/rs-layer><!--\n-->\t\t\t\t\t\t<\/rs-slide>\n\t\t\t\t\t<\/rs-slides>\n\t\t\t\t<\/rs-module>\n\t\t\t\t<script>\n\t\t\t\t\tsetREVStartSize({c: 'rev_slider_8_1',rl:[1240,1024,1024,1024],el:[280,768,768,768],gw:[1024,1280,1280,1280],gh:[280,300,300,300],type:'hero',justify:'',layout:'fullwidth',mh:\"0\"});if (window.RS_MODULES!==undefined && window.RS_MODULES.modules!==undefined && window.RS_MODULES.modules[\"revslider81\"]!==undefined) {window.RS_MODULES.modules[\"revslider81\"].once = false;window.revapi8 = undefined;if (window.RS_MODULES.checkMinimal!==undefined) window.RS_MODULES.checkMinimal()}\n\t\t\t\t<\/script>\n\t\t\t<\/rs-module-wrap>\n\t\t\t<!-- END REVOLUTION SLIDER -->\n<\/div><\/div><\/div><\/div><\/div><\/div><\/div><\/div><\/div><\/section><section id=\"bt_bb_section69d29099dd8c6\"  class=\"bt_bb_section bt_bb_top_spacing_small bt_bb_bottom_spacing_medium bt_bb_layout_boxed_1200 bt_bb_vertical_align_top\" ><div class=\"bt_bb_port\"><div class=\"bt_bb_cell\"><div class=\"bt_bb_cell_inner\"><div class=\"bt_bb_row  bt_bb_shape_inherit\"  data-bt-override-class=\"{}\"><div class=\"bt_bb_row_holder\" ><div  class=\"bt_bb_column col-xxl-12 col-xl-12 col-xs-12 col-sm-12 col-md-12 col-lg-12 bt_bb_vertical_align_middle bt_bb_align_left bt_bb_padding_0 bt_bb_shape_inherit\" style=\"; --column-width:12;\" data-width=\"12\" data-bt-override-class=\"{&quot;bt_bb_align_&quot;:{&quot;current_class&quot;:&quot;bt_bb_align_left&quot;,&quot;def&quot;:&quot;left&quot;,&quot;xl&quot;:&quot;left&quot;}}\"><div class=\"bt_bb_column_content\"><div class=\"bt_bb_column_content_inner\"><div  class=\"bt_bb_text\" ><\/p>\n<h6 style=\"text-align: center;\"><strong>PYP Temelli \u0130lk Y\u0131llar E\u011fitimi<\/strong><\/h6>\n<div class=\"bt_bb_text\">\n<ul>\n<li>\u0130lk Y\u0131llar Program\u0131 <strong><em>( PYP )<\/em><\/strong>, 3 &#8211; 12 ya\u015f \u00e7ocuklar\u0131n\u0131n e\u011fitimine y\u00f6nelik, t\u00fcm d\u00fcnyada kabul g\u00f6ren, sayg\u0131n ve <strong>sadece onaylanm\u0131\u015f okullar\u0131n <\/strong>uygulayabildi\u011fi bir programd\u0131r. Program; uluslararas\u0131 bilince sahip ara\u015ft\u0131ran, sorgulayan, merakl\u0131, bilgili ve duyarl\u0131 \u00e7ocuklar yeti\u015ftirmeyi ama\u00e7lar.<\/li>\n<li><strong>Program kapsam\u0131nda<\/strong>; \u00f6\u011frencilerimizin \u00e7ok y\u00f6nl\u00fc geli\u015fimlerini sa\u011flayacak, onlar\u0131 spor yapmaya \u00f6zendirecek, sanatsal, bilimsel, k\u00fclt\u00fcrel ve sosyal i\u00e7erikli bran\u015f etkinliklerine yer verilir.<\/li>\n<li><strong>\u0130lk Y\u0131llar Program\u0131nda;<\/strong>\n<ul>\n<li>Uluslararas\u0131 bilince sahip bireyler yeti\u015ftirmek i\u00e7in <strong>IB \u00d6\u011frenen Profiline<\/strong>,<\/li>\n<li>\u00d6\u011frenilmesi gereken i\u00e7eri\u011fin \u00e7er\u00e7evesinin belirlenmesi i\u00e7in <strong>Disiplinler \u00dcst\u00fc Temalara<\/strong>,<\/li>\n<li>Ke\u015ffedilmesi gereken fikirler i\u00e7in <strong>Anahtar Kavramlara<\/strong>,<\/li>\n<li>Geli\u015ftirilmesi gereken yetenekler i\u00e7in <strong>Disiplinler \u00dcst\u00fc Becerilere<\/strong>,<\/li>\n<li>Derinlemesine bir \u00f6\u011frenme oldu\u011funun g\u00f6stergesi olmas\u0131 i\u00e7in <strong>Eylemlere <\/strong>yer verilir.<\/li>\n<li>\u00d6\u011frenme s\u00fcrecinde \u00f6\u011frenenlerin s\u00f6z sahibi olmas\u0131, se\u00e7imler yapmas\u0131 ve bunlar\u0131 sahiplenerek \u00f6\u011frenmenin \u00f6znesi olmas\u0131 ama\u00e7lan\u0131r.<\/li>\n<\/ul>\n<\/li>\n<li>\u0130lkokullar\u0131m\u0131zda yap\u0131lan <strong>PYP \u00e7al\u0131\u015fmalar\u0131yla<\/strong>, yukar\u0131da say\u0131lan bilgi ve becerilere sahip ve ayn\u0131 zamanda <strong>IB DP<\/strong>\u2019nin <strong><em>(Uluslararas\u0131 Bakalorya Diploma <\/em><\/strong><strong><em>Program\u0131) <\/em><\/strong>altyap\u0131s\u0131n\u0131 edinmi\u015f \u00e7ocuklar yeti\u015ftirilir.<\/li>\n<\/ul>\n<\/div>\n<div><\/div>\n<p>\n<\/div><\/div><\/div><\/div><\/div><\/div><div class=\"bt_bb_row  bt_bb_shape_inherit\"  data-bt-override-class=\"{}\"><div class=\"bt_bb_row_holder\" ><div  class=\"bt_bb_column col-xxl-12 col-xl-12 col-xs-12 col-sm-12 col-md-12 col-lg-12 bt_bb_vertical_align_top bt_bb_align_center bt_bb_padding_0 bt_bb_shape_inherit\" style=\"; --column-width:12;\" data-width=\"12\" data-bt-override-class=\"{&quot;bt_bb_align_&quot;:{&quot;current_class&quot;:&quot;bt_bb_align_center&quot;,&quot;def&quot;:&quot;center&quot;,&quot;xl&quot;:&quot;center&quot;}}\"><div class=\"bt_bb_column_content\"><div class=\"bt_bb_column_content_inner\"><div class=\"bt_bb_image bt_bb_shape_square bt_bb_align_inherit bt_bb_hover_style_simple bt_bb_content_display_always bt_bb_content_align_middle\"><span><img src = \"https:\/\/nesibeaydin.k12.tr\/web\/wp-content\/plugins\/bold-page-builder\/img\/blank.gif\" data-image_src=\"https:\/\/nesibeaydin.k12.tr\/web\/wp-content\/uploads\/2021\/12\/yabancidil-1.png\" title=\"yabancidil\" alt=\"https:\/\/nesibeaydin.k12.tr\/web\/wp-content\/uploads\/2021\/12\/yabancidil-1.png\" class=\"btLazyLoadImage\"><\/span><\/div><\/div><\/div><\/div><\/div><\/div><div class=\"bt_bb_row  bt_bb_shape_inherit\"  data-bt-override-class=\"{}\"><div class=\"bt_bb_row_holder\" ><div  class=\"bt_bb_column col-xxl-12 col-xl-12 col-xs-12 col-sm-12 col-md-12 col-lg-12 bt_bb_vertical_align_middle bt_bb_align_left bt_bb_padding_0 bt_bb_shape_inherit\" style=\"; --column-width:12;\" data-width=\"12\" data-bt-override-class=\"{&quot;bt_bb_align_&quot;:{&quot;current_class&quot;:&quot;bt_bb_align_left&quot;,&quot;def&quot;:&quot;left&quot;,&quot;xl&quot;:&quot;left&quot;}}\"><div class=\"bt_bb_column_content\"><div class=\"bt_bb_column_content_inner\"><div  class=\"bt_bb_text\" ><\/p>\n<div class=\"bt_bb_text\">\n<h6 style=\"text-align: center;\"><strong>IB \u00d6\u011frenen Profilleri<\/strong><\/h6>\n<\/div>\n<div>\n<ul>\n<li><strong>Ara\u015ft\u0131ran-Sorgulayan:<\/strong> Ara\u015ft\u0131rma ve sorgulama i\u00e7in gerekli becerileri geli\u015ftirerek merak\u0131m\u0131z\u0131 besleriz. Tek ba\u015f\u0131na ve di\u011ferleriyle birlikte nas\u0131l \u00f6\u011frenece\u011fimizi biliriz. \u015eevkle \u00f6\u011frenir ve \u00f6\u011frenme sevgimizi ya\u015fam boyu s\u00fcrd\u00fcr\u00fcr\u00fcz.<\/li>\n<li><strong>Bilgili:<\/strong> Bilgiyi, farkl\u0131 disiplinler aras\u0131nda ara\u015ft\u0131rarak kavramsal anlay\u0131\u015f geli\u015ftirir ve kullan\u0131r\u0131z. Yerel ve k\u00fcresel \u00f6nemi olan sorunlar ve fikirlerle ilgileniriz.<\/li>\n<li><strong>D\u00fc\u015f\u00fcnen:<\/strong> Karma\u015f\u0131k problemleri \u00e7\u00f6z\u00fcmlemek ve bunlarla ilgili g\u00fcvenilir eylemlerde bulunmak i\u00e7in ele\u015ftirel ve yarat\u0131c\u0131 d\u00fc\u015f\u00fcnme becerilerini kullan\u0131r\u0131z. Gerek\u00e7eli, etik kararlar almada inisiyatif kullan\u0131r\u0131z.<\/li>\n<li><strong>\u0130leti\u015fim Kuran:<\/strong> Kendimizi birden fazla dilde ve pek \u00e7ok \u015fekilde g\u00fcvenle ve yarat\u0131c\u0131 \u015fekilde ifade ederiz. Di\u011fer bireylerin ve gruplar\u0131n bak\u0131\u015f a\u00e7\u0131lar\u0131n\u0131 dikkatle dinleyerek etkili \u015fekilde i\u015f birli\u011fi yapar\u0131z.<\/li>\n<li><strong>\u0130lkeli:<\/strong> Do\u011fruluk ve d\u00fcr\u00fcstl\u00fckle, g\u00fc\u00e7l\u00fc bir hakkaniyet ve adalet anlay\u0131\u015f\u0131yla, t\u00fcm insanlar\u0131n haysiyetine ve haklar\u0131na sayg\u0131 duyarak hareket ederiz. Eylemlerimizin ve sonu\u00e7lar\u0131n\u0131n sorumlulu\u011funu al\u0131r\u0131z.<\/li>\n<li><strong>A\u00e7\u0131k G\u00f6r\u00fc\u015fl\u00fc:<\/strong> Di\u011ferlerinin de\u011ferleri ve geleneklerinin yan\u0131 s\u0131ra kendi k\u00fclt\u00fcrlerimiz ve bireysel ge\u00e7mi\u015flerimize de de\u011fer veririz. Farkl\u0131 bak\u0131\u015f a\u00e7\u0131lar\u0131 arar, de\u011ferlendirir ve bu deneyimlerimizle olgunla\u015f\u0131r\u0131z.<\/li>\n<li><strong>Duyarl\u0131:<\/strong> Empati kurar, \u015fefkat ve sayg\u0131 g\u00f6steririz. Hizmet etme y\u00fck\u00fcml\u00fcl\u00fc\u011f\u00fcne inan\u0131r, di\u011ferlerinin hayat\u0131nda ve kendi \u00e7evremizdeki d\u00fcnyada olumlu bir fark yaratmak i\u00e7in hareket ederiz.<\/li>\n<li><strong>Riski G\u00f6ze Alan:<\/strong> Belirsizli\u011fe ihtiyat ve kararl\u0131l\u0131kla yakla\u015f\u0131r\u0131z; yeni fikirler ve yenilik\u00e7i izlemler ara\u015ft\u0131rmak i\u00e7in ba\u011f\u0131ms\u0131z ve ortakla\u015fa \u00e7al\u0131\u015f\u0131r\u0131z. Zorluklar ve de\u011fi\u015fim kar\u015f\u0131s\u0131nda becerikli ve dayan\u0131kl\u0131y\u0131z.<\/li>\n<li><strong>Dengeli:<\/strong> Kendimizin ve ba\u015fkalar\u0131n\u0131n esenli\u011fini sa\u011flamak i\u00e7in ya\u015fam\u0131m\u0131z\u0131n farkl\u0131 y\u00f6nleri (entelekt\u00fcel, fiziksel ve duygusal) aras\u0131nda denge kurman\u0131n \u00f6nemini biliriz. Di\u011fer insanlarla ve ya\u015fad\u0131\u011f\u0131m\u0131z d\u00fcnyayla olan dayan\u0131\u015fmam\u0131z\u0131n fark\u0131nday\u0131z.<\/li>\n<li><strong>D\u00f6n\u00fc\u015f\u00fcml\u00fc D\u00fc\u015f\u00fcnen:<\/strong> D\u00fcnyay\u0131, kendi fikir ve deneyimlerimizi derinlemesine d\u00fc\u015f\u00fcn\u00fcr\u00fcz. \u00d6\u011frenme ve ki\u015fisel geli\u015fimimizi desteklemek amac\u0131yla g\u00fc\u00e7l\u00fc ve g\u00fc\u00e7s\u00fcz yanlar\u0131m\u0131z\u0131 anlamak i\u00e7in \u00e7aba sarf ederiz.<\/li>\n<\/ul>\n<\/div>\n<p>\n<\/div><\/div><\/div><\/div><\/div><\/div><div class=\"bt_bb_row \"  data-bt-override-class=\"{}\"><div class=\"bt_bb_row_holder\" ><div  class=\"bt_bb_column col-xxl-12 col-xl-12 bt_bb_vertical_align_top bt_bb_align_center bt_bb_padding_normal\" style=\"; --column-width:12;\" data-width=\"12\" data-bt-override-class=\"{}\"><div class=\"bt_bb_column_content\"><div class=\"bt_bb_column_content_inner\"><div class=\"bt_bb_separator bt_bb_border_style_none bt_bb_bottom_spacing_normal\" data-bt-override-class=\"null\"><\/div><div class=\"bt_bb_slider bt_bb_height_keep-height bt_bb_show_dots_bottom bt_bb_multiple_slides bt_bb_multiple_slides bt_bb_animation_slide animate\"><div class=\"slick-slider\"  data-slick='{ \"lazyLoad\": \"progressive\", \"cssEase\": \"ease-out\", \"speed\": \"300\", \"dots\": true, \"prevArrow\": \"\", \"nextArrow\": \"\",\"slidesToShow\": 4, \"autoplay\": true, \"autoplaySpeed\": 2000,\"slidesToShow\": 4, \"responsive\": [{ \"breakpoint\": 481, \"settings\": { \"slidesToShow\": 1, \"slidesToScroll\": 1 } },{ \"breakpoint\": 769, \"settings\": { \"slidesToShow\": 2, \"slidesToScroll\": 2 } },{ \"breakpoint\": 993, \"settings\": { \"slidesToShow\": 3, \"slidesToScroll\": 3 } },{ \"breakpoint\": 1201, \"settings\": { \"slidesToShow\": 4, \"slidesToScroll\": 4 } },{ \"breakpoint\": 1401, \"settings\": { \"slidesToShow\": 4, \"slidesToScroll\": 4 } }]}' ><div class=\"bt_bb_slider_item\" data-src-full=\"https:\/\/nesibeaydin.k12.tr\/web\/wp-content\/uploads\/2022\/01\/ilkokul_alt_slider-11.png\"><img src=\"https:\/\/nesibeaydin.k12.tr\/web\/wp-content\/uploads\/2022\/01\/ilkokul_alt_slider-11.png\" alt=\"ilkokul_alt_slider-11\"  title=\"ilkokul_alt_slider-11\"><\/div><div class=\"bt_bb_slider_item\" data-src-full=\"https:\/\/nesibeaydin.k12.tr\/web\/wp-content\/uploads\/2022\/01\/ilkokul_alt_slider-12.png\"><img src=\"https:\/\/nesibeaydin.k12.tr\/web\/wp-content\/uploads\/2022\/01\/ilkokul_alt_slider-12.png\" alt=\"ilkokul_alt_slider-12\"  title=\"ilkokul_alt_slider-12\"><\/div><div class=\"bt_bb_slider_item\" data-src-full=\"https:\/\/nesibeaydin.k12.tr\/web\/wp-content\/uploads\/2022\/01\/ilkokul_alt_slider-13.png\"><img src=\"https:\/\/nesibeaydin.k12.tr\/web\/wp-content\/uploads\/2022\/01\/ilkokul_alt_slider-13.png\" alt=\"ilkokul_alt_slider-13\"  title=\"ilkokul_alt_slider-13\"><\/div><div class=\"bt_bb_slider_item\" data-src-full=\"https:\/\/nesibeaydin.k12.tr\/web\/wp-content\/uploads\/2022\/01\/ilkokul_alt_slider-14.png\"><img src=\"https:\/\/nesibeaydin.k12.tr\/web\/wp-content\/uploads\/2022\/01\/ilkokul_alt_slider-14.png\" alt=\"ilkokul_alt_slider-14\"  title=\"ilkokul_alt_slider-14\"><\/div><div class=\"bt_bb_slider_item\" data-src-full=\"https:\/\/nesibeaydin.k12.tr\/web\/wp-content\/uploads\/2022\/01\/ilkokul_alt_slider-15.png\"><img src=\"https:\/\/nesibeaydin.k12.tr\/web\/wp-content\/uploads\/2022\/01\/ilkokul_alt_slider-15.png\" alt=\"ilkokul_alt_slider-15\"  title=\"ilkokul_alt_slider-15\"><\/div><div class=\"bt_bb_slider_item\" data-src-full=\"https:\/\/nesibeaydin.k12.tr\/web\/wp-content\/uploads\/2022\/01\/ilkokul_alt_slider-16.png\"><img src=\"https:\/\/nesibeaydin.k12.tr\/web\/wp-content\/uploads\/2022\/01\/ilkokul_alt_slider-16.png\" alt=\"ilkokul_alt_slider-16\"  title=\"ilkokul_alt_slider-16\"><\/div><div class=\"bt_bb_slider_item\" data-src-full=\"https:\/\/nesibeaydin.k12.tr\/web\/wp-content\/uploads\/2022\/01\/ilkokul_alt_slider-17.png\"><img src=\"https:\/\/nesibeaydin.k12.tr\/web\/wp-content\/uploads\/2022\/01\/ilkokul_alt_slider-17.png\" alt=\"ilkokul_alt_slider-17\"  title=\"ilkokul_alt_slider-17\"><\/div><div class=\"bt_bb_slider_item\" data-src-full=\"https:\/\/nesibeaydin.k12.tr\/web\/wp-content\/uploads\/2022\/01\/ilkokul_alt_slider-18.png\"><img src=\"https:\/\/nesibeaydin.k12.tr\/web\/wp-content\/uploads\/2022\/01\/ilkokul_alt_slider-18.png\" alt=\"ilkokul_alt_slider-18\"  title=\"ilkokul_alt_slider-18\"><\/div><\/div><\/div><div class=\"bt_bb_separator bt_bb_border_style_none bt_bb_bottom_spacing_normal\" data-bt-override-class=\"null\"><\/div><\/div><\/div><\/div><\/div><\/div><\/div><\/div><\/div><\/section><\/p>\n","protected":false},"excerpt":{"rendered":"","protected":false},"author":1,"featured_media":0,"parent":6341,"menu_order":0,"comment_status":"closed","ping_status":"closed","template":"","meta":[],"_links":{"self":[{"href":"https:\/\/nesibeaydin.k12.tr\/web\/wp-json\/wp\/v2\/pages\/6344"}],"collection":[{"href":"https:\/\/nesibeaydin.k12.tr\/web\/wp-json\/wp\/v2\/pages"}],"about":[{"href":"https:\/\/nesibeaydin.k12.tr\/web\/wp-json\/wp\/v2\/types\/page"}],"author":[{"embeddable":true,"href":"https:\/\/nesibeaydin.k12.tr\/web\/wp-json\/wp\/v2\/users\/1"}],"replies":[{"embeddable":true,"href":"https:\/\/nesibeaydin.k12.tr\/web\/wp-json\/wp\/v2\/comments?post=6344"}],"version-history":[{"count":2,"href":"https:\/\/nesibeaydin.k12.tr\/web\/wp-json\/wp\/v2\/pages\/6344\/revisions"}],"predecessor-version":[{"id":7900,"href":"https:\/\/nesibeaydin.k12.tr\/web\/wp-json\/wp\/v2\/pages\/6344\/revisions\/7900"}],"up":[{"embeddable":true,"href":"https:\/\/nesibeaydin.k12.tr\/web\/wp-json\/wp\/v2\/pages\/6341"}],"wp:attachment":[{"href":"https:\/\/nesibeaydin.k12.tr\/web\/wp-json\/wp\/v2\/media?parent=6344"}],"curies":[{"name":"wp","href":"https:\/\/api.w.org\/{rel}","templated":true}]}}