{"id":6386,"date":"2021-12-26T12:29:18","date_gmt":"2021-12-26T09:29:18","guid":{"rendered":"https:\/\/nesibeaydin.k12.tr\/web\/?page_id=6386"},"modified":"2025-12-03T15:45:12","modified_gmt":"2025-12-03T12:45:12","slug":"ogrenci-takibi-ve-veli-toplantilari","status":"publish","type":"page","link":"https:\/\/nesibeaydin.k12.tr\/web\/okullarimiz\/diyarbakir-kampusu\/diyarbakir-ortaokul\/ogrenci-takibi-ve-veli-toplantilari\/","title":{"rendered":"\u00d6\u011frenci Takibi ve Veli Toplant\u0131lar\u0131"},"content":{"rendered":"<p><section id=\"bt_bb_section69d28fb357d64\"  class=\"bt_bb_section bt_bb_layout_boxed_1200 bt_bb_vertical_align_top bt_bb_hidden_xs bt_bb_hidden_ms bt_bb_hidden_sm\" ><div class=\"bt_bb_port\"><div class=\"bt_bb_cell\"><div class=\"bt_bb_cell_inner\"><div class=\"bt_bb_row  bt_bb_shape_inherit\"  data-bt-override-class=\"{}\"><div class=\"bt_bb_row_holder\" ><div  class=\"bt_bb_column col-xxl-12 col-xl-12 col-xs-12 col-sm-12 col-md-12 col-lg-12 bt_bb_vertical_align_top bt_bb_align_left bt_bb_padding_normal bt_bb_shape_inherit\" style=\"; --column-width:12;\" data-width=\"12\" data-bt-override-class=\"{}\"><div class=\"bt_bb_column_content\"><div class=\"bt_bb_column_content_inner\"><div  class=\"bt_bb_text\" ><\/p>\n<p>\t\t\t<!-- START Ortaokul REVOLUTION SLIDER 6.6.12 --><\/p>\n<p class=\"rs-p-wp-fix\">\n<p>\t\t\t<rs-module-wrap id=\"rev_slider_13_1_wrapper\" data-source=\"gallery\" style=\"visibility:hidden;background:transparent;padding:0;margin:0px auto;margin-top:0;margin-bottom:0;\"><br \/>\n\t\t\t\t<rs-module id=\"rev_slider_13_1\" style=\"\" data-version=\"6.6.12\"><br \/>\n\t\t\t\t\t<rs-slides style=\"overflow: hidden; position: absolute;\"><br \/>\n\t\t\t\t\t\t<rs-slide style=\"position: absolute;\" data-key=\"rs-16\" data-title=\"Slide\" data-seoz=\"front\" data-anim=\"adpr:false;\" data-in=\"o:0;\" data-out=\"a:false;\"><br \/>\n\t\t\t\t\t\t\t<img src=\"\/\/nesibeaydin.k12.tr\/web\/wp-content\/plugins\/revslider\/public\/assets\/assets\/dummy.png\" alt=\"Slide\" title=\"\u00d6\u011frenci Takibi ve Veli Toplant\u0131lar\u0131\" class=\"rev-slidebg tp-rs-img rs-lazyload\" data-lazyload=\"\/\/nesibeaydin.k12.tr\/web\/wp-content\/plugins\/revslider\/public\/assets\/assets\/transparent.png\" data-no-retina><br \/>\n<!--\n\t\t\t\t\t\t\t--><rs-layer\n\t\t\t\t\t\t\t\tid=\"slider-13-slide-16-layer-0\" \n\t\t\t\t\t\t\t\tdata-type=\"image\"\n\t\t\t\t\t\t\t\tdata-rsp_ch=\"on\"\n\t\t\t\t\t\t\t\tdata-xy=\"x:c;\"\n\t\t\t\t\t\t\t\tdata-text=\"w:normal;s:20,25,25,25;l:0,31,31,31;\"\n\t\t\t\t\t\t\t\tdata-dim=\"w:1330px,1662px,1662px,1662px;h:300px,375px,375px,375px;\"\n\t\t\t\t\t\t\t\tdata-frame_999=\"o:0;st:w;\"\n\t\t\t\t\t\t\t\tstyle=\"z-index:6;\"\n\t\t\t\t\t\t\t><img src=\"\/\/nesibeaydin.k12.tr\/web\/wp-content\/plugins\/revslider\/public\/assets\/assets\/dummy.png\" alt=\"\" class=\"tp-rs-img rs-lazyload\" width=\"1330\" height=\"300\" data-lazyload=\"\/\/nesibeaydin.k12.tr\/web\/wp-content\/uploads\/2021\/12\/1-slider2_C\u0327al\u0131s\u0327ma Yu\u0308zeyi 1 kopya 5.png\" data-no-retina><br \/>\n\t\t\t\t\t\t\t<\/rs-layer><!--\n-->\t\t\t\t\t\t<\/rs-slide><br \/>\n\t\t\t\t\t<\/rs-slides><br \/>\n\t\t\t\t<\/rs-module><br \/>\n\t\t\t\t<script>\n\t\t\t\t\tsetREVStartSize({c: 'rev_slider_13_1',rl:[1240,1024,1024,1024],el:[280,768,768,768],gw:[1024,1280,1280,1280],gh:[280,300,300,300],type:'hero',justify:'',layout:'fullwidth',mh:\"0\"});if (window.RS_MODULES!==undefined && window.RS_MODULES.modules!==undefined && window.RS_MODULES.modules[\"revslider131\"]!==undefined) {window.RS_MODULES.modules[\"revslider131\"].once = false;window.revapi13 = undefined;if (window.RS_MODULES.checkMinimal!==undefined) window.RS_MODULES.checkMinimal()}\n\t\t\t\t<\/script><br \/>\n\t\t\t<\/rs-module-wrap><br \/>\n\t\t\t<!-- END REVOLUTION SLIDER --><\/p>\n<p>\n<\/div><\/div><\/div><\/div><\/div><\/div><\/div><\/div><\/div><\/section><section id=\"bt_bb_section69d28fb35a2eb\"  class=\"bt_bb_section bt_bb_layout_boxed_1200 bt_bb_vertical_align_top bt_bb_hidden_md bt_bb_hidden_lg\" ><div class=\"bt_bb_port\"><div class=\"bt_bb_cell\"><div class=\"bt_bb_cell_inner\"><div class=\"bt_bb_row  bt_bb_shape_inherit\"  data-bt-override-class=\"{}\"><div class=\"bt_bb_row_holder\" ><div  class=\"bt_bb_column col-xxl-12 col-xl-12 col-xs-12 col-sm-12 col-md-12 col-lg-12 bt_bb_vertical_align_top bt_bb_align_left bt_bb_padding_normal bt_bb_shape_inherit\" style=\"; --column-width:12;\" data-width=\"12\" data-bt-override-class=\"{}\"><div class=\"bt_bb_column_content\"><div class=\"bt_bb_column_content_inner\"><div  class=\"bt_bb_text\" ><\/p>\n<p>\t\t\t<!-- START ortaokulmobil REVOLUTION SLIDER 6.6.12 --><\/p>\n<p class=\"rs-p-wp-fix\">\n<p>\t\t\t<rs-module-wrap id=\"rev_slider_35_2_wrapper\" data-source=\"gallery\" style=\"visibility:hidden;background:transparent;padding:0;margin:0px auto;margin-top:0;margin-bottom:0;\"><br \/>\n\t\t\t\t<rs-module id=\"rev_slider_35_2\" style=\"\" data-version=\"6.6.12\"><br \/>\n\t\t\t\t\t<rs-slides style=\"overflow: hidden; position: absolute;\"><br \/>\n\t\t\t\t\t\t<rs-slide style=\"position: absolute;\" data-key=\"rs-38\" data-title=\"Slide\" data-seoz=\"front\" data-anim=\"adpr:false;\" data-in=\"o:0;\" data-out=\"a:false;\"><br \/>\n\t\t\t\t\t\t\t<img src=\"\/\/nesibeaydin.k12.tr\/web\/wp-content\/plugins\/revslider\/public\/assets\/assets\/dummy.png\" alt=\"Slide\" title=\"\u00d6\u011frenci Takibi ve Veli Toplant\u0131lar\u0131\" class=\"rev-slidebg tp-rs-img rs-lazyload\" data-lazyload=\"\/\/nesibeaydin.k12.tr\/web\/wp-content\/plugins\/revslider\/public\/assets\/assets\/transparent.png\" data-no-retina><br \/>\n<!--\n\t\t\t\t\t\t\t--><rs-layer\n\t\t\t\t\t\t\t\tid=\"slider-35-slide-38-layer-1\" \n\t\t\t\t\t\t\t\tdata-type=\"image\"\n\t\t\t\t\t\t\t\tdata-rsp_ch=\"on\"\n\t\t\t\t\t\t\t\tdata-xy=\"x:c;\"\n\t\t\t\t\t\t\t\tdata-text=\"w:normal;s:20,20,9,9;l:0,0,11,11;\"\n\t\t\t\t\t\t\t\tdata-dim=\"w:1025px,1025px,480px,480px;h:892px,892px,418px,418px;\"\n\t\t\t\t\t\t\t\tdata-frame_999=\"o:0;st:w;\"\n\t\t\t\t\t\t\t\tstyle=\"z-index:5;\"\n\t\t\t\t\t\t\t><img src=\"\/\/nesibeaydin.k12.tr\/web\/wp-content\/plugins\/revslider\/public\/assets\/assets\/dummy.png\" alt=\"\" class=\"tp-rs-img rs-lazyload\" width=\"1080\" height=\"940\" data-lazyload=\"\/\/nesibeaydin.k12.tr\/web\/wp-content\/uploads\/2022\/01\/1-site_ici_mobil_slider_C\u0327al\u0131s\u0327ma Yu\u0308zeyi 1 kopya 24.png\" data-no-retina><br \/>\n\t\t\t\t\t\t\t<\/rs-layer><!--\n-->\t\t\t\t\t\t<\/rs-slide><br \/>\n\t\t\t\t\t<\/rs-slides><br \/>\n\t\t\t\t<\/rs-module><br \/>\n\t\t\t\t<script>\n\t\t\t\t\tsetREVStartSize({c: 'rev_slider_35_2',rl:[1240,1240,778,480],el:[280,280,960,720],gw:[1024,1024,480,480],gh:[280,280,480,480],type:'hero',justify:'',layout:'fullwidth',mh:\"0\"});if (window.RS_MODULES!==undefined && window.RS_MODULES.modules!==undefined && window.RS_MODULES.modules[\"revslider352\"]!==undefined) {window.RS_MODULES.modules[\"revslider352\"].once = false;window.revapi35 = undefined;if (window.RS_MODULES.checkMinimal!==undefined) window.RS_MODULES.checkMinimal()}\n\t\t\t\t<\/script><br \/>\n\t\t\t<\/rs-module-wrap><br \/>\n\t\t\t<!-- END REVOLUTION SLIDER --><\/p>\n<p>\n<\/div><\/div><\/div><\/div><\/div><\/div><\/div><\/div><\/div><\/section><section id=\"bt_bb_section69d28fb35ac4f\"  class=\"bt_bb_section bt_bb_top_spacing_small bt_bb_bottom_spacing_medium bt_bb_layout_boxed_1200 bt_bb_vertical_align_top\" ><div class=\"bt_bb_port\"><div class=\"bt_bb_cell\"><div class=\"bt_bb_cell_inner\"><div class=\"bt_bb_row  bt_bb_shape_inherit\"  data-bt-override-class=\"{}\"><div class=\"bt_bb_row_holder\" ><div  class=\"bt_bb_column col-xxl-12 col-xl-12 col-xs-12 col-sm-12 col-md-12 col-lg-12 bt_bb_vertical_align_middle bt_bb_align_left bt_bb_padding_0 bt_bb_shape_inherit\" style=\"; --column-width:12;\" data-width=\"12\" data-bt-override-class=\"{&quot;bt_bb_align_&quot;:{&quot;current_class&quot;:&quot;bt_bb_align_left&quot;,&quot;def&quot;:&quot;left&quot;,&quot;xl&quot;:&quot;left&quot;}}\"><div class=\"bt_bb_column_content\"><div class=\"bt_bb_column_content_inner\"><div  class=\"bt_bb_text\" ><\/p>\n<h6 style=\"text-align: center;\"><strong>\u00d6\u011frenci Takibi<\/strong><\/h6>\n<ul>\n<li>\u00d6\u011frencilerimizin takibi, <strong>s\u0131n\u0131f dan\u0131\u015fman<\/strong> ve <strong>ders \u00f6\u011fretmenleri<\/strong> ile <strong>PDR<\/strong> ve <strong>y\u00f6netim<\/strong> taraf\u0131ndan yap\u0131l\u0131r.<\/li>\n<li><strong>Yaz d\u00f6neminde<\/strong> ise, \u00f6\u011frencilerin \u00e7al\u0131\u015fma durumlar\u0131, dan\u0131\u015fman \u00f6\u011fretmen, PDR ve m\u00fcd\u00fcr yard\u0131mc\u0131lar\u0131 taraf\u0131ndan takip edilir.<\/li>\n<li>\u00d6\u011frencilerimizin ve velilerimizin cep telefonlar\u0131na d\u00fczenli olarak bilgilendirme <strong>MESAJLARI<\/strong> g\u00f6nderilir.<\/li>\n<li>Okulumuz i\u00e7in \u00f6zel haz\u0131rlanan <strong>E12 e\u011fitim platformu<\/strong> arac\u0131l\u0131\u011f\u0131yla; \u00f6\u011frencilerimizin geli\u015fimleri, davran\u0131\u015flar\u0131, ba\u015far\u0131lar\u0131, eksikleri, ek dersleri, et\u00fctleri, \u00f6devleri, devams\u0131zl\u0131klar\u0131 ve de\u011ferlendirme sonu\u00e7lar\u0131n\u0131n takibi, velilerimiz taraf\u0131ndan h\u0131zl\u0131 ve kolay yap\u0131lmaktad\u0131r.<\/li>\n<li>Okullar\u0131m\u0131zda, ama\u00e7lanan hedefe ula\u015fabilmek i\u00e7in hi\u00e7bir \u00f6zveriden ka\u00e7\u0131n\u0131lmaz. \u00d6\u011frencilerimize, okulumuzun <strong>kurallar\u0131<\/strong> ve <strong>disiplini<\/strong> konusunda (\u00f6zellikle verilen <strong>\u00d6DEVLER<\/strong> ve <strong>DEVAMSIZLIK<\/strong>) <strong>esnek davran\u0131lmaz<\/strong>.<\/li>\n<\/ul>\n<p>\n<\/div><\/div><\/div><\/div><\/div><\/div><div class=\"bt_bb_row  bt_bb_shape_inherit\"  data-bt-override-class=\"{}\"><div class=\"bt_bb_row_holder\" ><div  class=\"bt_bb_column col-xxl-12 col-xl-12 col-xs-12 col-sm-12 col-md-12 col-lg-12 bt_bb_vertical_align_top bt_bb_align_center bt_bb_padding_0 bt_bb_shape_inherit\" style=\"; --column-width:12;\" data-width=\"12\" data-bt-override-class=\"{&quot;bt_bb_align_&quot;:{&quot;current_class&quot;:&quot;bt_bb_align_center&quot;,&quot;def&quot;:&quot;center&quot;,&quot;xl&quot;:&quot;center&quot;}}\"><div class=\"bt_bb_column_content\"><div class=\"bt_bb_column_content_inner\"><div class=\"bt_bb_image bt_bb_shape_square bt_bb_align_inherit bt_bb_hover_style_simple bt_bb_content_display_always bt_bb_content_align_middle\"><span><img src = \"https:\/\/nesibeaydin.k12.tr\/web\/wp-content\/plugins\/bold-page-builder\/img\/blank.gif\" data-image_src=\"https:\/\/nesibeaydin.k12.tr\/web\/wp-content\/uploads\/2021\/12\/ogrencitakibivelitoplantisi.png\" title=\"ogrencitakibivelitoplantisi\" alt=\"https:\/\/nesibeaydin.k12.tr\/web\/wp-content\/uploads\/2021\/12\/ogrencitakibivelitoplantisi.png\" class=\"btLazyLoadImage\"><\/span><\/div><\/div><\/div><\/div><\/div><\/div><div class=\"bt_bb_row  bt_bb_shape_inherit\"  data-bt-override-class=\"{}\"><div class=\"bt_bb_row_holder\" ><div  class=\"bt_bb_column col-xxl-12 col-xl-12 col-xs-12 col-sm-12 col-md-12 col-lg-12 bt_bb_vertical_align_middle bt_bb_align_left bt_bb_padding_0 bt_bb_shape_inherit\" style=\"; --column-width:12;\" data-width=\"12\" data-bt-override-class=\"{&quot;bt_bb_align_&quot;:{&quot;current_class&quot;:&quot;bt_bb_align_left&quot;,&quot;def&quot;:&quot;left&quot;,&quot;xl&quot;:&quot;left&quot;}}\"><div class=\"bt_bb_column_content\"><div class=\"bt_bb_column_content_inner\"><div  class=\"bt_bb_text\" ><\/p>\n<h6 style=\"text-align: center;\"><strong>Veli Toplant\u0131lar\u0131<\/strong><\/h6>\n<ul>\n<li>\u00d6\u011fretmenlerimiz, y\u0131lda <strong>iki defa<\/strong>, velileri ile <strong>genel de\u011ferlendirme toplant\u0131lar\u0131<\/strong> yaparlar. Ayr\u0131ca velilerimize, okullar\u0131n a\u00e7\u0131ld\u0131\u011f\u0131 ilk hafta, okul y\u00f6netimlerimiz taraf\u0131ndan Tan\u0131\u015fma ve \u0130\u015fleyi\u015f Bilgilendirme sunumu yap\u0131l\u0131r.<\/li>\n<li>Velilerimiz, veli toplant\u0131lar\u0131n\u0131n d\u0131\u015f\u0131nda da ihtiya\u00e7 duyduklar\u0131nda, <strong>randevu alarak<\/strong> \u00f6\u011fretmenlerimiz ile <strong>bire bir g\u00f6r\u00fc\u015fmeler<\/strong> yapabilirler.<\/li>\n<li>Gerekli durumlarda <strong>m\u00fcd\u00fcr yard\u0131mc\u0131lar\u0131m\u0131z, PDR ve s\u0131n\u0131f \u00f6\u011fretmenleriyle<\/strong> birlikte, <strong>bireysel veli g\u00f6r\u00fc\u015fmeleri<\/strong> d\u00fczenlerler. \u00d6\u011frencilerimizin geli\u015fimi ve e\u011fitimi ile ilgili raporlar, bu g\u00f6r\u00fc\u015fmelerde payla\u015f\u0131l\u0131r.<\/li>\n<li>Velilerimizin istekleri ve ihtiya\u00e7lar\u0131 g\u00f6z \u00f6n\u00fcne al\u0131narak, <strong>alan\u0131nda uzman akademisyenlerin<\/strong> kat\u0131l\u0131m\u0131 ile y\u0131l boyunca <strong>aile e\u011fitimleri, seminerler<\/strong> ve <strong>paneller<\/strong> d\u00fczenlenir.<\/li>\n<\/ul>\n<p>\n<\/div><\/div><\/div><\/div><\/div><\/div><div class=\"bt_bb_row \"  data-bt-override-class=\"{}\"><div class=\"bt_bb_row_holder\" ><div  class=\"bt_bb_column col-xxl-12 col-xl-12 bt_bb_vertical_align_top bt_bb_align_center bt_bb_padding_normal\" style=\"; --column-width:12;\" data-width=\"12\" data-bt-override-class=\"{}\"><div class=\"bt_bb_column_content\"><div class=\"bt_bb_column_content_inner\"><div class=\"bt_bb_separator bt_bb_border_style_none bt_bb_bottom_spacing_normal\" data-bt-override-class=\"null\"><\/div><div class=\"bt_bb_slider bt_bb_height_keep-height bt_bb_show_dots_bottom bt_bb_multiple_slides bt_bb_multiple_slides bt_bb_animation_slide animate\"><div class=\"slick-slider\"  data-slick='{ \"lazyLoad\": \"progressive\", \"cssEase\": \"ease-out\", \"speed\": \"300\", \"dots\": true, \"prevArrow\": \"\", \"nextArrow\": \"\",\"slidesToShow\": 4, \"autoplay\": true, \"autoplaySpeed\": 2000,\"slidesToShow\": 4, \"responsive\": [{ \"breakpoint\": 481, \"settings\": { \"slidesToShow\": 1, \"slidesToScroll\": 1 } },{ \"breakpoint\": 769, \"settings\": { \"slidesToShow\": 2, \"slidesToScroll\": 2 } },{ \"breakpoint\": 993, \"settings\": { \"slidesToShow\": 3, \"slidesToScroll\": 3 } },{ \"breakpoint\": 1201, \"settings\": { \"slidesToShow\": 4, \"slidesToScroll\": 4 } },{ \"breakpoint\": 1401, \"settings\": { \"slidesToShow\": 4, \"slidesToScroll\": 4 } }]}' ><div class=\"bt_bb_slider_item\" data-src-full=\"https:\/\/nesibeaydin.k12.tr\/web\/wp-content\/uploads\/2022\/01\/ortaokul-slider-5.png\"><img src=\"https:\/\/nesibeaydin.k12.tr\/web\/wp-content\/uploads\/2022\/01\/ortaokul-slider-5.png\" alt=\"ortaokul-slider-5\"  title=\"ortaokul-slider-5\"><\/div><div class=\"bt_bb_slider_item\" data-src-full=\"https:\/\/nesibeaydin.k12.tr\/web\/wp-content\/uploads\/2022\/01\/ortaokul-slider-1.png\"><img src=\"https:\/\/nesibeaydin.k12.tr\/web\/wp-content\/uploads\/2022\/01\/ortaokul-slider-1.png\" alt=\"ortaokul-slider-1\"  title=\"ortaokul-slider-1\"><\/div><div class=\"bt_bb_slider_item\" data-src-full=\"https:\/\/nesibeaydin.k12.tr\/web\/wp-content\/uploads\/2022\/01\/ortaokul-slider-2.png\"><img src=\"https:\/\/nesibeaydin.k12.tr\/web\/wp-content\/uploads\/2022\/01\/ortaokul-slider-2.png\" alt=\"ortaokul-slider-2\"  title=\"ortaokul-slider-2\"><\/div><div class=\"bt_bb_slider_item\" data-src-full=\"https:\/\/nesibeaydin.k12.tr\/web\/wp-content\/uploads\/2022\/01\/ortaokul-slider-3.png\"><img src=\"https:\/\/nesibeaydin.k12.tr\/web\/wp-content\/uploads\/2022\/01\/ortaokul-slider-3.png\" alt=\"ortaokul-slider-3\"  title=\"ortaokul-slider-3\"><\/div><div class=\"bt_bb_slider_item\" data-src-full=\"https:\/\/nesibeaydin.k12.tr\/web\/wp-content\/uploads\/2022\/01\/ortaokul-slider-4.png\"><img src=\"https:\/\/nesibeaydin.k12.tr\/web\/wp-content\/uploads\/2022\/01\/ortaokul-slider-4.png\" alt=\"ortaokul-slider-4\"  title=\"ortaokul-slider-4\"><\/div><div class=\"bt_bb_slider_item\" data-src-full=\"https:\/\/nesibeaydin.k12.tr\/web\/wp-content\/uploads\/2021\/12\/slider_alt-12.png\"><img src=\"https:\/\/nesibeaydin.k12.tr\/web\/wp-content\/uploads\/2021\/12\/slider_alt-12.png\" alt=\"slider_alt-12\"  title=\"slider_alt-12\"><\/div><div class=\"bt_bb_slider_item\" data-src-full=\"https:\/\/nesibeaydin.k12.tr\/web\/wp-content\/uploads\/2021\/12\/slider_alt-15.png\"><img src=\"https:\/\/nesibeaydin.k12.tr\/web\/wp-content\/uploads\/2021\/12\/slider_alt-15.png\" alt=\"slider_alt-15\"  title=\"slider_alt-15\"><\/div><div class=\"bt_bb_slider_item\" data-src-full=\"https:\/\/nesibeaydin.k12.tr\/web\/wp-content\/uploads\/2021\/12\/slider_alt-17.png\"><img src=\"https:\/\/nesibeaydin.k12.tr\/web\/wp-content\/uploads\/2021\/12\/slider_alt-17.png\" alt=\"slider_alt-17\"  title=\"slider_alt-17\"><\/div><\/div><\/div><div class=\"bt_bb_separator bt_bb_border_style_none bt_bb_bottom_spacing_normal\" data-bt-override-class=\"null\"><\/div><\/div><\/div><\/div><\/div><\/div><\/div><\/div><\/div><\/section><\/p>\n","protected":false},"excerpt":{"rendered":"","protected":false},"author":1,"featured_media":0,"parent":6368,"menu_order":0,"comment_status":"closed","ping_status":"closed","template":"","meta":[],"_links":{"self":[{"href":"https:\/\/nesibeaydin.k12.tr\/web\/wp-json\/wp\/v2\/pages\/6386"}],"collection":[{"href":"https:\/\/nesibeaydin.k12.tr\/web\/wp-json\/wp\/v2\/pages"}],"about":[{"href":"https:\/\/nesibeaydin.k12.tr\/web\/wp-json\/wp\/v2\/types\/page"}],"author":[{"embeddable":true,"href":"https:\/\/nesibeaydin.k12.tr\/web\/wp-json\/wp\/v2\/users\/1"}],"replies":[{"embeddable":true,"href":"https:\/\/nesibeaydin.k12.tr\/web\/wp-json\/wp\/v2\/comments?post=6386"}],"version-history":[{"count":4,"href":"https:\/\/nesibeaydin.k12.tr\/web\/wp-json\/wp\/v2\/pages\/6386\/revisions"}],"predecessor-version":[{"id":16663,"href":"https:\/\/nesibeaydin.k12.tr\/web\/wp-json\/wp\/v2\/pages\/6386\/revisions\/16663"}],"up":[{"embeddable":true,"href":"https:\/\/nesibeaydin.k12.tr\/web\/wp-json\/wp\/v2\/pages\/6368"}],"wp:attachment":[{"href":"https:\/\/nesibeaydin.k12.tr\/web\/wp-json\/wp\/v2\/media?parent=6386"}],"curies":[{"name":"wp","href":"https:\/\/api.w.org\/{rel}","templated":true}]}}