{"id":6516,"date":"2021-12-26T14:52:42","date_gmt":"2021-12-26T11:52:42","guid":{"rendered":"https:\/\/nesibeaydin.k12.tr\/web\/?page_id=6516"},"modified":"2025-12-04T10:03:39","modified_gmt":"2025-12-04T07:03:39","slug":"ogretmen-kadrosu","status":"publish","type":"page","link":"https:\/\/nesibeaydin.k12.tr\/web\/okullarimiz\/gaziantep-kampusu\/gaziantep-ortaokul\/ogretmen-kadrosu\/","title":{"rendered":"\u00d6\u011fretmen Kadrosu"},"content":{"rendered":"<p><section id=\"bt_bb_section69d2917e5a2f8\"  class=\"bt_bb_section bt_bb_layout_boxed_1200 bt_bb_vertical_align_top bt_bb_hidden_xs bt_bb_hidden_ms bt_bb_hidden_sm\" ><div class=\"bt_bb_port\"><div class=\"bt_bb_cell\"><div class=\"bt_bb_cell_inner\"><div class=\"bt_bb_row  bt_bb_shape_inherit\"  data-bt-override-class=\"{}\"><div class=\"bt_bb_row_holder\" ><div  class=\"bt_bb_column col-xxl-12 col-xl-12 col-xs-12 col-sm-12 col-md-12 col-lg-12 bt_bb_vertical_align_top bt_bb_align_left bt_bb_padding_normal bt_bb_shape_inherit\" style=\"; --column-width:12;\" data-width=\"12\" data-bt-override-class=\"{}\"><div class=\"bt_bb_column_content\"><div class=\"bt_bb_column_content_inner\"><div  class=\"bt_bb_text\" ><\/p>\n<p>\t\t\t<!-- START Ortaokul REVOLUTION SLIDER 6.6.12 --><\/p>\n<p class=\"rs-p-wp-fix\">\n<p>\t\t\t<rs-module-wrap id=\"rev_slider_13_1_wrapper\" data-source=\"gallery\" style=\"visibility:hidden;background:transparent;padding:0;margin:0px auto;margin-top:0;margin-bottom:0;\"><br \/>\n\t\t\t\t<rs-module id=\"rev_slider_13_1\" style=\"\" data-version=\"6.6.12\"><br \/>\n\t\t\t\t\t<rs-slides style=\"overflow: hidden; position: absolute;\"><br \/>\n\t\t\t\t\t\t<rs-slide style=\"position: absolute;\" data-key=\"rs-16\" data-title=\"Slide\" data-seoz=\"front\" data-anim=\"adpr:false;\" data-in=\"o:0;\" data-out=\"a:false;\"><br \/>\n\t\t\t\t\t\t\t<img src=\"\/\/nesibeaydin.k12.tr\/web\/wp-content\/plugins\/revslider\/public\/assets\/assets\/dummy.png\" alt=\"Slide\" title=\"\u00d6\u011fretmen Kadrosu\" class=\"rev-slidebg tp-rs-img rs-lazyload\" data-lazyload=\"\/\/nesibeaydin.k12.tr\/web\/wp-content\/plugins\/revslider\/public\/assets\/assets\/transparent.png\" data-no-retina><br \/>\n<!--\n\t\t\t\t\t\t\t--><rs-layer\n\t\t\t\t\t\t\t\tid=\"slider-13-slide-16-layer-0\" \n\t\t\t\t\t\t\t\tdata-type=\"image\"\n\t\t\t\t\t\t\t\tdata-rsp_ch=\"on\"\n\t\t\t\t\t\t\t\tdata-xy=\"x:c;\"\n\t\t\t\t\t\t\t\tdata-text=\"w:normal;s:20,25,25,25;l:0,31,31,31;\"\n\t\t\t\t\t\t\t\tdata-dim=\"w:1330px,1662px,1662px,1662px;h:300px,375px,375px,375px;\"\n\t\t\t\t\t\t\t\tdata-frame_999=\"o:0;st:w;\"\n\t\t\t\t\t\t\t\tstyle=\"z-index:6;\"\n\t\t\t\t\t\t\t><img src=\"\/\/nesibeaydin.k12.tr\/web\/wp-content\/plugins\/revslider\/public\/assets\/assets\/dummy.png\" alt=\"\" class=\"tp-rs-img rs-lazyload\" width=\"1330\" height=\"300\" data-lazyload=\"\/\/nesibeaydin.k12.tr\/web\/wp-content\/uploads\/2021\/12\/1-slider2_C\u0327al\u0131s\u0327ma Yu\u0308zeyi 1 kopya 5.png\" data-no-retina><br \/>\n\t\t\t\t\t\t\t<\/rs-layer><!--\n-->\t\t\t\t\t\t<\/rs-slide><br \/>\n\t\t\t\t\t<\/rs-slides><br \/>\n\t\t\t\t<\/rs-module><br \/>\n\t\t\t\t<script>\n\t\t\t\t\tsetREVStartSize({c: 'rev_slider_13_1',rl:[1240,1024,1024,1024],el:[280,768,768,768],gw:[1024,1280,1280,1280],gh:[280,300,300,300],type:'hero',justify:'',layout:'fullwidth',mh:\"0\"});if (window.RS_MODULES!==undefined && window.RS_MODULES.modules!==undefined && window.RS_MODULES.modules[\"revslider131\"]!==undefined) {window.RS_MODULES.modules[\"revslider131\"].once = false;window.revapi13 = undefined;if (window.RS_MODULES.checkMinimal!==undefined) window.RS_MODULES.checkMinimal()}\n\t\t\t\t<\/script><br \/>\n\t\t\t<\/rs-module-wrap><br \/>\n\t\t\t<!-- END REVOLUTION SLIDER --><\/p>\n<p>\n<\/div><\/div><\/div><\/div><\/div><\/div><\/div><\/div><\/div><\/section><section id=\"bt_bb_section69d2917e5c702\"  class=\"bt_bb_section bt_bb_layout_boxed_1200 bt_bb_vertical_align_top bt_bb_hidden_md bt_bb_hidden_lg\" ><div class=\"bt_bb_port\"><div class=\"bt_bb_cell\"><div class=\"bt_bb_cell_inner\"><div class=\"bt_bb_row  bt_bb_shape_inherit\"  data-bt-override-class=\"{}\"><div class=\"bt_bb_row_holder\" ><div  class=\"bt_bb_column col-xxl-12 col-xl-12 col-xs-12 col-sm-12 col-md-12 col-lg-12 bt_bb_vertical_align_top bt_bb_align_left bt_bb_padding_normal bt_bb_shape_inherit\" style=\"; --column-width:12;\" data-width=\"12\" data-bt-override-class=\"{}\"><div class=\"bt_bb_column_content\"><div class=\"bt_bb_column_content_inner\"><div  class=\"bt_bb_text\" ><\/p>\n<p>\t\t\t<!-- START ortaokulmobil REVOLUTION SLIDER 6.6.12 --><\/p>\n<p class=\"rs-p-wp-fix\">\n<p>\t\t\t<rs-module-wrap id=\"rev_slider_35_2_wrapper\" data-source=\"gallery\" style=\"visibility:hidden;background:transparent;padding:0;margin:0px auto;margin-top:0;margin-bottom:0;\"><br \/>\n\t\t\t\t<rs-module id=\"rev_slider_35_2\" style=\"\" data-version=\"6.6.12\"><br \/>\n\t\t\t\t\t<rs-slides style=\"overflow: hidden; position: absolute;\"><br \/>\n\t\t\t\t\t\t<rs-slide style=\"position: absolute;\" data-key=\"rs-38\" data-title=\"Slide\" data-seoz=\"front\" data-anim=\"adpr:false;\" data-in=\"o:0;\" data-out=\"a:false;\"><br \/>\n\t\t\t\t\t\t\t<img src=\"\/\/nesibeaydin.k12.tr\/web\/wp-content\/plugins\/revslider\/public\/assets\/assets\/dummy.png\" alt=\"Slide\" title=\"\u00d6\u011fretmen Kadrosu\" class=\"rev-slidebg tp-rs-img rs-lazyload\" data-lazyload=\"\/\/nesibeaydin.k12.tr\/web\/wp-content\/plugins\/revslider\/public\/assets\/assets\/transparent.png\" data-no-retina><br \/>\n<!--\n\t\t\t\t\t\t\t--><rs-layer\n\t\t\t\t\t\t\t\tid=\"slider-35-slide-38-layer-1\" \n\t\t\t\t\t\t\t\tdata-type=\"image\"\n\t\t\t\t\t\t\t\tdata-rsp_ch=\"on\"\n\t\t\t\t\t\t\t\tdata-xy=\"x:c;\"\n\t\t\t\t\t\t\t\tdata-text=\"w:normal;s:20,20,9,9;l:0,0,11,11;\"\n\t\t\t\t\t\t\t\tdata-dim=\"w:1025px,1025px,480px,480px;h:892px,892px,418px,418px;\"\n\t\t\t\t\t\t\t\tdata-frame_999=\"o:0;st:w;\"\n\t\t\t\t\t\t\t\tstyle=\"z-index:5;\"\n\t\t\t\t\t\t\t><img src=\"\/\/nesibeaydin.k12.tr\/web\/wp-content\/plugins\/revslider\/public\/assets\/assets\/dummy.png\" alt=\"\" class=\"tp-rs-img rs-lazyload\" width=\"1080\" height=\"940\" data-lazyload=\"\/\/nesibeaydin.k12.tr\/web\/wp-content\/uploads\/2022\/01\/1-site_ici_mobil_slider_C\u0327al\u0131s\u0327ma Yu\u0308zeyi 1 kopya 24.png\" data-no-retina><br \/>\n\t\t\t\t\t\t\t<\/rs-layer><!--\n-->\t\t\t\t\t\t<\/rs-slide><br \/>\n\t\t\t\t\t<\/rs-slides><br \/>\n\t\t\t\t<\/rs-module><br \/>\n\t\t\t\t<script>\n\t\t\t\t\tsetREVStartSize({c: 'rev_slider_35_2',rl:[1240,1240,778,480],el:[280,280,960,720],gw:[1024,1024,480,480],gh:[280,280,480,480],type:'hero',justify:'',layout:'fullwidth',mh:\"0\"});if (window.RS_MODULES!==undefined && window.RS_MODULES.modules!==undefined && window.RS_MODULES.modules[\"revslider352\"]!==undefined) {window.RS_MODULES.modules[\"revslider352\"].once = false;window.revapi35 = undefined;if (window.RS_MODULES.checkMinimal!==undefined) window.RS_MODULES.checkMinimal()}\n\t\t\t\t<\/script><br \/>\n\t\t\t<\/rs-module-wrap><br \/>\n\t\t\t<!-- END REVOLUTION SLIDER --><\/p>\n<p>\n<\/div><\/div><\/div><\/div><\/div><\/div><\/div><\/div><\/div><\/section><section id=\"bt_bb_section69d2917e5d01a\"  class=\"bt_bb_section bt_bb_top_spacing_small bt_bb_bottom_spacing_medium bt_bb_layout_boxed_1200 bt_bb_vertical_align_top\" ><div class=\"bt_bb_port\"><div class=\"bt_bb_cell\"><div class=\"bt_bb_cell_inner\"><div class=\"bt_bb_row  bt_bb_shape_inherit\"  data-bt-override-class=\"{}\"><div class=\"bt_bb_row_holder\" ><div  class=\"bt_bb_column col-xxl-12 col-xl-12 col-xs-12 col-sm-12 col-md-12 col-lg-12 bt_bb_vertical_align_middle bt_bb_align_left bt_bb_padding_0 bt_bb_shape_inherit\" style=\"; --column-width:12;\" data-width=\"12\" data-bt-override-class=\"{&quot;bt_bb_align_&quot;:{&quot;current_class&quot;:&quot;bt_bb_align_left&quot;,&quot;def&quot;:&quot;left&quot;,&quot;xl&quot;:&quot;left&quot;}}\"><div class=\"bt_bb_column_content\"><div class=\"bt_bb_column_content_inner\"><div  class=\"bt_bb_text\" ><\/p>\n<h6 style=\"text-align: center;\"><strong>\u00d6\u011fretmen Kadrosu<\/strong><\/h6>\n<ul>\n<li><strong>E\u011fitimci &#8211; Yazar, H\u00fcsamettin ve Nesibe Ayd\u0131n<\/strong> taraf\u0131ndan <strong>1984 y\u0131l\u0131nda<\/strong> kurulan ve en b\u00fcy\u00fck zenginli\u011fi \u00f6\u011fretmenleri olan kurumumuzda; \u00f6\u011fretmenlerin i\u015fe al\u0131m\u0131, kariyer planlamas\u0131 ve mesleki geli\u015fimleri <strong>d\u00fcnya standartlar\u0131nda<\/strong> y\u00fcr\u00fct\u00fcl\u00fcr. Kurumumuzda, \u00f6\u011fretmenlerimiz <strong>uzun y\u0131llar, g\u00fcvenle ve y\u00fcksek motivasyonla g\u00f6rev yaparlar<\/strong>.<\/li>\n<li>\u00d6\u011fretmenlerimiz, alanlar\u0131nda kendilerini kan\u0131tlam\u0131\u015f, <strong>e\u011fitim sekt\u00f6r\u00fcn\u00fcn en donan\u0131ml\u0131 ve g\u00fc\u00e7l\u00fc \u00f6\u011fretmenleridir<\/strong>.<\/li>\n<li>\u00d6\u011fretmenlerimiz, <strong>kendilerini mesle\u011fine adam\u0131\u015f, s\u00fcrekli geli\u015fim ilkesini benimsemi\u015f ve \u00f6\u011frencilerinin potansiyeline inanan deneyimli e\u011fitimcilerdir<\/strong>.<\/li>\n<\/ul>\n<p>\n<\/div><\/div><\/div><\/div><\/div><\/div><div class=\"bt_bb_row  bt_bb_shape_inherit\"  data-bt-override-class=\"{}\"><div class=\"bt_bb_row_holder\" ><div  class=\"bt_bb_column col-xxl-12 col-xl-12 col-xs-12 col-sm-12 col-md-12 col-lg-12 bt_bb_vertical_align_top bt_bb_align_center bt_bb_padding_0 bt_bb_shape_inherit\" style=\"; --column-width:12;\" data-width=\"12\" data-bt-override-class=\"{&quot;bt_bb_align_&quot;:{&quot;current_class&quot;:&quot;bt_bb_align_center&quot;,&quot;def&quot;:&quot;center&quot;,&quot;xl&quot;:&quot;center&quot;}}\"><div class=\"bt_bb_column_content\"><div class=\"bt_bb_column_content_inner\"><div class=\"bt_bb_image bt_bb_shape_square bt_bb_align_inherit bt_bb_hover_style_simple bt_bb_content_display_always bt_bb_content_align_middle\"><span><img src = \"https:\/\/nesibeaydin.k12.tr\/web\/wp-content\/plugins\/bold-page-builder\/img\/blank.gif\" data-image_src=\"https:\/\/nesibeaydin.k12.tr\/web\/wp-content\/uploads\/2021\/12\/ogretmenkadrosu-1.png\" title=\"ogretmenkadrosu\" alt=\"https:\/\/nesibeaydin.k12.tr\/web\/wp-content\/uploads\/2021\/12\/ogretmenkadrosu-1.png\" class=\"btLazyLoadImage\"><\/span><\/div><\/div><\/div><\/div><\/div><\/div><div class=\"bt_bb_row  bt_bb_shape_inherit\"  data-bt-override-class=\"{}\"><div class=\"bt_bb_row_holder\" ><div  class=\"bt_bb_column col-xxl-12 col-xl-12 col-xs-12 col-sm-12 col-md-12 col-lg-12 bt_bb_vertical_align_middle bt_bb_align_left bt_bb_padding_0 bt_bb_shape_inherit\" style=\"; --column-width:12;\" data-width=\"12\" data-bt-override-class=\"{&quot;bt_bb_align_&quot;:{&quot;current_class&quot;:&quot;bt_bb_align_left&quot;,&quot;def&quot;:&quot;left&quot;,&quot;xl&quot;:&quot;left&quot;}}\"><div class=\"bt_bb_column_content\"><div class=\"bt_bb_column_content_inner\"><div  class=\"bt_bb_text\" ><\/p>\n<ul>\n<li><strong>Mesleki Geli\u015fim Birimimiz<\/strong>, \u00f6\u011fretmenlerimizin alanlar\u0131ndaki geli\u015fimlerini s\u00fcrekli takip ederek, ara tatil ve seminer d\u00f6nemlerinde <strong>hizmet i\u00e7i e\u011fitimler<\/strong> planlar ve alanlar\u0131yla ilgili <strong>yurt i\u00e7i<\/strong> ve <strong>yurt d\u0131\u015f\u0131 e\u011fitimlere<\/strong> kat\u0131lmalar\u0131n\u0131 sa\u011flar\u0131z. \u00d6\u011fretmenlerimiz, e\u011fitimdeki g\u00fcncel yakla\u015f\u0131mlar\u0131 takip eder, <strong>bilgi<\/strong> ve <strong>ileti\u015fim teknolojilerini<\/strong> etkin kullan\u0131rlar.<\/li>\n<li>Alan\u0131nda en iyi <strong>10 profes\u00f6r<\/strong> ve <strong>do\u00e7entten<\/strong> olu\u015fan <strong>Bilim Kurulumuz<\/strong>; \u00f6\u011fretmen e\u011fitimleri, veli ve \u00f6\u011frenci seminerleriyle, kurumumuz i\u00e7in e\u011fitim ve \u00f6\u011fretime destek vermektedirler. Bilim Kurulumuz s\u00fcrekli olarak okullar\u0131m\u0131z\u0131 ziyaret etmekte, seminerlerin yan\u0131 s\u0131ra, veli, \u00f6\u011fretmen ve \u00f6\u011frenci g\u00f6r\u00fc\u015fmeleri de yapmaktad\u0131rlar.<\/li>\n<\/ul>\n<p>\n<\/div><\/div><\/div><\/div><\/div><\/div><div class=\"bt_bb_row \"  data-bt-override-class=\"{}\"><div class=\"bt_bb_row_holder\" ><div  class=\"bt_bb_column col-xxl-12 col-xl-12 bt_bb_vertical_align_top bt_bb_align_center bt_bb_padding_normal\" style=\"; --column-width:12;\" data-width=\"12\" data-bt-override-class=\"{}\"><div class=\"bt_bb_column_content\"><div class=\"bt_bb_column_content_inner\"><div class=\"bt_bb_separator bt_bb_border_style_none bt_bb_bottom_spacing_normal\" data-bt-override-class=\"null\"><\/div><div class=\"bt_bb_slider bt_bb_height_keep-height bt_bb_show_dots_bottom bt_bb_multiple_slides bt_bb_multiple_slides bt_bb_animation_slide animate\"><div class=\"slick-slider\"  data-slick='{ \"lazyLoad\": \"progressive\", \"cssEase\": \"ease-out\", \"speed\": \"300\", \"dots\": true, \"prevArrow\": \"\", \"nextArrow\": \"\",\"slidesToShow\": 4, \"autoplay\": true, \"autoplaySpeed\": 2000,\"slidesToShow\": 4, \"responsive\": [{ \"breakpoint\": 481, \"settings\": { \"slidesToShow\": 1, \"slidesToScroll\": 1 } },{ \"breakpoint\": 769, \"settings\": { \"slidesToShow\": 2, \"slidesToScroll\": 2 } },{ \"breakpoint\": 993, \"settings\": { \"slidesToShow\": 3, \"slidesToScroll\": 3 } },{ \"breakpoint\": 1201, \"settings\": { \"slidesToShow\": 4, \"slidesToScroll\": 4 } },{ \"breakpoint\": 1401, \"settings\": { \"slidesToShow\": 4, \"slidesToScroll\": 4 } }]}' ><div class=\"bt_bb_slider_item\" data-src-full=\"https:\/\/nesibeaydin.k12.tr\/web\/wp-content\/uploads\/2022\/01\/ortaokul-slider-5.png\"><img src=\"https:\/\/nesibeaydin.k12.tr\/web\/wp-content\/uploads\/2022\/01\/ortaokul-slider-5.png\" alt=\"ortaokul-slider-5\"  title=\"ortaokul-slider-5\"><\/div><div class=\"bt_bb_slider_item\" data-src-full=\"https:\/\/nesibeaydin.k12.tr\/web\/wp-content\/uploads\/2022\/01\/ortaokul-slider-1.png\"><img src=\"https:\/\/nesibeaydin.k12.tr\/web\/wp-content\/uploads\/2022\/01\/ortaokul-slider-1.png\" alt=\"ortaokul-slider-1\"  title=\"ortaokul-slider-1\"><\/div><div class=\"bt_bb_slider_item\" data-src-full=\"https:\/\/nesibeaydin.k12.tr\/web\/wp-content\/uploads\/2022\/01\/ortaokul-slider-2.png\"><img src=\"https:\/\/nesibeaydin.k12.tr\/web\/wp-content\/uploads\/2022\/01\/ortaokul-slider-2.png\" alt=\"ortaokul-slider-2\"  title=\"ortaokul-slider-2\"><\/div><div class=\"bt_bb_slider_item\" data-src-full=\"https:\/\/nesibeaydin.k12.tr\/web\/wp-content\/uploads\/2022\/01\/ortaokul-slider-3.png\"><img src=\"https:\/\/nesibeaydin.k12.tr\/web\/wp-content\/uploads\/2022\/01\/ortaokul-slider-3.png\" alt=\"ortaokul-slider-3\"  title=\"ortaokul-slider-3\"><\/div><div class=\"bt_bb_slider_item\" data-src-full=\"https:\/\/nesibeaydin.k12.tr\/web\/wp-content\/uploads\/2022\/01\/ortaokul-slider-4.png\"><img src=\"https:\/\/nesibeaydin.k12.tr\/web\/wp-content\/uploads\/2022\/01\/ortaokul-slider-4.png\" alt=\"ortaokul-slider-4\"  title=\"ortaokul-slider-4\"><\/div><div class=\"bt_bb_slider_item\" data-src-full=\"https:\/\/nesibeaydin.k12.tr\/web\/wp-content\/uploads\/2021\/12\/slider_alt-12.png\"><img src=\"https:\/\/nesibeaydin.k12.tr\/web\/wp-content\/uploads\/2021\/12\/slider_alt-12.png\" alt=\"slider_alt-12\"  title=\"slider_alt-12\"><\/div><div class=\"bt_bb_slider_item\" data-src-full=\"https:\/\/nesibeaydin.k12.tr\/web\/wp-content\/uploads\/2021\/12\/slider_alt-15.png\"><img src=\"https:\/\/nesibeaydin.k12.tr\/web\/wp-content\/uploads\/2021\/12\/slider_alt-15.png\" alt=\"slider_alt-15\"  title=\"slider_alt-15\"><\/div><div class=\"bt_bb_slider_item\" data-src-full=\"https:\/\/nesibeaydin.k12.tr\/web\/wp-content\/uploads\/2021\/12\/slider_alt-17.png\"><img src=\"https:\/\/nesibeaydin.k12.tr\/web\/wp-content\/uploads\/2021\/12\/slider_alt-17.png\" alt=\"slider_alt-17\"  title=\"slider_alt-17\"><\/div><\/div><\/div><div class=\"bt_bb_separator bt_bb_border_style_none bt_bb_bottom_spacing_normal\" data-bt-override-class=\"null\"><\/div><\/div><\/div><\/div><\/div><\/div><\/div><\/div><\/div><\/section><\/p>\n","protected":false},"excerpt":{"rendered":"","protected":false},"author":1,"featured_media":0,"parent":6505,"menu_order":0,"comment_status":"closed","ping_status":"closed","template":"","meta":[],"_links":{"self":[{"href":"https:\/\/nesibeaydin.k12.tr\/web\/wp-json\/wp\/v2\/pages\/6516"}],"collection":[{"href":"https:\/\/nesibeaydin.k12.tr\/web\/wp-json\/wp\/v2\/pages"}],"about":[{"href":"https:\/\/nesibeaydin.k12.tr\/web\/wp-json\/wp\/v2\/types\/page"}],"author":[{"embeddable":true,"href":"https:\/\/nesibeaydin.k12.tr\/web\/wp-json\/wp\/v2\/users\/1"}],"replies":[{"embeddable":true,"href":"https:\/\/nesibeaydin.k12.tr\/web\/wp-json\/wp\/v2\/comments?post=6516"}],"version-history":[{"count":4,"href":"https:\/\/nesibeaydin.k12.tr\/web\/wp-json\/wp\/v2\/pages\/6516\/revisions"}],"predecessor-version":[{"id":16672,"href":"https:\/\/nesibeaydin.k12.tr\/web\/wp-json\/wp\/v2\/pages\/6516\/revisions\/16672"}],"up":[{"embeddable":true,"href":"https:\/\/nesibeaydin.k12.tr\/web\/wp-json\/wp\/v2\/pages\/6505"}],"wp:attachment":[{"href":"https:\/\/nesibeaydin.k12.tr\/web\/wp-json\/wp\/v2\/media?parent=6516"}],"curies":[{"name":"wp","href":"https:\/\/api.w.org\/{rel}","templated":true}]}}