{"id":6612,"date":"2021-12-27T08:23:57","date_gmt":"2021-12-27T05:23:57","guid":{"rendered":"https:\/\/nesibeaydin.k12.tr\/web\/?page_id=6612"},"modified":"2022-01-15T12:54:57","modified_gmt":"2022-01-15T09:54:57","slug":"saglik-ve-guvenlik","status":"publish","type":"page","link":"https:\/\/nesibeaydin.k12.tr\/web\/okullarimiz\/kocaeli-kampusu\/kocaeli-anasinifi\/saglik-ve-guvenlik\/","title":{"rendered":"Sa\u011fl\u0131k ve G\u00fcvenlik"},"content":{"rendered":"<p><section id=\"bt_bb_section69d2923c2758c\"  class=\"bt_bb_section bt_bb_layout_boxed_1200 bt_bb_vertical_align_top bt_bb_hidden_xs bt_bb_hidden_ms bt_bb_hidden_sm\" ><div class=\"bt_bb_port\"><div class=\"bt_bb_cell\"><div class=\"bt_bb_cell_inner\"><div class=\"bt_bb_row  bt_bb_shape_inherit\"  data-bt-override-class=\"{}\"><div class=\"bt_bb_row_holder\" ><div  class=\"bt_bb_column col-xxl-12 col-xl-12 col-xs-12 col-sm-12 col-md-12 col-lg-12 btLimitOneColumn bt_bb_vertical_align_top bt_bb_align_center bt_bb_padding_0 bt_bb_animation_fade_in animate bt_bb_shape_inherit\" style=\"; --column-width:12;\" data-width=\"12\" data-bt-override-class=\"{&quot;bt_bb_align_&quot;:{&quot;current_class&quot;:&quot;bt_bb_align_center&quot;,&quot;def&quot;:&quot;center&quot;,&quot;xl&quot;:&quot;center&quot;}}\"><div class=\"bt_bb_column_content\"><div class=\"bt_bb_column_content_inner\"><div  class=\"bt_bb_text\" >\n\t\t\t<!-- START anasinifi REVOLUTION SLIDER 6.6.12 --><p class=\"rs-p-wp-fix\"><\/p>\n\t\t\t<rs-module-wrap id=\"rev_slider_9_1_wrapper\" data-source=\"gallery\" style=\"visibility:hidden;background:transparent;padding:0;margin:0px auto;margin-top:0;margin-bottom:0;\">\n\t\t\t\t<rs-module id=\"rev_slider_9_1\" style=\"\" data-version=\"6.6.12\">\n\t\t\t\t\t<rs-slides style=\"overflow: hidden; position: absolute;\">\n\t\t\t\t\t\t<rs-slide style=\"position: absolute;\" data-key=\"rs-12\" data-title=\"Slide\" data-seoz=\"front\" data-anim=\"adpr:false;\" data-in=\"o:0;\" data-out=\"a:false;\">\n\t\t\t\t\t\t\t<img src=\"\/\/nesibeaydin.k12.tr\/web\/wp-content\/plugins\/revslider\/public\/assets\/assets\/dummy.png\" alt=\"Slide\" title=\"Sa\u011fl\u0131k ve G\u00fcvenlik\" class=\"rev-slidebg tp-rs-img rs-lazyload\" data-lazyload=\"\/\/nesibeaydin.k12.tr\/web\/wp-content\/plugins\/revslider\/public\/assets\/assets\/transparent.png\" data-no-retina>\n<!--\n\t\t\t\t\t\t\t--><rs-layer\n\t\t\t\t\t\t\t\tid=\"slider-9-slide-12-layer-0\" \n\t\t\t\t\t\t\t\tdata-type=\"image\"\n\t\t\t\t\t\t\t\tdata-rsp_ch=\"on\"\n\t\t\t\t\t\t\t\tdata-xy=\"x:c;\"\n\t\t\t\t\t\t\t\tdata-text=\"w:normal;s:20,32,32,32;l:0,40,40,40;\"\n\t\t\t\t\t\t\t\tdata-dim=\"w:1272px,2035px,2035px,2035px;h:287px,459px,459px,459px;\"\n\t\t\t\t\t\t\t\tdata-frame_999=\"o:0;st:w;\"\n\t\t\t\t\t\t\t\tstyle=\"z-index:5;\"\n\t\t\t\t\t\t\t><img src=\"\/\/nesibeaydin.k12.tr\/web\/wp-content\/plugins\/revslider\/public\/assets\/assets\/dummy.png\" alt=\"\" class=\"tp-rs-img rs-lazyload\" width=\"1330\" height=\"300\" data-lazyload=\"\/\/nesibeaydin.k12.tr\/web\/wp-content\/uploads\/2021\/12\/1-slider2_C\u0327al\u0131s\u0327ma Yu\u0308zeyi 1 kopya (2).png\" data-no-retina> \n\t\t\t\t\t\t\t<\/rs-layer><!--\n-->\t\t\t\t\t\t<\/rs-slide>\n\t\t\t\t\t<\/rs-slides>\n\t\t\t\t<\/rs-module>\n\t\t\t\t<script>\n\t\t\t\t\tsetREVStartSize({c: 'rev_slider_9_1',rl:[1240,1024,1024,1024],el:[280,768,768,768],gw:[800,1280,1280,1280],gh:[280,300,300,300],type:'hero',justify:'',layout:'fullwidth',mh:\"0\"});if (window.RS_MODULES!==undefined && window.RS_MODULES.modules!==undefined && window.RS_MODULES.modules[\"revslider91\"]!==undefined) {window.RS_MODULES.modules[\"revslider91\"].once = false;window.revapi9 = undefined;if (window.RS_MODULES.checkMinimal!==undefined) window.RS_MODULES.checkMinimal()}\n\t\t\t\t<\/script>\n\t\t\t<\/rs-module-wrap>\n\t\t\t<!-- END REVOLUTION SLIDER -->\n<\/div><\/div><\/div><\/div><\/div><\/div><\/div><\/div><\/div><\/section><section id=\"bt_bb_section69d2923c299a1\"  class=\"bt_bb_section bt_bb_layout_boxed_1200 bt_bb_vertical_align_top bt_bb_hidden_md bt_bb_hidden_lg\" ><div class=\"bt_bb_port\"><div class=\"bt_bb_cell\"><div class=\"bt_bb_cell_inner\"><div class=\"bt_bb_row  bt_bb_shape_inherit\"  data-bt-override-class=\"{}\"><div class=\"bt_bb_row_holder\" ><div  class=\"bt_bb_column col-xxl-12 col-xl-12 col-xs-12 col-sm-12 col-md-12 col-lg-12 btLimitOneColumn bt_bb_vertical_align_top bt_bb_align_center bt_bb_padding_0 bt_bb_animation_fade_in animate bt_bb_shape_inherit\" style=\"; --column-width:12;\" data-width=\"12\" data-bt-override-class=\"{&quot;bt_bb_align_&quot;:{&quot;current_class&quot;:&quot;bt_bb_align_center&quot;,&quot;def&quot;:&quot;center&quot;,&quot;xl&quot;:&quot;center&quot;}}\"><div class=\"bt_bb_column_content\"><div class=\"bt_bb_column_content_inner\"><div  class=\"bt_bb_text\" >\n\t\t\t<!-- START anasinifimobil REVOLUTION SLIDER 6.6.12 --><p class=\"rs-p-wp-fix\"><\/p>\n\t\t\t<rs-module-wrap id=\"rev_slider_20_2_wrapper\" data-source=\"gallery\" style=\"visibility:hidden;background:transparent;padding:0;margin:0px auto;margin-top:0;margin-bottom:0;\">\n\t\t\t\t<rs-module id=\"rev_slider_20_2\" style=\"\" data-version=\"6.6.12\">\n\t\t\t\t\t<rs-slides style=\"overflow: hidden; position: absolute;\">\n\t\t\t\t\t\t<rs-slide style=\"position: absolute;\" data-key=\"rs-23\" data-title=\"Slide\" data-seoz=\"front\" data-anim=\"adpr:false;\" data-in=\"o:0;\" data-out=\"a:false;\">\n\t\t\t\t\t\t\t<img src=\"\/\/nesibeaydin.k12.tr\/web\/wp-content\/plugins\/revslider\/public\/assets\/assets\/dummy.png\" alt=\"Slide\" title=\"Sa\u011fl\u0131k ve G\u00fcvenlik\" class=\"rev-slidebg tp-rs-img rs-lazyload\" data-lazyload=\"\/\/nesibeaydin.k12.tr\/web\/wp-content\/plugins\/revslider\/public\/assets\/assets\/transparent.png\" data-no-retina>\n<!--\n\t\t\t\t\t\t\t--><rs-layer\n\t\t\t\t\t\t\t\tid=\"slider-20-slide-23-layer-1\" \n\t\t\t\t\t\t\t\tdata-type=\"image\"\n\t\t\t\t\t\t\t\tdata-rsp_ch=\"on\"\n\t\t\t\t\t\t\t\tdata-xy=\"x:c;\"\n\t\t\t\t\t\t\t\tdata-text=\"w:normal;s:20,20,9,9;l:0,0,11,11;\"\n\t\t\t\t\t\t\t\tdata-dim=\"w:1023px,1023px,479px,479px;h:890px,890px,417px,417px;\"\n\t\t\t\t\t\t\t\tdata-frame_999=\"o:0;st:w;\"\n\t\t\t\t\t\t\t\tstyle=\"z-index:5;\"\n\t\t\t\t\t\t\t><img src=\"\/\/nesibeaydin.k12.tr\/web\/wp-content\/plugins\/revslider\/public\/assets\/assets\/dummy.png\" alt=\"\" class=\"tp-rs-img rs-lazyload\" width=\"1080\" height=\"940\" data-lazyload=\"\/\/nesibeaydin.k12.tr\/web\/wp-content\/uploads\/2021\/12\/1-anasinifi_C\u0327al\u0131s\u0327ma Yu\u0308zeyi 1 kopya 10.png\" data-no-retina> \n\t\t\t\t\t\t\t<\/rs-layer><!--\n-->\t\t\t\t\t\t<\/rs-slide>\n\t\t\t\t\t<\/rs-slides>\n\t\t\t\t<\/rs-module>\n\t\t\t\t<script>\n\t\t\t\t\tsetREVStartSize({c: 'rev_slider_20_2',rl:[1240,1240,778,480],el:[280,280,960,720],gw:[1024,1024,480,480],gh:[280,280,480,480],type:'hero',justify:'',layout:'fullwidth',mh:\"0\"});if (window.RS_MODULES!==undefined && window.RS_MODULES.modules!==undefined && window.RS_MODULES.modules[\"revslider202\"]!==undefined) {window.RS_MODULES.modules[\"revslider202\"].once = false;window.revapi20 = undefined;if (window.RS_MODULES.checkMinimal!==undefined) window.RS_MODULES.checkMinimal()}\n\t\t\t\t<\/script>\n\t\t\t<\/rs-module-wrap>\n\t\t\t<!-- END REVOLUTION SLIDER -->\n<\/div><\/div><\/div><\/div><\/div><\/div><\/div><\/div><\/div><\/section><section id=\"bt_bb_section69d2923c2a289\"  class=\"bt_bb_section bt_bb_top_spacing_small bt_bb_bottom_spacing_extra_small bt_bb_layout_boxed_1200 bt_bb_vertical_align_top\" ><div class=\"bt_bb_port\"><div class=\"bt_bb_cell\"><div class=\"bt_bb_cell_inner\"><div class=\"bt_bb_row  bt_bb_shape_inherit\"  data-bt-override-class=\"{}\"><div class=\"bt_bb_row_holder\" ><div  class=\"bt_bb_column col-xxl-12 col-xl-12 col-xs-12 col-sm-12 col-md-12 col-lg-12 bt_bb_vertical_align_top bt_bb_align_center bt_bb_padding_normal bt_bb_animation_fade_in animate bt_bb_shape_inherit\" style=\"; --column-width:12;\" data-width=\"12\" data-bt-override-class=\"{&quot;bt_bb_align_&quot;:{&quot;current_class&quot;:&quot;bt_bb_align_center&quot;,&quot;def&quot;:&quot;center&quot;,&quot;xl&quot;:&quot;center&quot;}}\"><div class=\"bt_bb_column_content\"><div class=\"bt_bb_column_content_inner\"><header class=\"bt_bb_headline bt_bb_color_scheme_5 bt_bb_dash_none bt_bb_size_medium bt_bb_align_center\" style=\"; --primary-color:#191919; --secondary-color:#ed2124;\" data-bt-override-class=\"{&quot;bt_bb_align_&quot;:{&quot;current_class&quot;:&quot;bt_bb_align_center&quot;,&quot;def&quot;:&quot;center&quot;,&quot;xl&quot;:&quot;center&quot;}}\"><h3 class=\"bt_bb_headline_tag\"><span class=\"bt_bb_headline_content\"><span>Sa\u011fl\u0131k ve G\u00fcvenlik<\/span><\/span><\/h3><\/header><\/div><\/div><\/div><\/div><\/div><\/div><\/div><\/div><\/section><section id=\"bt_bb_section69d2923c2a42f\"  class=\"bt_bb_section bt_bb_top_spacing_small bt_bb_bottom_spacing_medium bt_bb_layout_boxed_1200 bt_bb_vertical_align_top\" ><div class=\"bt_bb_port\"><div class=\"bt_bb_cell\"><div class=\"bt_bb_cell_inner\"><div class=\"bt_bb_row  bt_bb_shape_inherit\"  data-bt-override-class=\"{}\"><div class=\"bt_bb_row_holder\" ><div  class=\"bt_bb_column col-xxl-12 col-xl-12 col-xs-12 col-sm-12 col-md-12 col-lg-12 bt_bb_vertical_align_middle bt_bb_align_left bt_bb_padding_0 bt_bb_shape_inherit\" style=\"; --column-width:12;\" data-width=\"12\" data-bt-override-class=\"{&quot;bt_bb_align_&quot;:{&quot;current_class&quot;:&quot;bt_bb_align_left&quot;,&quot;def&quot;:&quot;left&quot;,&quot;xl&quot;:&quot;left&quot;}}\"><div class=\"bt_bb_column_content\"><div class=\"bt_bb_column_content_inner\"><div  class=\"bt_bb_text\" ><\/p>\n<ul>\n<li>Kamp\u00fcs\u00fcm\u00fczde; <strong>doktor<\/strong>, <strong>hem\u015fire <\/strong>ve <strong>diyetisyenin <\/strong>g\u00f6rev yapt\u0131\u011f\u0131 <strong>tam donan\u0131ml\u0131 revir\u00a0<\/strong>bulunur.<\/li>\n<li>\u00d6\u011frencilerimizin sa\u011fl\u0131klar\u0131 ile ilgili her t\u00fcrl\u00fc veri, <strong>okul portal sistemine kaydedilir, okul y\u00f6neticileri <\/strong>ve <strong>sa\u011fl\u0131k ekibimiz taraf\u0131ndan titizlikle <\/strong>takip edilir.<\/li>\n<\/ul>\n<p>\n<\/div><\/div><\/div><\/div><\/div><\/div><div class=\"bt_bb_row  bt_bb_shape_inherit\"  data-bt-override-class=\"{}\"><div class=\"bt_bb_row_holder\" ><div  class=\"bt_bb_column col-xxl-12 col-xl-12 col-xs-12 col-sm-12 col-md-12 col-lg-12 bt_bb_vertical_align_top bt_bb_align_center bt_bb_padding_0 bt_bb_shape_inherit\" style=\"; --column-width:12;\" data-width=\"12\" data-bt-override-class=\"{&quot;bt_bb_align_&quot;:{&quot;current_class&quot;:&quot;bt_bb_align_center&quot;,&quot;def&quot;:&quot;center&quot;,&quot;xl&quot;:&quot;center&quot;}}\"><div class=\"bt_bb_column_content\"><div class=\"bt_bb_column_content_inner\"><div class=\"bt_bb_image bt_bb_shape_square bt_bb_align_inherit bt_bb_hover_style_simple bt_bb_content_display_always bt_bb_content_align_middle\"><span><img src = \"https:\/\/nesibeaydin.k12.tr\/web\/wp-content\/plugins\/bold-page-builder\/img\/blank.gif\" data-image_src=\"https:\/\/nesibeaydin.k12.tr\/web\/wp-content\/uploads\/2021\/12\/saglikveguvenlik.png\" title=\"saglikveguvenlik\" alt=\"https:\/\/nesibeaydin.k12.tr\/web\/wp-content\/uploads\/2021\/12\/saglikveguvenlik.png\" class=\"btLazyLoadImage\"><\/span><\/div><\/div><\/div><\/div><\/div><\/div><div class=\"bt_bb_row  bt_bb_shape_inherit\"  data-bt-override-class=\"{}\"><div class=\"bt_bb_row_holder\" ><div  class=\"bt_bb_column col-xxl-12 col-xl-12 col-xs-12 col-sm-12 col-md-12 col-lg-12 bt_bb_vertical_align_middle bt_bb_align_left bt_bb_padding_0 bt_bb_shape_inherit\" style=\"; --column-width:12;\" data-width=\"12\" data-bt-override-class=\"{&quot;bt_bb_align_&quot;:{&quot;current_class&quot;:&quot;bt_bb_align_left&quot;,&quot;def&quot;:&quot;left&quot;,&quot;xl&quot;:&quot;left&quot;}}\"><div class=\"bt_bb_column_content\"><div class=\"bt_bb_column_content_inner\"><div  class=\"bt_bb_text\" ><\/p>\n<ul>\n<li>Okullar\u0131m\u0131zda, s\u0131n\u0131flar ve rehberlik birimi d\u0131\u015f\u0131ndaki <strong>t\u00fcm mek\u00e2nlar<\/strong>, <strong>g\u00f6r\u00fcnt\u00fcl\u00fc kamera <\/strong>sistemiyle <strong>izlenmektedir<\/strong>.<\/li>\n<li>Okullar\u0131m\u0131z\u0131n kapal\u0131 ve a\u00e7\u0131k mek\u00e2nlar\u0131nda, <strong>24 saat kesintisiz <\/strong>hizmet veren\u00a0<strong>g\u00fcvenlik ekibi bulunmaktad\u0131r.<\/strong><\/li>\n<li>Alan\u0131nda uzman doktor, g\u00fcvenlik uzman\u0131, acil durum uzman\u0131 ve farkl\u0131 bran\u015flardan uzmanlardan olu\u015fan <strong>Okul Sa\u011fl\u0131\u011f\u0131 ve G\u00fcvenli\u011fi Ekibimiz<\/strong>; \u00f6\u011frencilerin kar\u015f\u0131la\u015fabilece\u011fi her t\u00fcrl\u00fc risk i\u00e7in yerinde ve zaman\u0131nda \u00f6nlemler almaktad\u0131r.<\/li>\n<\/ul>\n<p>\n<\/div><\/div><\/div><\/div><\/div><\/div><\/div><\/div><\/div><\/section><section id=\"bt_bb_section69d2923c2a910\"  class=\"bt_bb_section bt_bb_layout_boxed_1200\" ><div class=\"bt_bb_port\"><div class=\"bt_bb_cell\"><div class=\"bt_bb_cell_inner\"><div class=\"bt_bb_row \"  data-bt-override-class=\"{}\"><div class=\"bt_bb_row_holder\" ><div  class=\"bt_bb_column col-xxl-12 col-xl-12 bt_bb_vertical_align_top bt_bb_align_center bt_bb_padding_normal\" style=\"; --column-width:12;\" data-width=\"12\" data-bt-override-class=\"{}\"><div class=\"bt_bb_column_content\"><div class=\"bt_bb_column_content_inner\"><div class=\"bt_bb_separator bt_bb_border_style_none bt_bb_bottom_spacing_normal\" data-bt-override-class=\"null\"><\/div><div class=\"bt_bb_slider bt_bb_height_keep-height bt_bb_show_dots_bottom bt_bb_multiple_slides bt_bb_multiple_slides bt_bb_animation_slide animate\"><div class=\"slick-slider\"  data-slick='{ \"lazyLoad\": \"progressive\", \"cssEase\": \"ease-out\", \"speed\": \"300\", \"dots\": true, \"prevArrow\": \"\", \"nextArrow\": \"\",\"slidesToShow\": 4, \"autoplay\": true, \"autoplaySpeed\": 2000,\"slidesToShow\": 4, \"responsive\": [{ \"breakpoint\": 481, \"settings\": { \"slidesToShow\": 1, \"slidesToScroll\": 1 } },{ \"breakpoint\": 769, \"settings\": { \"slidesToShow\": 2, \"slidesToScroll\": 2 } },{ \"breakpoint\": 993, \"settings\": { \"slidesToShow\": 3, \"slidesToScroll\": 3 } },{ \"breakpoint\": 1201, \"settings\": { \"slidesToShow\": 4, \"slidesToScroll\": 4 } },{ \"breakpoint\": 1401, \"settings\": { \"slidesToShow\": 4, \"slidesToScroll\": 4 } }]}' ><div class=\"bt_bb_slider_item\" data-src-full=\"https:\/\/nesibeaydin.k12.tr\/web\/wp-content\/uploads\/2022\/01\/anasinifi_alt_slider-11.png\"><img src=\"https:\/\/nesibeaydin.k12.tr\/web\/wp-content\/uploads\/2022\/01\/anasinifi_alt_slider-11.png\" alt=\"anas\u0131n\u0131f\u0131_alt_slider-11\"  title=\"anas\u0131n\u0131f\u0131_alt_slider-11\"><\/div><div class=\"bt_bb_slider_item\" data-src-full=\"https:\/\/nesibeaydin.k12.tr\/web\/wp-content\/uploads\/2022\/01\/anasinifi_alt_slider-12.png\"><img src=\"https:\/\/nesibeaydin.k12.tr\/web\/wp-content\/uploads\/2022\/01\/anasinifi_alt_slider-12.png\" alt=\"anas\u0131n\u0131f\u0131_alt_slider-12\"  title=\"anas\u0131n\u0131f\u0131_alt_slider-12\"><\/div><div class=\"bt_bb_slider_item\" data-src-full=\"https:\/\/nesibeaydin.k12.tr\/web\/wp-content\/uploads\/2022\/01\/anasinifi_alt_slider-13.png\"><img src=\"https:\/\/nesibeaydin.k12.tr\/web\/wp-content\/uploads\/2022\/01\/anasinifi_alt_slider-13.png\" alt=\"anas\u0131n\u0131f\u0131_alt_slider-13\"  title=\"anas\u0131n\u0131f\u0131_alt_slider-13\"><\/div><div class=\"bt_bb_slider_item\" data-src-full=\"https:\/\/nesibeaydin.k12.tr\/web\/wp-content\/uploads\/2022\/01\/anasinifi_alt_slider-14.png\"><img src=\"https:\/\/nesibeaydin.k12.tr\/web\/wp-content\/uploads\/2022\/01\/anasinifi_alt_slider-14.png\" alt=\"anas\u0131n\u0131f\u0131_alt_slider-14\"  title=\"anas\u0131n\u0131f\u0131_alt_slider-14\"><\/div><div class=\"bt_bb_slider_item\" data-src-full=\"https:\/\/nesibeaydin.k12.tr\/web\/wp-content\/uploads\/2022\/01\/anasinifi_alt_slider-15.png\"><img src=\"https:\/\/nesibeaydin.k12.tr\/web\/wp-content\/uploads\/2022\/01\/anasinifi_alt_slider-15.png\" alt=\"anas\u0131n\u0131f\u0131_alt_slider-15\"  title=\"anas\u0131n\u0131f\u0131_alt_slider-15\"><\/div><div class=\"bt_bb_slider_item\" data-src-full=\"https:\/\/nesibeaydin.k12.tr\/web\/wp-content\/uploads\/2022\/01\/anasinifi_alt_slider-16.png\"><img src=\"https:\/\/nesibeaydin.k12.tr\/web\/wp-content\/uploads\/2022\/01\/anasinifi_alt_slider-16.png\" alt=\"anas\u0131n\u0131f\u0131_alt_slider-16\"  title=\"anas\u0131n\u0131f\u0131_alt_slider-16\"><\/div><div class=\"bt_bb_slider_item\" data-src-full=\"https:\/\/nesibeaydin.k12.tr\/web\/wp-content\/uploads\/2022\/01\/anasinifi_alt_slider-17.png\"><img src=\"https:\/\/nesibeaydin.k12.tr\/web\/wp-content\/uploads\/2022\/01\/anasinifi_alt_slider-17.png\" alt=\"anas\u0131n\u0131f\u0131_alt_slider-17\"  title=\"anas\u0131n\u0131f\u0131_alt_slider-17\"><\/div><\/div><\/div><div class=\"bt_bb_separator bt_bb_border_style_none bt_bb_bottom_spacing_normal\" data-bt-override-class=\"null\"><\/div><\/div><\/div><\/div><\/div><\/div><\/div><\/div><\/div><\/section><\/p>\n","protected":false},"excerpt":{"rendered":"","protected":false},"author":1,"featured_media":0,"parent":6589,"menu_order":0,"comment_status":"closed","ping_status":"closed","template":"","meta":[],"_links":{"self":[{"href":"https:\/\/nesibeaydin.k12.tr\/web\/wp-json\/wp\/v2\/pages\/6612"}],"collection":[{"href":"https:\/\/nesibeaydin.k12.tr\/web\/wp-json\/wp\/v2\/pages"}],"about":[{"href":"https:\/\/nesibeaydin.k12.tr\/web\/wp-json\/wp\/v2\/types\/page"}],"author":[{"embeddable":true,"href":"https:\/\/nesibeaydin.k12.tr\/web\/wp-json\/wp\/v2\/users\/1"}],"replies":[{"embeddable":true,"href":"https:\/\/nesibeaydin.k12.tr\/web\/wp-json\/wp\/v2\/comments?post=6612"}],"version-history":[{"count":3,"href":"https:\/\/nesibeaydin.k12.tr\/web\/wp-json\/wp\/v2\/pages\/6612\/revisions"}],"predecessor-version":[{"id":8674,"href":"https:\/\/nesibeaydin.k12.tr\/web\/wp-json\/wp\/v2\/pages\/6612\/revisions\/8674"}],"up":[{"embeddable":true,"href":"https:\/\/nesibeaydin.k12.tr\/web\/wp-json\/wp\/v2\/pages\/6589"}],"wp:attachment":[{"href":"https:\/\/nesibeaydin.k12.tr\/web\/wp-json\/wp\/v2\/media?parent=6612"}],"curies":[{"name":"wp","href":"https:\/\/api.w.org\/{rel}","templated":true}]}}