{"id":7163,"date":"2021-12-28T16:02:15","date_gmt":"2021-12-28T13:02:15","guid":{"rendered":"https:\/\/nesibeaydin.k12.tr\/web\/?page_id=7163"},"modified":"2021-12-28T16:05:59","modified_gmt":"2021-12-28T13:05:59","slug":"husamettin-aydin","status":"publish","type":"page","link":"https:\/\/nesibeaydin.k12.tr\/web\/husamettin-aydin\/","title":{"rendered":"H\u00fcsamettin Ayd\u0131n"},"content":{"rendered":"<section id=\"bt_bb_section69d27a6e9dea0\"  class=\"bt_bb_section bt_bb_top_spacing_large bt_bb_bottom_spacing_large bt_bb_layout_boxed_1200 bt_bb_vertical_align_top\" ><div class=\"bt_bb_port\"><div class=\"bt_bb_cell\"><div class=\"bt_bb_cell_inner\"><div class=\"bt_bb_row  bt_bb_column_gap_extra_small bt_bb_shape_inherit\"  data-bt-override-class=\"{}\"><div class=\"bt_bb_row_holder\" ><div  class=\"bt_bb_column col-xxl-12 col-xl-12 col-xs-12 col-sm-12 col-md-12 col-lg-12 bt_bb_vertical_align_top bt_bb_align_center bt_bb_padding_0 bt_bb_animation_fade_in animate bt_bb_shape_inherit\" style=\"; --column-width:12;\" data-width=\"12\" data-bt-override-class=\"{&quot;bt_bb_align_&quot;:{&quot;current_class&quot;:&quot;bt_bb_align_center&quot;,&quot;def&quot;:&quot;center&quot;,&quot;xl&quot;:&quot;center&quot;}}\"><div class=\"bt_bb_column_content\"><div class=\"bt_bb_column_content_inner\"><header class=\"bt_bb_headline bt_bb_color_scheme_5 bt_bb_dash_none bt_bb_subheadline bt_bb_size_large bt_bb_align_inherit\" style=\"; --primary-color:#191919; --secondary-color:#ed2124;\" data-bt-override-class=\"{&quot;bt_bb_align_&quot;:{&quot;current_class&quot;:&quot;bt_bb_align_inherit&quot;,&quot;def&quot;:&quot;inherit&quot;,&quot;xl&quot;:&quot;inherit&quot;}}\"><h3 class=\"bt_bb_headline_tag\"><span class=\"bt_bb_headline_content\"><span>H\u00fcsamettin AYDIN<\/span><\/span><\/h3><div class=\"bt_bb_headline_subheadline\">(1950 - \u221e)<\/div><\/header><div class=\"bt_bb_separator bt_bb_border_style_none bt_bb_bottom_spacing_medium\" data-bt-override-class=\"null\"><\/div><div  class=\"bt_bb_text\" ><\/p>\n<p><img loading=\"lazy\" class=\"size-full wp-image-4781 alignleft\" src=\"https:\/\/nesibeaydin.k12.tr\/web\/wp-content\/uploads\/2021\/12\/husamettinaydin.png\" alt=\"\" width=\"400\" height=\"400\" srcset=\"https:\/\/nesibeaydin.k12.tr\/web\/wp-content\/uploads\/2021\/12\/husamettinaydin.png 400w, https:\/\/nesibeaydin.k12.tr\/web\/wp-content\/uploads\/2021\/12\/husamettinaydin-160x160.png 160w, https:\/\/nesibeaydin.k12.tr\/web\/wp-content\/uploads\/2021\/12\/husamettinaydin-320x320.png 320w\" sizes=\"(max-width: 400px) 100vw, 400px\" \/>H\u00fcsamettin Ayd\u0131n, 1950 y\u0131l\u0131nda Van\u2019\u0131n \u0130ran s\u0131n\u0131r\u0131nda olan Yanal K\u00f6y\u00fcnde d\u00fcnyaya geldi. \u00dclkenin, co\u011frafyan\u0131n ve zaman\u0131n b\u00fct\u00fcn imk\u00e2ns\u0131zl\u0131klar\u0131na ra\u011fmen, b\u00f6lgenin \u00fcniversite mezunu olan tek \u00e7ocu\u011fu oldu.<\/p>\n<p>Farkl\u0131 dil ve mali yokluklar i\u00e7inde bunu ba\u015farmak \u00f6yle kolay olmad\u0131. Bizlerin \u00e7ocuklar\u0131n\u0131 tek ba\u015f\u0131na markete g\u00f6ndermeye korktu\u011fu ya\u015flarda; k\u00f6y\u00fcnden, annesinden, ailesinden uzakta, Ba\u015fkale\u2019deki akrabalar\u0131n\u0131n yan\u0131nda ilkokul ve ortaokulu okudu. Okul kapand\u0131\u011f\u0131nda ailesine ula\u015fabilmek i\u00e7in karda k\u0131\u015fta saatlerce y\u00fcr\u00fcd\u00fc, karde\u015flerine ald\u0131\u011f\u0131 akide \u015fekerlerini yan\u0131nda g\u00f6t\u00fcrmeyi eksik etmeden.<\/p>\n<p>Lise e\u011fitimini Van\u2019da; \u00fcniversite e\u011fitimini de Erzurum Atat\u00fcrk \u00dcniversitesi \u0130ngiliz Dili ve Edebiyat\u0131 b\u00f6l\u00fcm\u00fcnden mezun olarak tamamlad\u0131.<\/p>\n<p>Lise ve \u00fcniversite e\u011fitimini s\u00fcrd\u00fcrebilmek i\u00e7in yaz tatillerinde \u00e7al\u0131\u015fmas\u0131 gerekiyordu. B\u00f6ylece, demir ustal\u0131\u011f\u0131 yapmay\u0131 da, otelde y\u00f6netici olarak \u00e7al\u0131\u015fmay\u0131 da \u00f6\u011frendi.<\/p>\n<p>Ayd\u0131n, 1975 y\u0131l\u0131nda \u00fcniversiteden mezun olunca, \u0130ngiltere\u2019ye gitmek \u00fczere Ankara\u2019ya gitti. Yurt d\u0131\u015f\u0131na \u00e7\u0131k\u0131\u015f i\u015flemleri uzay\u0131nca, Ankara\u2019da \u00f6zel bir kurumda <strong>\u0130ngilizce \u00f6\u011fretmeni<\/strong> olarak \u00e7al\u0131\u015fmaya ba\u015flad\u0131. \u00c7al\u0131\u015ft\u0131\u011f\u0131 kurumda tan\u0131\u015ft\u0131\u011f\u0131 matematik \u00f6\u011fretmeni Nesibe Ayd\u0131n ile evlendi ve \u0130ngiltere\u2019ye gitmekten vazge\u00e7ti.<\/p>\n<p>Ayd\u0131n, 1984 y\u0131l\u0131nda, e\u015fi Nesibe Ayd\u0131n\u2019\u0131n yazd\u0131\u011f\u0131 <strong>Fen Liselerine Haz\u0131rl\u0131k Matematik <\/strong>kitab\u0131 <em>(sekt\u00f6rde ye\u015fil kitap olarak biliniyordu) <\/em>ile kendisinin yazd\u0131\u011f\u0131 <strong>\u0130ngilizce Dil Bilgisi <\/strong>kitab\u0131yla <strong>Ayd\u0131n Yay\u0131nc\u0131l\u0131\u011f\u0131<\/strong> kurdu.<\/p>\n<p>\u0130ngilizce \u00f6\u011fretmenli\u011fiyle birlikte kitap \u00e7al\u0131\u015fmalar\u0131na devam ederken, 1998 y\u0131l\u0131nda, e\u015fi ile birlikte <strong>Nesibe Ayd\u0131n Dershanesini<\/strong> kurdu. Ard\u0131ndan, 2008 y\u0131l\u0131nda Ankara\u2019n\u0131n G\u00f6lba\u015f\u0131 il\u00e7esindeki 90 d\u00f6n\u00fcml\u00fck devasa arazide <strong>Nesibe Ayd\u0131n Okullar\u0131n\u0131n<\/strong> temelini att\u0131.<\/p>\n<p>Nesibe Ayd\u0131n Okullar\u0131, T\u00fcrkiye\u2019nin 7 ilinde ve 11 kamp\u00fcs\u00fcnde e\u011fitim-\u00f6\u011fretim vermeye devam ediyor.<\/p>\n<p>H\u00fcsamettin Ayd\u0131n, her alanda \u00e7ok okuyan ve \u00e7ok ara\u015ft\u0131ran, k\u00fclt\u00fcr ve bilgi d\u00fczeyi olduk\u00e7a y\u00fcksek olan bir entelekt\u00fceldi.<\/p>\n<p>Ender say\u0131da ak\u0131ll\u0131 insan\u0131n sahip oldu\u011fu k\u0131vrak bir mizah yetene\u011fine sahipti. \u015eakala\u015fmay\u0131, g\u00fclmeyi ve g\u00fcld\u00fcrmeyi \u00e7ok severdi. Sohbet s\u0131ras\u0131nda yapt\u0131\u011f\u0131 ince esprilerle \u00e7evresindekileri kahkahalara bo\u011fard\u0131.<\/p>\n<p>\u00c7ok zeki bir insand\u0131. Sosyal ve ekonomik geli\u015fmeleri anlama ve f\u0131rsatlar\u0131 de\u011ferlendirme yetene\u011fi \u00fcst d\u00fczeydeydi. Bakmak ve g\u00f6rmek aras\u0131ndaki fark\u0131 onu tan\u0131yanlar daha iyi anlard\u0131.<\/p>\n<p>Ya\u015fad\u0131\u011f\u0131 toplumun dayatt\u0131\u011f\u0131 t\u00fcm ba\u011fnaz ve bask\u0131c\u0131 odaklara inat, her zaman <strong>\u00f6zg\u00fcrl\u00fc\u011f\u00fcn, akl\u0131n ve bilimin yolunu se\u00e7ti.<\/strong> Ve yazd\u0131. <strong>2010 y\u0131l\u0131ndan<\/strong> itibaren, \u00f6zg\u00fcrl\u00fck ad\u0131na, e\u015fitlik ad\u0131na, daha iyi bir bug\u00fcn ve yar\u0131n ad\u0131na <strong>entelekt\u00fcel birikimini kaleme ald\u0131\u011f\u0131 kitaplar\u0131na aktard\u0131.<\/strong><\/p>\n<p>Hayata g\u00f6zlerini yumdu\u011fu 18 Kas\u0131m 2020 g\u00fcn\u00fc, <strong>18 Kas\u0131m H\u00fcsamettin Ayd\u0131n \u00d6zg\u00fcrl\u00fck G\u00fcn\u00fc<\/strong> olarak ilan edildi. \u0130lk anma t\u00f6reni, tam da kendisine yak\u0131\u015f\u0131r bir \u015fekilde; k\u00fclt\u00fcr, sanat ve ekonomi paneliyle, 18 Kas\u0131m 2021 Per\u015fembe g\u00fcn\u00fc, b\u00fcy\u00fck bir kat\u0131l\u0131mla ger\u00e7ekle\u015fti. Ruhu \u015fad olsun.<\/p>\n<p>\n<\/div><div class=\"bt_bb_separator bt_bb_border_style_none bt_bb_bottom_spacing_30\" data-bt-override-class=\"null\"><\/div><\/div><\/div><\/div><\/div><\/div><\/div><\/div><\/div><\/section>\n","protected":false},"excerpt":{"rendered":"","protected":false},"author":1,"featured_media":0,"parent":0,"menu_order":0,"comment_status":"closed","ping_status":"closed","template":"","meta":[],"_links":{"self":[{"href":"https:\/\/nesibeaydin.k12.tr\/web\/wp-json\/wp\/v2\/pages\/7163"}],"collection":[{"href":"https:\/\/nesibeaydin.k12.tr\/web\/wp-json\/wp\/v2\/pages"}],"about":[{"href":"https:\/\/nesibeaydin.k12.tr\/web\/wp-json\/wp\/v2\/types\/page"}],"author":[{"embeddable":true,"href":"https:\/\/nesibeaydin.k12.tr\/web\/wp-json\/wp\/v2\/users\/1"}],"replies":[{"embeddable":true,"href":"https:\/\/nesibeaydin.k12.tr\/web\/wp-json\/wp\/v2\/comments?post=7163"}],"version-history":[{"count":9,"href":"https:\/\/nesibeaydin.k12.tr\/web\/wp-json\/wp\/v2\/pages\/7163\/revisions"}],"predecessor-version":[{"id":7173,"href":"https:\/\/nesibeaydin.k12.tr\/web\/wp-json\/wp\/v2\/pages\/7163\/revisions\/7173"}],"wp:attachment":[{"href":"https:\/\/nesibeaydin.k12.tr\/web\/wp-json\/wp\/v2\/media?parent=7163"}],"curies":[{"name":"wp","href":"https:\/\/api.w.org\/{rel}","templated":true}]}}