{"id":8255,"date":"2022-01-06T15:54:42","date_gmt":"2022-01-06T12:54:42","guid":{"rendered":"https:\/\/nesibeaydin.k12.tr\/web\/?page_id=8255"},"modified":"2025-12-03T14:59:25","modified_gmt":"2025-12-03T11:59:25","slug":"liselere-gecis-sinavlarina-hazirlik","status":"publish","type":"page","link":"https:\/\/nesibeaydin.k12.tr\/web\/okullarimiz\/yildizlar-kampusu\/yildizlar-ortaokul\/liselere-gecis-sinavlarina-hazirlik\/","title":{"rendered":"Liselere Ge\u00e7i\u015f S\u0131navlar\u0131na Haz\u0131rl\u0131k"},"content":{"rendered":"<p><section id=\"bt_bb_section69d291070d06f\"  class=\"bt_bb_section bt_bb_layout_boxed_1200 bt_bb_vertical_align_top bt_bb_hidden_xs bt_bb_hidden_ms bt_bb_hidden_sm\" ><div class=\"bt_bb_port\"><div class=\"bt_bb_cell\"><div class=\"bt_bb_cell_inner\"><div class=\"bt_bb_row  bt_bb_shape_inherit\"  data-bt-override-class=\"{}\"><div class=\"bt_bb_row_holder\" ><div  class=\"bt_bb_column col-xxl-12 col-xl-12 col-xs-12 col-sm-12 col-md-12 col-lg-12 bt_bb_vertical_align_top bt_bb_align_left bt_bb_padding_normal bt_bb_shape_inherit\" style=\"; --column-width:12;\" data-width=\"12\" data-bt-override-class=\"{}\"><div class=\"bt_bb_column_content\"><div class=\"bt_bb_column_content_inner\"><div  class=\"bt_bb_text\" ><\/p>\n<p>\t\t\t<!-- START Ortaokul REVOLUTION SLIDER 6.6.12 --><\/p>\n<p class=\"rs-p-wp-fix\">\n<p>\t\t\t<rs-module-wrap id=\"rev_slider_13_1_wrapper\" data-source=\"gallery\" style=\"visibility:hidden;background:transparent;padding:0;margin:0px auto;margin-top:0;margin-bottom:0;\"><br \/>\n\t\t\t\t<rs-module id=\"rev_slider_13_1\" style=\"\" data-version=\"6.6.12\"><br \/>\n\t\t\t\t\t<rs-slides style=\"overflow: hidden; position: absolute;\"><br \/>\n\t\t\t\t\t\t<rs-slide style=\"position: absolute;\" data-key=\"rs-16\" data-title=\"Slide\" data-seoz=\"front\" data-anim=\"adpr:false;\" data-in=\"o:0;\" data-out=\"a:false;\"><br \/>\n\t\t\t\t\t\t\t<img src=\"\/\/nesibeaydin.k12.tr\/web\/wp-content\/plugins\/revslider\/public\/assets\/assets\/dummy.png\" alt=\"Slide\" title=\"Liselere Ge\u00e7i\u015f S\u0131navlar\u0131na Haz\u0131rl\u0131k\" class=\"rev-slidebg tp-rs-img rs-lazyload\" data-lazyload=\"\/\/nesibeaydin.k12.tr\/web\/wp-content\/plugins\/revslider\/public\/assets\/assets\/transparent.png\" data-no-retina><br \/>\n<!--\n\t\t\t\t\t\t\t--><rs-layer\n\t\t\t\t\t\t\t\tid=\"slider-13-slide-16-layer-0\" \n\t\t\t\t\t\t\t\tdata-type=\"image\"\n\t\t\t\t\t\t\t\tdata-rsp_ch=\"on\"\n\t\t\t\t\t\t\t\tdata-xy=\"x:c;\"\n\t\t\t\t\t\t\t\tdata-text=\"w:normal;s:20,25,25,25;l:0,31,31,31;\"\n\t\t\t\t\t\t\t\tdata-dim=\"w:1330px,1662px,1662px,1662px;h:300px,375px,375px,375px;\"\n\t\t\t\t\t\t\t\tdata-frame_999=\"o:0;st:w;\"\n\t\t\t\t\t\t\t\tstyle=\"z-index:6;\"\n\t\t\t\t\t\t\t><img src=\"\/\/nesibeaydin.k12.tr\/web\/wp-content\/plugins\/revslider\/public\/assets\/assets\/dummy.png\" alt=\"\" class=\"tp-rs-img rs-lazyload\" width=\"1330\" height=\"300\" data-lazyload=\"\/\/nesibeaydin.k12.tr\/web\/wp-content\/uploads\/2021\/12\/1-slider2_C\u0327al\u0131s\u0327ma Yu\u0308zeyi 1 kopya 5.png\" data-no-retina><br \/>\n\t\t\t\t\t\t\t<\/rs-layer><!--\n-->\t\t\t\t\t\t<\/rs-slide><br \/>\n\t\t\t\t\t<\/rs-slides><br \/>\n\t\t\t\t<\/rs-module><br \/>\n\t\t\t\t<script>\n\t\t\t\t\tsetREVStartSize({c: 'rev_slider_13_1',rl:[1240,1024,1024,1024],el:[280,768,768,768],gw:[1024,1280,1280,1280],gh:[280,300,300,300],type:'hero',justify:'',layout:'fullwidth',mh:\"0\"});if (window.RS_MODULES!==undefined && window.RS_MODULES.modules!==undefined && window.RS_MODULES.modules[\"revslider131\"]!==undefined) {window.RS_MODULES.modules[\"revslider131\"].once = false;window.revapi13 = undefined;if (window.RS_MODULES.checkMinimal!==undefined) window.RS_MODULES.checkMinimal()}\n\t\t\t\t<\/script><br \/>\n\t\t\t<\/rs-module-wrap><br \/>\n\t\t\t<!-- END REVOLUTION SLIDER --><\/p>\n<p>\n<\/div><\/div><\/div><\/div><\/div><\/div><\/div><\/div><\/div><\/section><section id=\"bt_bb_section69d291070f474\"  class=\"bt_bb_section bt_bb_layout_boxed_1200 bt_bb_vertical_align_top bt_bb_hidden_md bt_bb_hidden_lg\" ><div class=\"bt_bb_port\"><div class=\"bt_bb_cell\"><div class=\"bt_bb_cell_inner\"><div class=\"bt_bb_row  bt_bb_shape_inherit\"  data-bt-override-class=\"{}\"><div class=\"bt_bb_row_holder\" ><div  class=\"bt_bb_column col-xxl-12 col-xl-12 col-xs-12 col-sm-12 col-md-12 col-lg-12 bt_bb_vertical_align_top bt_bb_align_left bt_bb_padding_normal bt_bb_shape_inherit\" style=\"; --column-width:12;\" data-width=\"12\" data-bt-override-class=\"{}\"><div class=\"bt_bb_column_content\"><div class=\"bt_bb_column_content_inner\"><div  class=\"bt_bb_text\" ><\/p>\n<p>\t\t\t<!-- START ortaokulmobil REVOLUTION SLIDER 6.6.12 --><\/p>\n<p class=\"rs-p-wp-fix\">\n<p>\t\t\t<rs-module-wrap id=\"rev_slider_35_2_wrapper\" data-source=\"gallery\" style=\"visibility:hidden;background:transparent;padding:0;margin:0px auto;margin-top:0;margin-bottom:0;\"><br \/>\n\t\t\t\t<rs-module id=\"rev_slider_35_2\" style=\"\" data-version=\"6.6.12\"><br \/>\n\t\t\t\t\t<rs-slides style=\"overflow: hidden; position: absolute;\"><br \/>\n\t\t\t\t\t\t<rs-slide style=\"position: absolute;\" data-key=\"rs-38\" data-title=\"Slide\" data-seoz=\"front\" data-anim=\"adpr:false;\" data-in=\"o:0;\" data-out=\"a:false;\"><br \/>\n\t\t\t\t\t\t\t<img src=\"\/\/nesibeaydin.k12.tr\/web\/wp-content\/plugins\/revslider\/public\/assets\/assets\/dummy.png\" alt=\"Slide\" title=\"Liselere Ge\u00e7i\u015f S\u0131navlar\u0131na Haz\u0131rl\u0131k\" class=\"rev-slidebg tp-rs-img rs-lazyload\" data-lazyload=\"\/\/nesibeaydin.k12.tr\/web\/wp-content\/plugins\/revslider\/public\/assets\/assets\/transparent.png\" data-no-retina><br \/>\n<!--\n\t\t\t\t\t\t\t--><rs-layer\n\t\t\t\t\t\t\t\tid=\"slider-35-slide-38-layer-1\" \n\t\t\t\t\t\t\t\tdata-type=\"image\"\n\t\t\t\t\t\t\t\tdata-rsp_ch=\"on\"\n\t\t\t\t\t\t\t\tdata-xy=\"x:c;\"\n\t\t\t\t\t\t\t\tdata-text=\"w:normal;s:20,20,9,9;l:0,0,11,11;\"\n\t\t\t\t\t\t\t\tdata-dim=\"w:1025px,1025px,480px,480px;h:892px,892px,418px,418px;\"\n\t\t\t\t\t\t\t\tdata-frame_999=\"o:0;st:w;\"\n\t\t\t\t\t\t\t\tstyle=\"z-index:5;\"\n\t\t\t\t\t\t\t><img src=\"\/\/nesibeaydin.k12.tr\/web\/wp-content\/plugins\/revslider\/public\/assets\/assets\/dummy.png\" alt=\"\" class=\"tp-rs-img rs-lazyload\" width=\"1080\" height=\"940\" data-lazyload=\"\/\/nesibeaydin.k12.tr\/web\/wp-content\/uploads\/2022\/01\/1-site_ici_mobil_slider_C\u0327al\u0131s\u0327ma Yu\u0308zeyi 1 kopya 24.png\" data-no-retina><br \/>\n\t\t\t\t\t\t\t<\/rs-layer><!--\n-->\t\t\t\t\t\t<\/rs-slide><br \/>\n\t\t\t\t\t<\/rs-slides><br \/>\n\t\t\t\t<\/rs-module><br \/>\n\t\t\t\t<script>\n\t\t\t\t\tsetREVStartSize({c: 'rev_slider_35_2',rl:[1240,1240,778,480],el:[280,280,960,720],gw:[1024,1024,480,480],gh:[280,280,480,480],type:'hero',justify:'',layout:'fullwidth',mh:\"0\"});if (window.RS_MODULES!==undefined && window.RS_MODULES.modules!==undefined && window.RS_MODULES.modules[\"revslider352\"]!==undefined) {window.RS_MODULES.modules[\"revslider352\"].once = false;window.revapi35 = undefined;if (window.RS_MODULES.checkMinimal!==undefined) window.RS_MODULES.checkMinimal()}\n\t\t\t\t<\/script><br \/>\n\t\t\t<\/rs-module-wrap><br \/>\n\t\t\t<!-- END REVOLUTION SLIDER --><\/p>\n<p>\n<\/div><\/div><\/div><\/div><\/div><\/div><\/div><\/div><\/div><\/section><section id=\"bt_bb_section69d291070fd56\"  class=\"bt_bb_section bt_bb_top_spacing_small bt_bb_bottom_spacing_medium bt_bb_layout_boxed_1200 bt_bb_vertical_align_top\" ><div class=\"bt_bb_port\"><div class=\"bt_bb_cell\"><div class=\"bt_bb_cell_inner\"><div class=\"bt_bb_row  bt_bb_shape_inherit\"  data-bt-override-class=\"{}\"><div class=\"bt_bb_row_holder\" ><div  class=\"bt_bb_column col-xxl-12 col-xl-12 col-xs-12 col-sm-12 col-md-12 col-lg-12 bt_bb_vertical_align_top bt_bb_align_left bt_bb_padding_normal bt_bb_shape_inherit\" style=\"; --column-width:12;\" data-width=\"12\" data-bt-override-class=\"{}\"><div class=\"bt_bb_column_content\"><div class=\"bt_bb_column_content_inner\"><div  class=\"bt_bb_text\" ><\/p>\n<h6 style=\"text-align: center;\"><strong>Liselere Ge\u00e7i\u015f S\u0131navlar\u0131na Haz\u0131rl\u0131k<\/strong><\/h6>\n<p>Okul program\u0131m\u0131z\u0131n \u00f6nemli bir par\u00e7as\u0131 olan <strong>Liseye Haz\u0131rl\u0131k Program\u0131<\/strong> sayesinde, \u00f6\u011frencilerimiz <strong>herhangi bir kursa<\/strong> ya da <strong>\u00f6zel derse ihtiya\u00e7 duymadan<\/strong>, T\u00fcrkiye geneli yap\u0131lan s\u0131navlarda ba\u015far\u0131l\u0131 olurlar.<\/p>\n<p>Liseye Haz\u0131rl\u0131k Program\u0131n\u0131 uygulamaktaki amac\u0131m\u0131z, \u00f6\u011frencilerimizi, okulumuzun <strong>Anadolu<\/strong> ve <strong>Fen Lisesi<\/strong> ile <strong>Uluslararas\u0131 Programlar\u0131m\u0131z<\/strong> i\u00e7in <strong>en donan\u0131ml\u0131 \u015fekilde haz\u0131rlamakt\u0131r<\/strong>. \u00d6\u011frencilerimiz, 8. s\u0131n\u0131ftan mezun olduklar\u0131nda, her biri, yurt i\u00e7i ve yurt d\u0131\u015f\u0131ndaki <strong>prestijli \u00fcniversiteler<\/strong> i\u00e7in g\u00fc\u00e7l\u00fc birer aday olarak <strong>liselerimize<\/strong> ba\u015flam\u0131\u015f olurlar.<\/p>\n<ul>\n<li>Liseye Haz\u0131rl\u0131k Program\u0131nda \u00f6\u011frenciler; <strong>s\u0131nav i\u00e7eri\u011fi, test tekni\u011fi, s\u0131nav taktikleri, zaman y\u00f6netimi<\/strong> gibi konularda, rehberlik birimi ve \u00f6l\u00e7me de\u011ferlendirme uzmanlar\u0131 taraf\u0131ndan, <strong>5. s\u0131n\u0131ftan 8. s\u0131n\u0131fa kadar<\/strong> bir b\u00fct\u00fcnl\u00fck i\u00e7erisinde uygulanan programla yeti\u015ftirilir.<\/li>\n<li>\u00d6\u011frencilerimiz, <strong>Ayd\u0131n<\/strong> ve <strong>Miray Yay\u0131nlar\u0131<\/strong> b\u00fcnyesinde ve okulumuzun profesyonel \u00f6\u011fretmen kadrosu taraf\u0131ndan haz\u0131rlanan dok\u00fcmanlar\u0131 takip etmektedirler. Bu dok\u00fcmanlar; <strong>Soru Bankalar\u0131, Ders \u0130\u015fleyi\u015f Mod\u00fclleri, \u00d6dev Fasik\u00fclleri, Deneme<\/strong> ve <strong>Tarama S\u0131navlar\u0131<\/strong> vb.dir.<\/li>\n<\/ul>\n<p>\n<\/div><\/div><\/div><\/div><\/div><\/div><div class=\"bt_bb_row  bt_bb_shape_inherit\"  data-bt-override-class=\"{}\"><div class=\"bt_bb_row_holder\" ><div  class=\"bt_bb_column col-xxl-12 col-xl-12 col-xs-12 col-sm-12 col-md-12 col-lg-12 bt_bb_vertical_align_top bt_bb_align_center bt_bb_padding_0 bt_bb_shape_inherit\" style=\"; --column-width:12;\" data-width=\"12\" data-bt-override-class=\"{&quot;bt_bb_align_&quot;:{&quot;current_class&quot;:&quot;bt_bb_align_center&quot;,&quot;def&quot;:&quot;center&quot;,&quot;xl&quot;:&quot;center&quot;}}\"><div class=\"bt_bb_column_content\"><div class=\"bt_bb_column_content_inner\"><div class=\"bt_bb_image bt_bb_shape_square bt_bb_align_inherit bt_bb_hover_style_simple bt_bb_content_display_always bt_bb_content_align_middle\"><span><img src = \"https:\/\/nesibeaydin.k12.tr\/web\/wp-content\/plugins\/bold-page-builder\/img\/blank.gif\" data-image_src=\"https:\/\/nesibeaydin.k12.tr\/web\/wp-content\/uploads\/2021\/12\/liselerehgecissinavlarinahazirlik.png\" title=\"liselerehgecissinavlarinahazirlik\" alt=\"https:\/\/nesibeaydin.k12.tr\/web\/wp-content\/uploads\/2021\/12\/liselerehgecissinavlarinahazirlik.png\" class=\"btLazyLoadImage\"><\/span><\/div><\/div><\/div><\/div><\/div><\/div><div class=\"bt_bb_row  bt_bb_shape_inherit\"  data-bt-override-class=\"{}\"><div class=\"bt_bb_row_holder\" ><div  class=\"bt_bb_column col-xxl-12 col-xl-12 col-xs-12 col-sm-12 col-md-12 col-lg-12 bt_bb_vertical_align_top bt_bb_align_left bt_bb_padding_normal bt_bb_shape_inherit\" style=\"; --column-width:12;\" data-width=\"12\" data-bt-override-class=\"{}\"><div class=\"bt_bb_column_content\"><div class=\"bt_bb_column_content_inner\"><div  class=\"bt_bb_text\" ><\/p>\n<p><strong>Liselere Ge\u00e7i\u015f S\u0131navlar\u0131na Haz\u0131rl\u0131k i\u00e7in (8. S\u0131n\u0131flar):<\/strong><\/p>\n<ul>\n<li>8. s\u0131n\u0131flarda; s\u0131nav takviminde belirtilen <strong>LGS deneme<\/strong> s\u0131nav sonu\u00e7lar\u0131na g\u00f6re, belirlenen puan\u0131n \u00fczerindeki \u00f6\u011frencilerden, 8. SINIF S\u00dcPER GRUP olu\u015fturulur.<\/li>\n<li>S\u00fcper gruba girecek \u00f6\u011frenciler, her ay yeniden belirlenir.<\/li>\n<li>8. s\u0131n\u0131flar i\u00e7in MEB\u2019in yapaca\u011f\u0131 LGS\u2019den <strong>1 ay \u00f6nce VIP KAMP PROGRAMI<\/strong> uygulanmaya ba\u015flar. Vip Kamp Program\u0131nda, konu tekrarlar\u0131 yap\u0131larak, yo\u011fun <strong>VIP LGS Denemeleri<\/strong> uygulan\u0131r.<\/li>\n<\/ul>\n<p><strong>Okulumuzda, MEB taraf\u0131ndan belirlenen haftal\u0131k ders saatlerine ek olarak;<\/strong><\/p>\n<p><strong>5, 6, 7 ve 8. S\u0131n\u0131flar\u0131m\u0131zda<\/strong>;<\/p>\n<ul>\n<li>\u00d6\u011frencilerimizin her dersten yapamad\u0131\u011f\u0131 sorular\u0131 sorabilecekleri <strong>GRUP PROBLEM \u00c7\u00d6ZME SAATLER\u0130<\/strong> ve <strong>ET\u00dcTLER<\/strong>, derslere giren <strong>profesyonel \u00f6\u011fretmen kadromuz<\/strong> taraf\u0131ndan yap\u0131lmaktad\u0131r.<\/li>\n<li><strong>Bire bir<\/strong> ya da <strong>Grup Et\u00fct<\/strong> saatlerinde, \u00f6\u011frencilerin anlamad\u0131\u011f\u0131 veya eksik oldu\u011fu konular, <strong>\u00f6zel ders kalitesinde<\/strong>, profesyonel \u00f6\u011fretmen kadromuz taraf\u0131ndan anlat\u0131lmaktad\u0131r.<\/li>\n<li>Et\u00fct alacak \u00f6\u011frencileri, s\u0131nav sonu\u00e7lar\u0131na g\u00f6re <strong>ders, dan\u0131\u015fman ve rehber \u00f6\u011fretmenleri<\/strong> belirleyece\u011fi gibi, \u00f6\u011frenciler kendileri de et\u00fct talebinde bulunabilirler.<\/li>\n<li>Grup P.\u00c7 (Problem \u00c7\u00f6zme) saatlerinde \u00f6\u011frenciler, yapamad\u0131klar\u0131 sorular\u0131 \u00f6\u011fretmenlerine bire bir sorabilirler.<\/li>\n<li>\u00c7oktan se\u00e7meli Deneme S\u0131navlar\u0131n\u0131n soru kitap\u00e7\u0131klar\u0131, s\u0131nav sonunda \u00f6\u011frencilere verilir. Cevap anahtar\u0131 ve <strong>sorular\u0131n \u00e7\u00f6z\u00fcmleri<\/strong> de <strong>E12 platformunda<\/strong> yay\u0131mlan\u0131r.<\/li>\n<\/ul>\n<p><strong>5, 6, 7 ve 8. S\u0131n\u0131flar\u0131m\u0131zda<\/strong>;<\/p>\n<ul>\n<li>Hafta i\u00e7i <strong>her g\u00fcn son ders saatine<\/strong> gelecek \u015fekilde, o \u015fubeye derse giren T\u00fcrk\u00e7e, Matematik, Fen Bilimleri, Sosyal Bilgiler, <strong>Din K\u00fclt\u00fcr\u00fc ve Ahlak Bilgisi<\/strong> ile \u0130ngilizce \u00f6\u011fretmenleriyle <strong>SORUMLULUK SAATLER\u0130<\/strong> yap\u0131lmaktad\u0131r.<\/li>\n<li>Sorumluluk saatlerinde \u00f6\u011frenciler;\n<ul>\n<li>O saatdeki dersin, o g\u00fcn i\u015flenen konusunu tekrar edip, o dersin \u00f6devini yapar.<\/li>\n<li>Vakti kalan \u00f6\u011frenciler, o g\u00fcnk\u00fc di\u011fer derslerin, i\u015flenen konular\u0131n\u0131 tekrar edip, verilen \u00f6devlerini yapar.<\/li>\n<li>O g\u00fcn i\u015flenen derslerin kalan \u00f6devlerini ve tekrarlar\u0131n\u0131 ak\u015fam evde tamamlar.<\/li>\n<\/ul>\n<\/li>\n<\/ul>\n<p>\n<\/div><\/div><\/div><\/div><\/div><\/div><div class=\"bt_bb_row \"  data-bt-override-class=\"{}\"><div class=\"bt_bb_row_holder\" ><div  class=\"bt_bb_column col-xxl-12 col-xl-12 bt_bb_vertical_align_top bt_bb_align_center bt_bb_padding_normal\" style=\"; --column-width:12;\" data-width=\"12\" data-bt-override-class=\"{}\"><div class=\"bt_bb_column_content\"><div class=\"bt_bb_column_content_inner\"><div class=\"bt_bb_separator bt_bb_border_style_none bt_bb_bottom_spacing_normal\" data-bt-override-class=\"null\"><\/div><div class=\"bt_bb_slider bt_bb_height_keep-height bt_bb_show_dots_bottom bt_bb_multiple_slides bt_bb_multiple_slides bt_bb_animation_slide animate\"><div class=\"slick-slider\"  data-slick='{ \"lazyLoad\": \"progressive\", \"cssEase\": \"ease-out\", \"speed\": \"300\", \"dots\": true, \"prevArrow\": \"\", \"nextArrow\": \"\",\"slidesToShow\": 4, \"autoplay\": true, \"autoplaySpeed\": 2000,\"slidesToShow\": 4, \"responsive\": [{ \"breakpoint\": 481, \"settings\": { \"slidesToShow\": 1, \"slidesToScroll\": 1 } },{ \"breakpoint\": 769, \"settings\": { \"slidesToShow\": 2, \"slidesToScroll\": 2 } },{ \"breakpoint\": 993, \"settings\": { \"slidesToShow\": 3, \"slidesToScroll\": 3 } },{ \"breakpoint\": 1201, \"settings\": { \"slidesToShow\": 4, \"slidesToScroll\": 4 } },{ \"breakpoint\": 1401, \"settings\": { \"slidesToShow\": 4, \"slidesToScroll\": 4 } }]}' ><div class=\"bt_bb_slider_item\" data-src-full=\"https:\/\/nesibeaydin.k12.tr\/web\/wp-content\/uploads\/2022\/01\/ortaokul-slider-5.png\"><img src=\"https:\/\/nesibeaydin.k12.tr\/web\/wp-content\/uploads\/2022\/01\/ortaokul-slider-5.png\" alt=\"ortaokul-slider-5\"  title=\"ortaokul-slider-5\"><\/div><div class=\"bt_bb_slider_item\" data-src-full=\"https:\/\/nesibeaydin.k12.tr\/web\/wp-content\/uploads\/2022\/01\/ortaokul-slider-1.png\"><img src=\"https:\/\/nesibeaydin.k12.tr\/web\/wp-content\/uploads\/2022\/01\/ortaokul-slider-1.png\" alt=\"ortaokul-slider-1\"  title=\"ortaokul-slider-1\"><\/div><div class=\"bt_bb_slider_item\" data-src-full=\"https:\/\/nesibeaydin.k12.tr\/web\/wp-content\/uploads\/2022\/01\/ortaokul-slider-2.png\"><img src=\"https:\/\/nesibeaydin.k12.tr\/web\/wp-content\/uploads\/2022\/01\/ortaokul-slider-2.png\" alt=\"ortaokul-slider-2\"  title=\"ortaokul-slider-2\"><\/div><div class=\"bt_bb_slider_item\" data-src-full=\"https:\/\/nesibeaydin.k12.tr\/web\/wp-content\/uploads\/2022\/01\/ortaokul-slider-3.png\"><img src=\"https:\/\/nesibeaydin.k12.tr\/web\/wp-content\/uploads\/2022\/01\/ortaokul-slider-3.png\" alt=\"ortaokul-slider-3\"  title=\"ortaokul-slider-3\"><\/div><div class=\"bt_bb_slider_item\" data-src-full=\"https:\/\/nesibeaydin.k12.tr\/web\/wp-content\/uploads\/2022\/01\/ortaokul-slider-4.png\"><img src=\"https:\/\/nesibeaydin.k12.tr\/web\/wp-content\/uploads\/2022\/01\/ortaokul-slider-4.png\" alt=\"ortaokul-slider-4\"  title=\"ortaokul-slider-4\"><\/div><div class=\"bt_bb_slider_item\" data-src-full=\"https:\/\/nesibeaydin.k12.tr\/web\/wp-content\/uploads\/2021\/12\/slider_alt-12.png\"><img src=\"https:\/\/nesibeaydin.k12.tr\/web\/wp-content\/uploads\/2021\/12\/slider_alt-12.png\" alt=\"slider_alt-12\"  title=\"slider_alt-12\"><\/div><div class=\"bt_bb_slider_item\" data-src-full=\"https:\/\/nesibeaydin.k12.tr\/web\/wp-content\/uploads\/2021\/12\/slider_alt-15.png\"><img src=\"https:\/\/nesibeaydin.k12.tr\/web\/wp-content\/uploads\/2021\/12\/slider_alt-15.png\" alt=\"slider_alt-15\"  title=\"slider_alt-15\"><\/div><div class=\"bt_bb_slider_item\" data-src-full=\"https:\/\/nesibeaydin.k12.tr\/web\/wp-content\/uploads\/2021\/12\/slider_alt-17.png\"><img src=\"https:\/\/nesibeaydin.k12.tr\/web\/wp-content\/uploads\/2021\/12\/slider_alt-17.png\" alt=\"slider_alt-17\"  title=\"slider_alt-17\"><\/div><\/div><\/div><div class=\"bt_bb_separator bt_bb_border_style_none bt_bb_bottom_spacing_normal\" data-bt-override-class=\"null\"><\/div><\/div><\/div><\/div><\/div><\/div><\/div><\/div><\/div><\/section><\/p>\n","protected":false},"excerpt":{"rendered":"","protected":false},"author":1,"featured_media":0,"parent":8248,"menu_order":0,"comment_status":"closed","ping_status":"closed","template":"","meta":[],"_links":{"self":[{"href":"https:\/\/nesibeaydin.k12.tr\/web\/wp-json\/wp\/v2\/pages\/8255"}],"collection":[{"href":"https:\/\/nesibeaydin.k12.tr\/web\/wp-json\/wp\/v2\/pages"}],"about":[{"href":"https:\/\/nesibeaydin.k12.tr\/web\/wp-json\/wp\/v2\/types\/page"}],"author":[{"embeddable":true,"href":"https:\/\/nesibeaydin.k12.tr\/web\/wp-json\/wp\/v2\/users\/1"}],"replies":[{"embeddable":true,"href":"https:\/\/nesibeaydin.k12.tr\/web\/wp-json\/wp\/v2\/comments?post=8255"}],"version-history":[{"count":3,"href":"https:\/\/nesibeaydin.k12.tr\/web\/wp-json\/wp\/v2\/pages\/8255\/revisions"}],"predecessor-version":[{"id":16647,"href":"https:\/\/nesibeaydin.k12.tr\/web\/wp-json\/wp\/v2\/pages\/8255\/revisions\/16647"}],"up":[{"embeddable":true,"href":"https:\/\/nesibeaydin.k12.tr\/web\/wp-json\/wp\/v2\/pages\/8248"}],"wp:attachment":[{"href":"https:\/\/nesibeaydin.k12.tr\/web\/wp-json\/wp\/v2\/media?parent=8255"}],"curies":[{"name":"wp","href":"https:\/\/api.w.org\/{rel}","templated":true}]}}