{"id":9028,"date":"2022-01-13T16:30:12","date_gmt":"2022-01-13T13:30:12","guid":{"rendered":"https:\/\/nesibeaydin.k12.tr\/web\/?page_id=9028"},"modified":"2022-01-13T16:30:12","modified_gmt":"2022-01-13T13:30:12","slug":"diploma-programinda-degerlendirme","status":"publish","type":"page","link":"https:\/\/nesibeaydin.k12.tr\/web\/okullarimiz\/golbasi-kampusu\/golbasi-lise\/uluslararasi-programlar\/ibdp\/diploma-programinda-degerlendirme\/","title":{"rendered":"Diploma Program\u0131nda De\u011ferlendirme"},"content":{"rendered":"<p><section id=\"bt_bb_section69d28ef00c0c5\"  class=\"bt_bb_section bt_bb_layout_boxed_1200 bt_bb_vertical_align_top bt_bb_hidden_xs bt_bb_hidden_ms bt_bb_hidden_sm\" ><div class=\"bt_bb_port\"><div class=\"bt_bb_cell\"><div class=\"bt_bb_cell_inner\"><div class=\"bt_bb_row  bt_bb_shape_inherit\"  data-bt-override-class=\"{}\"><div class=\"bt_bb_row_holder\" ><div  class=\"bt_bb_column col-xxl-12 col-xl-12 col-xs-12 col-sm-12 col-md-12 col-lg-12 bt_bb_vertical_align_top bt_bb_align_left bt_bb_padding_normal bt_bb_shape_inherit\" style=\"; --column-width:12;\" data-width=\"12\" data-bt-override-class=\"{}\"><div class=\"bt_bb_column_content\"><div class=\"bt_bb_column_content_inner\"><div  class=\"bt_bb_text\" >\n\t\t\t<!-- START uluslararasi REVOLUTION SLIDER 6.6.12 --><p class=\"rs-p-wp-fix\"><\/p>\n\t\t\t<rs-module-wrap id=\"rev_slider_19_1_wrapper\" data-source=\"gallery\" style=\"visibility:hidden;background:transparent;padding:0;margin:0px auto;margin-top:0;margin-bottom:0;\">\n\t\t\t\t<rs-module id=\"rev_slider_19_1\" style=\"\" data-version=\"6.6.12\">\n\t\t\t\t\t<rs-slides style=\"overflow: hidden; position: absolute;\">\n\t\t\t\t\t\t<rs-slide style=\"position: absolute;\" data-key=\"rs-22\" data-title=\"Slide\" data-seoz=\"front\" data-anim=\"adpr:false;\" data-in=\"o:0;\" data-out=\"a:false;\">\n\t\t\t\t\t\t\t<img src=\"\/\/nesibeaydin.k12.tr\/web\/wp-content\/plugins\/revslider\/public\/assets\/assets\/dummy.png\" alt=\"Slide\" title=\"Diploma Program\u0131nda De\u011ferlendirme\" class=\"rev-slidebg tp-rs-img rs-lazyload\" data-lazyload=\"\/\/nesibeaydin.k12.tr\/web\/wp-content\/plugins\/revslider\/public\/assets\/assets\/transparent.png\" data-no-retina>\n<!--\n\t\t\t\t\t\t\t--><rs-layer\n\t\t\t\t\t\t\t\tid=\"slider-19-slide-22-layer-1\" \n\t\t\t\t\t\t\t\tdata-type=\"image\"\n\t\t\t\t\t\t\t\tdata-rsp_ch=\"on\"\n\t\t\t\t\t\t\t\tdata-xy=\"x:c;\"\n\t\t\t\t\t\t\t\tdata-text=\"w:normal;s:20,25,25,25;l:0,31,31,31;\"\n\t\t\t\t\t\t\t\tdata-dim=\"w:1330px,1662px,1662px,1662px;h:300px,375px,375px,375px;\"\n\t\t\t\t\t\t\t\tdata-frame_999=\"o:0;st:w;\"\n\t\t\t\t\t\t\t\tstyle=\"z-index:5;\"\n\t\t\t\t\t\t\t><img src=\"\/\/nesibeaydin.k12.tr\/web\/wp-content\/plugins\/revslider\/public\/assets\/assets\/dummy.png\" alt=\"\" class=\"tp-rs-img rs-lazyload\" width=\"1330\" height=\"300\" data-lazyload=\"\/\/nesibeaydin.k12.tr\/web\/wp-content\/uploads\/2021\/12\/1-slider2_C\u0327al\u0131s\u0327ma Yu\u0308zeyi 1 kopya 4.png\" data-no-retina> \n\t\t\t\t\t\t\t<\/rs-layer><!--\n-->\t\t\t\t\t\t<\/rs-slide>\n\t\t\t\t\t<\/rs-slides>\n\t\t\t\t<\/rs-module>\n\t\t\t\t<script>\n\t\t\t\t\tsetREVStartSize({c: 'rev_slider_19_1',rl:[1240,1024,1024,1024],el:[280,768,768,768],gw:[1024,1280,1280,1280],gh:[280,300,300,300],type:'hero',justify:'',layout:'fullwidth',mh:\"0\"});if (window.RS_MODULES!==undefined && window.RS_MODULES.modules!==undefined && window.RS_MODULES.modules[\"revslider191\"]!==undefined) {window.RS_MODULES.modules[\"revslider191\"].once = false;window.revapi19 = undefined;if (window.RS_MODULES.checkMinimal!==undefined) window.RS_MODULES.checkMinimal()}\n\t\t\t\t<\/script>\n\t\t\t<\/rs-module-wrap>\n\t\t\t<!-- END REVOLUTION SLIDER -->\n<\/div><\/div><\/div><\/div><\/div><\/div><\/div><\/div><\/div><\/section><section id=\"bt_bb_section69d28ef00e466\"  class=\"bt_bb_section bt_bb_layout_boxed_1200 bt_bb_vertical_align_top bt_bb_hidden_md bt_bb_hidden_lg\" ><div class=\"bt_bb_port\"><div class=\"bt_bb_cell\"><div class=\"bt_bb_cell_inner\"><div class=\"bt_bb_row  bt_bb_shape_inherit\"  data-bt-override-class=\"{}\"><div class=\"bt_bb_row_holder\" ><div  class=\"bt_bb_column col-xxl-12 col-xl-12 col-xs-12 col-sm-12 col-md-12 col-lg-12 bt_bb_vertical_align_top bt_bb_align_left bt_bb_padding_normal bt_bb_shape_inherit\" style=\"; --column-width:12;\" data-width=\"12\" data-bt-override-class=\"{}\"><div class=\"bt_bb_column_content\"><div class=\"bt_bb_column_content_inner\"><div  class=\"bt_bb_text\" >\n\t\t\t<!-- START uluslararasimobil REVOLUTION SLIDER 6.6.12 --><p class=\"rs-p-wp-fix\"><\/p>\n\t\t\t<rs-module-wrap id=\"rev_slider_39_2_wrapper\" data-source=\"gallery\" style=\"visibility:hidden;background:transparent;padding:0;margin:0px auto;margin-top:0;margin-bottom:0;\">\n\t\t\t\t<rs-module id=\"rev_slider_39_2\" style=\"\" data-version=\"6.6.12\">\n\t\t\t\t\t<rs-slides style=\"overflow: hidden; position: absolute;\">\n\t\t\t\t\t\t<rs-slide style=\"position: absolute;\" data-key=\"rs-42\" data-title=\"Slide\" data-seoz=\"front\" data-anim=\"adpr:false;\" data-in=\"o:0;\" data-out=\"a:false;\">\n\t\t\t\t\t\t\t<img src=\"\/\/nesibeaydin.k12.tr\/web\/wp-content\/plugins\/revslider\/public\/assets\/assets\/dummy.png\" alt=\"Slide\" title=\"Diploma Program\u0131nda De\u011ferlendirme\" class=\"rev-slidebg tp-rs-img rs-lazyload\" data-lazyload=\"\/\/nesibeaydin.k12.tr\/web\/wp-content\/plugins\/revslider\/public\/assets\/assets\/transparent.png\" data-no-retina>\n<!--\n\t\t\t\t\t\t\t--><rs-layer\n\t\t\t\t\t\t\t\tid=\"slider-39-slide-42-layer-0\" \n\t\t\t\t\t\t\t\tdata-type=\"image\"\n\t\t\t\t\t\t\t\tdata-rsp_ch=\"on\"\n\t\t\t\t\t\t\t\tdata-xy=\"x:c;\"\n\t\t\t\t\t\t\t\tdata-text=\"w:normal;s:20,20,9,9;l:0,0,11,11;\"\n\t\t\t\t\t\t\t\tdata-dim=\"w:1031px,1031px,483px,483px;h:897px,897px,420px,420px;\"\n\t\t\t\t\t\t\t\tdata-frame_999=\"o:0;st:w;\"\n\t\t\t\t\t\t\t\tstyle=\"z-index:5;\"\n\t\t\t\t\t\t\t><img src=\"\/\/nesibeaydin.k12.tr\/web\/wp-content\/plugins\/revslider\/public\/assets\/assets\/dummy.png\" alt=\"\" class=\"tp-rs-img rs-lazyload\" width=\"1080\" height=\"940\" data-lazyload=\"\/\/nesibeaydin.k12.tr\/web\/wp-content\/uploads\/2022\/01\/1-site_ici_mobil_slider_C\u0327al\u0131s\u0327ma Yu\u0308zeyi 1 kopya 28.png\" data-no-retina> \n\t\t\t\t\t\t\t<\/rs-layer><!--\n-->\t\t\t\t\t\t<\/rs-slide>\n\t\t\t\t\t<\/rs-slides>\n\t\t\t\t<\/rs-module>\n\t\t\t\t<script>\n\t\t\t\t\tsetREVStartSize({c: 'rev_slider_39_2',rl:[1240,1240,778,480],el:[280,280,960,720],gw:[1024,1024,480,480],gh:[280,280,480,480],type:'hero',justify:'',layout:'fullwidth',mh:\"0\"});if (window.RS_MODULES!==undefined && window.RS_MODULES.modules!==undefined && window.RS_MODULES.modules[\"revslider392\"]!==undefined) {window.RS_MODULES.modules[\"revslider392\"].once = false;window.revapi39 = undefined;if (window.RS_MODULES.checkMinimal!==undefined) window.RS_MODULES.checkMinimal()}\n\t\t\t\t<\/script>\n\t\t\t<\/rs-module-wrap>\n\t\t\t<!-- END REVOLUTION SLIDER -->\n<\/div><\/div><\/div><\/div><\/div><\/div><\/div><\/div><\/div><\/section><section id=\"bt_bb_section69d28ef00ed24\"  class=\"bt_bb_section bt_bb_top_spacing_small bt_bb_bottom_spacing_medium bt_bb_layout_boxed_1200 bt_bb_vertical_align_top\" ><div class=\"bt_bb_port\"><div class=\"bt_bb_cell\"><div class=\"bt_bb_cell_inner\"><div class=\"bt_bb_row  bt_bb_shape_inherit\"  data-bt-override-class=\"{}\"><div class=\"bt_bb_row_holder\" ><div  class=\"bt_bb_column col-xxl-12 col-xl-12 col-xs-12 col-sm-12 col-md-12 col-lg-12 bt_bb_vertical_align_middle bt_bb_align_left bt_bb_padding_0 bt_bb_shape_inherit\" style=\"; --column-width:12;\" data-width=\"12\" data-bt-override-class=\"{&quot;bt_bb_align_&quot;:{&quot;current_class&quot;:&quot;bt_bb_align_left&quot;,&quot;def&quot;:&quot;left&quot;,&quot;xl&quot;:&quot;left&quot;}}\"><div class=\"bt_bb_column_content\"><div class=\"bt_bb_column_content_inner\"><div  class=\"bt_bb_text\" ><\/p>\n<h6 style=\"text-align: center;\"><strong>Diploma Program\u0131nda De\u011ferlendirme<\/strong><\/h6>\n<p>Uluslararas\u0131 Bakalorya Diploma Program\u0131 de\u011ferlendirme sistemi, IB taraf\u0131ndan yay\u0131nlanan ders rehberlerinde belirlenen de\u011ferlendirme \u00f6l\u00e7\u00fctlerine dayal\u0131d\u0131r. Bu \u00f6l\u00e7\u00fctler, her s\u0131nav d\u00f6nemi i\u00e7in kullan\u0131lmak \u00fczere, tutarl\u0131 bir bi\u00e7imde haz\u0131rlan\u0131r ve b\u00fct\u00fcn okullarda ayn\u0131 bi\u00e7imde uygulan\u0131r. Notlar, belirlenen standartlara g\u00f6re, edinilen bilgi ve beceriyi g\u00f6sterir.<\/p>\n<p>\n<\/div><\/div><\/div><\/div><\/div><\/div><div class=\"bt_bb_row  bt_bb_shape_inherit\"  data-bt-override-class=\"{}\"><div class=\"bt_bb_row_holder\" ><div  class=\"bt_bb_column col-xxl-12 col-xl-12 col-xs-12 col-sm-12 col-md-12 col-lg-12 bt_bb_vertical_align_top bt_bb_align_center bt_bb_padding_0 bt_bb_shape_inherit\" style=\"; --column-width:12;\" data-width=\"12\" data-bt-override-class=\"{&quot;bt_bb_align_&quot;:{&quot;current_class&quot;:&quot;bt_bb_align_center&quot;,&quot;def&quot;:&quot;center&quot;,&quot;xl&quot;:&quot;center&quot;}}\"><div class=\"bt_bb_column_content\"><div class=\"bt_bb_column_content_inner\"><div class=\"bt_bb_image bt_bb_shape_square bt_bb_align_inherit bt_bb_hover_style_simple bt_bb_content_display_always bt_bb_content_align_middle\"><span><img src = \"https:\/\/nesibeaydin.k12.tr\/web\/wp-content\/plugins\/bold-page-builder\/img\/blank.gif\" data-image_src=\"https:\/\/nesibeaydin.k12.tr\/web\/wp-content\/uploads\/2021\/12\/IBDP-13.png\" title=\"IBDP-13\" alt=\"https:\/\/nesibeaydin.k12.tr\/web\/wp-content\/uploads\/2021\/12\/IBDP-13.png\" class=\"btLazyLoadImage\"><\/span><\/div><\/div><\/div><\/div><\/div><\/div><div class=\"bt_bb_row  bt_bb_shape_inherit\"  data-bt-override-class=\"{}\"><div class=\"bt_bb_row_holder\" ><div  class=\"bt_bb_column col-xxl-12 col-xl-12 col-xs-12 col-sm-12 col-md-12 col-lg-12 bt_bb_vertical_align_middle bt_bb_align_left bt_bb_padding_0 bt_bb_shape_inherit\" style=\"; --column-width:12;\" data-width=\"12\" data-bt-override-class=\"{&quot;bt_bb_align_&quot;:{&quot;current_class&quot;:&quot;bt_bb_align_left&quot;,&quot;def&quot;:&quot;left&quot;,&quot;xl&quot;:&quot;left&quot;}}\"><div class=\"bt_bb_column_content\"><div class=\"bt_bb_column_content_inner\"><div  class=\"bt_bb_text\" ><\/p>\n<p>De\u011ferlendirme iki \u015fekilde yap\u0131l\u0131r.<\/p>\n<p><strong>\u0130\u00e7 De\u011ferlendirme:<\/strong> Okulun kendi i\u00e7inde yapt\u0131\u011f\u0131 ve IB\u2019ye \u00f6rneklem g\u00f6nderdi\u011fi de\u011ferlendirme t\u00fcr\u00fcd\u00fcr. Her dersin kendine \u00f6zg\u00fc i\u00e7 de\u011ferlendirme gereklilikleri yerine getirilmek zorundad\u0131r.<br \/>\n<strong>D\u0131\u015f De\u011ferlendirme:<\/strong> \u00d6\u011frencilere,<strong>12. s\u0131n\u0131f\u0131n son d\u00f6neminde<\/strong> se\u00e7ilen her ders i\u00e7in IB taraf\u0131ndan g\u00f6nderilen en az <strong>iki<\/strong>, en \u00e7ok \u00fc\u00e7 adet <strong>yaz\u0131l\u0131 s\u0131nav<\/strong> uygulan\u0131r. Uluslararas\u0131 Bakalorya Diploma Program\u0131ndaki dersler, s\u00fcreklilik arz eden \u00e7al\u0131\u015fmalarla ve 2 y\u0131ll\u0131k program sonundaki s\u0131navlarla \u00f6l\u00e7\u00fcl\u00fcr. S\u0131navlar, <strong>May\u0131s ay\u0131n\u0131n ilk \u00fc\u00e7 haftas\u0131nda<\/strong> d\u00fczenlenir.<\/p>\n<p>Bir \u00f6\u011frenci, her dersten <strong>en d\u00fc\u015f\u00fck<\/strong> 1 ile en y\u00fcksek 7 aras\u0131nda bir puan alabilir. Alt\u0131 dersten al\u0131nabilecek <strong>en y\u00fcksek puan,<\/strong> 6 x 7 = <strong>42<\/strong> \u2019dir. Bilgi Kuram\u0131 ve Bitirme Tezi i\u00e7in fazladan en \u00e7ok 3 puan al\u0131nabilir. Ancak, Bilgi Kuram\u0131 ve Bitirme Tezinden kalan ya da Yarat\u0131c\u0131l\u0131k \u2013 Aktivite \u2013 Sosyal Hizmet (CAS) program\u0131n\u0131n gereklerini yerine getiremeyen bir \u00f6\u011frenci <strong>diploma alamaz<\/strong>.<\/p>\n<p>Diplomadaki en y\u00fcksek not <strong>45 puand\u0131r.<\/strong> Diploma almak i\u00e7in gerekli olan<strong> en d\u00fc\u015f\u00fck not<\/strong> (di\u011fer b\u00fct\u00fcn ko\u015fullar\u0131n tam anlam\u0131yla yerine getirilmesi ko\u015fulu ile) <strong>24 puand\u0131r.<\/strong><\/p>\n<p>\n<\/div><\/div><\/div><\/div><\/div><\/div><div class=\"bt_bb_row \"  data-bt-override-class=\"{}\"><div class=\"bt_bb_row_holder\" ><div  class=\"bt_bb_column col-xxl-12 col-xl-12 bt_bb_vertical_align_top bt_bb_align_center bt_bb_padding_normal\" style=\"; --column-width:12;\" data-width=\"12\" data-bt-override-class=\"{}\"><div class=\"bt_bb_column_content\"><div class=\"bt_bb_column_content_inner\"><div class=\"bt_bb_separator bt_bb_border_style_none bt_bb_bottom_spacing_normal\" data-bt-override-class=\"null\"><\/div><div class=\"bt_bb_slider bt_bb_height_keep-height bt_bb_show_dots_bottom bt_bb_multiple_slides bt_bb_multiple_slides bt_bb_animation_slide animate\"><div class=\"slick-slider\"  data-slick='{ \"lazyLoad\": \"progressive\", \"cssEase\": \"ease-out\", \"speed\": \"300\", \"dots\": true, \"prevArrow\": \"\", \"nextArrow\": \"\",\"slidesToShow\": 4, \"autoplay\": true, \"autoplaySpeed\": 2000,\"slidesToShow\": 4, \"responsive\": [{ \"breakpoint\": 481, \"settings\": { \"slidesToShow\": 1, \"slidesToScroll\": 1 } },{ \"breakpoint\": 769, \"settings\": { \"slidesToShow\": 2, \"slidesToScroll\": 2 } },{ \"breakpoint\": 993, \"settings\": { \"slidesToShow\": 3, \"slidesToScroll\": 3 } },{ \"breakpoint\": 1201, \"settings\": { \"slidesToShow\": 4, \"slidesToScroll\": 4 } },{ \"breakpoint\": 1401, \"settings\": { \"slidesToShow\": 4, \"slidesToScroll\": 4 } }]}' ><div class=\"bt_bb_slider_item\" data-src-full=\"https:\/\/nesibeaydin.k12.tr\/web\/wp-content\/uploads\/2022\/01\/Lise-slider-3.png\"><img src=\"https:\/\/nesibeaydin.k12.tr\/web\/wp-content\/uploads\/2022\/01\/Lise-slider-3.png\" alt=\"Lise-slider-3\"  title=\"Lise-slider-3\"><\/div><div class=\"bt_bb_slider_item\" data-src-full=\"https:\/\/nesibeaydin.k12.tr\/web\/wp-content\/uploads\/2022\/01\/Lise-slider-1.png\"><img src=\"https:\/\/nesibeaydin.k12.tr\/web\/wp-content\/uploads\/2022\/01\/Lise-slider-1.png\" alt=\"Lise-slider-1\"  title=\"Lise-slider-1\"><\/div><div class=\"bt_bb_slider_item\" data-src-full=\"https:\/\/nesibeaydin.k12.tr\/web\/wp-content\/uploads\/2022\/01\/Lise-slider-2.png\"><img src=\"https:\/\/nesibeaydin.k12.tr\/web\/wp-content\/uploads\/2022\/01\/Lise-slider-2.png\" alt=\"Lise-slider-2\"  title=\"Lise-slider-2\"><\/div><div class=\"bt_bb_slider_item\" data-src-full=\"https:\/\/nesibeaydin.k12.tr\/web\/wp-content\/uploads\/2021\/12\/slider_alt-16-1.png\"><img src=\"https:\/\/nesibeaydin.k12.tr\/web\/wp-content\/uploads\/2021\/12\/slider_alt-16-1.png\" alt=\"slider_alt-16\"  title=\"slider_alt-16\"><\/div><div class=\"bt_bb_slider_item\" data-src-full=\"https:\/\/nesibeaydin.k12.tr\/web\/wp-content\/uploads\/2021\/12\/slider_alt-19.png\"><img src=\"https:\/\/nesibeaydin.k12.tr\/web\/wp-content\/uploads\/2021\/12\/slider_alt-19.png\" alt=\"slider_alt-19\"  title=\"slider_alt-19\"><\/div><div class=\"bt_bb_slider_item\" data-src-full=\"https:\/\/nesibeaydin.k12.tr\/web\/wp-content\/uploads\/2022\/01\/Lise-slider-4.png\"><img src=\"https:\/\/nesibeaydin.k12.tr\/web\/wp-content\/uploads\/2022\/01\/Lise-slider-4.png\" alt=\"Lise-slider-4\"  title=\"Lise-slider-4\"><\/div><div class=\"bt_bb_slider_item\" data-src-full=\"https:\/\/nesibeaydin.k12.tr\/web\/wp-content\/uploads\/2021\/12\/slider_alt-17-1.png\"><img src=\"https:\/\/nesibeaydin.k12.tr\/web\/wp-content\/uploads\/2021\/12\/slider_alt-17-1.png\" alt=\"slider_alt-17\"  title=\"slider_alt-17\"><\/div><div class=\"bt_bb_slider_item\" data-src-full=\"https:\/\/nesibeaydin.k12.tr\/web\/wp-content\/uploads\/2021\/12\/slider_alt-18.png\"><img src=\"https:\/\/nesibeaydin.k12.tr\/web\/wp-content\/uploads\/2021\/12\/slider_alt-18.png\" alt=\"slider_alt-18\"  title=\"slider_alt-18\"><\/div><\/div><\/div><div class=\"bt_bb_separator bt_bb_border_style_none bt_bb_bottom_spacing_normal\" data-bt-override-class=\"null\"><\/div><\/div><\/div><\/div><\/div><\/div><\/div><\/div><\/div><\/section><\/p>\n","protected":false},"excerpt":{"rendered":"","protected":false},"author":1,"featured_media":0,"parent":9003,"menu_order":0,"comment_status":"closed","ping_status":"closed","template":"","meta":[],"_links":{"self":[{"href":"https:\/\/nesibeaydin.k12.tr\/web\/wp-json\/wp\/v2\/pages\/9028"}],"collection":[{"href":"https:\/\/nesibeaydin.k12.tr\/web\/wp-json\/wp\/v2\/pages"}],"about":[{"href":"https:\/\/nesibeaydin.k12.tr\/web\/wp-json\/wp\/v2\/types\/page"}],"author":[{"embeddable":true,"href":"https:\/\/nesibeaydin.k12.tr\/web\/wp-json\/wp\/v2\/users\/1"}],"replies":[{"embeddable":true,"href":"https:\/\/nesibeaydin.k12.tr\/web\/wp-json\/wp\/v2\/comments?post=9028"}],"version-history":[{"count":1,"href":"https:\/\/nesibeaydin.k12.tr\/web\/wp-json\/wp\/v2\/pages\/9028\/revisions"}],"predecessor-version":[{"id":9029,"href":"https:\/\/nesibeaydin.k12.tr\/web\/wp-json\/wp\/v2\/pages\/9028\/revisions\/9029"}],"up":[{"embeddable":true,"href":"https:\/\/nesibeaydin.k12.tr\/web\/wp-json\/wp\/v2\/pages\/9003"}],"wp:attachment":[{"href":"https:\/\/nesibeaydin.k12.tr\/web\/wp-json\/wp\/v2\/media?parent=9028"}],"curies":[{"name":"wp","href":"https:\/\/api.w.org\/{rel}","templated":true}]}}