{"id":9088,"date":"2022-01-14T11:46:22","date_gmt":"2022-01-14T08:46:22","guid":{"rendered":"https:\/\/nesibeaydin.k12.tr\/web\/?page_id=9088"},"modified":"2024-06-25T15:28:44","modified_gmt":"2024-06-25T12:28:44","slug":"uluslararasi-programlar","status":"publish","type":"page","link":"https:\/\/nesibeaydin.k12.tr\/web\/okullarimiz\/yildizlar-kampusu\/yildizlar-lise\/uluslararasi-programlar\/","title":{"rendered":"Uluslararas\u0131 Programlar"},"content":{"rendered":"<p><section id=\"bt_bb_section69d2c5f2da3c6\"  class=\"bt_bb_section bt_bb_layout_boxed_1200 bt_bb_vertical_align_top bt_bb_hidden_xs bt_bb_hidden_ms bt_bb_hidden_sm\" ><div class=\"bt_bb_port\"><div class=\"bt_bb_cell\"><div class=\"bt_bb_cell_inner\"><div class=\"bt_bb_row  bt_bb_shape_inherit\"  data-bt-override-class=\"{}\"><div class=\"bt_bb_row_holder\" ><div  class=\"bt_bb_column col-xxl-12 col-xl-12 col-xs-12 col-sm-12 col-md-12 col-lg-12 bt_bb_vertical_align_top bt_bb_align_left bt_bb_padding_normal bt_bb_shape_inherit\" style=\"; --column-width:12;\" data-width=\"12\" data-bt-override-class=\"{}\"><div class=\"bt_bb_column_content\"><div class=\"bt_bb_column_content_inner\"><div  class=\"bt_bb_text\" >\n\t\t\t<!-- START uluslararasi REVOLUTION SLIDER 6.6.12 --><p class=\"rs-p-wp-fix\"><\/p>\n\t\t\t<rs-module-wrap id=\"rev_slider_19_1_wrapper\" data-source=\"gallery\" style=\"visibility:hidden;background:transparent;padding:0;margin:0px auto;margin-top:0;margin-bottom:0;\">\n\t\t\t\t<rs-module id=\"rev_slider_19_1\" style=\"\" data-version=\"6.6.12\">\n\t\t\t\t\t<rs-slides style=\"overflow: hidden; position: absolute;\">\n\t\t\t\t\t\t<rs-slide style=\"position: absolute;\" data-key=\"rs-22\" data-title=\"Slide\" data-seoz=\"front\" data-anim=\"adpr:false;\" data-in=\"o:0;\" data-out=\"a:false;\">\n\t\t\t\t\t\t\t<img src=\"\/\/nesibeaydin.k12.tr\/web\/wp-content\/plugins\/revslider\/public\/assets\/assets\/dummy.png\" alt=\"Slide\" title=\"Uluslararas\u0131 Programlar\" class=\"rev-slidebg tp-rs-img rs-lazyload\" data-lazyload=\"\/\/nesibeaydin.k12.tr\/web\/wp-content\/plugins\/revslider\/public\/assets\/assets\/transparent.png\" data-no-retina>\n<!--\n\t\t\t\t\t\t\t--><rs-layer\n\t\t\t\t\t\t\t\tid=\"slider-19-slide-22-layer-1\" \n\t\t\t\t\t\t\t\tdata-type=\"image\"\n\t\t\t\t\t\t\t\tdata-rsp_ch=\"on\"\n\t\t\t\t\t\t\t\tdata-xy=\"x:c;\"\n\t\t\t\t\t\t\t\tdata-text=\"w:normal;s:20,25,25,25;l:0,31,31,31;\"\n\t\t\t\t\t\t\t\tdata-dim=\"w:1330px,1662px,1662px,1662px;h:300px,375px,375px,375px;\"\n\t\t\t\t\t\t\t\tdata-frame_999=\"o:0;st:w;\"\n\t\t\t\t\t\t\t\tstyle=\"z-index:5;\"\n\t\t\t\t\t\t\t><img src=\"\/\/nesibeaydin.k12.tr\/web\/wp-content\/plugins\/revslider\/public\/assets\/assets\/dummy.png\" alt=\"\" class=\"tp-rs-img rs-lazyload\" width=\"1330\" height=\"300\" data-lazyload=\"\/\/nesibeaydin.k12.tr\/web\/wp-content\/uploads\/2021\/12\/1-slider2_C\u0327al\u0131s\u0327ma Yu\u0308zeyi 1 kopya 4.png\" data-no-retina> \n\t\t\t\t\t\t\t<\/rs-layer><!--\n-->\t\t\t\t\t\t<\/rs-slide>\n\t\t\t\t\t<\/rs-slides>\n\t\t\t\t<\/rs-module>\n\t\t\t\t<script>\n\t\t\t\t\tsetREVStartSize({c: 'rev_slider_19_1',rl:[1240,1024,1024,1024],el:[280,768,768,768],gw:[1024,1280,1280,1280],gh:[280,300,300,300],type:'hero',justify:'',layout:'fullwidth',mh:\"0\"});if (window.RS_MODULES!==undefined && window.RS_MODULES.modules!==undefined && window.RS_MODULES.modules[\"revslider191\"]!==undefined) {window.RS_MODULES.modules[\"revslider191\"].once = false;window.revapi19 = undefined;if (window.RS_MODULES.checkMinimal!==undefined) window.RS_MODULES.checkMinimal()}\n\t\t\t\t<\/script>\n\t\t\t<\/rs-module-wrap>\n\t\t\t<!-- END REVOLUTION SLIDER -->\n<\/div><\/div><\/div><\/div><\/div><\/div><\/div><\/div><\/div><\/section><section id=\"bt_bb_section69d2c5f2dc8d6\"  class=\"bt_bb_section bt_bb_layout_boxed_1200 bt_bb_vertical_align_top bt_bb_hidden_md bt_bb_hidden_lg\" ><div class=\"bt_bb_port\"><div class=\"bt_bb_cell\"><div class=\"bt_bb_cell_inner\"><div class=\"bt_bb_row  bt_bb_shape_inherit\"  data-bt-override-class=\"{}\"><div class=\"bt_bb_row_holder\" ><div  class=\"bt_bb_column col-xxl-12 col-xl-12 col-xs-12 col-sm-12 col-md-12 col-lg-12 bt_bb_vertical_align_top bt_bb_align_left bt_bb_padding_normal bt_bb_shape_inherit\" style=\"; --column-width:12;\" data-width=\"12\" data-bt-override-class=\"{}\"><div class=\"bt_bb_column_content\"><div class=\"bt_bb_column_content_inner\"><div  class=\"bt_bb_text\" >\n\t\t\t<!-- START uluslararasimobil REVOLUTION SLIDER 6.6.12 --><p class=\"rs-p-wp-fix\"><\/p>\n\t\t\t<rs-module-wrap id=\"rev_slider_39_2_wrapper\" data-source=\"gallery\" style=\"visibility:hidden;background:transparent;padding:0;margin:0px auto;margin-top:0;margin-bottom:0;\">\n\t\t\t\t<rs-module id=\"rev_slider_39_2\" style=\"\" data-version=\"6.6.12\">\n\t\t\t\t\t<rs-slides style=\"overflow: hidden; position: absolute;\">\n\t\t\t\t\t\t<rs-slide style=\"position: absolute;\" data-key=\"rs-42\" data-title=\"Slide\" data-seoz=\"front\" data-anim=\"adpr:false;\" data-in=\"o:0;\" data-out=\"a:false;\">\n\t\t\t\t\t\t\t<img src=\"\/\/nesibeaydin.k12.tr\/web\/wp-content\/plugins\/revslider\/public\/assets\/assets\/dummy.png\" alt=\"Slide\" title=\"Uluslararas\u0131 Programlar\" class=\"rev-slidebg tp-rs-img rs-lazyload\" data-lazyload=\"\/\/nesibeaydin.k12.tr\/web\/wp-content\/plugins\/revslider\/public\/assets\/assets\/transparent.png\" data-no-retina>\n<!--\n\t\t\t\t\t\t\t--><rs-layer\n\t\t\t\t\t\t\t\tid=\"slider-39-slide-42-layer-0\" \n\t\t\t\t\t\t\t\tdata-type=\"image\"\n\t\t\t\t\t\t\t\tdata-rsp_ch=\"on\"\n\t\t\t\t\t\t\t\tdata-xy=\"x:c;\"\n\t\t\t\t\t\t\t\tdata-text=\"w:normal;s:20,20,9,9;l:0,0,11,11;\"\n\t\t\t\t\t\t\t\tdata-dim=\"w:1031px,1031px,483px,483px;h:897px,897px,420px,420px;\"\n\t\t\t\t\t\t\t\tdata-frame_999=\"o:0;st:w;\"\n\t\t\t\t\t\t\t\tstyle=\"z-index:5;\"\n\t\t\t\t\t\t\t><img src=\"\/\/nesibeaydin.k12.tr\/web\/wp-content\/plugins\/revslider\/public\/assets\/assets\/dummy.png\" alt=\"\" class=\"tp-rs-img rs-lazyload\" width=\"1080\" height=\"940\" data-lazyload=\"\/\/nesibeaydin.k12.tr\/web\/wp-content\/uploads\/2022\/01\/1-site_ici_mobil_slider_C\u0327al\u0131s\u0327ma Yu\u0308zeyi 1 kopya 28.png\" data-no-retina> \n\t\t\t\t\t\t\t<\/rs-layer><!--\n-->\t\t\t\t\t\t<\/rs-slide>\n\t\t\t\t\t<\/rs-slides>\n\t\t\t\t<\/rs-module>\n\t\t\t\t<script>\n\t\t\t\t\tsetREVStartSize({c: 'rev_slider_39_2',rl:[1240,1240,778,480],el:[280,280,960,720],gw:[1024,1024,480,480],gh:[280,280,480,480],type:'hero',justify:'',layout:'fullwidth',mh:\"0\"});if (window.RS_MODULES!==undefined && window.RS_MODULES.modules!==undefined && window.RS_MODULES.modules[\"revslider392\"]!==undefined) {window.RS_MODULES.modules[\"revslider392\"].once = false;window.revapi39 = undefined;if (window.RS_MODULES.checkMinimal!==undefined) window.RS_MODULES.checkMinimal()}\n\t\t\t\t<\/script>\n\t\t\t<\/rs-module-wrap>\n\t\t\t<!-- END REVOLUTION SLIDER -->\n<\/div><\/div><\/div><\/div><\/div><\/div><\/div><\/div><\/div><\/section><section id=\"bt_bb_section69d2c5f2dd168\"  class=\"bt_bb_section bt_bb_top_spacing_normal bt_bb_bottom_spacing_normal bt_bb_layout_boxed_1200 bt_bb_vertical_align_top\" ><div class=\"bt_bb_port\"><div class=\"bt_bb_cell\"><div class=\"bt_bb_cell_inner\"><div class=\"bt_bb_row  bt_bb_shape_inherit\"  data-bt-override-class=\"{}\"><div class=\"bt_bb_row_holder\" ><div  class=\"bt_bb_column col-xxl-12 col-xl-12 col-xs-12 col-sm-12 col-md-12 col-lg-12 bt_bb_vertical_align_top bt_bb_align_left bt_bb_padding_normal bt_bb_shape_inherit\" style=\"; --column-width:12;\" data-width=\"12\" data-bt-override-class=\"{}\"><div class=\"bt_bb_column_content\"><div class=\"bt_bb_column_content_inner\"><header class=\"bt_bb_headline bt_bb_dash_none bt_bb_size_inherit bt_bb_align_center\" data-bt-override-class=\"{&quot;bt_bb_align_&quot;:{&quot;current_class&quot;:&quot;bt_bb_align_center&quot;,&quot;def&quot;:&quot;center&quot;,&quot;xl&quot;:&quot;center&quot;}}\"><h4 class=\"bt_bb_headline_tag\"><span class=\"bt_bb_headline_content\"><span>Uluslararas\u0131 Programlar<\/span><\/span><\/h4><\/header><div class=\"bt_bb_separator bt_bb_border_style_none bt_bb_top_spacing_10 bt_bb_bottom_spacing_10\" data-bt-override-class=\"null\"><\/div><div  class=\"bt_bb_text\" ><\/p>\n<ul>\n<li>D\u00fcnyaca tan\u0131nan Uluslararas\u0131 Genel Orta\u00f6\u011fretim E\u011fitimi Sertifikas\u0131 ( IGCSE ) ve Uluslararas\u0131 Bakalorya Diploma Program\u0131 ( IBDP ), gelecek ya\u015fama haz\u0131rlayan programlar olarak, \u00f6\u011frencilere problem \u00e7\u00f6zme, ileti\u015fim kurabilme, kendilerini yaz\u0131l\u0131 ve s\u00f6zl\u00fc ifade edebilme, ele\u015ftirel yakla\u015f\u0131m ve ara\u015ft\u0131rma becerilerini kazand\u0131r\u0131r.<\/li>\n<li>Lise bitiminde ulusal (MEB) ve uluslararas\u0131 olmak \u00fczere \u00c7\u0130FT D\u0130PLOMA ile mezun olmak isteyen \u00f6\u011frencilerimiz, 9 ve 10. s\u0131n\u0131fta Uluslararas\u0131 Genel Orta\u00f6\u011fretim E\u011fitimi Sertifikas\u0131 (IGCSE), 11 ve 12. s\u0131n\u0131fta ise Uluslararas\u0131 Bakalorya Diploma Program\u0131 (IBDP) derslerini al\u0131rlar.<\/li>\n<li>\u0130lkokullar\u0131m\u0131zda Uluslararas\u0131 Bakalorya Diploma Program\u0131\u2019n\u0131n alt yap\u0131s\u0131n\u0131 haz\u0131rlayan \u0130lk Y\u0131llar Program\u0131 (PYP) uygulanmaktad\u0131r.<\/li>\n<\/ul>\n<p>\n<\/div><\/div><\/div><\/div><\/div><\/div><\/div><\/div><\/div><\/section><section id=\"bt_bb_section69d2c5f2dd418\"  class=\"bt_bb_section bt_bb_top_spacing_small bt_bb_layout_boxed_1200 bt_bb_vertical_align_top bt_bb_hidden_xs bt_bb_hidden_ms bt_bb_hidden_sm\" ><div class=\"bt_bb_port\"><div class=\"bt_bb_cell\"><div class=\"bt_bb_cell_inner\"><div class=\"bt_bb_row  bt_bb_column_gap_extra_small bt_bb_shape_inherit\"  data-bt-override-class=\"{}\"><div class=\"bt_bb_row_holder\" ><div  class=\"bt_bb_column col-xxl-3 col-xl-3 col-xs-12 col-sm-6 col-md-6 col-lg-3 bt_bb_vertical_align_top bt_bb_align_left bt_bb_padding_0 bt_bb_animation_fade_in animate bt_bb_shape_inherit\" style=\"; --column-width:3;\" data-width=\"3\" data-bt-override-class=\"{&quot;bt_bb_align_&quot;:{&quot;current_class&quot;:&quot;bt_bb_align_left&quot;,&quot;def&quot;:&quot;left&quot;,&quot;xl&quot;:&quot;left&quot;}}\"><div class=\"bt_bb_column_content\"><div class=\"bt_bb_column_content_inner\"><\/div><\/div><\/div><div  class=\"bt_bb_column col-xxl-3 col-xl-3 col-xs-12 col-sm-6 col-md-6 col-lg-3 bt_bb_vertical_align_top bt_bb_align_left bt_bb_padding_0 bt_bb_animation_fade_in animate bt_bb_shape_inherit\" style=\"; --column-width:3;\" data-width=\"3\" data-bt-override-class=\"{&quot;bt_bb_align_&quot;:{&quot;current_class&quot;:&quot;bt_bb_align_left&quot;,&quot;def&quot;:&quot;left&quot;,&quot;xl&quot;:&quot;left&quot;}}\"><div class=\"bt_bb_column_content\"><div class=\"bt_bb_column_content_inner\"><div class=\"bt_bb_card bt_bb_title_size_small bt_bb_shape_square\"><div class=\"bt_bb_card_image\"><div class=\"bt_bb_image\"><span><img src=\"https:\/\/nesibeaydin.k12.tr\/web\/wp-content\/uploads\/2021\/12\/uluslararasi_programlar-29-320x320.png\" title=\"uluslararasi_programlar-29\" alt=\"https:\/\/nesibeaydin.k12.tr\/web\/wp-content\/uploads\/2021\/12\/uluslararasi_programlar-29-320x320.png\"><\/span><\/div><\/div><div class=\"bt_bb_card_content\"><div class=\"bt_bb_card_content_inner\"><h6 class=\"bt_bb_card_title\">IGCSE<\/h6><a href=\"https:\/\/nesibeaydin.k12.tr\/web\/okullarimiz\/yildizlar-kampusu\/yildizlar-lise\/uluslararasi-programlar\/igcse\/\"  target=\"_self\"><span class=\"bt_bb_card_button_text\">T\u0131klay\u0131n\u0131z<\/span><\/a><\/div><\/div><\/div><\/div><\/div><\/div><div  class=\"bt_bb_column col-xxl-3 col-xl-3 col-xs-12 col-sm-6 col-md-6 col-lg-3 bt_bb_vertical_align_top bt_bb_align_left bt_bb_padding_0 bt_bb_animation_fade_in animate bt_bb_shape_inherit\" style=\"; --column-width:3;\" data-width=\"3\" data-bt-override-class=\"{&quot;bt_bb_align_&quot;:{&quot;current_class&quot;:&quot;bt_bb_align_left&quot;,&quot;def&quot;:&quot;left&quot;,&quot;xl&quot;:&quot;left&quot;}}\"><div class=\"bt_bb_column_content\"><div class=\"bt_bb_column_content_inner\"><div class=\"bt_bb_card bt_bb_title_size_small\"><div class=\"bt_bb_card_image\"><div class=\"bt_bb_image\"><span><img src=\"https:\/\/nesibeaydin.k12.tr\/web\/wp-content\/uploads\/2021\/12\/uluslararasi_programlar-30-320x320.png\" title=\"uluslararasi_programlar-30\" alt=\"https:\/\/nesibeaydin.k12.tr\/web\/wp-content\/uploads\/2021\/12\/uluslararasi_programlar-30-320x320.png\"><\/span><\/div><\/div><div class=\"bt_bb_card_content\"><div class=\"bt_bb_card_content_inner\"><h6 class=\"bt_bb_card_title\">IBDP<\/h6><a href=\"https:\/\/nesibeaydin.k12.tr\/web\/okullarimiz\/yildizlar-kampusu\/yildizlar-lise\/uluslararasi-programlar\/ibdp\/\"  target=\"_self\"><span class=\"bt_bb_card_button_text\">T\u0131klay\u0131n\u0131z<\/span><\/a><\/div><\/div><\/div><\/div><\/div><\/div><div  class=\"bt_bb_column col-xxl-3 col-xl-3 col-xs-12 col-sm-6 col-md-6 col-lg-3 bt_bb_vertical_align_top bt_bb_align_left bt_bb_padding_0 bt_bb_animation_fade_in animate bt_bb_shape_inherit\" style=\"; --column-width:3;\" data-width=\"3\" data-bt-override-class=\"{&quot;bt_bb_align_&quot;:{&quot;current_class&quot;:&quot;bt_bb_align_left&quot;,&quot;def&quot;:&quot;left&quot;,&quot;xl&quot;:&quot;left&quot;}}\"><div class=\"bt_bb_column_content\"><div class=\"bt_bb_column_content_inner\"><\/div><\/div><\/div><\/div><\/div><\/div><\/div><\/div><\/section><section id=\"bt_bb_section69d2c5f2ddaff\"  class=\"bt_bb_section bt_bb_top_spacing_extra_small bt_bb_layout_boxed_1200 bt_bb_vertical_align_top bt_bb_hidden_md bt_bb_hidden_lg\" ><div class=\"bt_bb_port\"><div class=\"bt_bb_cell\"><div class=\"bt_bb_cell_inner\"><div class=\"bt_bb_row  bt_bb_column_gap_5 bt_bb_shape_inherit\" style=\"; --column-gap:5px;\" data-bt-override-class=\"{}\"><div class=\"bt_bb_row_holder\" ><div  class=\"bt_bb_column col-xxl-6 col-xl-6 col-xs-6 col-sm-6 col-md-6 col-lg-6 bt_bb_vertical_align_top bt_bb_align_left bt_bb_padding_normal bt_bb_animation_fade_in animate bt_bb_shape_inherit\" style=\"; --column-width:6;\" data-width=\"6\" data-bt-override-class=\"{}\"><div class=\"bt_bb_column_content\"><div class=\"bt_bb_column_content_inner\"><div class=\"bt_bb_image bt_bb_shape_square bt_bb_align_inherit bt_bb_hover_style_simple bt_bb_content_display_always bt_bb_content_align_middle\"><a href=\"https:\/\/nesibeaydin.k12.tr\/web\/okullarimiz\/yildizlar-kampusu\/yildizlar-lise\/uluslararasi-programlar\/igcse\/\"  target=\"_self\" title=\"uluslararasi_programlar-29\"><img src = \"https:\/\/nesibeaydin.k12.tr\/web\/wp-content\/plugins\/bold-page-builder\/img\/blank.gif\" data-image_src=\"https:\/\/nesibeaydin.k12.tr\/web\/wp-content\/uploads\/2021\/12\/uluslararasi_programlar-29.png\" title=\"uluslararasi_programlar-29\" alt=\"https:\/\/nesibeaydin.k12.tr\/web\/wp-content\/uploads\/2021\/12\/uluslararasi_programlar-29.png\" class=\"btLazyLoadImage\"><\/a><\/div><div class=\"bt_bb_separator bt_bb_border_style_none bt_bb_bottom_spacing_normal\" data-bt-override-class=\"null\"><\/div><header class=\"bt_bb_headline bt_bb_dash_none bt_bb_superheadline bt_bb_size_inherit bt_bb_align_inherit\" data-bt-override-class=\"{&quot;bt_bb_align_&quot;:{&quot;current_class&quot;:&quot;bt_bb_align_inherit&quot;,&quot;def&quot;:&quot;inherit&quot;,&quot;xl&quot;:&quot;inherit&quot;}}\"><h6 class=\"bt_bb_headline_tag\"><span class=\"bt_bb_headline_superheadline\">IGCSE<\/span><\/h6><\/header><div class=\"bt_bb_button bt_bb_color_scheme_3 bt_bb_icon_position_right bt_bb_style_clean bt_bb_size_medium bt_bb_width_inline bt_bb_shape_inherit bt_bb_target_self bt_bb_align_inherit\" style=\"; --primary-color:#ed2124; --secondary-color:#191919;\" data-bt-override-class=\"{&quot;bt_bb_align_&quot;:{&quot;current_class&quot;:&quot;bt_bb_align_inherit&quot;,&quot;def&quot;:&quot;inherit&quot;,&quot;xl&quot;:&quot;inherit&quot;}}\"><a href=\"https:\/\/nesibeaydin.k12.tr\/web\/okullarimiz\/yildizlar-kampusu\/yildizlar-lise\/uluslararasi-programlar\/igcse\/\" target=\"_self\" class=\"bt_bb_link\" title=\"T\u0131klay\u0131n\u0131z\"><span class=\"bt_bb_button_text\" >T\u0131klay\u0131n\u0131z<\/span><span  data-ico-dripicons=\"&#xe90c;\" class=\"bt_bb_icon_holder\"><\/span><\/a><\/div><div class=\"bt_bb_separator bt_bb_border_style_none bt_bb_bottom_spacing_medium\" data-bt-override-class=\"null\"><\/div><\/div><\/div><\/div><div  class=\"bt_bb_column col-xxl-6 col-xl-6 col-xs-6 col-sm-6 col-md-6 col-lg-6 bt_bb_vertical_align_top bt_bb_align_left bt_bb_padding_normal bt_bb_animation_fade_in animate bt_bb_shape_inherit\" style=\"; --column-width:6;\" data-width=\"6\" data-bt-override-class=\"{}\"><div class=\"bt_bb_column_content\"><div class=\"bt_bb_column_content_inner\"><div class=\"bt_bb_image bt_bb_shape_square bt_bb_align_inherit bt_bb_hover_style_simple bt_bb_content_display_always bt_bb_content_align_middle\"><a href=\"https:\/\/nesibeaydin.k12.tr\/web\/okullarimiz\/yildizlar-kampusu\/yildizlar-lise\/uluslararasi-programlar\/ibdp\/\"  target=\"_self\" title=\"uluslararasi_programlar-30\"><img src = \"https:\/\/nesibeaydin.k12.tr\/web\/wp-content\/plugins\/bold-page-builder\/img\/blank.gif\" data-image_src=\"https:\/\/nesibeaydin.k12.tr\/web\/wp-content\/uploads\/2021\/12\/uluslararasi_programlar-30.png\" title=\"uluslararasi_programlar-30\" alt=\"https:\/\/nesibeaydin.k12.tr\/web\/wp-content\/uploads\/2021\/12\/uluslararasi_programlar-30.png\" class=\"btLazyLoadImage\"><\/a><\/div><div class=\"bt_bb_separator bt_bb_border_style_none bt_bb_bottom_spacing_normal\" data-bt-override-class=\"null\"><\/div><header class=\"bt_bb_headline bt_bb_dash_none bt_bb_superheadline bt_bb_size_inherit bt_bb_align_inherit\" data-bt-override-class=\"{&quot;bt_bb_align_&quot;:{&quot;current_class&quot;:&quot;bt_bb_align_inherit&quot;,&quot;def&quot;:&quot;inherit&quot;,&quot;xl&quot;:&quot;inherit&quot;}}\"><h6 class=\"bt_bb_headline_tag\"><span class=\"bt_bb_headline_superheadline\">IBDP<\/span><\/h6><\/header><div class=\"bt_bb_button bt_bb_color_scheme_3 bt_bb_icon_position_right bt_bb_style_clean bt_bb_size_medium bt_bb_width_inline bt_bb_shape_inherit bt_bb_target_self bt_bb_align_inherit\" style=\"; --primary-color:#ed2124; --secondary-color:#191919;\" data-bt-override-class=\"{&quot;bt_bb_align_&quot;:{&quot;current_class&quot;:&quot;bt_bb_align_inherit&quot;,&quot;def&quot;:&quot;inherit&quot;,&quot;xl&quot;:&quot;inherit&quot;}}\"><a href=\"https:\/\/nesibeaydin.k12.tr\/web\/okullarimiz\/yildizlar-kampusu\/yildizlar-lise\/uluslararasi-programlar\/ibdp\/\" target=\"_self\" class=\"bt_bb_link\" title=\"T\u0131klay\u0131n\u0131z\"><span class=\"bt_bb_button_text\" >T\u0131klay\u0131n\u0131z<\/span><span  data-ico-dripicons=\"&#xe90c;\" class=\"bt_bb_icon_holder\"><\/span><\/a><\/div><div class=\"bt_bb_separator bt_bb_border_style_none bt_bb_bottom_spacing_medium\" data-bt-override-class=\"null\"><\/div><\/div><\/div><\/div><\/div><\/div><\/div><\/div><\/div><\/section><section id=\"bt_bb_section69d2c5f2de037\"  class=\"bt_bb_section bt_bb_top_spacing_extra_small bt_bb_layout_boxed_1200 bt_bb_vertical_align_top\" ><div class=\"bt_bb_port\"><div class=\"bt_bb_cell\"><div class=\"bt_bb_cell_inner\"><div class=\"bt_bb_row  bt_bb_shape_inherit\"  data-bt-override-class=\"{}\"><div class=\"bt_bb_row_holder\" ><\/div><\/div><div class=\"bt_bb_row  bt_bb_shape_inherit\"  data-bt-override-class=\"{}\"><div class=\"bt_bb_row_holder\" ><div  class=\"bt_bb_column col-xxl-12 col-xl-12 col-xs-12 col-sm-12 col-md-12 col-lg-12 bt_bb_vertical_align_top bt_bb_align_left bt_bb_padding_normal bt_bb_shape_inherit\" style=\"; --column-width:12;\" data-width=\"12\" data-bt-override-class=\"{}\"><div class=\"bt_bb_column_content\"><div class=\"bt_bb_column_content_inner\"><div  class=\"bt_bb_text\" ><\/p>\n<ul>\n<li><strong>Hem Ulusal hem de Uluslararas\u0131 Diploma Elde Etme F\u0131rsat\u0131<\/strong><\/li>\n<li>Anadolu lisemizde uluslararas\u0131 programlar, Mill\u00ee E\u011fitim Bakanl\u0131\u011f\u0131 Talim ve Terbiye Kurulu Ba\u015fkanl\u0131\u011f\u0131, Uluslararas\u0131 Bakalorya Organizasyonu taraf\u0131ndan yetkili olarak uygulanmaktad\u0131r.<\/li>\n<li>9 ve 10. s\u0131n\u0131fta takip edilen Uluslararas\u0131 Genel Orta\u00f6\u011fretim E\u011fitimi Sertifika ( IGCSE ) Program\u0131, \u00f6\u011frencilerimizi, 11 ve 12. s\u0131n\u0131f Uluslararas\u0131 Diploma Program\u0131na haz\u0131rlar.<\/li>\n<li>9 ve 10. s\u0131n\u0131fta IGCSE program\u0131n\u0131n gereklerini yerine getiren \u00f6\u011frenciler, 11 ve 12. s\u0131n\u0131f IBDP program\u0131na akademik yeterlilik ve \u00f6\u011frenme olgunlu\u011fu ile ba\u015flarlar.<\/li>\n<li>Uluslararas\u0131 Bakalorya Diploma Program\u0131 \u00f6\u011frencileri, program d\u00e2hilindeki derslerini i\u015flerken hem IB Diplomas\u0131 i\u00e7in hem de Milli E\u011fitim Diplomas\u0131 i\u00e7in gerekli ko\u015fullar\u0131 yerine getirmi\u015f olurlar.<br \/>\n<strong>Ki\u015fisel ve Akademik Kazan\u0131mlar<\/strong><\/li>\n<li>IGCSE ve IBDP, \u00f6\u011frencilerin farkl\u0131 k\u00fclt\u00fcrleri tan\u0131malar\u0131n\u0131 ve ayn\u0131 zamanda bulundu\u011fu \u00fclke ve b\u00f6lgenin k\u00fclt\u00fcr\u00fcn\u00fc de \u00e7ok iyi benimsemelerini sa\u011flar.<\/li>\n<li>IGCSE ve IBDP programlar\u0131 \u00f6\u011frenciyi ezberden uzakla\u015ft\u0131rarak bilginin kal\u0131c\u0131 olmas\u0131n\u0131 hedefler ve bu nedenle \u00f6\u011frenci kendini bir\u00e7ok alanda geli\u015ftirme f\u0131rsat\u0131 bulur.<\/li>\n<li>IGCSE ve IBDP dersleri; bilgiyi kullanma, sorun \u00e7\u00f6zme, inisiyatif alma, ekip \u00e7al\u0131\u015fmas\u0131 ve sorgulama becerileri kazanma gibi ya\u015fam i\u00e7in gerekli e\u011fitsel becerileri geli\u015ftirmesiyle tan\u0131n\u0131r.<\/li>\n<li>IGCSE ve IBDP\u2019de al\u0131nan dersler, \u00f6\u011frenciyi \u00fcniversite e\u011fitimine en iyi \u015fekilde haz\u0131rlar.<\/li>\n<li>IGCSE ve IBDP sayesinde \u00f6\u011frenci, hen\u00fcz lisedeyken tez, \u00f6dev, deneme yaz\u0131s\u0131 yazma ve derinlemesine ara\u015ft\u0131rma yapma konusunda kendini geli\u015ftirme f\u0131rsat\u0131 bulur. IBDP mezunu olan \u00f6\u011frenciler, bu programdan mezun olmayan \u00f6\u011frencilere g\u00f6re, \u00fcniversite hayat\u0131nda daha bilgili ve deneyimli olur.<br \/>\n<strong>Yurt \u0130\u00e7i \u00dcniversitelere Giri\u015fte Kolayl\u0131k<\/strong><\/li>\n<li>\u00dclkemizde bir\u00e7ok vak\u0131f \u00fcniversitesi, kuruma \u00f6zel ko\u015fullar\u0131 yerine getiren Uluslararas\u0131 Bakalorya Diploma Program\u0131 mezunlar\u0131na, diploma puanlar\u0131na g\u00f6re \u00e7e\u015fitli oranlarda burs olanaklar\u0131 sa\u011flamakta ve b\u00f6l\u00fcmler aras\u0131 ge\u00e7i\u015f imk\u00e2n\u0131 vermektedir.<br \/>\n<strong>Yurt D\u0131\u015f\u0131nda \u00dcniversite Okuma F\u0131rsat\u0131<\/strong><\/li>\n<li>Program\u0131 y\u00fcksek bir dereceyle bitiren bir \u00f6\u011frenci, uluslararas\u0131 \u00fcniversitelerde k\u0131smi veya tam burs alma hakk\u0131na sahip olur.<\/li>\n<li>Amerika Birle\u015fik Devletleri\u2019ndeki \u00fcniversiteler kabul ve burs verirken, IBDP b\u00fcnyesindeki ders i\u00e7i ve ders d\u0131\u015f\u0131 faaliyetlerini g\u00f6z \u00f6n\u00fcnde bulundururlar.<\/li>\n<li>\u0130ngiltere, Hollanda, Kanada ve Avustralya gibi bir\u00e7ok \u00fclkenin \u00fcniversitesine, sadece IB diploma sonucu ile yerle\u015ftirme yap\u0131lmaktad\u0131r.<\/li>\n<li>Diploma program\u0131nda ald\u0131\u011f\u0131 derslerden baz\u0131lar\u0131 Kanada ve Amerika Birle\u015fik Devletleri\u2019ndeki \u00fcniversitelerde ders kredisi olarak say\u0131ld\u0131\u011f\u0131 i\u00e7in \u00f6\u011frenim s\u00fcresini ve maliyetleri azaltma imk\u00e2n\u0131 sa\u011flar.<\/li>\n<li>Bir\u00e7ok uluslararas\u0131 \u00fcniversite, 10. s\u0131n\u0131fta girilen IGCSE sertifika s\u0131nav sonu\u00e7lar\u0131n\u0131, belli \u00f6zel ko\u015fullar \u00e7er\u00e7evesinde \u00fcniversite giri\u015flerinde de\u011ferlendirmektedirler.<\/li>\n<\/ul>\n<p>\n<\/div><\/div><\/div><\/div><\/div><\/div><\/div><\/div><\/div><\/section><\/p>\n","protected":false},"excerpt":{"rendered":"","protected":false},"author":1,"featured_media":0,"parent":8897,"menu_order":0,"comment_status":"closed","ping_status":"closed","template":"","meta":[],"_links":{"self":[{"href":"https:\/\/nesibeaydin.k12.tr\/web\/wp-json\/wp\/v2\/pages\/9088"}],"collection":[{"href":"https:\/\/nesibeaydin.k12.tr\/web\/wp-json\/wp\/v2\/pages"}],"about":[{"href":"https:\/\/nesibeaydin.k12.tr\/web\/wp-json\/wp\/v2\/types\/page"}],"author":[{"embeddable":true,"href":"https:\/\/nesibeaydin.k12.tr\/web\/wp-json\/wp\/v2\/users\/1"}],"replies":[{"embeddable":true,"href":"https:\/\/nesibeaydin.k12.tr\/web\/wp-json\/wp\/v2\/comments?post=9088"}],"version-history":[{"count":4,"href":"https:\/\/nesibeaydin.k12.tr\/web\/wp-json\/wp\/v2\/pages\/9088\/revisions"}],"predecessor-version":[{"id":14720,"href":"https:\/\/nesibeaydin.k12.tr\/web\/wp-json\/wp\/v2\/pages\/9088\/revisions\/14720"}],"up":[{"embeddable":true,"href":"https:\/\/nesibeaydin.k12.tr\/web\/wp-json\/wp\/v2\/pages\/8897"}],"wp:attachment":[{"href":"https:\/\/nesibeaydin.k12.tr\/web\/wp-json\/wp\/v2\/media?parent=9088"}],"curies":[{"name":"wp","href":"https:\/\/api.w.org\/{rel}","templated":true}]}}