{"id":9164,"date":"2022-01-14T14:03:02","date_gmt":"2022-01-14T11:03:02","guid":{"rendered":"https:\/\/nesibeaydin.k12.tr\/web\/?page_id=9164"},"modified":"2022-01-20T16:42:07","modified_gmt":"2022-01-20T13:42:07","slug":"gbp-eko-okullar-sosyal-etkinlik","status":"publish","type":"page","link":"https:\/\/nesibeaydin.k12.tr\/web\/okullarimiz\/cankaya-kampusu\/cankaya-anasinifi\/gbp-eko-okullar-sosyal-etkinlik\/","title":{"rendered":"GBP, Eko Okullar\u0131 ve Sosyal Etkinlikler"},"content":{"rendered":"<p><section id=\"bt_bb_section69d2925d054e9\"  class=\"bt_bb_section bt_bb_layout_boxed_1200 bt_bb_vertical_align_top bt_bb_hidden_xs bt_bb_hidden_ms bt_bb_hidden_sm\" ><div class=\"bt_bb_port\"><div class=\"bt_bb_cell\"><div class=\"bt_bb_cell_inner\"><div class=\"bt_bb_row  bt_bb_shape_inherit\"  data-bt-override-class=\"{}\"><div class=\"bt_bb_row_holder\" ><div  class=\"bt_bb_column col-xxl-12 col-xl-12 col-xs-12 col-sm-12 col-md-12 col-lg-12 btLimitOneColumn bt_bb_vertical_align_top bt_bb_align_center bt_bb_padding_0 bt_bb_animation_fade_in animate bt_bb_shape_inherit\" style=\"; --column-width:12;\" data-width=\"12\" data-bt-override-class=\"{&quot;bt_bb_align_&quot;:{&quot;current_class&quot;:&quot;bt_bb_align_center&quot;,&quot;def&quot;:&quot;center&quot;,&quot;xl&quot;:&quot;center&quot;}}\"><div class=\"bt_bb_column_content\"><div class=\"bt_bb_column_content_inner\"><div  class=\"bt_bb_text\" >\n\t\t\t<!-- START anasinifi REVOLUTION SLIDER 6.6.12 --><p class=\"rs-p-wp-fix\"><\/p>\n\t\t\t<rs-module-wrap id=\"rev_slider_9_1_wrapper\" data-source=\"gallery\" style=\"visibility:hidden;background:transparent;padding:0;margin:0px auto;margin-top:0;margin-bottom:0;\">\n\t\t\t\t<rs-module id=\"rev_slider_9_1\" style=\"\" data-version=\"6.6.12\">\n\t\t\t\t\t<rs-slides style=\"overflow: hidden; position: absolute;\">\n\t\t\t\t\t\t<rs-slide style=\"position: absolute;\" data-key=\"rs-12\" data-title=\"Slide\" data-seoz=\"front\" data-anim=\"adpr:false;\" data-in=\"o:0;\" data-out=\"a:false;\">\n\t\t\t\t\t\t\t<img src=\"\/\/nesibeaydin.k12.tr\/web\/wp-content\/plugins\/revslider\/public\/assets\/assets\/dummy.png\" alt=\"Slide\" title=\"GBP, Eko Okullar\u0131 ve Sosyal Etkinlikler\" class=\"rev-slidebg tp-rs-img rs-lazyload\" data-lazyload=\"\/\/nesibeaydin.k12.tr\/web\/wp-content\/plugins\/revslider\/public\/assets\/assets\/transparent.png\" data-no-retina>\n<!--\n\t\t\t\t\t\t\t--><rs-layer\n\t\t\t\t\t\t\t\tid=\"slider-9-slide-12-layer-0\" \n\t\t\t\t\t\t\t\tdata-type=\"image\"\n\t\t\t\t\t\t\t\tdata-rsp_ch=\"on\"\n\t\t\t\t\t\t\t\tdata-xy=\"x:c;\"\n\t\t\t\t\t\t\t\tdata-text=\"w:normal;s:20,32,32,32;l:0,40,40,40;\"\n\t\t\t\t\t\t\t\tdata-dim=\"w:1272px,2035px,2035px,2035px;h:287px,459px,459px,459px;\"\n\t\t\t\t\t\t\t\tdata-frame_999=\"o:0;st:w;\"\n\t\t\t\t\t\t\t\tstyle=\"z-index:5;\"\n\t\t\t\t\t\t\t><img src=\"\/\/nesibeaydin.k12.tr\/web\/wp-content\/plugins\/revslider\/public\/assets\/assets\/dummy.png\" alt=\"\" class=\"tp-rs-img rs-lazyload\" width=\"1330\" height=\"300\" data-lazyload=\"\/\/nesibeaydin.k12.tr\/web\/wp-content\/uploads\/2021\/12\/1-slider2_C\u0327al\u0131s\u0327ma Yu\u0308zeyi 1 kopya (2).png\" data-no-retina> \n\t\t\t\t\t\t\t<\/rs-layer><!--\n-->\t\t\t\t\t\t<\/rs-slide>\n\t\t\t\t\t<\/rs-slides>\n\t\t\t\t<\/rs-module>\n\t\t\t\t<script>\n\t\t\t\t\tsetREVStartSize({c: 'rev_slider_9_1',rl:[1240,1024,1024,1024],el:[280,768,768,768],gw:[800,1280,1280,1280],gh:[280,300,300,300],type:'hero',justify:'',layout:'fullwidth',mh:\"0\"});if (window.RS_MODULES!==undefined && window.RS_MODULES.modules!==undefined && window.RS_MODULES.modules[\"revslider91\"]!==undefined) {window.RS_MODULES.modules[\"revslider91\"].once = false;window.revapi9 = undefined;if (window.RS_MODULES.checkMinimal!==undefined) window.RS_MODULES.checkMinimal()}\n\t\t\t\t<\/script>\n\t\t\t<\/rs-module-wrap>\n\t\t\t<!-- END REVOLUTION SLIDER -->\n<\/div><\/div><\/div><\/div><\/div><\/div><\/div><\/div><\/div><\/section><section id=\"bt_bb_section69d2925d07cbf\"  class=\"bt_bb_section bt_bb_layout_boxed_1200 bt_bb_vertical_align_top bt_bb_hidden_md bt_bb_hidden_lg\" ><div class=\"bt_bb_port\"><div class=\"bt_bb_cell\"><div class=\"bt_bb_cell_inner\"><div class=\"bt_bb_row  bt_bb_shape_inherit\"  data-bt-override-class=\"{}\"><div class=\"bt_bb_row_holder\" ><div  class=\"bt_bb_column col-xxl-12 col-xl-12 col-xs-12 col-sm-12 col-md-12 col-lg-12 btLimitOneColumn bt_bb_vertical_align_top bt_bb_align_center bt_bb_padding_0 bt_bb_animation_fade_in animate bt_bb_shape_inherit\" style=\"; --column-width:12;\" data-width=\"12\" data-bt-override-class=\"{&quot;bt_bb_align_&quot;:{&quot;current_class&quot;:&quot;bt_bb_align_center&quot;,&quot;def&quot;:&quot;center&quot;,&quot;xl&quot;:&quot;center&quot;}}\"><div class=\"bt_bb_column_content\"><div class=\"bt_bb_column_content_inner\"><div  class=\"bt_bb_text\" >\n\t\t\t<!-- START anasinifimobil REVOLUTION SLIDER 6.6.12 --><p class=\"rs-p-wp-fix\"><\/p>\n\t\t\t<rs-module-wrap id=\"rev_slider_20_2_wrapper\" data-source=\"gallery\" style=\"visibility:hidden;background:transparent;padding:0;margin:0px auto;margin-top:0;margin-bottom:0;\">\n\t\t\t\t<rs-module id=\"rev_slider_20_2\" style=\"\" data-version=\"6.6.12\">\n\t\t\t\t\t<rs-slides style=\"overflow: hidden; position: absolute;\">\n\t\t\t\t\t\t<rs-slide style=\"position: absolute;\" data-key=\"rs-23\" data-title=\"Slide\" data-seoz=\"front\" data-anim=\"adpr:false;\" data-in=\"o:0;\" data-out=\"a:false;\">\n\t\t\t\t\t\t\t<img src=\"\/\/nesibeaydin.k12.tr\/web\/wp-content\/plugins\/revslider\/public\/assets\/assets\/dummy.png\" alt=\"Slide\" title=\"GBP, Eko Okullar\u0131 ve Sosyal Etkinlikler\" class=\"rev-slidebg tp-rs-img rs-lazyload\" data-lazyload=\"\/\/nesibeaydin.k12.tr\/web\/wp-content\/plugins\/revslider\/public\/assets\/assets\/transparent.png\" data-no-retina>\n<!--\n\t\t\t\t\t\t\t--><rs-layer\n\t\t\t\t\t\t\t\tid=\"slider-20-slide-23-layer-1\" \n\t\t\t\t\t\t\t\tdata-type=\"image\"\n\t\t\t\t\t\t\t\tdata-rsp_ch=\"on\"\n\t\t\t\t\t\t\t\tdata-xy=\"x:c;\"\n\t\t\t\t\t\t\t\tdata-text=\"w:normal;s:20,20,9,9;l:0,0,11,11;\"\n\t\t\t\t\t\t\t\tdata-dim=\"w:1023px,1023px,479px,479px;h:890px,890px,417px,417px;\"\n\t\t\t\t\t\t\t\tdata-frame_999=\"o:0;st:w;\"\n\t\t\t\t\t\t\t\tstyle=\"z-index:5;\"\n\t\t\t\t\t\t\t><img src=\"\/\/nesibeaydin.k12.tr\/web\/wp-content\/plugins\/revslider\/public\/assets\/assets\/dummy.png\" alt=\"\" class=\"tp-rs-img rs-lazyload\" width=\"1080\" height=\"940\" data-lazyload=\"\/\/nesibeaydin.k12.tr\/web\/wp-content\/uploads\/2021\/12\/1-anasinifi_C\u0327al\u0131s\u0327ma Yu\u0308zeyi 1 kopya 10.png\" data-no-retina> \n\t\t\t\t\t\t\t<\/rs-layer><!--\n-->\t\t\t\t\t\t<\/rs-slide>\n\t\t\t\t\t<\/rs-slides>\n\t\t\t\t<\/rs-module>\n\t\t\t\t<script>\n\t\t\t\t\tsetREVStartSize({c: 'rev_slider_20_2',rl:[1240,1240,778,480],el:[280,280,960,720],gw:[1024,1024,480,480],gh:[280,280,480,480],type:'hero',justify:'',layout:'fullwidth',mh:\"0\"});if (window.RS_MODULES!==undefined && window.RS_MODULES.modules!==undefined && window.RS_MODULES.modules[\"revslider202\"]!==undefined) {window.RS_MODULES.modules[\"revslider202\"].once = false;window.revapi20 = undefined;if (window.RS_MODULES.checkMinimal!==undefined) window.RS_MODULES.checkMinimal()}\n\t\t\t\t<\/script>\n\t\t\t<\/rs-module-wrap>\n\t\t\t<!-- END REVOLUTION SLIDER -->\n<\/div><\/div><\/div><\/div><\/div><\/div><\/div><\/div><\/div><\/section><section id=\"bt_bb_section69d2925d08887\"  class=\"bt_bb_section bt_bb_top_spacing_small bt_bb_bottom_spacing_extra_small bt_bb_layout_boxed_1200 bt_bb_vertical_align_top\" ><div class=\"bt_bb_port\"><div class=\"bt_bb_cell\"><div class=\"bt_bb_cell_inner\"><div class=\"bt_bb_row  bt_bb_shape_inherit\"  data-bt-override-class=\"{}\"><div class=\"bt_bb_row_holder\" ><div  class=\"bt_bb_column col-xxl-12 col-xl-12 col-xs-12 col-sm-12 col-md-12 col-lg-12 bt_bb_vertical_align_top bt_bb_align_center bt_bb_padding_normal bt_bb_animation_fade_in animate bt_bb_shape_inherit\" style=\"; --column-width:12;\" data-width=\"12\" data-bt-override-class=\"{&quot;bt_bb_align_&quot;:{&quot;current_class&quot;:&quot;bt_bb_align_center&quot;,&quot;def&quot;:&quot;center&quot;,&quot;xl&quot;:&quot;center&quot;}}\"><div class=\"bt_bb_column_content\"><div class=\"bt_bb_column_content_inner\"><header class=\"bt_bb_headline bt_bb_color_scheme_5 bt_bb_dash_none bt_bb_size_medium bt_bb_align_center\" style=\"; --primary-color:#191919; --secondary-color:#ed2124;\" data-bt-override-class=\"{&quot;bt_bb_align_&quot;:{&quot;current_class&quot;:&quot;bt_bb_align_center&quot;,&quot;def&quot;:&quot;center&quot;,&quot;xl&quot;:&quot;center&quot;}}\"><h3 class=\"bt_bb_headline_tag\"><span class=\"bt_bb_headline_content\"><span>Geli\u015fim ve Bilim Program\u0131 (GBP), Eko-Okul ve Sosyal Etkinlikler<\/span><\/span><\/h3><\/header><\/div><\/div><\/div><\/div><\/div><div class=\"bt_bb_row  bt_bb_shape_inherit\"  data-bt-override-class=\"{}\"><div class=\"bt_bb_row_holder\" ><div  class=\"bt_bb_column col-xxl-12 col-xl-12 col-xs-12 col-sm-12 col-md-12 col-lg-12 bt_bb_vertical_align_middle bt_bb_align_left bt_bb_padding_0 bt_bb_shape_inherit\" style=\"; --column-width:12;\" data-width=\"12\" data-bt-override-class=\"{&quot;bt_bb_align_&quot;:{&quot;current_class&quot;:&quot;bt_bb_align_left&quot;,&quot;def&quot;:&quot;left&quot;,&quot;xl&quot;:&quot;left&quot;}}\"><div class=\"bt_bb_column_content\"><div class=\"bt_bb_column_content_inner\"><div  class=\"bt_bb_text\" ><\/p>\n<ul>\n<li>Okulumuzda GBP ile, 1-4. s\u0131n\u0131f d\u00fczeyindeki, h\u0131zl\u0131 \u00f6\u011frenen, farkl\u0131 ilgi alanlar\u0131 ve \u00f6\u011frenme ihtiya\u00e7lar\u0131yla dikkat \u00e7eken \u00f6\u011frencilerin potansiyellerini ger\u00e7ekle\u015ftirebilmeleri i\u00e7in farkl\u0131 i\u00e7eriklere sahip bir hafta sonu program\u0131d\u0131r. GBP, farkl\u0131 \u00f6\u011frenme h\u0131zlar\u0131 ve potansiyelleri olan \u00f6\u011frencilere ihtiya\u00e7lar\u0131 do\u011frultusunda bilimsel temellere dayanan zenginle\u015ftirilmi\u015f e\u011fitim f\u0131rsat\u0131 sunmaktad\u0131r. Programa kat\u0131lan \u00f6\u011frencilerin farkl\u0131 geli\u015fim alanlar\u0131ndaki yeterlilikleri, yarat\u0131c\u0131l\u0131klar\u0131, sosyal ve duygusal olgunluklar\u0131, ilgi alanlar\u0131, \u00f6\u011frenme stilleri gibi \u00f6zellikler g\u00f6z \u00f6n\u00fcnde bulundurulur. Okul d\u0131\u015f\u0131ndan \u00f6\u011frencilerin kat\u0131l\u0131m\u0131na da a\u00e7\u0131k olan programda; Lego-Robotics, Kodlama, Genetik, Zooloji, Bilim ve Deney,\u00a0 Astronomi, Kriptoloji, Story Design vb. ders i\u00e7erikleri bulunmaktad\u0131r.<\/li>\n<li>Okulumuzda sosyal etkinler arac\u0131l\u0131\u011f\u0131 ile, \u00f6\u011frencilerimizin sanatta, sporda ve bilimde farkl\u0131 ilgi alanlar\u0131 ve \u00f6\u011frenme ihtiya\u00e7lar\u0131n\u0131 destekleyecek \u00e7al\u0131\u015fmalar y\u00fcr\u00fct\u00fclmektedir. Bu \u00e7al\u0131\u015fmalar okul saatleri i\u00e7inde kul\u00fcp \u00e7al\u0131\u015fmalar\u0131yla, g\u00fcn ve hafta sonlar\u0131nda sanat ve spor \u00e7al\u0131\u015fmalar\u0131 \u015feklinde ger\u00e7ekle\u015ftirilir. Origami, Satran\u00e7, Atletizm, Tekvando, Y\u00fczme, Masa Tenisi, Drama (T\u00fcrk\u00e7e ve \u0130ngilizce), M\u00fczik ve Hareket, K\u00fc\u00e7\u00fck A\u015f\u00e7\u0131lar, Dans, Kodlama, Jimnastik, Basketbol, Voleybol, KidsAthletics, Resim ve Plastik Sanatlar vb.<\/li>\n<li>Eko-Okullar Program\u0131 okul \u00f6ncesi ile ilkokullarda \u00e7evre bilinci, \u00e7evre y\u00f6netimi ve s\u00fcrd\u00fcr\u00fclebilir kalk\u0131nma e\u011fitimi vermek i\u00e7in uygulanan bir programd\u0131r. Bu program\u0131n kat\u0131l\u0131mc\u0131 yakla\u015f\u0131m\u0131yla okullardaki \u00f6\u011frenciler hem \u00e7evresel konularda bilgi edinirler, hem de ailelerini, yerel y\u00f6netimleri ve sivil toplum kurulu\u015flar\u0131n\u0131 (STK) \u00e7evresel konularda bilin\u00e7lendirmede etkin rol al\u0131rlar. Yerel d\u00fczeyde s\u00fcrd\u00fcr\u00fclebilir kalk\u0131nma s\u00fcrecinin uygulanmas\u0131na yard\u0131mc\u0131 olmak \u00fczere, \u00f6\u011frenciler okulun \u00e7evresel etkilerini azaltmak i\u00e7in y\u00f6nlendirilirler. Eko-okullar, s\u0131n\u0131f\u0131n, derslerin \u00f6tesine ge\u00e7erek, toplumun di\u011fer b\u00f6l\u00fcmlerinde de \u00e7evre duyarl\u0131l\u0131\u011f\u0131n\u0131n sa\u011flanmas\u0131nda rol alm\u0131\u015f olurlar. Eko-Okullar program\u0131, \u00e7evre i\u00e7in yap\u0131lan b\u00fct\u00fcnsel okul faaliyetlerini kapsamaktad\u0131r. Uyguland\u0131\u011f\u0131 okullarda \u00f6\u011frenme toplulu\u011funun her \u00fcyesi aktif olarak g\u00f6rev almakta ve \u00f6\u011frencileri \u00e7evre konusunda bilin\u00e7lendirip, fark\u0131ndal\u0131k uyand\u0131rmay\u0131, bu anlamda yap\u0131lacak \u00e7al\u0131\u015fmalarda \u00f6\u011frenci kat\u0131l\u0131m\u0131n\u0131 artt\u0131rmay\u0131 ama\u00e7lamaktad\u0131r. Komitenin yerel halk\u0131 ve y\u00f6neticileri bilin\u00e7lendirme \u00e7abalar\u0131 ise \u00f6\u011frencilerde diyalog kurabilme becerilerini geli\u015ftirmeyi ve iyi bir yurtta\u015fl\u0131k e\u011fitimini sa\u011flamaktad\u0131r.<\/li>\n<\/ul>\n<p>\n<\/div><\/div><\/div><\/div><\/div><\/div><div class=\"bt_bb_row  bt_bb_shape_inherit\"  data-bt-override-class=\"{}\"><div class=\"bt_bb_row_holder\" ><div  class=\"bt_bb_column col-xxl-12 col-xl-12 col-xs-12 col-sm-12 col-md-12 col-lg-12 bt_bb_vertical_align_top bt_bb_align_center bt_bb_padding_0 bt_bb_shape_inherit\" style=\"; --column-width:12;\" data-width=\"12\" data-bt-override-class=\"{&quot;bt_bb_align_&quot;:{&quot;current_class&quot;:&quot;bt_bb_align_center&quot;,&quot;def&quot;:&quot;center&quot;,&quot;xl&quot;:&quot;center&quot;}}\"><div class=\"bt_bb_column_content\"><div class=\"bt_bb_column_content_inner\"><div class=\"bt_bb_image bt_bb_shape_square bt_bb_align_inherit bt_bb_hover_style_simple bt_bb_content_display_always bt_bb_content_align_middle\"><span><img src = \"https:\/\/nesibeaydin.k12.tr\/web\/wp-content\/plugins\/bold-page-builder\/img\/blank.gif\" data-image_src=\"https:\/\/nesibeaydin.k12.tr\/web\/wp-content\/uploads\/2021\/12\/gbp.png\" title=\"gbp\" alt=\"https:\/\/nesibeaydin.k12.tr\/web\/wp-content\/uploads\/2021\/12\/gbp.png\" class=\"btLazyLoadImage\"><\/span><\/div><\/div><\/div><\/div><\/div><\/div><div class=\"bt_bb_row  bt_bb_shape_inherit\"  data-bt-override-class=\"{}\"><div class=\"bt_bb_row_holder\" ><div  class=\"bt_bb_column col-xxl-12 col-xl-12 col-xs-12 col-sm-12 col-md-12 col-lg-12 bt_bb_vertical_align_middle bt_bb_align_left bt_bb_padding_0 bt_bb_shape_inherit\" style=\"; --column-width:12;\" data-width=\"12\" data-bt-override-class=\"{&quot;bt_bb_align_&quot;:{&quot;current_class&quot;:&quot;bt_bb_align_left&quot;,&quot;def&quot;:&quot;left&quot;,&quot;xl&quot;:&quot;left&quot;}}\"><div class=\"bt_bb_column_content\"><div class=\"bt_bb_column_content_inner\"><div  class=\"bt_bb_text\" ><\/p>\n<ul>\n<li>Yine okulumuzda \u0130lk Y\u0131llar Program\u0131 (PYP) \u00e7er\u00e7evesinde ger\u00e7ekle\u015ftirdi\u011fimiz sosyal etkinlikler de bulunmaktad\u0131r. D\u00fcnya Hayvanlar\u0131 Koruma G\u00fcn\u00fc, D\u00fcnya \u00c7ocuk Haklar\u0131 G\u00fcn\u00fc, D\u00fcnya G\u00fcn\u00fc, D\u00fcnya Su G\u00fcn\u00fc, Uluslararas\u0131 Yard\u0131mseverlik G\u00fcn\u00fc, Orman Haftas\u0131, D\u00fcnya Ho\u015fg\u00f6r\u00fc G\u00fcn\u00fc, D\u00fcnya Dilek G\u00fcn\u00fc, D\u00fcnya Bar\u0131\u015f G\u00fcn\u00fc, T\u00fcketici Haklar\u0131 G\u00fcn\u00fc, Uluslararas\u0131 Sokak \u00c7ocuklar\u0131 G\u00fcn\u00fc vb. \u00f6nemli g\u00fcn, haftalara ili\u015fkin kutlama ve fark\u0131ndal\u0131k eylemleri yoluyla \u00f6\u011frencilerimizin uluslararas\u0131 bilin\u00e7 geli\u015ftirmelerini ve IB \u00d6\u011frenen Profili \u00f6zelliklerini sergilemelerini ama\u00e7lar\u0131z. \u00d6\u011frencilerimiz ve\/veya \u00f6\u011fretmenlerimiz taraf\u0131ndan ba\u015flat\u0131lan eylemler yoluyla yard\u0131m kampanyalar\u0131 (kitap, bot-mont ba\u011f\u0131\u015f\u0131, mama) veya fark\u0131ndal\u0131k eylemleri (poster\/afi\u015f tasar\u0131m\u0131, yaz\u0131l\u0131 anlat\u0131m \u00fcr\u00fcnler olu\u015fturma, kamu spotu videosu \u00e7ekme) vb. d\u00fczenlenir. T\u00fcm bu anlay\u0131\u015f \u00e7er\u00e7evesinde \u00f6\u011frencilerimizin Birle\u015fmi\u015f Milletler taraf\u0131ndan tan\u0131mlanan S\u00fcrd\u00fcr\u00fclebilir Kalk\u0131nma Ama\u00e7lar\u0131 kapsam\u0131nda ger\u00e7ekle\u015ftirdi\u011fi her t\u00fcr eylem ve etkinli\u011fe t\u00fcm \u00f6\u011frenme toplulu\u011fu taraf\u0131ndan de\u011fer verilir.<\/li>\n<li>T\u00fcm bunlara ek olarak \u00f6\u011frencilerimiz, sosyal ve k\u00fclt\u00fcrel ama\u00e7l\u0131 d\u00fczenlenen gezilere kat\u0131l\u0131rlar. Belirlenen g\u00fcnlerde, profesyonel tiyatro topluluklar\u0131n\u0131n oyunlar\u0131, okulumuzun konferans salonunda sergilenir (\u0130ngilizce veya T\u00fcrk\u00e7e). G\u00f6n\u00fcll\u00fc velilerimiz de sosyal etkinlik projelerine kat\u0131labilir, alan uzmanl\u0131klar\u0131 do\u011frultusunda \u00f6\u011frencilerimize dan\u0131\u015fmanl\u0131k ve rehberlik yapabilirler. Okulumuzda sergiler, konferanslar, paneller, bilim \u2013 sanat \u015fenlikleri, e\u011fitim fuarlar\u0131, kongreler, s\u00f6yle\u015filer ve yazar imza g\u00fcnleri d\u00fczenlenir. Okulumuzda her ay d\u00fczenli olarak e\u011fitim program\u0131n\u0131 destekleyen sosyal etkinlikler d\u00fczenlenmektedir. Gezi \u2013 g\u00f6zlem \u00e7al\u0131\u015fmalar\u0131n\u0131 i\u00e7eren \u00e7evre gezileri, tiyatro, g\u00f6ster-anlat etkinlikleri, proje \u00e7al\u0131\u015fmalar\u0131, laboratuvar \u00e7al\u0131\u015fmalar\u0131, mutfak etkinlikleri uygulamal\u0131 \u015fekilde y\u00fcr\u00fct\u00fclmektedir.<\/li>\n<\/ul>\n<p>\n<\/div><\/div><\/div><\/div><\/div><\/div><\/div><\/div><\/div><\/section><section id=\"bt_bb_section69d2925d08fd5\"  class=\"bt_bb_section bt_bb_layout_boxed_1200\" ><div class=\"bt_bb_port\"><div class=\"bt_bb_cell\"><div class=\"bt_bb_cell_inner\"><div class=\"bt_bb_row \"  data-bt-override-class=\"{}\"><div class=\"bt_bb_row_holder\" ><div  class=\"bt_bb_column col-xxl-12 col-xl-12 bt_bb_vertical_align_top bt_bb_align_center bt_bb_padding_normal\" style=\"; --column-width:12;\" data-width=\"12\" data-bt-override-class=\"{}\"><div class=\"bt_bb_column_content\"><div class=\"bt_bb_column_content_inner\"><div class=\"bt_bb_separator bt_bb_border_style_none bt_bb_bottom_spacing_normal\" data-bt-override-class=\"null\"><\/div><div class=\"bt_bb_slider bt_bb_height_keep-height bt_bb_show_dots_bottom bt_bb_multiple_slides bt_bb_multiple_slides bt_bb_animation_slide animate\"><div class=\"slick-slider\"  data-slick='{ \"lazyLoad\": \"progressive\", \"cssEase\": \"ease-out\", \"speed\": \"300\", \"dots\": true, \"prevArrow\": \"\", \"nextArrow\": \"\",\"slidesToShow\": 4, \"autoplay\": true, \"autoplaySpeed\": 2000,\"slidesToShow\": 4, \"responsive\": [{ \"breakpoint\": 481, \"settings\": { \"slidesToShow\": 1, \"slidesToScroll\": 1 } },{ \"breakpoint\": 769, \"settings\": { \"slidesToShow\": 2, \"slidesToScroll\": 2 } },{ \"breakpoint\": 993, \"settings\": { \"slidesToShow\": 3, \"slidesToScroll\": 3 } },{ \"breakpoint\": 1201, \"settings\": { \"slidesToShow\": 4, \"slidesToScroll\": 4 } },{ \"breakpoint\": 1401, \"settings\": { \"slidesToShow\": 4, \"slidesToScroll\": 4 } }]}' ><div class=\"bt_bb_slider_item\" data-src-full=\"https:\/\/nesibeaydin.k12.tr\/web\/wp-content\/uploads\/2022\/01\/anasinifi_alt_slider-11.png\"><img src=\"https:\/\/nesibeaydin.k12.tr\/web\/wp-content\/uploads\/2022\/01\/anasinifi_alt_slider-11.png\" alt=\"anas\u0131n\u0131f\u0131_alt_slider-11\"  title=\"anas\u0131n\u0131f\u0131_alt_slider-11\"><\/div><div class=\"bt_bb_slider_item\" data-src-full=\"https:\/\/nesibeaydin.k12.tr\/web\/wp-content\/uploads\/2022\/01\/anasinifi_alt_slider-12.png\"><img src=\"https:\/\/nesibeaydin.k12.tr\/web\/wp-content\/uploads\/2022\/01\/anasinifi_alt_slider-12.png\" alt=\"anas\u0131n\u0131f\u0131_alt_slider-12\"  title=\"anas\u0131n\u0131f\u0131_alt_slider-12\"><\/div><div class=\"bt_bb_slider_item\" data-src-full=\"https:\/\/nesibeaydin.k12.tr\/web\/wp-content\/uploads\/2022\/01\/anasinifi_alt_slider-13.png\"><img src=\"https:\/\/nesibeaydin.k12.tr\/web\/wp-content\/uploads\/2022\/01\/anasinifi_alt_slider-13.png\" alt=\"anas\u0131n\u0131f\u0131_alt_slider-13\"  title=\"anas\u0131n\u0131f\u0131_alt_slider-13\"><\/div><div class=\"bt_bb_slider_item\" data-src-full=\"https:\/\/nesibeaydin.k12.tr\/web\/wp-content\/uploads\/2022\/01\/anasinifi_alt_slider-14.png\"><img src=\"https:\/\/nesibeaydin.k12.tr\/web\/wp-content\/uploads\/2022\/01\/anasinifi_alt_slider-14.png\" alt=\"anas\u0131n\u0131f\u0131_alt_slider-14\"  title=\"anas\u0131n\u0131f\u0131_alt_slider-14\"><\/div><div class=\"bt_bb_slider_item\" data-src-full=\"https:\/\/nesibeaydin.k12.tr\/web\/wp-content\/uploads\/2022\/01\/anasinifi_alt_slider-15.png\"><img src=\"https:\/\/nesibeaydin.k12.tr\/web\/wp-content\/uploads\/2022\/01\/anasinifi_alt_slider-15.png\" alt=\"anas\u0131n\u0131f\u0131_alt_slider-15\"  title=\"anas\u0131n\u0131f\u0131_alt_slider-15\"><\/div><div class=\"bt_bb_slider_item\" data-src-full=\"https:\/\/nesibeaydin.k12.tr\/web\/wp-content\/uploads\/2022\/01\/anasinifi_alt_slider-16.png\"><img src=\"https:\/\/nesibeaydin.k12.tr\/web\/wp-content\/uploads\/2022\/01\/anasinifi_alt_slider-16.png\" alt=\"anas\u0131n\u0131f\u0131_alt_slider-16\"  title=\"anas\u0131n\u0131f\u0131_alt_slider-16\"><\/div><div class=\"bt_bb_slider_item\" data-src-full=\"https:\/\/nesibeaydin.k12.tr\/web\/wp-content\/uploads\/2022\/01\/anasinifi_alt_slider-17.png\"><img src=\"https:\/\/nesibeaydin.k12.tr\/web\/wp-content\/uploads\/2022\/01\/anasinifi_alt_slider-17.png\" alt=\"anas\u0131n\u0131f\u0131_alt_slider-17\"  title=\"anas\u0131n\u0131f\u0131_alt_slider-17\"><\/div><\/div><\/div><div class=\"bt_bb_separator bt_bb_border_style_none bt_bb_bottom_spacing_normal\" data-bt-override-class=\"null\"><\/div><\/div><\/div><\/div><\/div><\/div><\/div><\/div><\/div><\/section><\/p>\n","protected":false},"excerpt":{"rendered":"","protected":false},"author":1,"featured_media":0,"parent":9147,"menu_order":0,"comment_status":"closed","ping_status":"closed","template":"","meta":[],"_links":{"self":[{"href":"https:\/\/nesibeaydin.k12.tr\/web\/wp-json\/wp\/v2\/pages\/9164"}],"collection":[{"href":"https:\/\/nesibeaydin.k12.tr\/web\/wp-json\/wp\/v2\/pages"}],"about":[{"href":"https:\/\/nesibeaydin.k12.tr\/web\/wp-json\/wp\/v2\/types\/page"}],"author":[{"embeddable":true,"href":"https:\/\/nesibeaydin.k12.tr\/web\/wp-json\/wp\/v2\/users\/1"}],"replies":[{"embeddable":true,"href":"https:\/\/nesibeaydin.k12.tr\/web\/wp-json\/wp\/v2\/comments?post=9164"}],"version-history":[{"count":3,"href":"https:\/\/nesibeaydin.k12.tr\/web\/wp-json\/wp\/v2\/pages\/9164\/revisions"}],"predecessor-version":[{"id":9572,"href":"https:\/\/nesibeaydin.k12.tr\/web\/wp-json\/wp\/v2\/pages\/9164\/revisions\/9572"}],"up":[{"embeddable":true,"href":"https:\/\/nesibeaydin.k12.tr\/web\/wp-json\/wp\/v2\/pages\/9147"}],"wp:attachment":[{"href":"https:\/\/nesibeaydin.k12.tr\/web\/wp-json\/wp\/v2\/media?parent=9164"}],"curies":[{"name":"wp","href":"https:\/\/api.w.org\/{rel}","templated":true}]}}